{"id":2641,"date":"2016-11-25T11:16:43","date_gmt":"2016-11-25T10:16:43","guid":{"rendered":"http:\/\/blogsaverroes.juntadeandalucia.es\/directormanuelsomoza\/?page_id=2641"},"modified":"2018-04-11T10:20:42","modified_gmt":"2018-04-11T09:20:42","slug":"educacion-secundaria-obligatoria","status":"publish","type":"page","link":"https:\/\/blogsaverroes.juntadeandalucia.es\/directormanuelsomoza\/educacion-secundaria-obligatoria\/","title":{"rendered":"Educaci\u00f3n Secundaria (1\u00ba y 2\u00ba)"},"content":{"rendered":"<p>En la <a href=\"https:\/\/blogsaverroes.juntadeandalucia.es\/directormanuelsomoza\/files\/2016\/11\/ORDEN-14-7-16.-CURR\u00cdCULO-EVALUACI\u00d3N-ESO.pdf\">ORDEN 14 de julio de 2016<\/a>, por la que se desarrolla el curr\u00edculo y la evaluaci\u00f3n correspondiente a la Educaci\u00f3n Secundaria en Andaluc\u00eda podr\u00e1n encontrar el desarrollo curricular del ciclo.<\/p>\n<p>Adem\u00e1s, en la Agenda de Tutor\u00eda, entregada a principios de curso en la reuni\u00f3n general del tutor\/a con las familias, se detalla la concreci\u00f3n curricular para cada uno de los cursos del ciclo y otros aspectos de la organizaci\u00f3n y funcionamiento del Centro.<\/p>\n","protected":false},"excerpt":{"rendered":"<p>En la ORDEN 14 de julio de 2016, por la que se desarrolla el curr\u00edculo y la evaluaci\u00f3n correspondiente a la Educaci\u00f3n Secundaria en Andaluc\u00eda podr\u00e1n encontrar el desarrollo curricular del ciclo. Adem\u00e1s, en&#46;&#46;&#46;<\/p>\n","protected":false},"author":1958,"featured_media":0,"parent":0,"menu_order":0,"comment_status":"open","ping_status":"open","template":"","meta":{"ngg_post_thumbnail":0,"footnotes":"","_mc_calendar":[]},"aioseo_notices":[],"_links":{"self":[{"href":"https:\/\/blogsaverroes.juntadeandalucia.es\/directormanuelsomoza\/wp-json\/wp\/v2\/pages\/2641"}],"collection":[{"href":"https:\/\/blogsaverroes.juntadeandalucia.es\/directormanuelsomoza\/wp-json\/wp\/v2\/pages"}],"about":[{"href":"https:\/\/blogsaverroes.juntadeandalucia.es\/directormanuelsomoza\/wp-json\/wp\/v2\/types\/page"}],"author":[{"embeddable":true,"href":"https:\/\/blogsaverroes.juntadeandalucia.es\/directormanuelsomoza\/wp-json\/wp\/v2\/users\/1958"}],"replies":[{"embeddable":true,"href":"https:\/\/blogsaverroes.juntadeandalucia.es\/directormanuelsomoza\/wp-json\/wp\/v2\/comments?post=2641"}],"version-history":[{"count":5,"href":"https:\/\/blogsaverroes.juntadeandalucia.es\/directormanuelsomoza\/wp-json\/wp\/v2\/pages\/2641\/revisions"}],"predecessor-version":[{"id":2960,"href":"https:\/\/blogsaverroes.juntadeandalucia.es\/directormanuelsomoza\/wp-json\/wp\/v2\/pages\/2641\/revisions\/2960"}],"wp:attachment":[{"href":"https:\/\/blogsaverroes.juntadeandalucia.es\/directormanuelsomoza\/wp-json\/wp\/v2\/media?parent=2641"}],"curies":[{"name":"wp","href":"https:\/\/api.w.org\/{rel}","templated":true}]}}