{"id":2660,"date":"2016-11-25T11:42:06","date_gmt":"2016-11-25T10:42:06","guid":{"rendered":"http:\/\/blogsaverroes.juntadeandalucia.es\/directormanuelsomoza\/?page_id=2660"},"modified":"2024-09-10T16:32:49","modified_gmt":"2024-09-10T15:32:49","slug":"enlaces-de-interes-para-maestrosas","status":"publish","type":"page","link":"https:\/\/blogsaverroes.juntadeandalucia.es\/directormanuelsomoza\/enlaces-de-interes-para-maestrosas\/","title":{"rendered":"MAESTROS\/AS"},"content":{"rendered":"<p style=\"text-align: justify\"><span style=\"color: #333399\"><span style=\"font-family: comic sans ms, sans-serif\"><span style=\"font-size: 18.6667px\"><b><u>CLAUSTRO PROFESORADO CURSO 2024\/2025<\/u><\/b><\/span><\/span><\/span><\/p>\n<p><a href=\"https:\/\/blogsaverroes.juntadeandalucia.es\/directormanuelsomoza\/files\/2024\/09\/20240910_114904.jpg\"><img loading=\"lazy\" decoding=\"async\" class=\"alignnone size-large wp-image-5969\" src=\"https:\/\/blogsaverroes.juntadeandalucia.es\/directormanuelsomoza\/files\/2024\/09\/20240910_114904-1024x582.jpg\" alt=\"\" width=\"660\" height=\"375\" srcset=\"https:\/\/blogsaverroes.juntadeandalucia.es\/directormanuelsomoza\/files\/2024\/09\/20240910_114904-1024x582.jpg 1024w, https:\/\/blogsaverroes.juntadeandalucia.es\/directormanuelsomoza\/files\/2024\/09\/20240910_114904-300x170.jpg 300w, https:\/\/blogsaverroes.juntadeandalucia.es\/directormanuelsomoza\/files\/2024\/09\/20240910_114904-768x436.jpg 768w, https:\/\/blogsaverroes.juntadeandalucia.es\/directormanuelsomoza\/files\/2024\/09\/20240910_114904-1536x872.jpg 1536w, https:\/\/blogsaverroes.juntadeandalucia.es\/directormanuelsomoza\/files\/2024\/09\/20240910_114904-2048x1163.jpg 2048w, https:\/\/blogsaverroes.juntadeandalucia.es\/directormanuelsomoza\/files\/2024\/09\/20240910_114904-700x398.jpg 700w, https:\/\/blogsaverroes.juntadeandalucia.es\/directormanuelsomoza\/files\/2024\/09\/20240910_114904.jpg 1600w\" sizes=\"(max-width: 660px) 100vw, 660px\" \/><\/a><\/p>\n<ul>\n<li style=\"text-align: justify\"><span style=\"font-size: 12pt\"><em><strong><span style=\"font-family: helvetica, arial, sans-serif\">INFANTIL 3 A\u00d1OS: CHARO BELLIDO CRUZ.<\/span><\/strong><\/em><\/span><\/li>\n<li><span style=\"font-size: 12pt\"><em><strong><span style=\"font-family: helvetica, arial, sans-serif\">INFANTIL 4 A\u00d1OS: BEATRIZ GRANADILLA MELERO.&nbsp;<\/span><\/strong><\/em><\/span><\/li>\n<li style=\"text-align: justify\"><span style=\"font-size: 12pt\"><em><strong><span style=\"font-family: helvetica, arial, sans-serif\">INFANTIL 5 A\u00d1OS: JUAN CARLOS PALMA RUIZ.<\/span><\/strong><\/em><\/span><\/li>\n<li><span style=\"font-size: 12pt\"><em><strong><span style=\"font-family: helvetica, arial, sans-serif\">APOYO INFANTIL: MAR\u00cdA DEL CARMEN TORRES MART\u00cdN.<\/span><\/strong><\/em><\/span><\/li>\n<li><span style=\"font-size: 12pt\"><em><strong><span style=\"font-family: helvetica, arial, sans-serif\">1\u00ba PRIMARIA: LAURA MERICHAL CA\u00d1ERO.<\/span><\/strong><\/em><\/span><\/li>\n<li><span style=\"font-size: 12pt\"><em><strong><span style=\"font-family: helvetica, arial, sans-serif\">2\u00ba PRIMARIA: TO\u00d1I MONTES CARBONELL (INGL\u00c9S E.P.).<\/span><\/strong><\/em><\/span><\/li>\n<li><span style=\"font-size: 12pt\"><em><strong><span style=\"font-family: helvetica, arial, sans-serif\">3\u00ba PRIMARIA: VICTORIA E. L\u00c1ZARO GALLARDO.<\/span><\/strong><\/em><\/span><\/li>\n<li><span style=\"font-size: 12pt\"><em><strong><span style=\"font-family: helvetica, arial, sans-serif\">4\u00ba PRIMARIA:&nbsp;ANA ARENAS CARRETERO.<\/span><\/strong><\/em><\/span><\/li>\n<li><span style=\"font-size: 12pt\"><em><strong><span style=\"font-family: helvetica, arial, sans-serif\">5\u00ba PRIMARIA: \u00c1NGELA FERN\u00c1NDEZ IRR\u00c1IZ.<\/span><\/strong><\/em><\/span><\/li>\n<li><span style=\"font-size: 12pt\"><em><strong><span style=\"font-family: helvetica, arial, sans-serif\">6\u00ba PRIMARIA: CARLOS TEJERO FERN\u00c1NDEZ.<\/span><\/strong><\/em><\/span><\/li>\n<li><span style=\"font-size: 12pt\"><em><strong><span style=\"font-family: helvetica, arial, sans-serif\">APOYO PRIMARIA: ROSA LE\u00d3N LLAMAS.<\/span><\/strong><\/em><\/span><\/li>\n<li><span style=\"font-size: 12pt\"><em><strong><span style=\"font-family: helvetica, arial, sans-serif\">1\u00ba ESO: M\u00d3NICA LE\u00d3N ESCRIBANO (INGL\u00c9S E.S.O.).<\/span><\/strong><\/em><\/span><\/li>\n<li><span style=\"font-size: 12pt\"><em><strong><span style=\"font-family: helvetica, arial, sans-serif\">2\u00ba ESO: ROSA BERMUDO ROJAS.<\/span><\/strong><\/em><\/span><\/li>\n<li><span style=\"font-size: 12pt\"><strong><span style=\"font-family: helvetica, arial, sans-serif\">AUDICI\u00d3N Y LENGUAJE: MAR\u00cdA MANRIQUE GUERRERO.<\/span><\/strong><\/span><\/li>\n<li><span style=\"font-size: 12pt\"><strong><span style=\"font-family: helvetica, arial, sans-serif\">P.T.: MAR\u00cdA JOS\u00c9 ESCRIBANO HERRERA.<\/span><\/strong><\/span><\/li>\n<li><span style=\"font-size: 12pt\"><em><strong><span style=\"font-family: helvetica, arial, sans-serif\">PT ESPEC\u00cdFICA: NATALIA REINA MONTES.<\/span><\/strong><\/em><\/span><\/li>\n<li><span style=\"font-size: 12pt\"><em><strong><span style=\"font-family: helvetica, arial, sans-serif\">ED. F\u00cdSICA SECUNDARIA: JUAN CARLOS LI\u00c9BANA ALCAZAR (DIRECTOR).<\/span><\/strong><\/em><\/span><\/li>\n<li><span style=\"font-size: 12pt\"><em><strong><span style=\"font-family: helvetica, arial, sans-serif\">MATEM\u00c1TICAS SECUNDARIA: TANIA VALVERDE CAZALLA.<\/span><\/strong><\/em><\/span><\/li>\n<li><span style=\"font-size: 12pt\"><em><strong><span style=\"font-family: helvetica, arial, sans-serif\">GEOGRAF\u00cdA E HISTORIA SECUNDARIA: ROSA BERMUDO ROJAS.<\/span><\/strong><\/em><\/span><\/li>\n<li><span style=\"font-size: 12pt\"><em><strong><span style=\"font-family: helvetica, arial, sans-serif\">FRANC\u00c9S: ALFONSA ARIZA R\u00cdO \/ LAURA ARIAS S\u00c1NCHEZ<\/span><\/strong><\/em><\/span><\/li>\n<li><span style=\"font-size: 12pt\"><em><strong><span style=\"font-family: helvetica, arial, sans-serif\">M\u00daSICA: FERNANDO DOBLAS GABELLA (SECRETARIO).<\/span><\/strong><\/em><\/span><\/li>\n<li><span style=\"font-size: 12pt\"><em><strong><span style=\"font-family: helvetica, arial, sans-serif\">RELIGI\u00d3N PRIMARIA: ALMUDENA MART\u00cdN BAENA.<\/span><\/strong><\/em><\/span><\/li>\n<li><span style=\"font-size: 12pt\"><em><strong><span style=\"font-family: helvetica, arial, sans-serif\">RELIGI\u00d3N SECUNDARIA: DAR\u00cdO<\/span><\/strong><\/em><\/span><\/li>\n<li><span style=\"font-size: 12pt\"><em><strong><span style=\"font-family: helvetica, arial, sans-serif\">MONITORA PTIS: MELANI RODR\u00cdGUEZ LORA.<\/span><\/strong><\/em><\/span><\/li>\n<li><span style=\"font-size: 12pt\"><em><strong><span style=\"font-family: helvetica, arial, sans-serif\">LIMPIEZA: LOLI RODR\u00cdGUEZ NARANJO<\/span><\/strong><\/em><\/span><\/li>\n<li><span style=\"font-size: 12pt\"><em><strong><span style=\"font-family: helvetica, arial, sans-serif\">MANTENIMIENTO: MANUEL.<\/span><\/strong><\/em><\/span><\/li>\n<\/ul>\n<p style=\"text-align: center\"><span style=\"font-size: 18pt\">El claustro de profesores\/as del colegio os desean un feliz curso 2024\/2025.<\/span><\/p>\n<p>&nbsp;<\/p>\n<p style=\"text-align: justify\"><span style=\"text-decoration: underline;color: #0000ff\"><span style=\"font-size: 18pt\"><strong><span style=\"color: #0000ff\">ENLACES DE INTER\u00c9S<\/span><\/strong><\/span><\/span><\/p>\n<p><span style=\"font-size: 12pt\"><strong><span style=\"font-family: 'comic sans ms', sans-serif\">1<a href=\"http:\/\/portals.ced.junta-andalucia.es\/educacion\/portals\/web\/ced\" target=\"_blank\" rel=\"noopener noreferrer\">. DELEGACI\u00d3N DE EDUCACI\u00d3N DE SEVILLA.<\/a><\/span><\/strong><\/span><\/p>\n<p><span style=\"font-size: 12pt\"><strong><span style=\"font-family: 'comic sans ms', sans-serif\">2<a href=\"https:\/\/seneca.juntadeandalucia.es\/seneca\/jsp\/portal\/\" target=\"_blank\" rel=\"noopener noreferrer\">. S\u00c9NECA.<\/a><\/span><\/strong><\/span><\/p>\n<p><span style=\"font-size: 12pt\"><strong><span style=\"font-family: 'comic sans ms', sans-serif\">3<a href=\"https:\/\/portaldocente.ced.junta-andalucia.es\/educacion\/portaldocente\/\" target=\"_blank\" rel=\"noopener noreferrer\">. PORTAL DOCENTE.<\/a><\/span><\/strong><\/span><\/p>\n<p><span style=\"font-size: 12pt\"><strong><span style=\"font-family: 'comic sans ms', sans-serif\">4<a href=\"http:\/\/colaboraeducacion.juntadeandalucia.es\/educacion\/colabora\/web\/guest\" target=\"_blank\" rel=\"noopener noreferrer\">. PLATAFORMA COLABORA PARA EL PROFESORADO.<\/a><\/span><\/strong><\/span><\/p>\n","protected":false},"excerpt":{"rendered":"<p>CLAUSTRO PROFESORADO CURSO 2024\/2025 INFANTIL 3 A\u00d1OS: CHARO BELLIDO CRUZ. INFANTIL 4 A\u00d1OS: BEATRIZ GRANADILLA MELERO.&nbsp; INFANTIL 5 A\u00d1OS: JUAN CARLOS PALMA RUIZ. APOYO INFANTIL: MAR\u00cdA DEL CARMEN TORRES MART\u00cdN. 1\u00ba PRIMARIA: LAURA MERICHAL&#46;&#46;&#46;<\/p>\n","protected":false},"author":1958,"featured_media":5401,"parent":0,"menu_order":0,"comment_status":"open","ping_status":"open","template":"","meta":{"ngg_post_thumbnail":0,"footnotes":"","_mc_calendar":[]},"aioseo_notices":[],"_links":{"self":[{"href":"https:\/\/blogsaverroes.juntadeandalucia.es\/directormanuelsomoza\/wp-json\/wp\/v2\/pages\/2660"}],"collection":[{"href":"https:\/\/blogsaverroes.juntadeandalucia.es\/directormanuelsomoza\/wp-json\/wp\/v2\/pages"}],"about":[{"href":"https:\/\/blogsaverroes.juntadeandalucia.es\/directormanuelsomoza\/wp-json\/wp\/v2\/types\/page"}],"author":[{"embeddable":true,"href":"https:\/\/blogsaverroes.juntadeandalucia.es\/directormanuelsomoza\/wp-json\/wp\/v2\/users\/1958"}],"replies":[{"embeddable":true,"href":"https:\/\/blogsaverroes.juntadeandalucia.es\/directormanuelsomoza\/wp-json\/wp\/v2\/comments?post=2660"}],"version-history":[{"count":20,"href":"https:\/\/blogsaverroes.juntadeandalucia.es\/directormanuelsomoza\/wp-json\/wp\/v2\/pages\/2660\/revisions"}],"predecessor-version":[{"id":5976,"href":"https:\/\/blogsaverroes.juntadeandalucia.es\/directormanuelsomoza\/wp-json\/wp\/v2\/pages\/2660\/revisions\/5976"}],"wp:featuredmedia":[{"embeddable":true,"href":"https:\/\/blogsaverroes.juntadeandalucia.es\/directormanuelsomoza\/wp-json\/wp\/v2\/media\/5401"}],"wp:attachment":[{"href":"https:\/\/blogsaverroes.juntadeandalucia.es\/directormanuelsomoza\/wp-json\/wp\/v2\/media?parent=2660"}],"curies":[{"name":"wp","href":"https:\/\/api.w.org\/{rel}","templated":true}]}}