{"id":2778,"date":"2017-02-01T12:30:15","date_gmt":"2017-02-01T11:30:15","guid":{"rendered":"http:\/\/blogsaverroes.juntadeandalucia.es\/directormanuelsomoza\/?page_id=2778"},"modified":"2017-03-03T10:24:46","modified_gmt":"2017-03-03T09:24:46","slug":"250-aniversario-del-fuero-de-las-nuevas-poblaciones","status":"publish","type":"page","link":"https:\/\/blogsaverroes.juntadeandalucia.es\/directormanuelsomoza\/250-aniversario-del-fuero-de-las-nuevas-poblaciones\/","title":{"rendered":"250 ANIVERSARIO DEL FUERO"},"content":{"rendered":"<p style=\"text-align: justify\"><span style=\"font-size: 12pt\"><img loading=\"lazy\" decoding=\"async\" class=\" alignright\" src=\"http:\/\/blogsaverroes.juntadeandalucia.es\/directormanuelsomoza\/files\/2017\/02\/fuero-250-aniversario-nuevas-poblaciones-300x158.jpg\" alt=\"fuero 250 aniversario nuevas poblaciones\" width=\"397\" height=\"209\" \/>El CEIP Director Manuel Somoza \u00a0desarrollar\u00e1 durante el presente curso el proyecto <span style=\"text-decoration: underline;color: #008000\"><strong><span style=\"color: #008000;text-decoration: underline\">\u00ab<\/span><\/strong><\/span><span style=\"text-decoration: underline\"><span style=\"color: #008000;text-decoration: underline\"><strong><span style=\"color: #008000;text-decoration: underline\">Conocer<\/span><\/strong><\/span> <\/span><span style=\"text-decoration: underline;color: #008000\"><strong><span style=\"color: #008000;text-decoration: underline\">Andaluc\u00eda empieza por conocer nuestra propia historia\u00bb<\/span><\/strong><\/span>, que se enmarcar\u00e1 en las actividades culturales en torno a la conmemoraci\u00f3n del <span style=\"color: #ff0000\"><strong>250 aniversario del Fuero de las Nuevas Poblaciones<\/strong>.<\/span><\/span><\/p>\n<p style=\"text-align: justify\">Con este proyecto se pretende que nuestro centro se erija en motor sociocultural de la localidad. Es un proyecto participativo y abierto a toda la comunidad educativa para que todos y todas,\u00a0conozcamos nuestra historia, la de los or\u00edgenes y fundaci\u00f3n de las llamadas \u00abNuevas poblaciones\u00bb entre las que se encuentran El Campillo, La Luisiana y Ca\u00f1ada Rosal.<\/p>\n<p style=\"text-align: justify\">En esta p\u00e1gina se a\u00f1adir\u00e1n las distintas actividades que se van a ir realizando desde el centro para conmemorar dicha efem\u00e9ride:<\/p>\n<p style=\"text-align: justify\"><span style=\"color: #ff0000\"><strong><em>a)\u00a0\u201cLICHTERKINDER\u00bb: D\u00cdA DE SAN MART\u00cdN DE TOURS<\/em><\/strong><\/span><\/p>\n<p style=\"text-align: justify\"><span style=\"color: #ff0000\"><em><strong>b) Publicaci\u00f3n de entradas de car\u00e1cter hist\u00f3rico que nos permitan conocer mejor diferentes aspectos de la \u00e9poca \u00a0en la que est\u00e1 enmarcada la fundaci\u00f3n de las colonias (En la p\u00e1gina web del colegio)<\/strong><\/em><\/span><\/p>\n<p style=\"text-align: justify\"><span style=\"color: #ff0000\"><em><strong>c) Conferencias sobre la historia de nuestro pueblo, a cargo de Jos\u00e9 Antonio F\u00edlter Rodr\u00edguez y Jos\u00e9 Mar\u00eda Canales R\u00fager.<\/strong><\/em><\/span><\/p>\n<p style=\"text-align: justify\"><span style=\"color: #ff0000\"><em><strong>d) Conocer la historia a trav\u00e9s de una l\u00ednea del tiempo.<\/strong><\/em><\/span><\/p>\n<p style=\"text-align: justify\"><span style=\"color: #ff0000\"><em><strong>d) Interpretaci\u00f3n de Microteatros hist\u00f3ricos alusivos al periodo hist\u00f3rico de la fundaci\u00f3n de las nuevas poblaciones (Celebraci\u00f3n del D\u00eda de Andaluc\u00eda en la plaza del pueblo: 23 febrero 2017):<\/strong><\/em><\/span><\/p>\n<ul>\n<li><em>3\u00ba PRIMARIA: Decisi\u00f3n de traer colonos y fundar nuevos pueblos a lo largo del camino real.<\/em><\/li>\n<\/ul>\n<ul>\n<li><em>2\u00ba E.S.O.: Ministros y Rey Carlos III elaborando el Fuero de las Nuevas Poblaciones y nombrando superintendente a Pablo Olavide.<\/em><\/li>\n<\/ul>\n<ul>\n<li><em>4\u00ba PRIMARIA: Recluta de colonos por J.G. T\u00fcrriegel.<\/em><\/li>\n<\/ul>\n<ul>\n<li><em>1\u00ba E.S.O.: Colonos: la decisi\u00f3n de \u00bfme voy o no me voy?<\/em><\/li>\n<\/ul>\n<ul>\n<li><em>6\u00ba PRIMARIA: Primavera de 1769: La decepci\u00f3n<\/em><\/li>\n<\/ul>\n<ul>\n<li><em>1\u00ba PRIMARIA: El duro trabajo y los primeros matrimonios mixtos con espa\u00f1oles.<\/em><\/li>\n<\/ul>\n<ul>\n<li><em>2\u00ba PRIMARIA: La escuela. Pasamos de colonos ilustrados a espa\u00f1oles analfabetos.<\/em><\/li>\n<\/ul>\n<ul>\n<li><em>5\u00ba PRIMARIA: La religi\u00f3n y algunas fiestas y tradiciones de origen centroeuropeo.<\/em><\/li>\n<\/ul>\n<p>ENLACE PARA VER EL TEATRO:\u00a0<a href=\"https:\/\/youtu.be\/nV-yA7GU8Vs\" target=\"_blank\">ENLACE TEATRO<\/a><\/p>\n<p>Esperamos que est\u00e9is atentos a las mismas y que nuestro alumnado conozca su origen.<\/p>\n","protected":false},"excerpt":{"rendered":"<p>El CEIP Director Manuel Somoza \u00a0desarrollar\u00e1 durante el presente curso el proyecto \u00abConocer Andaluc\u00eda empieza por conocer nuestra propia historia\u00bb, que se enmarcar\u00e1 en las actividades culturales en torno a la conmemoraci\u00f3n del 250&#46;&#46;&#46;<\/p>\n","protected":false},"author":1958,"featured_media":2779,"parent":0,"menu_order":0,"comment_status":"open","ping_status":"open","template":"","meta":{"ngg_post_thumbnail":0,"footnotes":"","_mc_calendar":[]},"aioseo_notices":[],"_links":{"self":[{"href":"https:\/\/blogsaverroes.juntadeandalucia.es\/directormanuelsomoza\/wp-json\/wp\/v2\/pages\/2778"}],"collection":[{"href":"https:\/\/blogsaverroes.juntadeandalucia.es\/directormanuelsomoza\/wp-json\/wp\/v2\/pages"}],"about":[{"href":"https:\/\/blogsaverroes.juntadeandalucia.es\/directormanuelsomoza\/wp-json\/wp\/v2\/types\/page"}],"author":[{"embeddable":true,"href":"https:\/\/blogsaverroes.juntadeandalucia.es\/directormanuelsomoza\/wp-json\/wp\/v2\/users\/1958"}],"replies":[{"embeddable":true,"href":"https:\/\/blogsaverroes.juntadeandalucia.es\/directormanuelsomoza\/wp-json\/wp\/v2\/comments?post=2778"}],"version-history":[{"count":10,"href":"https:\/\/blogsaverroes.juntadeandalucia.es\/directormanuelsomoza\/wp-json\/wp\/v2\/pages\/2778\/revisions"}],"predecessor-version":[{"id":2851,"href":"https:\/\/blogsaverroes.juntadeandalucia.es\/directormanuelsomoza\/wp-json\/wp\/v2\/pages\/2778\/revisions\/2851"}],"wp:featuredmedia":[{"embeddable":true,"href":"https:\/\/blogsaverroes.juntadeandalucia.es\/directormanuelsomoza\/wp-json\/wp\/v2\/media\/2779"}],"wp:attachment":[{"href":"https:\/\/blogsaverroes.juntadeandalucia.es\/directormanuelsomoza\/wp-json\/wp\/v2\/media?parent=2778"}],"curies":[{"name":"wp","href":"https:\/\/api.w.org\/{rel}","templated":true}]}}