{"id":2791,"date":"2017-02-01T13:41:37","date_gmt":"2017-02-01T12:41:37","guid":{"rendered":"http:\/\/blogsaverroes.juntadeandalucia.es\/directormanuelsomoza\/?page_id=2791"},"modified":"2018-05-10T10:19:28","modified_gmt":"2018-05-10T09:19:28","slug":"proyectos-integrados","status":"publish","type":"page","link":"https:\/\/blogsaverroes.juntadeandalucia.es\/directormanuelsomoza\/proyectos-integrados\/","title":{"rendered":"PROYECTOS INTEGRADOS"},"content":{"rendered":"<p>En esta p\u00e1gina, se administrar\u00e1 informaci\u00f3n de algunos de los Proyectos Integrados en Competencias Clave que se desarrollan en el Centro.<\/p>\n<ul>\n<li>CURSO 2015\/2016: &nbsp;PROYECTO \u00abANDALUC\u00cdA SE EXPONE\u00bb<\/li>\n<li>CURSO 2016\/2017: CONOCER ANDALUC\u00cdA COMIENZA POR CONOCER NUESTRA PROPIA HISTORIA\u00bb<\/li>\n<li>CURSO 2016\/2017: \u00abVERSIONANDO A GLORIA FUERTES\u00bb .<\/li>\n<li>CURSO 2017\/2018:&nbsp;<\/li>\n<\/ul>\n<ul style=\"list-style-type: square\">\n<li>&nbsp; &nbsp; &nbsp; &nbsp; LATERNENFEST O FIESTA DE LOS FAROLILLOS DE MEL\u00d3N ( NOVIEMBRE 2017)<\/li>\n<li>&nbsp; &nbsp; &nbsp; &nbsp; 250\u00ba ANIVERSARIO DE LAS NUEVAS POBLACIONES (FEBRERO 2018)<\/li>\n<li>&nbsp; &nbsp; &nbsp; &nbsp; CICLO DE TEATRO EN NUESTROS COLE CON MOTIVO DE LA SEMANA DEL LIBRO ( MAYO 2018)<\/li>\n<\/ul>\n<p>&nbsp;<\/p>\n","protected":false},"excerpt":{"rendered":"<p>En esta p\u00e1gina, se administrar\u00e1 informaci\u00f3n de algunos de los Proyectos Integrados en Competencias Clave que se desarrollan en el Centro. CURSO 2015\/2016: &nbsp;PROYECTO \u00abANDALUC\u00cdA SE EXPONE\u00bb CURSO 2016\/2017: CONOCER ANDALUC\u00cdA COMIENZA POR CONOCER&#46;&#46;&#46;<\/p>\n","protected":false},"author":1958,"featured_media":0,"parent":0,"menu_order":0,"comment_status":"open","ping_status":"open","template":"","meta":{"ngg_post_thumbnail":0,"footnotes":"","_mc_calendar":[]},"aioseo_notices":[],"_links":{"self":[{"href":"https:\/\/blogsaverroes.juntadeandalucia.es\/directormanuelsomoza\/wp-json\/wp\/v2\/pages\/2791"}],"collection":[{"href":"https:\/\/blogsaverroes.juntadeandalucia.es\/directormanuelsomoza\/wp-json\/wp\/v2\/pages"}],"about":[{"href":"https:\/\/blogsaverroes.juntadeandalucia.es\/directormanuelsomoza\/wp-json\/wp\/v2\/types\/page"}],"author":[{"embeddable":true,"href":"https:\/\/blogsaverroes.juntadeandalucia.es\/directormanuelsomoza\/wp-json\/wp\/v2\/users\/1958"}],"replies":[{"embeddable":true,"href":"https:\/\/blogsaverroes.juntadeandalucia.es\/directormanuelsomoza\/wp-json\/wp\/v2\/comments?post=2791"}],"version-history":[{"count":4,"href":"https:\/\/blogsaverroes.juntadeandalucia.es\/directormanuelsomoza\/wp-json\/wp\/v2\/pages\/2791\/revisions"}],"predecessor-version":[{"id":2971,"href":"https:\/\/blogsaverroes.juntadeandalucia.es\/directormanuelsomoza\/wp-json\/wp\/v2\/pages\/2791\/revisions\/2971"}],"wp:attachment":[{"href":"https:\/\/blogsaverroes.juntadeandalucia.es\/directormanuelsomoza\/wp-json\/wp\/v2\/media?parent=2791"}],"curies":[{"name":"wp","href":"https:\/\/api.w.org\/{rel}","templated":true}]}}