{"id":3271,"date":"2018-11-22T11:39:55","date_gmt":"2018-11-22T10:39:55","guid":{"rendered":"https:\/\/blogsaverroes.juntadeandalucia.es\/directormanuelsomoza\/?page_id=3271"},"modified":"2019-09-11T12:37:24","modified_gmt":"2019-09-11T11:37:24","slug":"planes-y-programas","status":"publish","type":"page","link":"https:\/\/blogsaverroes.juntadeandalucia.es\/directormanuelsomoza\/planes-y-programas\/","title":{"rendered":"PLANES Y PROGRAMAS"},"content":{"rendered":"<p><a href=\"https:\/\/blogsaverroes.juntadeandalucia.es\/directormanuelsomoza\/files\/2015\/03\/planes.png\"><img loading=\"lazy\" decoding=\"async\" class=\" wp-image-1667 alignleft\" src=\"https:\/\/blogsaverroes.juntadeandalucia.es\/directormanuelsomoza\/files\/2015\/03\/planes-150x150.png\" alt=\"\" width=\"150\" height=\"150\" srcset=\"https:\/\/blogsaverroes.juntadeandalucia.es\/directormanuelsomoza\/files\/2015\/03\/planes-150x150.png 150w, https:\/\/blogsaverroes.juntadeandalucia.es\/directormanuelsomoza\/files\/2015\/03\/planes-268x268.png 268w\" sizes=\"(max-width: 150px) 100vw, 150px\" \/><\/a>Cada centro personaliza y adapta su Proyecto Educativo adhiri\u00e9ndose a diferentes&nbsp;<strong>Planes y Programas<\/strong>&nbsp;promovidos desde la Consejer\u00eda de Educaci\u00f3n, Cultura y Deporte.<\/p>\n<p>En este apartado se recogen los Planes y Programas desarrollados por el centro, as\u00ed como los Coordinadores\/as de los mismos.<\/p>\n<p>&nbsp;<\/p>\n<ul>\n<li>Plan de Igualdad entre hombres y mujeres en educaci\u00f3n: D\u00f1a. Eva Mart\u00edn Fern\u00e1ndez<\/li>\n<li>Red Andaluza: Escuela Espacio de Paz: D\u00f1a.&nbsp;M\u00aa Valle Rechi Vega<\/li>\n<li>Plan de Autoprotecci\u00f3n: D. Pablo Asencio Vega<\/li>\n<li>Plan de Lectura y Biblioteca: D\u00f1a. M\u00aa Carmen Delgado Rodr\u00edguez<\/li>\n<li>Escuelas Deportivas: D. Pablo Asencio Vega<\/li>\n<li>Plan de Apertura: D. Pablo Asencio Vega<\/li>\n<li>Proyecto TIC 2.0: D. Jos\u00e9 Lu\u00eds SIlva Isla<\/li>\n<li>H\u00e1bitos de Salud: Creciendo en Salud (Plan de Consumo de frutas en la Escuela): D. Juan Carlos Li\u00e9bana Alc\u00e1zar<\/li>\n<li>Programa de Acompa\u00f1amiento Escolar: D\u00f1a. M\u00aa Luisa Osuna S\u00e1nchez<\/li>\n<li>Programa de Acompa\u00f1amiento Escolar Lengua Extranjera: D.&nbsp;Pablo Asencio Vega<\/li>\n<li>Proyecto Matem\u00e1tico: D. Jos\u00e9 Lu\u00eds SIlva Isla<\/li>\n<li>Proyecto Ling\u00fc\u00edstico: D\u00f1a. Rosa M\u00aa Le\u00f3n LLamas<\/li>\n<li>ComunicA: D\u00f1a. Isabel Pacheco Hans<\/li>\n<li>Programa Vivir y Sentir el Patrimonio: D\u00f1a. Almudena MArt\u00edn Baena<\/li>\n<li>Programa Digitalizaci\u00f3n de centros (PRODIG): D. Jos\u00e9 Luis Silva Isla<\/li>\n<li>Programa ESCUELAS MENTORAS: D. Jos\u00e9 Luis SIlva Isla<\/li>\n<li>Programa PROEDUCAR: ACTUAL\u00cdZATE E ILUSI\u00d3NATE.<\/li>\n<li>Programa TEL\u00c9MACO: D. Pablo Asencio Vega<\/li>\n<\/ul>\n<p>Informaci\u00f3n sobre los mismos lo pod\u00e9is consultar en la&nbsp;<a href=\"https:\/\/blogsaverroes.juntadeandalucia.es\/directormanuelsomoza\/files\/2015\/03\/PROGRAMACIO%CC%81N-GENERAL-ANUAL-2018-19.pdf\">PROGRAMACIO\u0301N GENERAL ANUAL 2018-19<\/a>&nbsp;y en el&nbsp;<a href=\"https:\/\/blogsaverroes.juntadeandalucia.es\/directormanuelsomoza\/files\/2015\/03\/CAP.-16.-PLANES-Y-PROYECTOS-1.pdf\">CAP\u00cdTULO 16. PLANES Y PROYECTOS EDUCATIVOS<\/a>, as\u00ed como en los siguientes documentos:<\/p>\n<ul>\n<li><a href=\"https:\/\/blogsaverroes.juntadeandalucia.es\/directormanuelsomoza\/files\/2015\/03\/PROEDUCAR.-ACTUALI%CC%81ZATE-E-ILUSIO%CC%81NATE-1.pdf\" target=\"_blank\" rel=\"noopener noreferrer\">PROEDUCAR. ACTUALI\u0301ZATE E ILUSIO\u0301NATE<\/a><\/li>\n<li><a href=\"https:\/\/blogsaverroes.juntadeandalucia.es\/directormanuelsomoza\/files\/2015\/03\/PlanDeActuacio%CC%81nCreciendoEnSalud18-19.CEIPDirectorManuelSomozaElCampillo.pdf\" target=\"_blank\" rel=\"noopener noreferrer\">PROGRAMA CRECIENDO EN SALUD<\/a><\/li>\n<li><a href=\"https:\/\/blogsaverroes.juntadeandalucia.es\/directormanuelsomoza\/files\/2015\/03\/PROGRAMA-DEPORTIVO-CENTRO-2018-19.pdf\" target=\"_blank\" rel=\"noopener noreferrer\">ESCUELAS DEPORTIVAS: PROGRAMA DEPORTIVO CENTRO 2018-19<\/a><\/li>\n<li><a href=\"https:\/\/blogsaverroes.juntadeandalucia.es\/directormanuelsomoza\/files\/2015\/03\/PROGRAMA-TELE%CC%81MACO.pdf\" target=\"_blank\" rel=\"noopener noreferrer\">PROGRAMA TELE\u0301MACO<\/a><\/li>\n<li><a href=\"https:\/\/blogsaverroes.juntadeandalucia.es\/directormanuelsomoza\/files\/2015\/03\/PROYECTO-ESCUELAS-MENTORAS.pdf\" target=\"_blank\" rel=\"noopener noreferrer\">PROGRAMA ESCUELAS MENTORAS<\/a>&nbsp;<\/li>\n<li><a href=\"https:\/\/blogsaverroes.juntadeandalucia.es\/directormanuelsomoza\/files\/2018\/11\/PROGRAMA-VIVIR-Y-SENTIR-EL-PATRIMONIO-2018-19.pdf\" target=\"_blank\" rel=\"noopener noreferrer\">PROGRAMA VIVIR Y SENTIR EL PATRIMONIO 2018-19<\/a><\/li>\n<\/ul>\n<p>Adem\u00e1s, pod\u00e9is encontrar informaci\u00f3n que publica la Junta de Andaluc\u00eda en el siguiente enlace:&nbsp;<a href=\"http:\/\/www.juntadeandalucia.es\/educacion\/webportal\/web\/planes-y-programas\" target=\"_blank\" rel=\"noopener noreferrer\">PLANES Y PROGRAMAS EDUCATIVOS<\/a><\/p>\n","protected":false},"excerpt":{"rendered":"<p>Cada centro personaliza y adapta su Proyecto Educativo adhiri\u00e9ndose a diferentes&nbsp;Planes y Programas&nbsp;promovidos desde la Consejer\u00eda de Educaci\u00f3n, Cultura y Deporte. En este apartado se recogen los Planes y Programas desarrollados por el centro,&#46;&#46;&#46;<\/p>\n","protected":false},"author":1958,"featured_media":0,"parent":0,"menu_order":0,"comment_status":"closed","ping_status":"closed","template":"","meta":{"ngg_post_thumbnail":0,"footnotes":"","_mc_calendar":[]},"aioseo_notices":[],"_links":{"self":[{"href":"https:\/\/blogsaverroes.juntadeandalucia.es\/directormanuelsomoza\/wp-json\/wp\/v2\/pages\/3271"}],"collection":[{"href":"https:\/\/blogsaverroes.juntadeandalucia.es\/directormanuelsomoza\/wp-json\/wp\/v2\/pages"}],"about":[{"href":"https:\/\/blogsaverroes.juntadeandalucia.es\/directormanuelsomoza\/wp-json\/wp\/v2\/types\/page"}],"author":[{"embeddable":true,"href":"https:\/\/blogsaverroes.juntadeandalucia.es\/directormanuelsomoza\/wp-json\/wp\/v2\/users\/1958"}],"replies":[{"embeddable":true,"href":"https:\/\/blogsaverroes.juntadeandalucia.es\/directormanuelsomoza\/wp-json\/wp\/v2\/comments?post=3271"}],"version-history":[{"count":4,"href":"https:\/\/blogsaverroes.juntadeandalucia.es\/directormanuelsomoza\/wp-json\/wp\/v2\/pages\/3271\/revisions"}],"predecessor-version":[{"id":3653,"href":"https:\/\/blogsaverroes.juntadeandalucia.es\/directormanuelsomoza\/wp-json\/wp\/v2\/pages\/3271\/revisions\/3653"}],"wp:attachment":[{"href":"https:\/\/blogsaverroes.juntadeandalucia.es\/directormanuelsomoza\/wp-json\/wp\/v2\/media?parent=3271"}],"curies":[{"name":"wp","href":"https:\/\/api.w.org\/{rel}","templated":true}]}}