{"id":3282,"date":"2018-11-22T11:56:50","date_gmt":"2018-11-22T10:56:50","guid":{"rendered":"https:\/\/blogsaverroes.juntadeandalucia.es\/directormanuelsomoza\/?page_id=3282"},"modified":"2019-02-10T19:47:33","modified_gmt":"2019-02-10T18:47:33","slug":"prodig-programa-digitalizacion-centros","status":"publish","type":"page","link":"https:\/\/blogsaverroes.juntadeandalucia.es\/directormanuelsomoza\/prodig-programa-digitalizacion-centros\/","title":{"rendered":"PRODIG: PROGRAMA DIGITALIZACI\u00d3N CENTROS"},"content":{"rendered":"<p style=\"text-align: justify\"><a href=\"https:\/\/blogsaverroes.juntadeandalucia.es\/directormanuelsomoza\/files\/2019\/02\/image_gallery.png\"><img loading=\"lazy\" decoding=\"async\" class=\"wp-image-3535 alignleft\" src=\"https:\/\/blogsaverroes.juntadeandalucia.es\/directormanuelsomoza\/files\/2019\/02\/image_gallery-150x150.png\" alt=\"\" width=\"195\" height=\"195\" srcset=\"https:\/\/blogsaverroes.juntadeandalucia.es\/directormanuelsomoza\/files\/2019\/02\/image_gallery-150x150.png 150w, https:\/\/blogsaverroes.juntadeandalucia.es\/directormanuelsomoza\/files\/2019\/02\/image_gallery-100x100.png 100w, https:\/\/blogsaverroes.juntadeandalucia.es\/directormanuelsomoza\/files\/2019\/02\/image_gallery-432x432.png 432w, https:\/\/blogsaverroes.juntadeandalucia.es\/directormanuelsomoza\/files\/2019\/02\/image_gallery-268x268.png 268w\" sizes=\"(max-width: 195px) 100vw, 195px\" \/><\/a>La Consejer\u00eda de Educaci\u00f3n pone en marcha para el curso 2018-2019 el Programa de Digitalizaci\u00f3n de Centros (PRODIG),&nbsp; con el&nbsp; objetivo fundamental de impulsar y apoyar la transformaci\u00f3n de los centros docentes en organizaciones educativas digitalmente competentes.<\/p>\n<p style=\"text-align: justify\">Se trata de realizar los procesos de ense\u00f1anza y aprendizaje en un entorno tecnol\u00f3gico y un espacio de encuentro para docentes y alumnado, facilitando el acceso directo a los contenidos digitales e introduciendo cambios metodol\u00f3gicos y organizativos que les permitan aprender m\u00e1s y mejor, adem\u00e1s de animar y estimular tanto al alumnado como al profesorado a avanzar en este proceso, gracias a la&nbsp; personalizaci\u00f3n de la ense\u00f1anza y a la mejora de la comunicaci\u00f3n entre los participantes en este sistema.<\/p>\n<p>ENLACE A PRODIG:&nbsp;<a href=\"http:\/\/portal.ced.junta-andalucia.es\/educacion\/webportal\/web\/planes-y-programas\/programa-de-digitalizacion-de-centro\" target=\"_blank\" rel=\"noopener\">http:\/\/portal.ced.junta-andalucia.es\/educacion\/webportal\/web\/planes-y-programas\/programa-de-digitalizacion-de-centro<\/a><\/p>\n","protected":false},"excerpt":{"rendered":"<p>La Consejer\u00eda de Educaci\u00f3n pone en marcha para el curso 2018-2019 el Programa de Digitalizaci\u00f3n de Centros (PRODIG),&nbsp; con el&nbsp; objetivo fundamental de impulsar y apoyar la transformaci\u00f3n de los centros docentes en organizaciones&#46;&#46;&#46;<\/p>\n","protected":false},"author":1958,"featured_media":3535,"parent":0,"menu_order":0,"comment_status":"closed","ping_status":"closed","template":"","meta":{"ngg_post_thumbnail":0,"footnotes":"","_mc_calendar":[]},"aioseo_notices":[],"_links":{"self":[{"href":"https:\/\/blogsaverroes.juntadeandalucia.es\/directormanuelsomoza\/wp-json\/wp\/v2\/pages\/3282"}],"collection":[{"href":"https:\/\/blogsaverroes.juntadeandalucia.es\/directormanuelsomoza\/wp-json\/wp\/v2\/pages"}],"about":[{"href":"https:\/\/blogsaverroes.juntadeandalucia.es\/directormanuelsomoza\/wp-json\/wp\/v2\/types\/page"}],"author":[{"embeddable":true,"href":"https:\/\/blogsaverroes.juntadeandalucia.es\/directormanuelsomoza\/wp-json\/wp\/v2\/users\/1958"}],"replies":[{"embeddable":true,"href":"https:\/\/blogsaverroes.juntadeandalucia.es\/directormanuelsomoza\/wp-json\/wp\/v2\/comments?post=3282"}],"version-history":[{"count":2,"href":"https:\/\/blogsaverroes.juntadeandalucia.es\/directormanuelsomoza\/wp-json\/wp\/v2\/pages\/3282\/revisions"}],"predecessor-version":[{"id":3536,"href":"https:\/\/blogsaverroes.juntadeandalucia.es\/directormanuelsomoza\/wp-json\/wp\/v2\/pages\/3282\/revisions\/3536"}],"wp:featuredmedia":[{"embeddable":true,"href":"https:\/\/blogsaverroes.juntadeandalucia.es\/directormanuelsomoza\/wp-json\/wp\/v2\/media\/3535"}],"wp:attachment":[{"href":"https:\/\/blogsaverroes.juntadeandalucia.es\/directormanuelsomoza\/wp-json\/wp\/v2\/media?parent=3282"}],"curies":[{"name":"wp","href":"https:\/\/api.w.org\/{rel}","templated":true}]}}