{"id":330,"date":"2015-03-18T07:11:43","date_gmt":"2015-03-18T06:11:43","guid":{"rendered":"http:\/\/blogsaverroes.juntadeandalucia.es\/pre\/ceip\/?page_id=330"},"modified":"2016-11-15T09:41:09","modified_gmt":"2016-11-15T08:41:09","slug":"bibliop","status":"publish","type":"page","link":"https:\/\/blogsaverroes.juntadeandalucia.es\/directormanuelsomoza\/biblioteca\/bibliop\/","title":{"rendered":"BECREA \u00abMANUEL SOMOZA\u00bb"},"content":{"rendered":"<p>En esta subsecci\u00f3n del PROYECTO LING\u00dc\u00cdSTICO DE CENTRO podr\u00e1s enlazar con nuestra <a href=\"http:\/\/becreamanuelsomoza.blogspot.com.es\/\" target=\"_blank\"><span style=\"text-decoration: underline\"><strong>BECREA<\/strong> <\/span><img loading=\"lazy\" decoding=\"async\" class=\"alignleft wp-image-2392 size-medium\" src=\"http:\/\/blogsaverroes.juntadeandalucia.es\/directormanuelsomoza\/files\/2015\/03\/becrea-300x169.png\" alt=\"becrea\" width=\"300\" height=\"169\" \/><\/a>(BIBLIOTECA ESCOLAR Y CENTRO DE RECURSOS PARA LA\u00a0ENSE\u00d1ANZA Y EL APRENDIZAJE).<\/p>\n<p>&nbsp;<\/p>\n<p>&nbsp;<\/p>\n<p>&nbsp;<\/p>\n<p>Pincha en la imagen o en el v\u00ednculo de BECREA para acceder a la p\u00e1gina.<\/p>\n<h3>Adem\u00e1s, tambi\u00e9n contamos con un <a title=\"Bibliotecas escolares\" href=\"http:\/\/www.juntadeandalucia.es\/educacion\/webportal\/web\/lecturas-y-bibliotecas-escolares\/bibliotecas-escolares\" target=\"_blank\">Enlace al portal sobre las Bibliotecas Escolares.<\/a><\/h3>\n<p>&nbsp;<\/p>\n<p>&nbsp;<\/p>\n","protected":false},"excerpt":{"rendered":"<p>En esta subsecci\u00f3n del PROYECTO LING\u00dc\u00cdSTICO DE CENTRO podr\u00e1s enlazar con nuestra BECREA (BIBLIOTECA ESCOLAR Y CENTRO DE RECURSOS PARA LA\u00a0ENSE\u00d1ANZA Y EL APRENDIZAJE). &nbsp; &nbsp; &nbsp; Pincha en la imagen o en el&#46;&#46;&#46;<\/p>\n","protected":false},"author":1,"featured_media":2392,"parent":113,"menu_order":0,"comment_status":"closed","ping_status":"closed","template":"","meta":{"ngg_post_thumbnail":0,"footnotes":"","_mc_calendar":[]},"aioseo_notices":[],"_links":{"self":[{"href":"https:\/\/blogsaverroes.juntadeandalucia.es\/directormanuelsomoza\/wp-json\/wp\/v2\/pages\/330"}],"collection":[{"href":"https:\/\/blogsaverroes.juntadeandalucia.es\/directormanuelsomoza\/wp-json\/wp\/v2\/pages"}],"about":[{"href":"https:\/\/blogsaverroes.juntadeandalucia.es\/directormanuelsomoza\/wp-json\/wp\/v2\/types\/page"}],"author":[{"embeddable":true,"href":"https:\/\/blogsaverroes.juntadeandalucia.es\/directormanuelsomoza\/wp-json\/wp\/v2\/users\/1"}],"replies":[{"embeddable":true,"href":"https:\/\/blogsaverroes.juntadeandalucia.es\/directormanuelsomoza\/wp-json\/wp\/v2\/comments?post=330"}],"version-history":[{"count":8,"href":"https:\/\/blogsaverroes.juntadeandalucia.es\/directormanuelsomoza\/wp-json\/wp\/v2\/pages\/330\/revisions"}],"predecessor-version":[{"id":2560,"href":"https:\/\/blogsaverroes.juntadeandalucia.es\/directormanuelsomoza\/wp-json\/wp\/v2\/pages\/330\/revisions\/2560"}],"up":[{"embeddable":true,"href":"https:\/\/blogsaverroes.juntadeandalucia.es\/directormanuelsomoza\/wp-json\/wp\/v2\/pages\/113"}],"wp:featuredmedia":[{"embeddable":true,"href":"https:\/\/blogsaverroes.juntadeandalucia.es\/directormanuelsomoza\/wp-json\/wp\/v2\/media\/2392"}],"wp:attachment":[{"href":"https:\/\/blogsaverroes.juntadeandalucia.es\/directormanuelsomoza\/wp-json\/wp\/v2\/media?parent=330"}],"curies":[{"name":"wp","href":"https:\/\/api.w.org\/{rel}","templated":true}]}}