{"id":3801,"date":"2020-01-31T13:37:28","date_gmt":"2020-01-31T12:37:28","guid":{"rendered":"https:\/\/blogsaverroes.juntadeandalucia.es\/directormanuelsomoza\/?page_id=3801"},"modified":"2020-01-31T13:53:12","modified_gmt":"2020-01-31T12:53:12","slug":"programa-escuela-espacio-paz-convivencia","status":"publish","type":"page","link":"https:\/\/blogsaverroes.juntadeandalucia.es\/directormanuelsomoza\/programa-escuela-espacio-paz-convivencia\/","title":{"rendered":"PROGRAMA ESCUELA: ESPACIO PAZ (CONVIVENCIA +)"},"content":{"rendered":"<p align=\"JUSTIFY\"><span style=\"font-family: 'comic sans ms', sans-serif;font-size: 12pt\">Desde hace muchos a\u00f1os, nuestro centro forma parte de la Red Andaluza \u00abEscuela: Espacio de Paz\u00bb. Formamos parte de una red de centros <span style=\"color: #ff0000\"><em><strong>interesados en compartir iniciativas, recursos y experiencias para la mejora de la convivencia escolar y la difusi\u00f3n de la Cultura de Paz<\/strong><\/em><\/span>, contrayendo un compromiso de profundizaci\u00f3n en aspectos concretos de su Plan de Convivencia. <a href=\"https:\/\/blogsaverroes.juntadeandalucia.es\/directormanuelsomoza\/files\/2020\/01\/Captura-de-pantalla-2020-01-31-a-las-13.31.03.png\" target=\"_blank\" rel=\"noopener noreferrer\"><img loading=\"lazy\" decoding=\"async\" class=\"wp-image-3803 size-medium alignright\" src=\"https:\/\/blogsaverroes.juntadeandalucia.es\/directormanuelsomoza\/files\/2020\/01\/Captura-de-pantalla-2020-01-31-a-las-13.31.03-300x189.png\" alt=\"\" width=\"300\" height=\"189\" srcset=\"https:\/\/blogsaverroes.juntadeandalucia.es\/directormanuelsomoza\/files\/2020\/01\/Captura-de-pantalla-2020-01-31-a-las-13.31.03-300x189.png 300w, https:\/\/blogsaverroes.juntadeandalucia.es\/directormanuelsomoza\/files\/2020\/01\/Captura-de-pantalla-2020-01-31-a-las-13.31.03-24x15.png 24w, https:\/\/blogsaverroes.juntadeandalucia.es\/directormanuelsomoza\/files\/2020\/01\/Captura-de-pantalla-2020-01-31-a-las-13.31.03-36x23.png 36w, https:\/\/blogsaverroes.juntadeandalucia.es\/directormanuelsomoza\/files\/2020\/01\/Captura-de-pantalla-2020-01-31-a-las-13.31.03-48x30.png 48w, https:\/\/blogsaverroes.juntadeandalucia.es\/directormanuelsomoza\/files\/2020\/01\/Captura-de-pantalla-2020-01-31-a-las-13.31.03.png 302w\" sizes=\"(max-width: 300px) 100vw, 300px\" \/><\/a><\/span><\/p>\n<p align=\"JUSTIFY\"><span style=\"font-family: 'comic sans ms', sans-serif;font-size: 12pt\">Entre las se\u00f1as de identidad de los centros que integran la Red Andaluza \u00abEscuela: Espacio de Paz\u00bb destacan la <span style=\"color: #ff0000\"><em><strong>promoci\u00f3n de los valores propios de una sociedad democr\u00e1tica, el respeto mutuo, la igualdad, el di\u00e1logo, la solidaridad y la resoluci\u00f3n pac\u00edfica de los conflictos<\/strong><\/em><\/span>, contando con la participaci\u00f3n de toda la comunidad educativa en la vida de los centros y la vinculaci\u00f3n e implicaci\u00f3n con su entorno.<\/span><\/p>\n<p align=\"JUSTIFY\"><span style=\"font-family: 'comic sans ms', sans-serif;font-size: 12pt\">Adem\u00e1s, debido al trabajo impulsado y coordinado por D\u00f1a. M\u00aa Valle Rechi Vega &#8211; como coordinadora del Proyecto- en el a\u00f1o 2018\/2019 fuimos reconocidos como <span style=\"font-size: 14pt;color: #ff0000\"><strong>Centro Promotor de Convivencia Positiva (Convivencia+).<\/strong><\/span><\/span><\/p>\n<p align=\"JUSTIFY\"><span style=\"font-family: 'comic sans ms', sans-serif;font-size: 12pt\">Desde la <span style=\"text-decoration: underline;color: #339966;font-size: 14pt\"><strong>Red Andaluza \u00abEscuela: Espacio de Paz\u00bb<\/strong><\/span> se proponen seis \u00e1mbitos de actuaci\u00f3n y profundizaci\u00f3n para la mejora de la convivencia escolar:<\/span><\/p>\n<ol>\n<li><span style=\"color: #339966\"><strong><em><span style=\"font-family: 'comic sans ms', sans-serif;font-size: 12pt\">Mejora desde la gesti\u00f3n y organizaci\u00f3n.<\/span><\/em><\/strong><\/span><\/li>\n<li><span style=\"color: #339966\"><strong><em><span style=\"font-family: 'comic sans ms', sans-serif;font-size: 12pt\">Desarrollo de la participaci\u00f3n.<\/span><\/em><\/strong><\/span><\/li>\n<li><span style=\"color: #339966\"><strong><em><span style=\"font-family: 'comic sans ms', sans-serif;font-size: 12pt\">Promoci\u00f3n de la convivencia: desarrollo de valores, actitudes, habilidades y h\u00e1bitos.<\/span><\/em><\/strong><\/span><\/li>\n<li><span style=\"color: #339966\"><strong><em><span style=\"font-family: 'comic sans ms', sans-serif;font-size: 12pt\">Prevenci\u00f3n de situaciones de riesgo para la convivencia.<\/span><\/em><\/strong><\/span><\/li>\n<li><span style=\"color: #339966\"><strong><em><span style=\"font-family: 'comic sans ms', sans-serif;font-size: 12pt\">Intervenci\u00f3n ante conductas contrarias a la convivencia.<\/span><\/em><\/strong><\/span><\/li>\n<li><span style=\"color: #339966\"><strong><em><span style=\"font-family: 'comic sans ms', sans-serif;font-size: 12pt\">Reeducaci\u00f3n de actitudes y restauraci\u00f3n de la convivencia.<\/span><\/em><\/strong><\/span><\/li>\n<\/ol>\n<p align=\"JUSTIFY\"><span style=\"font-family: 'comic sans ms', sans-serif;font-size: 12pt\">Ello implica que nos hemos comprometido en:<\/span><\/p>\n<ol>\n<li>\n<p align=\"JUSTIFY\"><em><strong><span style=\"font-family: 'comic sans ms', sans-serif;font-size: 12pt\">Planificar la mejora de la convivencia en el centro desde una perspectiva integral y trabajar de modo especial, al menos, uno de los \u00e1mbitos de actuaci\u00f3n establecidos.<\/span><\/strong><\/em><\/p>\n<\/li>\n<li>\n<p align=\"JUSTIFY\"><em><strong><span style=\"font-family: 'comic sans ms', sans-serif;font-size: 12pt\">Establecer indicadores de evaluaci\u00f3n de la convivencia que permitan valorar la eficacia de las actividades desarrolladas por el centro y realizar su seguimiento.<\/span><\/strong><\/em><\/p>\n<\/li>\n<li>\n<p align=\"JUSTIFY\"><em><strong><span style=\"font-family: 'comic sans ms', sans-serif;font-size: 12pt\">Dedicar, al menos, una sesi\u00f3n del Claustro de Profesorado con car\u00e1cter monogr\u00e1fico a la convivencia.<\/span><\/strong><\/em><\/p>\n<\/li>\n<li>\n<p align=\"JUSTIFY\"><em><strong><span style=\"font-family: 'comic sans ms', sans-serif;font-size: 12pt\">Facilitar la asistencia de la persona coordinadora a las reuniones de la Red que convoquen los organismos competentes.<\/span><\/strong><\/em><\/p>\n<\/li>\n<li>\n<p align=\"JUSTIFY\"><em><strong><span style=\"font-family: 'comic sans ms', sans-serif;font-size: 12pt\">Coordinarse e intercambiar buenas pr\u00e1cticas con otros centros participantes en la Red, a trav\u00e9s de los mecanismos e instrumentos que facilite la Consejer\u00eda de Educaci\u00f3n.<\/span><\/strong><\/em><\/p>\n<\/li>\n<li>\n<p align=\"JUSTIFY\"><em><strong><span style=\"font-family: 'comic sans ms', sans-serif;font-size: 12pt\">Incorporar al plan de convivencia del centro las mejoras que le aporte su participaci\u00f3n en la Red Andaluza \u00abEscuela: Espacio de Paz\u00bb.<\/span><\/strong><\/em><\/p>\n<\/li>\n<li>\n<p align=\"JUSTIFY\"><em><strong><span style=\"font-family: 'comic sans ms', sans-serif;font-size: 12pt\">Realizar una memoria reflejando las actuaciones desarrolladas en el centro en relaci\u00f3n con su participaci\u00f3n en la Red.<\/span><\/strong><\/em><\/p>\n<\/li>\n<\/ol>\n<p>&nbsp;<\/p>\n<p style=\"text-align: justify\" align=\"JUSTIFY\"><span style=\"font-size: 12pt;font-family: 'comic sans ms', sans-serif\"><strong>Documentos y normativa de referencia:<\/strong><\/span><\/p>\n<ul style=\"text-align: justify\">\n<li><span style=\"font-size: 12pt;font-family: 'comic sans ms', sans-serif\">Orden de 11 de abril de 2011, por la que se regula la participaci\u00f3n de los centros docentes en la Red Andaluza \u201cEscuela: Espacio de Paz\u201d y el procedimiento para solicitar reconocimiento como Centros Promotores de Convivencia Positiva (Convivencia+).<strong>&nbsp;<a href=\"http:\/\/juntadeandalucia.es\/boja\/2011\/85\/d1.pdf\" target=\"_blank\" rel=\"noopener noreferrer\">BOJA N\u00ba 85 de 3\/05\/2011<\/a><\/strong><\/span><\/li>\n<li><strong><span style=\"font-size: 12pt;font-family: 'comic sans ms', sans-serif\"><a href=\"http:\/\/portal.ced.junta-andalucia.es\/educacion\/webportal\/ishare-servlet\/content\/a5ebd527-f36f-4727-8088-61dd31cb3f84\" target=\"_blank\" rel=\"noopener noreferrer\">Orientaciones generales para la gesti\u00f3n de la RAEEP<\/a><\/span><\/strong><\/li>\n<li><span style=\"font-family: 'comic sans ms', sans-serif\"><strong><a href=\"http:\/\/portal.ced.junta-andalucia.es\/educacion\/webportal\/web\/convivencia-escolar\/eep\" target=\"_blank\" rel=\"noopener noreferrer\">Enlace a la web de Consejer\u00eda de la Red Escuela: Espacio de Paz.<\/a><\/strong><\/span><\/li>\n<\/ul>\n<p style=\"text-align: justify\">&nbsp;<\/p>\n<p>&nbsp;<\/p>\n","protected":false},"excerpt":{"rendered":"<p>Desde hace muchos a\u00f1os, nuestro centro forma parte de la Red Andaluza \u00abEscuela: Espacio de Paz\u00bb. Formamos parte de una red de centros interesados en compartir iniciativas, recursos y experiencias para la mejora de&#46;&#46;&#46;<\/p>\n","protected":false},"author":1958,"featured_media":3802,"parent":0,"menu_order":0,"comment_status":"closed","ping_status":"closed","template":"","meta":{"ngg_post_thumbnail":0,"footnotes":"","_mc_calendar":[]},"aioseo_notices":[],"_links":{"self":[{"href":"https:\/\/blogsaverroes.juntadeandalucia.es\/directormanuelsomoza\/wp-json\/wp\/v2\/pages\/3801"}],"collection":[{"href":"https:\/\/blogsaverroes.juntadeandalucia.es\/directormanuelsomoza\/wp-json\/wp\/v2\/pages"}],"about":[{"href":"https:\/\/blogsaverroes.juntadeandalucia.es\/directormanuelsomoza\/wp-json\/wp\/v2\/types\/page"}],"author":[{"embeddable":true,"href":"https:\/\/blogsaverroes.juntadeandalucia.es\/directormanuelsomoza\/wp-json\/wp\/v2\/users\/1958"}],"replies":[{"embeddable":true,"href":"https:\/\/blogsaverroes.juntadeandalucia.es\/directormanuelsomoza\/wp-json\/wp\/v2\/comments?post=3801"}],"version-history":[{"count":4,"href":"https:\/\/blogsaverroes.juntadeandalucia.es\/directormanuelsomoza\/wp-json\/wp\/v2\/pages\/3801\/revisions"}],"predecessor-version":[{"id":3817,"href":"https:\/\/blogsaverroes.juntadeandalucia.es\/directormanuelsomoza\/wp-json\/wp\/v2\/pages\/3801\/revisions\/3817"}],"wp:featuredmedia":[{"embeddable":true,"href":"https:\/\/blogsaverroes.juntadeandalucia.es\/directormanuelsomoza\/wp-json\/wp\/v2\/media\/3802"}],"wp:attachment":[{"href":"https:\/\/blogsaverroes.juntadeandalucia.es\/directormanuelsomoza\/wp-json\/wp\/v2\/media?parent=3801"}],"curies":[{"name":"wp","href":"https:\/\/api.w.org\/{rel}","templated":true}]}}