{"id":42,"date":"2015-03-13T08:40:47","date_gmt":"2015-03-13T08:40:47","guid":{"rendered":"http:\/\/blogsaverroes.juntadeandalucia.es\/pre\/ceip\/?page_id=42"},"modified":"2024-09-13T06:10:18","modified_gmt":"2024-09-13T05:10:18","slug":"equipo-directivo","status":"publish","type":"page","link":"https:\/\/blogsaverroes.juntadeandalucia.es\/directormanuelsomoza\/equipo-directivo\/","title":{"rendered":"EQUIPO DIRECTIVO"},"content":{"rendered":"<p><a href=\"https:\/\/blogsaverroes.juntadeandalucia.es\/directormanuelsomoza\/files\/2024\/09\/20240911_134710.jpg\"><img loading=\"lazy\" decoding=\"async\" class=\"alignnone size-large wp-image-5977\" src=\"https:\/\/blogsaverroes.juntadeandalucia.es\/directormanuelsomoza\/files\/2024\/09\/20240911_134710-969x1024.jpg\" alt=\"\" width=\"660\" height=\"697\" srcset=\"https:\/\/blogsaverroes.juntadeandalucia.es\/directormanuelsomoza\/files\/2024\/09\/20240911_134710-969x1024.jpg 969w, https:\/\/blogsaverroes.juntadeandalucia.es\/directormanuelsomoza\/files\/2024\/09\/20240911_134710-284x300.jpg 284w, https:\/\/blogsaverroes.juntadeandalucia.es\/directormanuelsomoza\/files\/2024\/09\/20240911_134710-768x812.jpg 768w, https:\/\/blogsaverroes.juntadeandalucia.es\/directormanuelsomoza\/files\/2024\/09\/20240911_134710-1453x1536.jpg 1453w, https:\/\/blogsaverroes.juntadeandalucia.es\/directormanuelsomoza\/files\/2024\/09\/20240911_134710-1937x2048.jpg 1937w, https:\/\/blogsaverroes.juntadeandalucia.es\/directormanuelsomoza\/files\/2024\/09\/20240911_134710-700x740.jpg 700w, https:\/\/blogsaverroes.juntadeandalucia.es\/directormanuelsomoza\/files\/2024\/09\/20240911_134710.jpg 1513w\" sizes=\"(max-width: 660px) 100vw, 660px\" \/><\/a><\/p>\n<p>El presente Equipo Directivo tom\u00f3 posesi\u00f3n en el cargo durante el curso 2024\/2025, y sus miembros son los siguientes:<\/p>\n<p><strong>DIRECCI\u00d3N: D. JUAN CARLOS LI\u00c9BANA ALC\u00c1ZAR<\/strong><\/p>\n<p><strong>JEFATURA DE ESTUDIOS: D\u00d1A. MAR\u00cdA DEL CARMEN TORRES MART\u00cdN<\/strong><\/p>\n<p><strong>SECRETAR\u00cdA: D. FERNANDO DOBLAS GABELLA<\/strong><\/p>\n","protected":false},"excerpt":{"rendered":"<p>El presente Equipo Directivo tom\u00f3 posesi\u00f3n en el cargo durante el curso 2024\/2025, y sus miembros son los siguientes: DIRECCI\u00d3N: D. JUAN CARLOS LI\u00c9BANA ALC\u00c1ZAR JEFATURA DE ESTUDIOS: D\u00d1A. MAR\u00cdA DEL CARMEN TORRES MART\u00cdN&#46;&#46;&#46;<\/p>\n","protected":false},"author":1,"featured_media":0,"parent":0,"menu_order":0,"comment_status":"closed","ping_status":"open","template":"","meta":{"ngg_post_thumbnail":0,"footnotes":"","_mc_calendar":[]},"aioseo_notices":[],"_links":{"self":[{"href":"https:\/\/blogsaverroes.juntadeandalucia.es\/directormanuelsomoza\/wp-json\/wp\/v2\/pages\/42"}],"collection":[{"href":"https:\/\/blogsaverroes.juntadeandalucia.es\/directormanuelsomoza\/wp-json\/wp\/v2\/pages"}],"about":[{"href":"https:\/\/blogsaverroes.juntadeandalucia.es\/directormanuelsomoza\/wp-json\/wp\/v2\/types\/page"}],"author":[{"embeddable":true,"href":"https:\/\/blogsaverroes.juntadeandalucia.es\/directormanuelsomoza\/wp-json\/wp\/v2\/users\/1"}],"replies":[{"embeddable":true,"href":"https:\/\/blogsaverroes.juntadeandalucia.es\/directormanuelsomoza\/wp-json\/wp\/v2\/comments?post=42"}],"version-history":[{"count":9,"href":"https:\/\/blogsaverroes.juntadeandalucia.es\/directormanuelsomoza\/wp-json\/wp\/v2\/pages\/42\/revisions"}],"predecessor-version":[{"id":5978,"href":"https:\/\/blogsaverroes.juntadeandalucia.es\/directormanuelsomoza\/wp-json\/wp\/v2\/pages\/42\/revisions\/5978"}],"wp:attachment":[{"href":"https:\/\/blogsaverroes.juntadeandalucia.es\/directormanuelsomoza\/wp-json\/wp\/v2\/media?parent=42"}],"curies":[{"name":"wp","href":"https:\/\/api.w.org\/{rel}","templated":true}]}}