{"id":426,"date":"2015-03-20T07:05:49","date_gmt":"2015-03-20T07:05:49","guid":{"rendered":"http:\/\/blogsaverroes.juntadeandalucia.es\/pre\/ceip\/?page_id=426"},"modified":"2023-11-21T17:14:08","modified_gmt":"2023-11-21T16:14:08","slug":"materiales-recursos","status":"publish","type":"page","link":"https:\/\/blogsaverroes.juntadeandalucia.es\/directormanuelsomoza\/educacion-infantil\/materiales-recursos\/","title":{"rendered":"PROPUESTA PEDAG\u00d3GICA"},"content":{"rendered":"<h2 style=\"text-align: justify\"><span style=\"font-family: 'comic sans ms', sans-serif\">A continuaci\u00f3n, se enlaza la PROPUESTA PEDAG\u00d3GICA DEL SEGUNDO CICLO DE EDUCACI\u00d3N INFANTIL DEL CEIP DIRECTOR MANUEL SOMOZA.<\/span><\/h2>\n<p>&nbsp;<\/p>\n<p><span style=\"font-family: 'comic sans ms', sans-serif;font-size: 18pt;color: #0000ff\"><a href=\"https:\/\/drive.google.com\/drive\/folders\/1AG9umYUOMyA_apX8VfEM2ukLUGMcEVAl?usp=sharing\" target=\"_blank\" rel=\"noopener noreferrer\"><strong>PROPUESTA PEDAGO\u0301GICA INFANTIL<\/strong><\/a><\/span><\/p>\n<p>&nbsp;<\/p>\n<h4>&nbsp;<\/h4>\n","protected":false},"excerpt":{"rendered":"<p>A continuaci\u00f3n, se enlaza la PROPUESTA PEDAG\u00d3GICA DEL SEGUNDO CICLO DE EDUCACI\u00d3N INFANTIL DEL CEIP DIRECTOR MANUEL SOMOZA. &nbsp; PROPUESTA PEDAGO\u0301GICA INFANTIL &nbsp; &nbsp;<\/p>\n","protected":false},"author":1,"featured_media":0,"parent":424,"menu_order":0,"comment_status":"closed","ping_status":"open","template":"","meta":{"ngg_post_thumbnail":0,"footnotes":"","_mc_calendar":[]},"aioseo_notices":[],"_links":{"self":[{"href":"https:\/\/blogsaverroes.juntadeandalucia.es\/directormanuelsomoza\/wp-json\/wp\/v2\/pages\/426"}],"collection":[{"href":"https:\/\/blogsaverroes.juntadeandalucia.es\/directormanuelsomoza\/wp-json\/wp\/v2\/pages"}],"about":[{"href":"https:\/\/blogsaverroes.juntadeandalucia.es\/directormanuelsomoza\/wp-json\/wp\/v2\/types\/page"}],"author":[{"embeddable":true,"href":"https:\/\/blogsaverroes.juntadeandalucia.es\/directormanuelsomoza\/wp-json\/wp\/v2\/users\/1"}],"replies":[{"embeddable":true,"href":"https:\/\/blogsaverroes.juntadeandalucia.es\/directormanuelsomoza\/wp-json\/wp\/v2\/comments?post=426"}],"version-history":[{"count":9,"href":"https:\/\/blogsaverroes.juntadeandalucia.es\/directormanuelsomoza\/wp-json\/wp\/v2\/pages\/426\/revisions"}],"predecessor-version":[{"id":5485,"href":"https:\/\/blogsaverroes.juntadeandalucia.es\/directormanuelsomoza\/wp-json\/wp\/v2\/pages\/426\/revisions\/5485"}],"up":[{"embeddable":true,"href":"https:\/\/blogsaverroes.juntadeandalucia.es\/directormanuelsomoza\/wp-json\/wp\/v2\/pages\/424"}],"wp:attachment":[{"href":"https:\/\/blogsaverroes.juntadeandalucia.es\/directormanuelsomoza\/wp-json\/wp\/v2\/media?parent=426"}],"curies":[{"name":"wp","href":"https:\/\/api.w.org\/{rel}","templated":true}]}}