{"id":4286,"date":"2020-04-22T10:15:46","date_gmt":"2020-04-22T09:15:46","guid":{"rendered":"https:\/\/blogsaverroes.juntadeandalucia.es\/directormanuelsomoza\/?page_id=4286"},"modified":"2020-04-22T10:15:46","modified_gmt":"2020-04-22T09:15:46","slug":"actividad-dia-del-libro-2020","status":"publish","type":"page","link":"https:\/\/blogsaverroes.juntadeandalucia.es\/directormanuelsomoza\/actividad-dia-del-libro-2020\/","title":{"rendered":"ACTIVIDAD D\u00cdA DEL LIBRO 2020"},"content":{"rendered":"<p style=\"text-align: justify\"><span style=\"font-family: 'comic sans ms', sans-serif;font-size: 12pt\">Se acerca el 23 de Abril, conocido por la celebraci\u00f3n del D\u00cdA DEL LIBRO. Como ya sois conocedores, en a\u00f1os anteriores y, una vez m\u00e1s, se ten\u00eda previsto llevar a cabo representaciones teatrales en la semana del 20 al 24 de abril. Debido a la situaci\u00f3n inesperada actual, no queremos dejar en el olvido este d\u00eda y es por ello que hemos previsto adaptar la actividad al nuevo contexto (la casa y la familia).<\/span><\/p>\n<p style=\"text-align: justify\"><span style=\"font-family: 'comic sans ms', sans-serif;font-size: 12pt\">En colaboraci\u00f3n con las coordinadoras del Proyecto Ling\u00fc\u00edstico, el Plan de Biblioteca escolar y promovido por la coordinadora del Plan ComunicA, la nueva actividad es <span style=\"color: #ff0000\"><strong>\u201cCuentos y Cuentos\u201d<\/strong><\/span>. Esta iniciativa surge como una actividad de promoci\u00f3n de la lectura , pero ante todo intentando que tengan un gran componente motivacional.<\/span><\/p>\n<p style=\"text-align: justify\"><span style=\"font-family: 'comic sans ms', sans-serif;font-size: 12pt\">La actividad consistir\u00e1 en contar un cuento de manera diferente. Para ello te proponemos en un <span style=\"text-decoration: underline\"><strong><span style=\"color: #ff0000;text-decoration: underline\">PADLET<\/span><\/strong><\/span> una variedad de cuentos que puedes elegir y unos ejemplos de como puedes contar tu cuento de manera diferente, como por ejemplo, con t\u00edteres o memes, con im\u00e1genes, etc. Posteriormente, te grabas contando tu cuento y lo subes al padlet <span style=\"text-decoration: underline;color: #ff0000\"><strong>desde el 24 al 30 de abril<\/strong><\/span>. Esta es la tarea de la pr\u00f3xima semana del \u00e1rea de lengua, as\u00ed que dale vida a ese cuento elegido, crea, imagina, act\u00faa y divierte mientras lo realizas.<\/span><\/p>\n<div class=\"page\" style=\"text-align: justify\" title=\"Page 1\">\n<div class=\"section\">\n<div class=\"layoutArea\">\n<div class=\"column\">\n<p><span style=\"font-family: 'comic sans ms', sans-serif;font-size: 12pt\">Para ello te proponemos:<\/span><\/p>\n<ol>\n<li><span style=\"font-family: 'comic sans ms', sans-serif;font-size: 12pt\">Elige el cuento que quieras. Para elegir el cuento puedes ver ejemplos en el padlet.<\/span><\/li>\n<li><span style=\"font-family: 'comic sans ms', sans-serif;font-size: 12pt\">Antes de desarrollar la actividad, visualiza los videos para coger ideas (padlet) en el apartado que pone INFORMACI\u00d3N.<\/span><\/li>\n<li><span style=\"font-family: 'comic sans ms', sans-serif;font-size: 12pt\">Crea, imagina, dise\u00f1a los escenarios, personajes, etc.<\/span><\/li>\n<li><span style=\"font-family: 'comic sans ms', sans-serif;font-size: 12pt\">Dise\u00f1a, organiza tu exposici\u00f3n oral.<\/span><\/li>\n<li><span style=\"font-family: 'comic sans ms', sans-serif;font-size: 12pt\">Monta, act\u00faa, pr\u00e1ctica las veces que sean necesarias antes de grabarte. Dispones de tiempo suficiente para hacerlo.<\/span><\/li>\n<li><span style=\"font-family: 'comic sans ms', sans-serif;font-size: 12pt\">Gr\u00e1bate y s\u00fabelo al padlet.<\/span><\/li>\n<\/ol>\n<\/div>\n<\/div>\n<\/div>\n<\/div>\n<p style=\"text-align: justify\"><span style=\"font-family: 'comic sans ms', sans-serif;font-size: 12pt\">&nbsp;ENLACE AL PADLET:&nbsp;<a href=\"https:\/\/padlet.com\/Isacuentos\/xgg64276fndujnbc\" target=\"_blank\" rel=\"noopener noreferrer\">https:\/\/padlet.com\/Isacuentos\/xgg64276fndujnbc<\/a><\/span><\/p>\n<p style=\"text-align: justify\">&nbsp;<\/p>\n","protected":false},"excerpt":{"rendered":"<p>Se acerca el 23 de Abril, conocido por la celebraci\u00f3n del D\u00cdA DEL LIBRO. Como ya sois conocedores, en a\u00f1os anteriores y, una vez m\u00e1s, se ten\u00eda previsto llevar a cabo representaciones teatrales en&#46;&#46;&#46;<\/p>\n","protected":false},"author":1958,"featured_media":4284,"parent":0,"menu_order":0,"comment_status":"closed","ping_status":"closed","template":"","meta":{"ngg_post_thumbnail":0,"footnotes":"","_mc_calendar":[]},"aioseo_notices":[],"_links":{"self":[{"href":"https:\/\/blogsaverroes.juntadeandalucia.es\/directormanuelsomoza\/wp-json\/wp\/v2\/pages\/4286"}],"collection":[{"href":"https:\/\/blogsaverroes.juntadeandalucia.es\/directormanuelsomoza\/wp-json\/wp\/v2\/pages"}],"about":[{"href":"https:\/\/blogsaverroes.juntadeandalucia.es\/directormanuelsomoza\/wp-json\/wp\/v2\/types\/page"}],"author":[{"embeddable":true,"href":"https:\/\/blogsaverroes.juntadeandalucia.es\/directormanuelsomoza\/wp-json\/wp\/v2\/users\/1958"}],"replies":[{"embeddable":true,"href":"https:\/\/blogsaverroes.juntadeandalucia.es\/directormanuelsomoza\/wp-json\/wp\/v2\/comments?post=4286"}],"version-history":[{"count":1,"href":"https:\/\/blogsaverroes.juntadeandalucia.es\/directormanuelsomoza\/wp-json\/wp\/v2\/pages\/4286\/revisions"}],"predecessor-version":[{"id":4288,"href":"https:\/\/blogsaverroes.juntadeandalucia.es\/directormanuelsomoza\/wp-json\/wp\/v2\/pages\/4286\/revisions\/4288"}],"wp:featuredmedia":[{"embeddable":true,"href":"https:\/\/blogsaverroes.juntadeandalucia.es\/directormanuelsomoza\/wp-json\/wp\/v2\/media\/4284"}],"wp:attachment":[{"href":"https:\/\/blogsaverroes.juntadeandalucia.es\/directormanuelsomoza\/wp-json\/wp\/v2\/media?parent=4286"}],"curies":[{"name":"wp","href":"https:\/\/api.w.org\/{rel}","templated":true}]}}