{"id":4946,"date":"2022-11-09T11:13:15","date_gmt":"2022-11-09T10:13:15","guid":{"rendered":"https:\/\/blogsaverroes.juntadeandalucia.es\/directormanuelsomoza\/?page_id=4946"},"modified":"2022-11-09T11:13:15","modified_gmt":"2022-11-09T10:13:15","slug":"galeria-fotografica-video-2018-19","status":"publish","type":"page","link":"https:\/\/blogsaverroes.juntadeandalucia.es\/directormanuelsomoza\/galeria-fotografica-video-2018-19\/","title":{"rendered":"GALER\u00cdA FOTOGR\u00c1FICA-V\u00cdDEO 2018-19"},"content":{"rendered":"<p><span style=\"font-family: 'comic sans ms', sans-serif;font-size: 16px;font-weight: 300;letter-spacing: 1px\">Acceda a las distintas galer\u00edas fotogr\u00e1ficas de las actividades del centro, as\u00ed como a los v\u00eddeos publicados, a trav\u00e9s de los siguientes enlaces:<\/span><\/p>\n<h1><span style=\"text-decoration: underline;color: #3366ff\"><span style=\"font-size: 18pt\"><strong><span style=\"font-family: 'comic sans ms', sans-serif\">CURSO 2018\/2019<\/span><\/strong><\/span><\/span><\/h1>\n<ul>\n<li><span style=\"font-family: 'comic sans ms', sans-serif;font-size: 12pt\"><a href=\"https:\/\/photos.app.goo.gl\/9QgvBFU1tXSgDVeP6\" target=\"_blank\" rel=\"noopener noreferrer\">FIN DE CURSO<\/a><\/span><\/li>\n<li><span style=\"font-family: 'comic sans ms', sans-serif;font-size: 12pt\"><a href=\"https:\/\/photos.app.goo.gl\/1UKuig8Dndx4vheY7\" target=\"_blank\" rel=\"noopener noreferrer\">GYMKANA MATEM\u00c1TICA: TR\u00c1NSITO CON IES PABLO DE OLAVIDE<\/a><\/span><\/li>\n<li><span style=\"font-family: 'comic sans ms', sans-serif;font-size: 12pt\"><a href=\"https:\/\/photos.app.goo.gl\/K8H2k5aPxoEToLtc7\" target=\"_blank\" rel=\"noopener noreferrer\">COMPETICI\u00d3N GIMNASIA R\u00cdTMICA EN EL CAMPILLO<\/a><\/span><\/li>\n<li><span style=\"font-family: 'comic sans ms', sans-serif;font-size: 12pt\"><a href=\"https:\/\/photos.app.goo.gl\/r17onDVwottyKs1i6\" target=\"_blank\" rel=\"noopener noreferrer\">PROYECTO \u00abCUENTOS, CUENTOS Y M\u00c1S CUENTOS 2018\/2019<\/a><\/span><\/li>\n<li><span style=\"font-family: 'comic sans ms', sans-serif;font-size: 12pt\"><a href=\"https:\/\/photos.app.goo.gl\/b8PDUXr3YtZgbh388\" target=\"_blank\" rel=\"noopener noreferrer\">SALIDA DID\u00c1CTICA A SEVILLA (2\u00ba Y 3\u00ba CICLO PRIMARIA)<\/a><\/span><\/li>\n<li><span style=\"font-family: 'comic sans ms', sans-serif;font-size: 12pt\"><a href=\"https:\/\/photos.app.goo.gl\/UgTscRFxXunP893x7\" target=\"_blank\" rel=\"noopener noreferrer\">SALIDA DID\u00c1CTICA MUNDOPARK GUILLENA (1\u00ba CICLO PRIMARIA)<\/a><\/span><\/li>\n<li><span style=\"font-family: 'comic sans ms', sans-serif;font-size: 12pt\"><a href=\"https:\/\/photos.app.goo.gl\/LGSrthRpr3m4DVCv6\" target=\"_blank\" rel=\"noopener noreferrer\">SEMANA SANTA&nbsp;<\/a><\/span><\/li>\n<li><span style=\"font-family: 'comic sans ms', sans-serif;font-size: 12pt\"><a href=\"https:\/\/photos.app.goo.gl\/ZHGrAkB2PRPAd3fw6\" target=\"_blank\" rel=\"noopener noreferrer\">SALIDA DID\u00c1CTICA A C\u00d3RDOBA (SECUNDARIA)<\/a><\/span><\/li>\n<li><span style=\"font-family: 'comic sans ms', sans-serif;font-size: 12pt\"><a href=\"https:\/\/photos.app.goo.gl\/WU9EPUQwYk6yenz47\" target=\"_blank\" rel=\"noopener noreferrer\">MUSIQUEANDO 2019<\/a><\/span><\/li>\n<li><span style=\"font-family: 'comic sans ms', sans-serif;font-size: 12pt\"><a href=\"https:\/\/photos.app.goo.gl\/PXMCc3yGGkJGqpad6\" target=\"_blank\" rel=\"noopener noreferrer\">D\u00cdA CONCIENCIACI\u00d3N AUTISMO (2 ABRIL 2019)<\/a><\/span><\/li>\n<li><span style=\"font-family: 'comic sans ms', sans-serif;font-size: 12pt\"><a href=\"https:\/\/photos.app.goo.gl\/HBVzHcmLUT7tBVsb9\" target=\"_blank\" rel=\"noopener noreferrer\">D\u00cdA INTERNACIONAL MUJER (8 MARZO 2019)<\/a><\/span><\/li>\n<li><span style=\"font-family: 'comic sans ms', sans-serif;font-size: 12pt\"><a href=\"https:\/\/photos.app.goo.gl\/NnEwVH7d5ZTKVaQCA\" target=\"_blank\" rel=\"noopener noreferrer\">GAME OVER A LA DESIGUALDAD 2019<\/a><\/span><\/li>\n<li><span style=\"font-family: 'comic sans ms', sans-serif;font-size: 12pt\"><a href=\"https:\/\/photos.app.goo.gl\/reYxZ7jJPNDTZiV78\" target=\"_blank\" rel=\"noopener noreferrer\">D\u00cdA DE ANDALUC\u00cdA: CONOCIENDO A BLAS INFANTE 2019<\/a><\/span><\/li>\n<li><span style=\"font-family: 'comic sans ms', sans-serif;font-size: 12pt\"><a href=\"https:\/\/photos.app.goo.gl\/EYqrZx7Yc3U4oAWJA\" target=\"_blank\" rel=\"noopener noreferrer\">D\u00cdA MUJER Y NI\u00d1A EN LA CIENCIA (11 FEBRERO 2019)<\/a><\/span><\/li>\n<li><span style=\"font-family: 'comic sans ms', sans-serif;font-size: 12pt\"><a href=\"https:\/\/photos.app.goo.gl\/gZvf6D7Fjmcze1bM8\" target=\"_blank\" rel=\"noopener noreferrer\">TALLER ELABORACI\u00d3N MATERIAL ABN EN EL CENTRO<\/a><\/span><\/li>\n<li><span style=\"font-family: 'comic sans ms', sans-serif;font-size: 12pt\"><a href=\"https:\/\/photos.app.goo.gl\/mRtouccZgN4giV199\" target=\"_blank\" rel=\"noopener noreferrer\">PONTE EN MI LUGAR: SEMANA DE LA DISCAPACIDAD 2019<\/a><\/span><\/li>\n<li><span style=\"font-family: 'comic sans ms', sans-serif;font-size: 12pt\"><a href=\"https:\/\/photos.app.goo.gl\/XM1xcX6rY6bR9Nbj9\" target=\"_blank\" rel=\"noopener noreferrer\">LATERNENFEST: VIVIR Y SENTIR EL PATRIMONIO 2018<\/a><\/span><\/li>\n<\/ul>\n<h2 style=\"text-align: justify\">&nbsp;<\/h2>\n","protected":false},"excerpt":{"rendered":"<p>Acceda a las distintas galer\u00edas fotogr\u00e1ficas de las actividades del centro, as\u00ed como a los v\u00eddeos publicados, a trav\u00e9s de los siguientes enlaces: CURSO 2018\/2019 FIN DE CURSO GYMKANA MATEM\u00c1TICA: TR\u00c1NSITO CON IES PABLO&#46;&#46;&#46;<\/p>\n","protected":false},"author":1958,"featured_media":0,"parent":0,"menu_order":0,"comment_status":"closed","ping_status":"closed","template":"","meta":{"ngg_post_thumbnail":0,"footnotes":"","_mc_calendar":[]},"aioseo_notices":[],"_links":{"self":[{"href":"https:\/\/blogsaverroes.juntadeandalucia.es\/directormanuelsomoza\/wp-json\/wp\/v2\/pages\/4946"}],"collection":[{"href":"https:\/\/blogsaverroes.juntadeandalucia.es\/directormanuelsomoza\/wp-json\/wp\/v2\/pages"}],"about":[{"href":"https:\/\/blogsaverroes.juntadeandalucia.es\/directormanuelsomoza\/wp-json\/wp\/v2\/types\/page"}],"author":[{"embeddable":true,"href":"https:\/\/blogsaverroes.juntadeandalucia.es\/directormanuelsomoza\/wp-json\/wp\/v2\/users\/1958"}],"replies":[{"embeddable":true,"href":"https:\/\/blogsaverroes.juntadeandalucia.es\/directormanuelsomoza\/wp-json\/wp\/v2\/comments?post=4946"}],"version-history":[{"count":1,"href":"https:\/\/blogsaverroes.juntadeandalucia.es\/directormanuelsomoza\/wp-json\/wp\/v2\/pages\/4946\/revisions"}],"predecessor-version":[{"id":4948,"href":"https:\/\/blogsaverroes.juntadeandalucia.es\/directormanuelsomoza\/wp-json\/wp\/v2\/pages\/4946\/revisions\/4948"}],"wp:attachment":[{"href":"https:\/\/blogsaverroes.juntadeandalucia.es\/directormanuelsomoza\/wp-json\/wp\/v2\/media?parent=4946"}],"curies":[{"name":"wp","href":"https:\/\/api.w.org\/{rel}","templated":true}]}}