{"id":5085,"date":"2023-01-25T17:53:36","date_gmt":"2023-01-25T16:53:36","guid":{"rendered":"https:\/\/blogsaverroes.juntadeandalucia.es\/directormanuelsomoza\/?page_id=5085"},"modified":"2024-03-01T11:27:43","modified_gmt":"2024-03-01T10:27:43","slug":"proa-transformate","status":"publish","type":"page","link":"https:\/\/blogsaverroes.juntadeandalucia.es\/directormanuelsomoza\/proa-transformate\/","title":{"rendered":"PROA + TRANSF\u00d3RMATE"},"content":{"rendered":"<p style=\"text-align: justify\">&nbsp;<img loading=\"lazy\" decoding=\"async\" class=\"alignnone size-full wp-image-5090\" src=\"https:\/\/blogsaverroes.juntadeandalucia.es\/directormanuelsomoza\/files\/2023\/01\/Captura-de-Pantalla-2023-01-25-a-las-17.39.32.png\" alt=\"\" width=\"798\" height=\"410\" srcset=\"https:\/\/blogsaverroes.juntadeandalucia.es\/directormanuelsomoza\/files\/2023\/01\/Captura-de-Pantalla-2023-01-25-a-las-17.39.32.png 798w, https:\/\/blogsaverroes.juntadeandalucia.es\/directormanuelsomoza\/files\/2023\/01\/Captura-de-Pantalla-2023-01-25-a-las-17.39.32-300x154.png 300w, https:\/\/blogsaverroes.juntadeandalucia.es\/directormanuelsomoza\/files\/2023\/01\/Captura-de-Pantalla-2023-01-25-a-las-17.39.32-768x395.png 768w, https:\/\/blogsaverroes.juntadeandalucia.es\/directormanuelsomoza\/files\/2023\/01\/Captura-de-Pantalla-2023-01-25-a-las-17.39.32-700x360.png 700w\" sizes=\"(max-width: 798px) 100vw, 798px\" \/><\/p>\n<p>&nbsp;<\/p>\n<p style=\"text-align: justify\"><span style=\"font-family: 'comic sans ms', sans-serif;font-size: 12pt\"><img loading=\"lazy\" decoding=\"async\" class=\"alignleft wp-image-5086 size-medium\" src=\"https:\/\/blogsaverroes.juntadeandalucia.es\/directormanuelsomoza\/files\/2023\/01\/Captura-de-Pantalla-2023-01-25-a-las-17.36.43-300x123.png\" alt=\"\" width=\"300\" height=\"123\" srcset=\"https:\/\/blogsaverroes.juntadeandalucia.es\/directormanuelsomoza\/files\/2023\/01\/Captura-de-Pantalla-2023-01-25-a-las-17.36.43-300x123.png 300w, https:\/\/blogsaverroes.juntadeandalucia.es\/directormanuelsomoza\/files\/2023\/01\/Captura-de-Pantalla-2023-01-25-a-las-17.36.43-768x314.png 768w, https:\/\/blogsaverroes.juntadeandalucia.es\/directormanuelsomoza\/files\/2023\/01\/Captura-de-Pantalla-2023-01-25-a-las-17.36.43-700x287.png 700w, https:\/\/blogsaverroes.juntadeandalucia.es\/directormanuelsomoza\/files\/2023\/01\/Captura-de-Pantalla-2023-01-25-a-las-17.36.43.png 838w\" sizes=\"(max-width: 300px) 100vw, 300px\" \/>El Programa para la orientaci\u00f3n, avance y <\/span><span style=\"font-family: 'comic sans ms', sans-serif;font-size: 12pt\">enriquecimiento educativo <strong>PROA + TANSF\u00d3RMATE<\/strong> que se plantea con car\u00e1cter plurianual, 2021-2024, se presenta como mecanismo de ayuda financiera, fortalecimiento institucional y formativo a los centros, para apoyar y reforzar sus actuaciones durante el per\u00edodo 2021-2024. <\/span><\/p>\n<p style=\"text-align: justify\"><span style=\"font-family: 'comic sans ms', sans-serif;font-size: 12pt\">Dicho Programa, aprobado por Acuerdo de Consejo de Ministros de 13 de julio de 2021, tiene como objetivo <em><strong>mejorar los \u00edndices de \u00e9xito escolar y garantizar la permanencia del alumnado en aquellos centros p\u00fablicos de Educaci\u00f3n Primaria y Educaci\u00f3n Secundaria<\/strong><\/em> en los que se concentre un porcentaje elevado de j\u00f3venes en clara situaci\u00f3n de vulnerabilidad socioeducativa.<\/span><\/p>\n<p style=\"text-align: justify\"><span style=\"font-family: 'comic sans ms', sans-serif;font-size: 12pt\">Su desarrollo se basa en los principios de <em><strong>equidad, educaci\u00f3n inclusiva, prevenci\u00f3n y detecci\u00f3n temprana de las dificultades de aprendizaje, los mecanismos de refuerzo y la relevancia de los aspectos socioemocionales del proceso educativo<\/strong><\/em>.<\/span><\/p>\n<p style=\"text-align: justify\">&nbsp;<\/p>\n<p style=\"text-align: justify\"><span style=\"font-family: 'comic sans ms', sans-serif;font-size: 12pt\">Nuestro centro se ha marcado como L\u00cdNEAS ESTRAT\u00c9GICAS para el curso 2023\/2024: <\/span><\/p>\n<p><strong><span style=\"font-family: 'comic sans ms', sans-serif;font-size: 12pt\">1.LINEA ESTRATEGICA E1.<\/span><span style=\"font-family: 'comic sans ms', sans-serif;font-size: 12pt\">&nbsp;ACTIVIDADES PARA SEGUIR Y \u201cASEGURAR\u201d CONDICIONES DE EDUCABILIDAD<\/span><\/strong><\/p>\n<div class=\"page\" title=\"Page 1\">\n<div class=\"layoutArea\">\n<div class=\"column\">\n<ul>\n<li style=\"text-align: justify\"><span style=\"font-family: 'comic sans ms', sans-serif;font-size: 12pt\">Actividad Palanca <\/span><span style=\"font-family: 'comic sans ms', sans-serif;font-size: 12pt\">A101 Evaluaci\u00f3n de barreras.<\/span><\/li>\n<\/ul>\n<\/div>\n<div class=\"column\" style=\"text-align: justify\">\n<p><span style=\"font-family: 'comic sans ms', sans-serif;font-size: 12pt\"><strong>2. LI\u0301NEA ESTRATE\u0301GICA E2. ACCIONES PARA APOYAR AL ALUMNADO CON DIFICULTADES DE APRENDIZAJE.<\/strong> <\/span><\/p>\n<ul>\n<li><span style=\"font-family: 'comic sans ms', sans-serif;font-size: 12pt\">Actividad Palanca A230: Actividades de refuerzo para la mejora y e\u0301xito educativo para el alumnado.<\/span><\/li>\n<\/ul>\n<p><span style=\"font-family: 'comic sans ms', sans-serif;font-size: 12pt\"><strong>3.LINEA ESTRATEGICA E5. ACCION Y COMPROMISO DE GESTION DE CENTRO Y PARA MEJORAR LA ESTABILIDAD Y CALIDAD DE SUS PROFESIONALES.<\/strong> <\/span><\/p>\n<ul>\n<li><span style=\"font-family: 'comic sans ms', sans-serif;font-size: 12pt\">Actividad palanca A550 Plan de acogida <\/span><span style=\"font-family: 'comic sans ms', sans-serif;font-size: 12pt\">al profesorado.<\/span><\/li>\n<li><span style=\"font-family: 'comic sans ms', sans-serif;font-size: 12pt\"> Actividad palanca A551 Plan de formacio\u0301n del profesorado.<\/span><\/li>\n<\/ul>\n<\/div>\n<\/div>\n<\/div>\n<p>&nbsp;<\/p>\n<p>&nbsp;<\/p>\n<p><span style=\"font-family: 'comic sans ms', sans-serif;font-size: 12pt\">NORMATIVA REGULADORA:<\/span> <a href=\"https:\/\/www.juntadeandalucia.es\/educacion\/portals\/web\/ced\/novedades\/-\/contenidos\/detalle\/resolucion-de-18-de-noviembre-2021-de-la-direccion-general-de-atencion-a-la-diversidad-participacion-y-convivencia\" target=\"_blank\" rel=\"noopener noreferrer\">https:\/\/www.juntadeandalucia.es\/educacion\/portals\/web\/ced\/novedades\/-\/contenidos\/detalle\/resolucion-de-18-de-noviembre-2021-de-la-direccion-general-de-atencion-a-la-diversidad-participacion-y-convivencia<\/a><\/p>\n<p>&nbsp;<\/p>\n","protected":false},"excerpt":{"rendered":"<p>&nbsp; &nbsp; El Programa para la orientaci\u00f3n, avance y enriquecimiento educativo PROA + TANSF\u00d3RMATE que se plantea con car\u00e1cter plurianual, 2021-2024, se presenta como mecanismo de ayuda financiera, fortalecimiento institucional y formativo a los&#46;&#46;&#46;<\/p>\n","protected":false},"author":1958,"featured_media":5090,"parent":0,"menu_order":0,"comment_status":"closed","ping_status":"closed","template":"","meta":{"ngg_post_thumbnail":0,"footnotes":"","_mc_calendar":[]},"aioseo_notices":[],"_links":{"self":[{"href":"https:\/\/blogsaverroes.juntadeandalucia.es\/directormanuelsomoza\/wp-json\/wp\/v2\/pages\/5085"}],"collection":[{"href":"https:\/\/blogsaverroes.juntadeandalucia.es\/directormanuelsomoza\/wp-json\/wp\/v2\/pages"}],"about":[{"href":"https:\/\/blogsaverroes.juntadeandalucia.es\/directormanuelsomoza\/wp-json\/wp\/v2\/types\/page"}],"author":[{"embeddable":true,"href":"https:\/\/blogsaverroes.juntadeandalucia.es\/directormanuelsomoza\/wp-json\/wp\/v2\/users\/1958"}],"replies":[{"embeddable":true,"href":"https:\/\/blogsaverroes.juntadeandalucia.es\/directormanuelsomoza\/wp-json\/wp\/v2\/comments?post=5085"}],"version-history":[{"count":4,"href":"https:\/\/blogsaverroes.juntadeandalucia.es\/directormanuelsomoza\/wp-json\/wp\/v2\/pages\/5085\/revisions"}],"predecessor-version":[{"id":5675,"href":"https:\/\/blogsaverroes.juntadeandalucia.es\/directormanuelsomoza\/wp-json\/wp\/v2\/pages\/5085\/revisions\/5675"}],"wp:featuredmedia":[{"embeddable":true,"href":"https:\/\/blogsaverroes.juntadeandalucia.es\/directormanuelsomoza\/wp-json\/wp\/v2\/media\/5090"}],"wp:attachment":[{"href":"https:\/\/blogsaverroes.juntadeandalucia.es\/directormanuelsomoza\/wp-json\/wp\/v2\/media?parent=5085"}],"curies":[{"name":"wp","href":"https:\/\/api.w.org\/{rel}","templated":true}]}}