{"id":39,"date":"2020-01-09T12:44:11","date_gmt":"2020-01-09T11:44:11","guid":{"rendered":"http:\/\/blogsaverroes.juntadeandalucia.es\/pre\/nuevoceip2v2\/?page_id=39"},"modified":"2023-04-16T21:04:03","modified_gmt":"2023-04-16T20:04:03","slug":"aula-matinal","status":"publish","type":"page","link":"https:\/\/blogsaverroes.juntadeandalucia.es\/doctorgalvezmoll\/aula-matinal\/","title":{"rendered":"Plan apertura: aula matinal"},"content":{"rendered":"<!--themify_builder_content-->\n<div id=\"themify_builder_content-39\" data-postid=\"39\" class=\"themify_builder_content themify_builder_content-39 themify_builder tf_clear\">\n                    <div  data-lazy=\"1\" class=\"module_row themify_builder_row tb_lg1m835 tb_first tf_w\">\n                        <div class=\"row_inner col_align_top tb_col_count_1 tf_box tf_rel\">\n                        <div  data-lazy=\"1\" class=\"module_column tb-column col-full tb_qy4g835 first\">\n                    <!-- module fancy heading -->\n<div  class=\"module module-fancy-heading tb_vbp9484 \" data-lazy=\"1\">\n        <h2 class=\"fancy-heading tf_textc\">\n    <span class=\"main-head tf_block\">\n                                <\/span>\n\n    \n    <span class=\"sub-head tf_block tf_rel\">\n                    Plan de Apertura: Aula Matinal            <\/span>\n    <\/h2>\n<\/div>\n<!-- \/module fancy heading -->\n<!-- module image -->\n<div  class=\"module module-image tb_4f7a754 image-center   tf_mw\" data-lazy=\"1\">\n        <div class=\"image-wrap tf_rel tf_mw\">\n            <img loading=\"lazy\" decoding=\"async\" width=\"960\" height=\"720\" src=\"https:\/\/blogsaverroes.juntadeandalucia.es\/doctorgalvezmoll\/files\/2023\/03\/Diapositiva24.jpg\" class=\"wp-post-image wp-image-663\" title=\"Diapositiva24\" alt=\"Diapositiva24\" srcset=\"https:\/\/blogsaverroes.juntadeandalucia.es\/doctorgalvezmoll\/files\/2023\/03\/Diapositiva24.jpg 960w, https:\/\/blogsaverroes.juntadeandalucia.es\/doctorgalvezmoll\/files\/2023\/03\/Diapositiva24-300x225.jpg 300w, https:\/\/blogsaverroes.juntadeandalucia.es\/doctorgalvezmoll\/files\/2023\/03\/Diapositiva24-768x576.jpg 768w, https:\/\/blogsaverroes.juntadeandalucia.es\/doctorgalvezmoll\/files\/2023\/03\/Diapositiva24-510x382.jpg 510w, https:\/\/blogsaverroes.juntadeandalucia.es\/doctorgalvezmoll\/files\/2023\/03\/Diapositiva24-480x360.jpg 480w\" sizes=\"(max-width: 960px) 100vw, 960px\" \/>    \n        <\/div>\n    <!-- \/image-wrap -->\n    \n        <\/div>\n<!-- \/module image --><!-- module fancy heading -->\n<div  class=\"module module-fancy-heading tb_ko9t818 \" data-lazy=\"1\">\n        <h2 class=\"fancy-heading tf_textc\">\n    <span class=\"main-head tf_block\">\n                                <\/span>\n\n    \n    <span class=\"sub-head tf_block tf_rel\">\n                    Aula Matinal            <\/span>\n    <\/h2>\n<\/div>\n<!-- \/module fancy heading -->\n<!-- module text -->\n<div  class=\"module module-text tb_4sj1179   \" data-lazy=\"1\">\n        <div  class=\"tb_text_wrap\">\n        <p style=\"text-align: center;\"><strong>Algunos\u00a0alumnos y alumnas del centro acuden diariamente al aula matinal con horario de 7.30h.\u00a0a 9.00h.\u00a0\u00a0El aula matinal est\u00e1 ubicada en la ludoteca del colegio.<\/strong><\/p>    <\/div>\n<\/div>\n<!-- \/module text --><!-- module image -->\n<div  class=\"module module-image tb_1r2s89 image-center   tf_mw\" data-lazy=\"1\">\n        <div class=\"image-wrap tf_rel tf_mw\">\n            <img loading=\"lazy\" decoding=\"async\" width=\"960\" height=\"720\" src=\"https:\/\/blogsaverroes.juntadeandalucia.es\/doctorgalvezmoll\/files\/2023\/03\/Diapositiva4.jpg\" class=\"wp-post-image wp-image-662\" title=\"Diapositiva4\" alt=\"Diapositiva4\" srcset=\"https:\/\/blogsaverroes.juntadeandalucia.es\/doctorgalvezmoll\/files\/2023\/03\/Diapositiva4.jpg 960w, https:\/\/blogsaverroes.juntadeandalucia.es\/doctorgalvezmoll\/files\/2023\/03\/Diapositiva4-300x225.jpg 300w, https:\/\/blogsaverroes.juntadeandalucia.es\/doctorgalvezmoll\/files\/2023\/03\/Diapositiva4-768x576.jpg 768w, https:\/\/blogsaverroes.juntadeandalucia.es\/doctorgalvezmoll\/files\/2023\/03\/Diapositiva4-510x382.jpg 510w, https:\/\/blogsaverroes.juntadeandalucia.es\/doctorgalvezmoll\/files\/2023\/03\/Diapositiva4-480x360.jpg 480w\" sizes=\"(max-width: 960px) 100vw, 960px\" \/>    \n        <\/div>\n    <!-- \/image-wrap -->\n    \n        <\/div>\n<!-- \/module image -->        <\/div>\n                        <\/div>\n        <\/div>\n                        <div  data-lazy=\"1\" class=\"module_row themify_builder_row tb_r1vl643 tf_w\">\n                        <div class=\"row_inner col_align_top tb_col_count_1 tf_box tf_rel\">\n                        <div  data-lazy=\"1\" class=\"module_column tb-column col-full tb_gpej643 first\">\n                    <!-- module text -->\n<div  class=\"module module-text tb_j6z1643  repeat \" data-lazy=\"1\">\n        <div  class=\"tb_text_wrap\">\n        <h2>\u00daltimas publicaciones<\/h2>    <\/div>\n<\/div>\n<!-- \/module text --><!-- module post -->\n<div  class=\"module module-post tb_0fyy643 \">\n    <div  class=\"builder-posts-wrap loops-wrapper grid4 masonry boxed tf_rel tf_clear tf_clearfix\" data-lazy=\"1\">\n    <article id=\"post-1078\" class=\"post tf_clearfix post-1078 type-post status-publish format-standard has-post-thumbnail hentry category-igualdad-de-genero category-sin-categoria has-post-title has-post-date has-post-category has-post-tag has-post-comment has-post-author \">\n\t    \n\t                <figure class=\"post-image tf_clearfix\">\n                                                            <a href=\"https:\/\/blogsaverroes.juntadeandalucia.es\/doctorgalvezmoll\/gran-mural-contra-la-violencia-de-genero-pacto-de-estado\/\">\n                                        <img loading=\"lazy\" decoding=\"async\" src=\"https:\/\/blogsaverroes.juntadeandalucia.es\/doctorgalvezmoll\/files\/2023\/04\/12-scaled-1-1024x683-360x360.jpg\" width=\"360\" height=\"360\" class=\"wp-post-image wp-image-982\" title=\"12-scaled\" alt=\"12-scaled\" srcset=\"https:\/\/blogsaverroes.juntadeandalucia.es\/doctorgalvezmoll\/files\/2023\/04\/12-scaled-1-1024x683-360x360.jpg 360w, https:\/\/blogsaverroes.juntadeandalucia.es\/doctorgalvezmoll\/files\/2023\/04\/12-scaled-1-150x150.jpg 150w\" sizes=\"(max-width: 360px) 100vw, 360px\" \/>                                                                    <\/a>\n                                                                <\/figure>\n                    \t<div class=\"post-content\">\n\t\t<div class=\"post-content-inner\">\n\n\t\t\t\t\t\t\t\t<div class=\"post-date-wrap post-date-inline\">\n\t\t<time class=\"post-date entry-date updated\" datetime=\"2023-04-16\">\n\t\t\t\t\t<span class=\"year\">16 abril, 2023<\/span>\n\t\t\t\t<\/time>\n\t<\/div><!-- .post-date-wrap -->\n\t\t\t\t\n\t\t\t<h2 class=\"post-title entry-title\"><a href=\"https:\/\/blogsaverroes.juntadeandalucia.es\/doctorgalvezmoll\/gran-mural-contra-la-violencia-de-genero-pacto-de-estado\/\">Gran mural contra la Violencia de G\u00e9nero. \u00abPACTO DE ESTADO\u00bb<\/a><\/h2>\n\t\t\t\n\t\t\t\n\t\t\t        <div class=\"entry-content\">\n\n        \n            <p>El colegio estrena mural contra la Violencia de G\u00e9nero gracias a los fondos obtenidos por el Pacto de Estado. La iniciativa persigue, adem\u00e1s de mejorar las fachadas del centro ,mostrar a nuestro alumnado a trav\u00e9s de sus colores, se\u00f1a de identidad de nuestro colegio. \u00a1Esperemos que os guste!<\/p>\n\n                \n            \n        <\/div><!-- \/.entry-content -->\n        \n\t\t<\/div>\n\t\t<!-- \/.post-content-inner -->\n\t<\/div>\n\t<!-- \/.post-content -->\n\t\n<\/article>\n<!-- \/.post -->\n<article id=\"post-1074\" class=\"post tf_clearfix post-1074 type-post status-publish format-standard has-post-thumbnail hentry category-pueblo-gitano category-sin-categoria has-post-title has-post-date has-post-category has-post-tag has-post-comment has-post-author \">\n\t    \n\t                <figure class=\"post-image tf_clearfix\">\n                                                            <a href=\"https:\/\/blogsaverroes.juntadeandalucia.es\/doctorgalvezmoll\/8-de-abril-dia-internacional-del-pueblo-gitano\/\">\n                                        <img loading=\"lazy\" decoding=\"async\" src=\"https:\/\/blogsaverroes.juntadeandalucia.es\/doctorgalvezmoll\/files\/2023\/04\/EyXl4-aXAAA9aSY-1024x576-360x360.jpg\" width=\"360\" height=\"360\" class=\"wp-post-image wp-image-993\" title=\"EyXl4-aXAAA9aSY\" alt=\"EyXl4-aXAAA9aSY\" srcset=\"https:\/\/blogsaverroes.juntadeandalucia.es\/doctorgalvezmoll\/files\/2023\/04\/EyXl4-aXAAA9aSY-1024x576-360x360.jpg 360w, https:\/\/blogsaverroes.juntadeandalucia.es\/doctorgalvezmoll\/files\/2023\/04\/EyXl4-aXAAA9aSY-150x150.jpg 150w\" sizes=\"(max-width: 360px) 100vw, 360px\" \/>                                                                    <\/a>\n                                                                <\/figure>\n                    \t<div class=\"post-content\">\n\t\t<div class=\"post-content-inner\">\n\n\t\t\t\t\t\t\t\t<div class=\"post-date-wrap post-date-inline\">\n\t\t<time class=\"post-date entry-date updated\" datetime=\"2023-04-16\">\n\t\t\t\t\t<span class=\"year\">16 abril, 2023<\/span>\n\t\t\t\t<\/time>\n\t<\/div><!-- .post-date-wrap -->\n\t\t\t\t\n\t\t\t<h2 class=\"post-title entry-title\"><a href=\"https:\/\/blogsaverroes.juntadeandalucia.es\/doctorgalvezmoll\/8-de-abril-dia-internacional-del-pueblo-gitano\/\">8 DE ABRIL D\u00cdA INTERNACIONAL DEL PUEBLO GITANO<\/a><\/h2>\n\t\t\t\n\t\t\t\n\t\t\t        <div class=\"entry-content\">\n\n        \n            <p>Bandera del pueblo gitano La bandera gitana consta de dos franjas horizontales: de color azul, en la&nbsp;parte superior, que representa el cielo; y de color verde, en la parte inferior, que representa el campo. En el medio de las franjas se incluye la rueda de carro, que simboliza la libertad del pueblo gitano, repartido por [&hellip;]<\/p>\n\n                \n            \n        <\/div><!-- \/.entry-content -->\n        \n\t\t<\/div>\n\t\t<!-- \/.post-content-inner -->\n\t<\/div>\n\t<!-- \/.post-content -->\n\t\n<\/article>\n<!-- \/.post -->\n<article id=\"post-1072\" class=\"post tf_clearfix post-1072 type-post status-publish format-standard has-post-thumbnail hentry category-igualdad-de-genero category-sin-categoria has-post-title has-post-date has-post-category has-post-tag has-post-comment has-post-author \">\n\t    \n\t                <figure class=\"post-image tf_clearfix\">\n                                                            <a href=\"https:\/\/blogsaverroes.juntadeandalucia.es\/doctorgalvezmoll\/8m-dia-de-la-mujer\/\">\n                                        <img loading=\"lazy\" decoding=\"async\" src=\"https:\/\/blogsaverroes.juntadeandalucia.es\/doctorgalvezmoll\/files\/2023\/04\/GotW-Homepage-1-scaled-1-1024x683-360x360.jpg\" width=\"360\" height=\"360\" class=\"wp-post-image wp-image-987\" title=\"GotW-Homepage-1-scaled\" alt=\"GotW-Homepage-1-scaled\" srcset=\"https:\/\/blogsaverroes.juntadeandalucia.es\/doctorgalvezmoll\/files\/2023\/04\/GotW-Homepage-1-scaled-1-1024x683-360x360.jpg 360w, https:\/\/blogsaverroes.juntadeandalucia.es\/doctorgalvezmoll\/files\/2023\/04\/GotW-Homepage-1-scaled-1-150x150.jpg 150w\" sizes=\"(max-width: 360px) 100vw, 360px\" \/>                                                                    <\/a>\n                                                                <\/figure>\n                    \t<div class=\"post-content\">\n\t\t<div class=\"post-content-inner\">\n\n\t\t\t\t\t\t\t\t<div class=\"post-date-wrap post-date-inline\">\n\t\t<time class=\"post-date entry-date updated\" datetime=\"2023-04-16\">\n\t\t\t\t\t<span class=\"year\">16 abril, 2023<\/span>\n\t\t\t\t<\/time>\n\t<\/div><!-- .post-date-wrap -->\n\t\t\t\t\n\t\t\t<h2 class=\"post-title entry-title\"><a href=\"https:\/\/blogsaverroes.juntadeandalucia.es\/doctorgalvezmoll\/8m-dia-de-la-mujer\/\">8M D\u00cdA DE LA MUJER<\/a><\/h2>\n\t\t\t\n\t\t\t\n\t\t\t        <div class=\"entry-content\">\n\n        \n            <p>\u00a0 \u00a0\u00a0\u00a1LEV\u00c1NTATE Y LUCHA CONMIGO! \u00a0 Desde el Colegio Doctor G\u00e1lvez Moll queremos reivindicar los derechos de las mujeres bajo el lema \u00abAy mam\u00e1\u00bb de Rigoberta Bandini.\u00bbSin ellas no habr\u00eda humanidad ni habr\u00eda belleza\u00bb. Adem\u00e1s hemos representado el cuadro \u00abla libertad guiando al pueblo\u00bb de Delacroix entre todos. \u00a1Feliz d\u00eda de la\u00a0MUJER! \u00a0<\/p>\n\n                \n            \n        <\/div><!-- \/.entry-content -->\n        \n\t\t<\/div>\n\t\t<!-- \/.post-content-inner -->\n\t<\/div>\n\t<!-- \/.post-content -->\n\t\n<\/article>\n<!-- \/.post -->\n<article id=\"post-1067\" class=\"post tf_clearfix post-1067 type-post status-publish format-standard has-post-thumbnail hentry category-igualdad-de-genero category-sin-categoria has-post-title has-post-date has-post-category has-post-tag has-post-comment has-post-author \">\n\t    \n\t                <figure class=\"post-image tf_clearfix\">\n                                                            <a href=\"https:\/\/blogsaverroes.juntadeandalucia.es\/doctorgalvezmoll\/25-n-dia-contra-la-violencia-de-genero\/\">\n                                        <img loading=\"lazy\" decoding=\"async\" src=\"https:\/\/blogsaverroes.juntadeandalucia.es\/doctorgalvezmoll\/files\/2023\/04\/GotW-Homepage1212-1024x683-360x360.jpg\" width=\"360\" height=\"360\" class=\"wp-post-image wp-image-988\" title=\"GotW-Homepage1212\" alt=\"GotW-Homepage1212\" srcset=\"https:\/\/blogsaverroes.juntadeandalucia.es\/doctorgalvezmoll\/files\/2023\/04\/GotW-Homepage1212-1024x683-360x360.jpg 360w, https:\/\/blogsaverroes.juntadeandalucia.es\/doctorgalvezmoll\/files\/2023\/04\/GotW-Homepage1212-150x150.jpg 150w\" sizes=\"(max-width: 360px) 100vw, 360px\" \/>                                                                    <\/a>\n                                                                <\/figure>\n                    \t<div class=\"post-content\">\n\t\t<div class=\"post-content-inner\">\n\n\t\t\t\t\t\t\t\t<div class=\"post-date-wrap post-date-inline\">\n\t\t<time class=\"post-date entry-date updated\" datetime=\"2023-04-16\">\n\t\t\t\t\t<span class=\"year\">16 abril, 2023<\/span>\n\t\t\t\t<\/time>\n\t<\/div><!-- .post-date-wrap -->\n\t\t\t\t\n\t\t\t<h2 class=\"post-title entry-title\"><a href=\"https:\/\/blogsaverroes.juntadeandalucia.es\/doctorgalvezmoll\/25-n-dia-contra-la-violencia-de-genero\/\">25-N: D\u00eda contra la violencia de G\u00e9nero<\/a><\/h2>\n\t\t\t\n\t\t\t\n\t\t\t        <div class=\"entry-content\">\n\n        \n            <p>EL LATIDO DE LAS MARIPOSAS Desde el Colegio Doctor G\u00e1lvez Moll queremos sensibilizar a nuestros peque\u00f1os en la Igualdad , y por eso hoy 25 de noviembre, nuestro centro se convierte en un \u00abBosque m\u00e1gico\u00bb, donde habitan las hadas y el latido de las mariposas es cada vez m\u00e1s fuerte&#8230; &nbsp; &nbsp; &nbsp; \u201cEL LATIDO [&hellip;]<\/p>\n\n                \n            \n        <\/div><!-- \/.entry-content -->\n        \n\t\t<\/div>\n\t\t<!-- \/.post-content-inner -->\n\t<\/div>\n\t<!-- \/.post-content -->\n\t\n<\/article>\n<!-- \/.post -->\n    <\/div><!-- .builder-posts-wrap -->\n            <\/div>\n<!-- \/module post -->\n            <\/div>\n                        <\/div>\n        <\/div>\n                        <div  data-css_id=\"3g7g382\" data-lazy=\"1\" class=\"module_row themify_builder_row fullwidth tb_3g7g382 tf_w\">\n                        <div class=\"row_inner gutter-none col_align_middle tb_col_count_2 tf_box tf_rel\">\n                        <div  data-lazy=\"1\" class=\"module_column tb-column col3-1 tb_dfht382 first\">\n        <span class=\"builder_row_cover tf_abs\"><\/span><span class=\"tb_row_frame_wrap tf_overflow tf_abs\" data-lazy=\"1\"><span class=\"tb_row_frame tb_row_frame_right  tf_abs tf_hide tf_overflow tf_h\"><\/span><\/span>                    <\/div>\n                    <div  data-lazy=\"1\" class=\"module_column tb-column col3-2 tb_ho52382 last\">\n                            <div  data-lazy=\"1\" class=\"module_subrow themify_builder_sub_row tf_w col_align_top tb_col_count_2 tb_bsh5383\">\n                <div  data-lazy=\"1\" class=\"module_column sub_column col2-1 tb_lba0383 first\">\n                    <!-- module text -->\n<div  class=\"module module-text tb_o4d1383  repeat \" data-lazy=\"1\">\n        <div  class=\"tb_text_wrap\">\n        <h3>Ent\u00e9rate de todas las novedades<\/h3>    <\/div>\n<\/div>\n<!-- \/module text -->        <\/div>\n                    <div  data-lazy=\"1\" class=\"module_column sub_column col2-1 tb_1tke383 last\">\n                    <!-- module buttons -->\n<div  class=\"module module-buttons tb_l661383 buttons-horizontal outline  circle\" data-lazy=\"1\">\n        <div class=\"module-buttons-item tf_in_flx\">\n                        <a href=\"https:\/\/blogsaverroes.juntadeandalucia.es\/doctorgalvezmoll\/novedades\/\" class=\"ui builder_button tf_in_flx tb_default_color\" >\n                                                Ir al Blog                                        <\/a>\n                <\/div>\n            <\/div>\n<!-- \/module buttons -->\n        <\/div>\n                    <\/div>\n                <\/div>\n                        <\/div>\n        <\/div>\n        <\/div>\n<!--\/themify_builder_content-->&nbsp;<\/p>","protected":false},"excerpt":{"rendered":"<p>Plan de Apertura: Aula Matinal Aula Matinal Algunos\u00a0alumnos y alumnas del centro acuden diariamente al aula matinal con horario de 7.30h.\u00a0a 9.00h.\u00a0\u00a0El aula matinal est\u00e1 ubicada en la ludoteca del colegio. \u00daltimas publicaciones Ent\u00e9rate de todas las novedades Ir al Blog &nbsp;<\/p>\n","protected":false},"author":1482,"featured_media":0,"parent":0,"menu_order":0,"comment_status":"closed","ping_status":"closed","template":"","meta":{"ngg_post_thumbnail":0,"footnotes":""},"aioseo_notices":[],"_links":{"self":[{"href":"https:\/\/blogsaverroes.juntadeandalucia.es\/doctorgalvezmoll\/wp-json\/wp\/v2\/pages\/39"}],"collection":[{"href":"https:\/\/blogsaverroes.juntadeandalucia.es\/doctorgalvezmoll\/wp-json\/wp\/v2\/pages"}],"about":[{"href":"https:\/\/blogsaverroes.juntadeandalucia.es\/doctorgalvezmoll\/wp-json\/wp\/v2\/types\/page"}],"author":[{"embeddable":true,"href":"https:\/\/blogsaverroes.juntadeandalucia.es\/doctorgalvezmoll\/wp-json\/wp\/v2\/users\/1482"}],"replies":[{"embeddable":true,"href":"https:\/\/blogsaverroes.juntadeandalucia.es\/doctorgalvezmoll\/wp-json\/wp\/v2\/comments?post=39"}],"version-history":[{"count":24,"href":"https:\/\/blogsaverroes.juntadeandalucia.es\/doctorgalvezmoll\/wp-json\/wp\/v2\/pages\/39\/revisions"}],"predecessor-version":[{"id":1033,"href":"https:\/\/blogsaverroes.juntadeandalucia.es\/doctorgalvezmoll\/wp-json\/wp\/v2\/pages\/39\/revisions\/1033"}],"wp:attachment":[{"href":"https:\/\/blogsaverroes.juntadeandalucia.es\/doctorgalvezmoll\/wp-json\/wp\/v2\/media?parent=39"}],"curies":[{"name":"wp","href":"https:\/\/api.w.org\/{rel}","templated":true}]}}