{"id":474,"date":"2020-12-18T08:32:40","date_gmt":"2020-12-18T07:32:40","guid":{"rendered":"https:\/\/blogsaverroes.juntadeandalucia.es\/pre\/plantilla-backbag\/?page_id=474"},"modified":"2023-04-16T21:08:04","modified_gmt":"2023-04-16T20:08:04","slug":"contacto","status":"publish","type":"page","link":"https:\/\/blogsaverroes.juntadeandalucia.es\/doctorgalvezmoll\/contacto\/","title":{"rendered":"Contacto"},"content":{"rendered":"<p>&nbsp;<\/p>\n<!--themify_builder_content-->\n<div id=\"themify_builder_content-474\" data-postid=\"474\" class=\"themify_builder_content themify_builder_content-474 themify_builder tf_clear\">\n                    <div  data-css_id=\"yn78322\" data-lazy=\"1\" class=\"module_row themify_builder_row fullwidth_row_container tb_yn78322 tb_first tf_w\">\n            <span class=\"builder_row_cover tf_abs\"><\/span>            <div class=\"row_inner col_align_top tb_col_count_1 tf_box tf_rel\">\n                        <div  data-lazy=\"1\" class=\"module_column tb-column col-full tb_j9mf322 first\">\n                    <!-- module fancy heading -->\n<div  class=\"module module-fancy-heading tb_hwm5322  tb_hide_divider\" data-lazy=\"1\">\n        <h1 class=\"fancy-heading tf_textc\">\n    <span class=\"main-head tf_block\">\n                                <\/span>\n\n    \n    <span class=\"sub-head tf_block tf_rel\">\n                    Ubicaci\u00f3n y Contacto            <\/span>\n    <\/h1>\n<\/div>\n<!-- \/module fancy heading -->\n        <\/div>\n                        <\/div>\n        <\/div>\n                        <div  data-lazy=\"1\" class=\"module_row themify_builder_row tb_l7to273 tf_w\">\n                        <div class=\"row_inner col_align_top tb_col_count_2 tf_box tf_rel\">\n                        <div  data-lazy=\"1\" class=\"module_column tb-column col2-1 tb_hto0274 first\">\n                    <!-- module text -->\n<div  class=\"module module-text tb_qtog447  repeat \" data-lazy=\"1\">\n        <div  class=\"tb_text_wrap\">\n        <p><span style=\"color: #ffbf66;\"><strong>Nuestro colegio est\u00e1 situado en la barriada Palma-Palmilla, al norte de M\u00e1laga<\/strong><\/span><\/p>\n<p><span style=\"color: #ffbf66;\"><strong>Direcci\u00f3n:<\/strong><\/span><br \/>C\/ Doctor G\u00e1lvez Moll, 13, 29011 M\u00e1laga<\/p>\n<p><span style=\"color: #ffbf66;\"><strong>Tel\u00e9fono:<\/strong><\/span><br \/>951 29 88 76<\/p>\n<p><span style=\"color: #ffbf66;\"><strong>Fax:<\/strong><\/span><br \/>951298877<\/p>\n<p><span style=\"color: #ffbf66;\"><strong>Mail:<\/strong><\/span><br \/>29003877.edu@juntadeandalucia.es\u00a0<\/p>    <\/div>\n<\/div>\n<!-- \/module text -->        <\/div>\n                    <div  data-lazy=\"1\" class=\"module_column tb-column col2-1 tb_w817274 last\">\n                    <!-- module text -->\n<div  class=\"module module-text tb_kl8u139  fullcover \" data-lazy=\"1\">\n        <div  class=\"tb_text_wrap\">\n            <\/div>\n<\/div>\n<!-- \/module text -->        <\/div>\n                        <\/div>\n        <\/div>\n                        <div  data-lazy=\"1\" class=\"module_row themify_builder_row tb_xeog972 tf_w\">\n                        <div class=\"row_inner col_align_top tb_col_count_1 tf_box tf_rel\">\n                        <div  data-lazy=\"1\" class=\"module_column tb-column col-full tb_blaa973 first\">\n                    <!-- module fancy heading -->\n<div  class=\"module module-fancy-heading tb_qyev168 \" data-lazy=\"1\">\n        <h1 class=\"fancy-heading tf_textc\">\n    <span class=\"main-head tf_block\">\n                    Formulario de contacto            <\/span>\n\n    \n    <span class=\"sub-head tf_block tf_rel\">\n                                <\/span>\n    <\/h1>\n<\/div>\n<!-- \/module fancy heading -->\n<!-- module plain text -->\n<div  class=\"module module-plain-text tb_h837361 \" data-lazy=\"1\">\n        <div class=\"tb_text_wrap\">\n    \n<div class=\"wpcf7 no-js\" id=\"wpcf7-f489-o1\" lang=\"es-ES\" dir=\"ltr\">\n<div class=\"screen-reader-response\"><p role=\"status\" aria-live=\"polite\" aria-atomic=\"true\"><\/p> <ul><\/ul><\/div>\n<form action=\"\/doctorgalvezmoll\/wp-json\/wp\/v2\/pages\/474#wpcf7-f489-o1\" method=\"post\" class=\"wpcf7-form init\" aria-label=\"Formulario de contacto\" novalidate=\"novalidate\" data-status=\"init\">\n<div style=\"display: none;\">\n<input type=\"hidden\" name=\"_wpcf7\" value=\"489\" \/>\n<input type=\"hidden\" name=\"_wpcf7_version\" value=\"5.9.8\" \/>\n<input type=\"hidden\" name=\"_wpcf7_locale\" value=\"es_ES\" \/>\n<input type=\"hidden\" name=\"_wpcf7_unit_tag\" value=\"wpcf7-f489-o1\" \/>\n<input type=\"hidden\" name=\"_wpcf7_container_post\" value=\"0\" \/>\n<input type=\"hidden\" name=\"_wpcf7_posted_data_hash\" value=\"\" \/>\n<\/div>\n<div class=\"et_pb_contact\">\n\t<div class=\"et_pb_contact_form\">\n\t\t<p class=\"et_pb_contact_field et_pb_contact_field_half\"><span class=\"wpcf7-form-control-wrap\" data-name=\"your-name\"><input size=\"40\" maxlength=\"400\" class=\"wpcf7-form-control wpcf7-text wpcf7-validates-as-required\" aria-required=\"true\" aria-invalid=\"false\" placeholder=\"Nombre\" value=\"\" type=\"text\" name=\"your-name\" \/><\/span>\n\t\t<\/p>\n\t\t<p class=\"et_pb_contact_field et_pb_contact_field_half et_pb_contact_field_last\"><span class=\"wpcf7-form-control-wrap\" data-name=\"your-email\"><input size=\"40\" maxlength=\"400\" class=\"wpcf7-form-control wpcf7-email wpcf7-validates-as-required wpcf7-text wpcf7-validates-as-email\" aria-required=\"true\" aria-invalid=\"false\" placeholder=\"Correo electr\u00f3nico\" value=\"\" type=\"email\" name=\"your-email\" \/><\/span>\n\t\t<\/p>\n\t\t<p class=\"et_pb_contact_field et_pb_contact_field_half\"><span class=\"wpcf7-form-control-wrap\" data-name=\"tel-1\"><input size=\"40\" maxlength=\"400\" class=\"wpcf7-form-control wpcf7-tel wpcf7-text wpcf7-validates-as-tel\" aria-invalid=\"false\" placeholder=\"Tel\u00e9fono (No obligatorio)\" value=\"\" type=\"tel\" name=\"tel-1\" \/><\/span>\n\t\t<\/p>\n\t\t<p class=\"et_pb_contact_field et_pb_contact_field_half et_pb_contact_field_last\"><span class=\"wpcf7-form-control-wrap\" data-name=\"your-subject\"><input size=\"40\" maxlength=\"400\" class=\"wpcf7-form-control wpcf7-text wpcf7-validates-as-required\" aria-required=\"true\" aria-invalid=\"false\" placeholder=\"Asunto\" value=\"\" type=\"text\" name=\"your-subject\" \/><\/span>\n\t\t<\/p>\n\t\t<p class=\"et_pb_contact_field et_pb_contact_field_last\"><span class=\"wpcf7-form-control-wrap\" data-name=\"your-message\"><textarea cols=\"40\" rows=\"10\" maxlength=\"2000\" class=\"wpcf7-form-control wpcf7-textarea\" aria-invalid=\"false\" placeholder=\"Mensaje\" name=\"your-message\"><\/textarea><\/span>\n\t\t<\/p>\n\t<\/div>\n<\/div>\n<div class=\"et_contact_bottom_container padding-button-contact-form\">\n\t<p><button type=\"button\" class=\"et_pb_contact_submit wpcf7-form-control wpcf7-submit et_pb_button\">Enviar<\/button>\n\t<\/p>\n<\/div><div class=\"wpcf7-response-output\" aria-hidden=\"true\"><\/div>\n<\/form>\n<\/div>\n    <\/div>\n<\/div>\n<!-- \/module plain text -->        <\/div>\n                        <\/div>\n        <\/div>\n                        <div  data-css_id=\"q3nk402\" data-lazy=\"1\" class=\"module_row themify_builder_row fullwidth tb_q3nk402 tf_w\">\n                        <div class=\"row_inner col_align_top tb_col_count_1 tf_box tf_rel\">\n                        <div  data-lazy=\"1\" class=\"module_column tb-column col-full tb_zxqs402 first\">\n                    <!-- module plain text -->\n<div  class=\"module module-plain-text tb_oo9h512 \" data-lazy=\"1\">\n        <div class=\"tb_text_wrap\">\n    <iframe src=\"https:\/\/www.google.com\/maps\/embed?pb=!1m18!1m12!1m3!1d1598.6560522677814!2d-4.429851806954882!3d36.73907894578869!2m3!1f0!2f0!3f0!3m2!1i1024!2i768!4f13.1!3m3!1m2!1s0xd72f7ad884cecbb%3A0x74b4a0fbeb937634!2sPublic%20School%20Doctor%20Galvez%20Moll!5e0!3m2!1sen!2ses!4v1681116074996!5m2!1sen!2ses\" width=\"100%\" height=\"450px\" style=\"border:0;\" allowfullscreen=\"\" loading=\"lazy\" referrerpolicy=\"no-referrer-when-downgrade\"><\/iframe>    <\/div>\n<\/div>\n<!-- \/module plain text -->        <\/div>\n                        <\/div>\n        <\/div>\n                        <div  data-css_id=\"9ntv935\" data-lazy=\"1\" class=\"module_row themify_builder_row fullwidth tb_9ntv935 tf_w\">\n                        <div class=\"row_inner gutter-none col_align_middle tb_col_count_2 tf_box tf_rel\">\n                        <div  data-lazy=\"1\" class=\"module_column tb-column col3-1 tb_isuq935 first\">\n        <span class=\"builder_row_cover tf_abs\"><\/span><span class=\"tb_row_frame_wrap tf_overflow tf_abs\" data-lazy=\"1\"><span class=\"tb_row_frame tb_row_frame_right  tf_abs tf_hide tf_overflow tf_h\"><\/span><\/span>                    <\/div>\n                    <div  data-lazy=\"1\" class=\"module_column tb-column col3-2 tb_vg8b936 last\">\n                            <div  data-lazy=\"1\" class=\"module_subrow themify_builder_sub_row tf_w col_align_top tb_col_count_2 tb_738x936\">\n                <div  data-lazy=\"1\" class=\"module_column sub_column col2-1 tb_poey936 first\">\n                    <!-- module text -->\n<div  class=\"module module-text tb_ugjc936  repeat \" data-lazy=\"1\">\n        <div  class=\"tb_text_wrap\">\n        <h3>Ent\u00e9rate de todas las novedades<\/h3>    <\/div>\n<\/div>\n<!-- \/module text -->        <\/div>\n                    <div  data-lazy=\"1\" class=\"module_column sub_column col2-1 tb_evhi936 last\">\n                    <!-- module buttons -->\n<div  class=\"module module-buttons tb_tgwa936 buttons-horizontal outline  circle\" data-lazy=\"1\">\n        <div class=\"module-buttons-item tf_in_flx\">\n                        <a href=\"https:\/\/blogsaverroes.juntadeandalucia.es\/doctorgalvezmoll\/novedades\/\" class=\"ui builder_button tf_in_flx tb_default_color\" >\n                                                Ir al Blog                                        <\/a>\n                <\/div>\n            <\/div>\n<!-- \/module buttons -->\n        <\/div>\n                    <\/div>\n                <\/div>\n                        <\/div>\n        <\/div>\n                        <div  data-lazy=\"1\" class=\"module_row themify_builder_row tb_zxiw303 tf_w\">\n                        <div class=\"row_inner col_align_top tb_col_count_1 tf_box tf_rel\">\n                        <div  data-lazy=\"1\" class=\"module_column tb-column col-full tb_kmx3125 first\">\n                    <!-- module text -->\n<div  class=\"module module-text tb_elvt126  repeat \" data-lazy=\"1\">\n        <div  class=\"tb_text_wrap\">\n        <h2>\u00daltimas publicaciones<\/h2>    <\/div>\n<\/div>\n<!-- \/module text --><!-- module post -->\n<div  class=\"module module-post tb_gynp126 \">\n    <div  class=\"builder-posts-wrap loops-wrapper grid4 masonry boxed tf_rel tf_clear tf_clearfix\" data-lazy=\"1\">\n    <article id=\"post-1078\" class=\"post tf_clearfix post-1078 type-post status-publish format-standard has-post-thumbnail hentry category-igualdad-de-genero category-sin-categoria has-post-title has-post-date has-post-category has-post-tag has-post-comment has-post-author \">\n\t    \n\t                <figure class=\"post-image tf_clearfix\">\n                                                            <a href=\"https:\/\/blogsaverroes.juntadeandalucia.es\/doctorgalvezmoll\/gran-mural-contra-la-violencia-de-genero-pacto-de-estado\/\">\n                                        <img loading=\"lazy\" decoding=\"async\" src=\"https:\/\/blogsaverroes.juntadeandalucia.es\/doctorgalvezmoll\/files\/2023\/04\/12-scaled-1-1024x683-360x360.jpg\" width=\"360\" height=\"360\" class=\"wp-post-image wp-image-982\" title=\"12-scaled\" alt=\"12-scaled\" srcset=\"https:\/\/blogsaverroes.juntadeandalucia.es\/doctorgalvezmoll\/files\/2023\/04\/12-scaled-1-1024x683-360x360.jpg 360w, https:\/\/blogsaverroes.juntadeandalucia.es\/doctorgalvezmoll\/files\/2023\/04\/12-scaled-1-150x150.jpg 150w\" sizes=\"(max-width: 360px) 100vw, 360px\" \/>                                                                    <\/a>\n                                                                <\/figure>\n                    \t<div class=\"post-content\">\n\t\t<div class=\"post-content-inner\">\n\n\t\t\t\t\t\t\t\t<div class=\"post-date-wrap post-date-inline\">\n\t\t<time class=\"post-date entry-date updated\" datetime=\"2023-04-16\">\n\t\t\t\t\t<span class=\"year\">16 abril, 2023<\/span>\n\t\t\t\t<\/time>\n\t<\/div><!-- .post-date-wrap -->\n\t\t\t\t\n\t\t\t<h2 class=\"post-title entry-title\"><a href=\"https:\/\/blogsaverroes.juntadeandalucia.es\/doctorgalvezmoll\/gran-mural-contra-la-violencia-de-genero-pacto-de-estado\/\">Gran mural contra la Violencia de G\u00e9nero. \u00abPACTO DE ESTADO\u00bb<\/a><\/h2>\n\t\t\t\n\t\t\t\n\t\t\t        <div class=\"entry-content\">\n\n        \n            <p>El colegio estrena mural contra la Violencia de G\u00e9nero gracias a los fondos obtenidos por el Pacto de Estado. La iniciativa persigue, adem\u00e1s de mejorar las fachadas del centro ,mostrar a nuestro alumnado a trav\u00e9s de sus colores, se\u00f1a de identidad de nuestro colegio. \u00a1Esperemos que os guste!<\/p>\n\n                \n            \n        <\/div><!-- \/.entry-content -->\n        \n\t\t<\/div>\n\t\t<!-- \/.post-content-inner -->\n\t<\/div>\n\t<!-- \/.post-content -->\n\t\n<\/article>\n<!-- \/.post -->\n<article id=\"post-1074\" class=\"post tf_clearfix post-1074 type-post status-publish format-standard has-post-thumbnail hentry category-pueblo-gitano category-sin-categoria has-post-title has-post-date has-post-category has-post-tag has-post-comment has-post-author \">\n\t    \n\t                <figure class=\"post-image tf_clearfix\">\n                                                            <a href=\"https:\/\/blogsaverroes.juntadeandalucia.es\/doctorgalvezmoll\/8-de-abril-dia-internacional-del-pueblo-gitano\/\">\n                                        <img loading=\"lazy\" decoding=\"async\" src=\"https:\/\/blogsaverroes.juntadeandalucia.es\/doctorgalvezmoll\/files\/2023\/04\/EyXl4-aXAAA9aSY-1024x576-360x360.jpg\" width=\"360\" height=\"360\" class=\"wp-post-image wp-image-993\" title=\"EyXl4-aXAAA9aSY\" alt=\"EyXl4-aXAAA9aSY\" srcset=\"https:\/\/blogsaverroes.juntadeandalucia.es\/doctorgalvezmoll\/files\/2023\/04\/EyXl4-aXAAA9aSY-1024x576-360x360.jpg 360w, https:\/\/blogsaverroes.juntadeandalucia.es\/doctorgalvezmoll\/files\/2023\/04\/EyXl4-aXAAA9aSY-150x150.jpg 150w\" sizes=\"(max-width: 360px) 100vw, 360px\" \/>                                                                    <\/a>\n                                                                <\/figure>\n                    \t<div class=\"post-content\">\n\t\t<div class=\"post-content-inner\">\n\n\t\t\t\t\t\t\t\t<div class=\"post-date-wrap post-date-inline\">\n\t\t<time class=\"post-date entry-date updated\" datetime=\"2023-04-16\">\n\t\t\t\t\t<span class=\"year\">16 abril, 2023<\/span>\n\t\t\t\t<\/time>\n\t<\/div><!-- .post-date-wrap -->\n\t\t\t\t\n\t\t\t<h2 class=\"post-title entry-title\"><a href=\"https:\/\/blogsaverroes.juntadeandalucia.es\/doctorgalvezmoll\/8-de-abril-dia-internacional-del-pueblo-gitano\/\">8 DE ABRIL D\u00cdA INTERNACIONAL DEL PUEBLO GITANO<\/a><\/h2>\n\t\t\t\n\t\t\t\n\t\t\t        <div class=\"entry-content\">\n\n        \n            <p>Bandera del pueblo gitano La bandera gitana consta de dos franjas horizontales: de color azul, en la&nbsp;parte superior, que representa el cielo; y de color verde, en la parte inferior, que representa el campo. En el medio de las franjas se incluye la rueda de carro, que simboliza la libertad del pueblo gitano, repartido por [&hellip;]<\/p>\n\n                \n            \n        <\/div><!-- \/.entry-content -->\n        \n\t\t<\/div>\n\t\t<!-- \/.post-content-inner -->\n\t<\/div>\n\t<!-- \/.post-content -->\n\t\n<\/article>\n<!-- \/.post -->\n<article id=\"post-1072\" class=\"post tf_clearfix post-1072 type-post status-publish format-standard has-post-thumbnail hentry category-igualdad-de-genero category-sin-categoria has-post-title has-post-date has-post-category has-post-tag has-post-comment has-post-author \">\n\t    \n\t                <figure class=\"post-image tf_clearfix\">\n                                                            <a href=\"https:\/\/blogsaverroes.juntadeandalucia.es\/doctorgalvezmoll\/8m-dia-de-la-mujer\/\">\n                                        <img loading=\"lazy\" decoding=\"async\" src=\"https:\/\/blogsaverroes.juntadeandalucia.es\/doctorgalvezmoll\/files\/2023\/04\/GotW-Homepage-1-scaled-1-1024x683-360x360.jpg\" width=\"360\" height=\"360\" class=\"wp-post-image wp-image-987\" title=\"GotW-Homepage-1-scaled\" alt=\"GotW-Homepage-1-scaled\" srcset=\"https:\/\/blogsaverroes.juntadeandalucia.es\/doctorgalvezmoll\/files\/2023\/04\/GotW-Homepage-1-scaled-1-1024x683-360x360.jpg 360w, https:\/\/blogsaverroes.juntadeandalucia.es\/doctorgalvezmoll\/files\/2023\/04\/GotW-Homepage-1-scaled-1-150x150.jpg 150w\" sizes=\"(max-width: 360px) 100vw, 360px\" \/>                                                                    <\/a>\n                                                                <\/figure>\n                    \t<div class=\"post-content\">\n\t\t<div class=\"post-content-inner\">\n\n\t\t\t\t\t\t\t\t<div class=\"post-date-wrap post-date-inline\">\n\t\t<time class=\"post-date entry-date updated\" datetime=\"2023-04-16\">\n\t\t\t\t\t<span class=\"year\">16 abril, 2023<\/span>\n\t\t\t\t<\/time>\n\t<\/div><!-- .post-date-wrap -->\n\t\t\t\t\n\t\t\t<h2 class=\"post-title entry-title\"><a href=\"https:\/\/blogsaverroes.juntadeandalucia.es\/doctorgalvezmoll\/8m-dia-de-la-mujer\/\">8M D\u00cdA DE LA MUJER<\/a><\/h2>\n\t\t\t\n\t\t\t\n\t\t\t        <div class=\"entry-content\">\n\n        \n            <p>\u00a0 \u00a0\u00a0\u00a1LEV\u00c1NTATE Y LUCHA CONMIGO! \u00a0 Desde el Colegio Doctor G\u00e1lvez Moll queremos reivindicar los derechos de las mujeres bajo el lema \u00abAy mam\u00e1\u00bb de Rigoberta Bandini.\u00bbSin ellas no habr\u00eda humanidad ni habr\u00eda belleza\u00bb. Adem\u00e1s hemos representado el cuadro \u00abla libertad guiando al pueblo\u00bb de Delacroix entre todos. \u00a1Feliz d\u00eda de la\u00a0MUJER! \u00a0<\/p>\n\n                \n            \n        <\/div><!-- \/.entry-content -->\n        \n\t\t<\/div>\n\t\t<!-- \/.post-content-inner -->\n\t<\/div>\n\t<!-- \/.post-content -->\n\t\n<\/article>\n<!-- \/.post -->\n<article id=\"post-1067\" class=\"post tf_clearfix post-1067 type-post status-publish format-standard has-post-thumbnail hentry category-igualdad-de-genero category-sin-categoria has-post-title has-post-date has-post-category has-post-tag has-post-comment has-post-author \">\n\t    \n\t                <figure class=\"post-image tf_clearfix\">\n                                                            <a href=\"https:\/\/blogsaverroes.juntadeandalucia.es\/doctorgalvezmoll\/25-n-dia-contra-la-violencia-de-genero\/\">\n                                        <img loading=\"lazy\" decoding=\"async\" src=\"https:\/\/blogsaverroes.juntadeandalucia.es\/doctorgalvezmoll\/files\/2023\/04\/GotW-Homepage1212-1024x683-360x360.jpg\" width=\"360\" height=\"360\" class=\"wp-post-image wp-image-988\" title=\"GotW-Homepage1212\" alt=\"GotW-Homepage1212\" srcset=\"https:\/\/blogsaverroes.juntadeandalucia.es\/doctorgalvezmoll\/files\/2023\/04\/GotW-Homepage1212-1024x683-360x360.jpg 360w, https:\/\/blogsaverroes.juntadeandalucia.es\/doctorgalvezmoll\/files\/2023\/04\/GotW-Homepage1212-150x150.jpg 150w\" sizes=\"(max-width: 360px) 100vw, 360px\" \/>                                                                    <\/a>\n                                                                <\/figure>\n                    \t<div class=\"post-content\">\n\t\t<div class=\"post-content-inner\">\n\n\t\t\t\t\t\t\t\t<div class=\"post-date-wrap post-date-inline\">\n\t\t<time class=\"post-date entry-date updated\" datetime=\"2023-04-16\">\n\t\t\t\t\t<span class=\"year\">16 abril, 2023<\/span>\n\t\t\t\t<\/time>\n\t<\/div><!-- .post-date-wrap -->\n\t\t\t\t\n\t\t\t<h2 class=\"post-title entry-title\"><a href=\"https:\/\/blogsaverroes.juntadeandalucia.es\/doctorgalvezmoll\/25-n-dia-contra-la-violencia-de-genero\/\">25-N: D\u00eda contra la violencia de G\u00e9nero<\/a><\/h2>\n\t\t\t\n\t\t\t\n\t\t\t        <div class=\"entry-content\">\n\n        \n            <p>EL LATIDO DE LAS MARIPOSAS Desde el Colegio Doctor G\u00e1lvez Moll queremos sensibilizar a nuestros peque\u00f1os en la Igualdad , y por eso hoy 25 de noviembre, nuestro centro se convierte en un \u00abBosque m\u00e1gico\u00bb, donde habitan las hadas y el latido de las mariposas es cada vez m\u00e1s fuerte&#8230; &nbsp; &nbsp; &nbsp; \u201cEL LATIDO [&hellip;]<\/p>\n\n                \n            \n        <\/div><!-- \/.entry-content -->\n        \n\t\t<\/div>\n\t\t<!-- \/.post-content-inner -->\n\t<\/div>\n\t<!-- \/.post-content -->\n\t\n<\/article>\n<!-- \/.post -->\n    <\/div><!-- .builder-posts-wrap -->\n            <\/div>\n<!-- \/module post -->\n            <\/div>\n                        <\/div>\n        <\/div>\n        <\/div>\n<!--\/themify_builder_content-->","protected":false},"excerpt":{"rendered":"<p>&nbsp; Ubicaci\u00f3n y Contacto Nuestro colegio est\u00e1 situado en la barriada Palma-Palmilla, al norte de M\u00e1laga Direcci\u00f3n:C\/ Doctor G\u00e1lvez Moll, 13, 29011 M\u00e1laga Tel\u00e9fono:951 29 88 76 Fax:951298877 Mail:29003877.edu@juntadeandalucia.es\u00a0 Formulario de contacto Ent\u00e9rate de todas las novedades Ir al Blog \u00daltimas publicaciones<\/p>\n","protected":false},"author":1482,"featured_media":0,"parent":0,"menu_order":0,"comment_status":"closed","ping_status":"closed","template":"","meta":{"ngg_post_thumbnail":0,"footnotes":""},"aioseo_notices":[],"_links":{"self":[{"href":"https:\/\/blogsaverroes.juntadeandalucia.es\/doctorgalvezmoll\/wp-json\/wp\/v2\/pages\/474"}],"collection":[{"href":"https:\/\/blogsaverroes.juntadeandalucia.es\/doctorgalvezmoll\/wp-json\/wp\/v2\/pages"}],"about":[{"href":"https:\/\/blogsaverroes.juntadeandalucia.es\/doctorgalvezmoll\/wp-json\/wp\/v2\/types\/page"}],"author":[{"embeddable":true,"href":"https:\/\/blogsaverroes.juntadeandalucia.es\/doctorgalvezmoll\/wp-json\/wp\/v2\/users\/1482"}],"replies":[{"embeddable":true,"href":"https:\/\/blogsaverroes.juntadeandalucia.es\/doctorgalvezmoll\/wp-json\/wp\/v2\/comments?post=474"}],"version-history":[{"count":92,"href":"https:\/\/blogsaverroes.juntadeandalucia.es\/doctorgalvezmoll\/wp-json\/wp\/v2\/pages\/474\/revisions"}],"predecessor-version":[{"id":1035,"href":"https:\/\/blogsaverroes.juntadeandalucia.es\/doctorgalvezmoll\/wp-json\/wp\/v2\/pages\/474\/revisions\/1035"}],"wp:attachment":[{"href":"https:\/\/blogsaverroes.juntadeandalucia.es\/doctorgalvezmoll\/wp-json\/wp\/v2\/media?parent=474"}],"curies":[{"name":"wp","href":"https:\/\/api.w.org\/{rel}","templated":true}]}}