{"id":101,"date":"2020-05-13T10:46:07","date_gmt":"2020-05-13T08:46:07","guid":{"rendered":"https:\/\/blogsaverroes.juntadeandalucia.es\/flexibilizacionesvc\/?page_id=101"},"modified":"2020-12-01T19:42:01","modified_gmt":"2020-12-01T19:42:01","slug":"instalacion-y-mantenimiento","status":"publish","type":"page","link":"https:\/\/blogsaverroes.juntadeandalucia.es\/documentosx20x21\/instalacion-y-mantenimiento\/","title":{"rendered":"Instalaci\u00f3n y mantenimiento"},"content":{"rendered":"<h1><a href=\"https:\/\/blogsaverroes.juntadeandalucia.es\/documentosx20x21\/g-m-instalaciones-frigorificas-y-de-climatizacion\/\"><span style=\"font-size: 12pt\">G. M. INSTALACIONES FRIGOR\u00cdFICAS Y DE CLIMATIZACI\u00d3N<\/span><\/a><\/h1>\n<h1><a href=\"https:\/\/blogsaverroes.juntadeandalucia.es\/documentosx20x21\/g-m-instalaciones-de-produccion-de-calor\/\"><span style=\"font-size: 12pt\">G. M. INSTALACIONES DE PRODUCCI\u00d3N DE CALOR<\/span><\/a><\/h1>\n","protected":false},"excerpt":{"rendered":"<p>G. M. INSTALACIONES FRIGOR\u00cdFICAS Y DE CLIMATIZACI\u00d3N G. M. INSTALACIONES DE PRODUCCI\u00d3N DE CALOR<\/p>\n","protected":false},"author":10080,"featured_media":0,"parent":0,"menu_order":0,"comment_status":"closed","ping_status":"closed","template":"","meta":{"ngg_post_thumbnail":0,"footnotes":""},"aioseo_notices":[],"_links":{"self":[{"href":"https:\/\/blogsaverroes.juntadeandalucia.es\/documentosx20x21\/wp-json\/wp\/v2\/pages\/101"}],"collection":[{"href":"https:\/\/blogsaverroes.juntadeandalucia.es\/documentosx20x21\/wp-json\/wp\/v2\/pages"}],"about":[{"href":"https:\/\/blogsaverroes.juntadeandalucia.es\/documentosx20x21\/wp-json\/wp\/v2\/types\/page"}],"author":[{"embeddable":true,"href":"https:\/\/blogsaverroes.juntadeandalucia.es\/documentosx20x21\/wp-json\/wp\/v2\/users\/10080"}],"replies":[{"embeddable":true,"href":"https:\/\/blogsaverroes.juntadeandalucia.es\/documentosx20x21\/wp-json\/wp\/v2\/comments?post=101"}],"version-history":[{"count":3,"href":"https:\/\/blogsaverroes.juntadeandalucia.es\/documentosx20x21\/wp-json\/wp\/v2\/pages\/101\/revisions"}],"predecessor-version":[{"id":504,"href":"https:\/\/blogsaverroes.juntadeandalucia.es\/documentosx20x21\/wp-json\/wp\/v2\/pages\/101\/revisions\/504"}],"wp:attachment":[{"href":"https:\/\/blogsaverroes.juntadeandalucia.es\/documentosx20x21\/wp-json\/wp\/v2\/media?parent=101"}],"curies":[{"name":"wp","href":"https:\/\/api.w.org\/{rel}","templated":true}]}}