{"id":105,"date":"2020-05-13T10:48:04","date_gmt":"2020-05-13T08:48:04","guid":{"rendered":"https:\/\/blogsaverroes.juntadeandalucia.es\/flexibilizacionesvc\/?page_id=105"},"modified":"2020-12-01T19:24:59","modified_gmt":"2020-12-01T19:24:59","slug":"energia-y-aguas","status":"publish","type":"page","link":"https:\/\/blogsaverroes.juntadeandalucia.es\/documentosx20x21\/energia-y-aguas\/","title":{"rendered":"Energ\u00eda y Aguas"},"content":{"rendered":"<h1><a href=\"https:\/\/blogsaverroes.juntadeandalucia.es\/documentosx20x21\/g-s-eficiencia-energetica-y-energia-solar-termica\/\"><span style=\"font-family: Helvetica, sans-serif;color: #222222;text-transform: uppercase;letter-spacing: 1.7pt;font-size: 12pt\">G. S. EFICIENCIA ENERG\u00c9TICA Y ENERG\u00cdA SOLAR T\u00c9RMICA<\/span><\/a><\/h1>\n","protected":false},"excerpt":{"rendered":"<p>G. S. EFICIENCIA ENERG\u00c9TICA Y ENERG\u00cdA SOLAR T\u00c9RMICA<\/p>\n","protected":false},"author":10080,"featured_media":0,"parent":0,"menu_order":0,"comment_status":"closed","ping_status":"closed","template":"","meta":{"ngg_post_thumbnail":0,"footnotes":""},"aioseo_notices":[],"_links":{"self":[{"href":"https:\/\/blogsaverroes.juntadeandalucia.es\/documentosx20x21\/wp-json\/wp\/v2\/pages\/105"}],"collection":[{"href":"https:\/\/blogsaverroes.juntadeandalucia.es\/documentosx20x21\/wp-json\/wp\/v2\/pages"}],"about":[{"href":"https:\/\/blogsaverroes.juntadeandalucia.es\/documentosx20x21\/wp-json\/wp\/v2\/types\/page"}],"author":[{"embeddable":true,"href":"https:\/\/blogsaverroes.juntadeandalucia.es\/documentosx20x21\/wp-json\/wp\/v2\/users\/10080"}],"replies":[{"embeddable":true,"href":"https:\/\/blogsaverroes.juntadeandalucia.es\/documentosx20x21\/wp-json\/wp\/v2\/comments?post=105"}],"version-history":[{"count":2,"href":"https:\/\/blogsaverroes.juntadeandalucia.es\/documentosx20x21\/wp-json\/wp\/v2\/pages\/105\/revisions"}],"predecessor-version":[{"id":488,"href":"https:\/\/blogsaverroes.juntadeandalucia.es\/documentosx20x21\/wp-json\/wp\/v2\/pages\/105\/revisions\/488"}],"wp:attachment":[{"href":"https:\/\/blogsaverroes.juntadeandalucia.es\/documentosx20x21\/wp-json\/wp\/v2\/media?parent=105"}],"curies":[{"name":"wp","href":"https:\/\/api.w.org\/{rel}","templated":true}]}}