{"id":27,"date":"2020-05-12T10:41:54","date_gmt":"2020-05-12T08:41:54","guid":{"rendered":"https:\/\/blogsaverroes.juntadeandalucia.es\/flexibilizacionesvc\/?page_id=24"},"modified":"2020-12-10T09:28:09","modified_gmt":"2020-12-10T09:28:09","slug":"fpb","status":"publish","type":"page","link":"https:\/\/blogsaverroes.juntadeandalucia.es\/documentosx20x21\/fpb\/","title":{"rendered":"FPB"},"content":{"rendered":"<p><img loading=\"lazy\" decoding=\"async\" class=\"alignnone size-medium wp-image-229\" src=\"https:\/\/blogsaverroes.juntadeandalucia.es\/flexibilizacionesvc\/files\/2020\/05\/FPB-300x235.jpg\" alt=\"\" width=\"300\" height=\"235\"><\/p>\n<p>1er CURSO<\/p>\n<p><a href=\"https:\/\/blogsaverroes.juntadeandalucia.es\/documentosx20x21\/files\/2020\/12\/3024.pdf\">M\u00f3dulo 3024 &#8211; FCB<\/a><\/p>\n<p><a href=\"https:\/\/blogsaverroes.juntadeandalucia.es\/documentosx20x21\/files\/2020\/12\/M\u00f3dulo-OBF.pdf\">M\u00f3dulo OBF<\/a><\/p>\n<p><a href=\"https:\/\/blogsaverroes.juntadeandalucia.es\/documentosx20x21\/files\/2020\/12\/M\u00f3dulo-SCM-Y-OPBF-3021-20_21-.pdf\">M\u00f3dulo SCM&nbsp; (3021)<\/a><\/p>\n<p>2\u00ba CURSO<\/p>\n<p><a href=\"https:\/\/blogsaverroes.juntadeandalucia.es\/documentosx20x21\/files\/2020\/12\/3023.pdf\">M\u00f3dulo 3023 &#8211; RE<\/a><\/p>\n<p><a href=\"https:\/\/blogsaverroes.juntadeandalucia.es\/documentosx20x21\/files\/2020\/12\/3025.pdf\">M\u00f3dulo 3025 &#8211; MEC<\/a><\/p>\n<p><a href=\"https:\/\/blogsaverroes.juntadeandalucia.es\/documentosx20x21\/files\/2020\/12\/9999.pdf\">M\u00f3dulo 9999 &#8211; UFPRL<\/a><\/p>\n<p>&#8212;&#8212;&#8212;&#8212;&#8212;&#8212;&#8212;&#8212;&#8211;<\/p>\n<p><a href=\"https:\/\/blogsaverroes.juntadeandalucia.es\/documentosx20x21\/files\/2020\/12\/Ingl\u00e9s-CONTENIDOS-DE-FPB-1-Y-FPB-2.pdf\">Ingl\u00e9s &#8211; CONTENIDOS DE FPB 1 Y FPB 2<\/a><\/p>\n<p>&nbsp;<\/p>\n","protected":false},"excerpt":{"rendered":"<p>1er CURSO M\u00f3dulo 3024 &#8211; FCB M\u00f3dulo OBF M\u00f3dulo SCM&nbsp; (3021) 2\u00ba CURSO M\u00f3dulo 3023 &#8211; RE M\u00f3dulo 3025 &#8211; MEC M\u00f3dulo 9999 &#8211; UFPRL &#8212;&#8212;&#8212;&#8212;&#8212;&#8212;&#8212;&#8212;&#8211; Ingl\u00e9s &#8211; CONTENIDOS DE FPB 1 Y FPB&#46;&#46;&#46;<\/p>\n","protected":false},"author":10080,"featured_media":0,"parent":0,"menu_order":0,"comment_status":"closed","ping_status":"closed","template":"","meta":{"ngg_post_thumbnail":0,"footnotes":""},"aioseo_notices":[],"_links":{"self":[{"href":"https:\/\/blogsaverroes.juntadeandalucia.es\/documentosx20x21\/wp-json\/wp\/v2\/pages\/27"}],"collection":[{"href":"https:\/\/blogsaverroes.juntadeandalucia.es\/documentosx20x21\/wp-json\/wp\/v2\/pages"}],"about":[{"href":"https:\/\/blogsaverroes.juntadeandalucia.es\/documentosx20x21\/wp-json\/wp\/v2\/types\/page"}],"author":[{"embeddable":true,"href":"https:\/\/blogsaverroes.juntadeandalucia.es\/documentosx20x21\/wp-json\/wp\/v2\/users\/10080"}],"replies":[{"embeddable":true,"href":"https:\/\/blogsaverroes.juntadeandalucia.es\/documentosx20x21\/wp-json\/wp\/v2\/comments?post=27"}],"version-history":[{"count":5,"href":"https:\/\/blogsaverroes.juntadeandalucia.es\/documentosx20x21\/wp-json\/wp\/v2\/pages\/27\/revisions"}],"predecessor-version":[{"id":622,"href":"https:\/\/blogsaverroes.juntadeandalucia.es\/documentosx20x21\/wp-json\/wp\/v2\/pages\/27\/revisions\/622"}],"wp:attachment":[{"href":"https:\/\/blogsaverroes.juntadeandalucia.es\/documentosx20x21\/wp-json\/wp\/v2\/media?parent=27"}],"curies":[{"name":"wp","href":"https:\/\/api.w.org\/{rel}","templated":true}]}}