{"id":28,"date":"2020-05-12T10:46:59","date_gmt":"2020-05-12T08:46:59","guid":{"rendered":"https:\/\/blogsaverroes.juntadeandalucia.es\/flexibilizacionesvc\/?page_id=26"},"modified":"2020-11-25T18:42:46","modified_gmt":"2020-11-25T18:42:46","slug":"presentacion","status":"publish","type":"page","link":"https:\/\/blogsaverroes.juntadeandalucia.es\/documentosx20x21\/","title":{"rendered":"Presentaci\u00f3n"},"content":{"rendered":"<h1>Documentos informativos IES Virgen del Carmen Puerto Real<\/h1>\n<h2>Curso 2020\/2021<\/h2>\n<p>&nbsp;<\/p>\n<p>El objetivo de esta p\u00e1gina es informar a la comunidad educativa y dar difusi\u00f3n de los diferentes documentos en los que se basa nuestra planificaci\u00f3n para el curso escolar 2020\/2021.<\/p>\n<p>&nbsp;<\/p>\n<p>Debido a la actual situaci\u00f3n de crisis sanitaria ocasionada por la COVID-19 consideramos que es un medio c\u00f3modo y accesible para acceder a dicha documentaci\u00f3n y poderla consultar desde cualquier lugar, con diversos dispositivos y en cualquier momento.<\/p>\n<p>&nbsp;<\/p>\n<p>En el men\u00fa desplegable superior podr\u00e1 acceder a las distintas categor\u00edas ordenadas seg\u00fan el tipo documento y de ense\u00f1anzas. Tambi\u00e9n puede usarse el buscador.<\/p>\n<p>Si desea volver a nuestra p\u00e1gina principal <a href=\"http:\/\/institutovirgendelcarmen.com\/\">pulse aqu\u00ed.<\/a><\/p>\n<p>&nbsp;<\/p>\n","protected":false},"excerpt":{"rendered":"<p>Documentos informativos IES Virgen del Carmen Puerto Real Curso 2020\/2021 &nbsp; El objetivo de esta p\u00e1gina es informar a la comunidad educativa y dar difusi\u00f3n de los diferentes documentos en los que se basa&#46;&#46;&#46;<\/p>\n","protected":false},"author":10080,"featured_media":0,"parent":0,"menu_order":0,"comment_status":"closed","ping_status":"closed","template":"","meta":{"ngg_post_thumbnail":0,"footnotes":""},"aioseo_notices":[],"_links":{"self":[{"href":"https:\/\/blogsaverroes.juntadeandalucia.es\/documentosx20x21\/wp-json\/wp\/v2\/pages\/28"}],"collection":[{"href":"https:\/\/blogsaverroes.juntadeandalucia.es\/documentosx20x21\/wp-json\/wp\/v2\/pages"}],"about":[{"href":"https:\/\/blogsaverroes.juntadeandalucia.es\/documentosx20x21\/wp-json\/wp\/v2\/types\/page"}],"author":[{"embeddable":true,"href":"https:\/\/blogsaverroes.juntadeandalucia.es\/documentosx20x21\/wp-json\/wp\/v2\/users\/10080"}],"replies":[{"embeddable":true,"href":"https:\/\/blogsaverroes.juntadeandalucia.es\/documentosx20x21\/wp-json\/wp\/v2\/comments?post=28"}],"version-history":[{"count":3,"href":"https:\/\/blogsaverroes.juntadeandalucia.es\/documentosx20x21\/wp-json\/wp\/v2\/pages\/28\/revisions"}],"predecessor-version":[{"id":301,"href":"https:\/\/blogsaverroes.juntadeandalucia.es\/documentosx20x21\/wp-json\/wp\/v2\/pages\/28\/revisions\/301"}],"wp:attachment":[{"href":"https:\/\/blogsaverroes.juntadeandalucia.es\/documentosx20x21\/wp-json\/wp\/v2\/media?parent=28"}],"curies":[{"name":"wp","href":"https:\/\/api.w.org\/{rel}","templated":true}]}}