{"id":83,"date":"2020-05-12T17:21:53","date_gmt":"2020-05-12T15:21:53","guid":{"rendered":"https:\/\/blogsaverroes.juntadeandalucia.es\/flexibilizacionesvc\/?page_id=83"},"modified":"2020-12-01T19:00:47","modified_gmt":"2020-12-01T19:00:47","slug":"departamento-de-tecnologia","status":"publish","type":"page","link":"https:\/\/blogsaverroes.juntadeandalucia.es\/documentosx20x21\/departamento-de-tecnologia\/","title":{"rendered":"Departamento de Tecnolog\u00eda"},"content":{"rendered":"<p><a href=\"https:\/\/blogsaverroes.juntadeandalucia.es\/documentosx20x21\/files\/2020\/12\/ANEXO-EN-CASO-DE-CONFINAMIENTO-ESO.docx\">ANEXO EN CASO DE CONFINAMIENTO &#8211; ESO<\/a><\/p>\n<p><a href=\"https:\/\/blogsaverroes.juntadeandalucia.es\/documentosx20x21\/files\/2020\/12\/Extracto-programaci\u00f3n-4\u00ba-ESO-TIC-2021.docx\">Extracto programaci\u00f3n 4\u00ba ESO TIC 2021<\/a><\/p>\n<p><a href=\"https:\/\/blogsaverroes.juntadeandalucia.es\/documentosx20x21\/files\/2020\/12\/EXTRACTO-PROGRAMACI\u00d3N-MINIEMPRESA-EDUCATIVA.docx\">EXTRACTO PROGRAMACI\u00d3N MINIEMPRESA EDUCATIVA<\/a><\/p>\n<p><a href=\"https:\/\/blogsaverroes.juntadeandalucia.es\/documentosx20x21\/files\/2020\/12\/EXTRACTO-PROGRAMACI\u00d3N-TIN-I.docx\">EXTRACTO PROGRAMACI\u00d3N TIN I<\/a><\/p>\n<p><a href=\"https:\/\/blogsaverroes.juntadeandalucia.es\/documentosx20x21\/files\/2020\/12\/Extracto_Programaci\u00f3n-CC-AA-FPB-II.docx\">Extracto_Programaci\u00f3n CC AA FPB II<\/a><\/p>\n<p><a href=\"https:\/\/blogsaverroes.juntadeandalucia.es\/documentosx20x21\/files\/2020\/12\/Extracto_Programacion_-FPBI_Curso_2020_2021.docx\">Extracto_Programacion_ FPBI_Curso_2020_2021<\/a><\/p>\n<p><a href=\"https:\/\/blogsaverroes.juntadeandalucia.es\/documentosx20x21\/files\/2020\/12\/Extracto_Programacion_Tecnologia_4_ESO_Curso_2020_2021.docx\">Extracto_Programacion_Tecnologia_4_ESO_Curso_2020_2021<\/a><\/p>\n<p><a href=\"https:\/\/blogsaverroes.juntadeandalucia.es\/documentosx20x21\/files\/2020\/12\/Extracto_Tecnologia_2ESO_Curso_2020-21.docx\">Extracto_Tecnologia_2ESO_Curso_2020-21<\/a><\/p>\n<p><a href=\"https:\/\/blogsaverroes.juntadeandalucia.es\/documentosx20x21\/files\/2020\/12\/Extracto_Tecnologia_3ESO_Curso_2020_2021.docx\">Extracto_Tecnologia_3ESO_Curso_2020_2021<\/a><\/p>\n<p><a href=\"https:\/\/blogsaverroes.juntadeandalucia.es\/documentosx20x21\/files\/2020\/12\/Programaci\u00f3n-libre-disposici\u00f3n-3\u00ba.docx\">Programaci\u00f3n libre disposici\u00f3n 3\u00ba<\/a><\/p>\n<p><a href=\"https:\/\/blogsaverroes.juntadeandalucia.es\/documentosx20x21\/files\/2020\/12\/TIC-1\u00ba-BACHILLERATO.pdf\">TIC 1\u00ba BACHILLERATO<\/a><\/p>\n","protected":false},"excerpt":{"rendered":"<p>ANEXO EN CASO DE CONFINAMIENTO &#8211; ESO Extracto programaci\u00f3n 4\u00ba ESO TIC 2021 EXTRACTO PROGRAMACI\u00d3N MINIEMPRESA EDUCATIVA EXTRACTO PROGRAMACI\u00d3N TIN I Extracto_Programaci\u00f3n CC AA FPB II Extracto_Programacion_ FPBI_Curso_2020_2021 Extracto_Programacion_Tecnologia_4_ESO_Curso_2020_2021 Extracto_Tecnologia_2ESO_Curso_2020-21 Extracto_Tecnologia_3ESO_Curso_2020_2021 Programaci\u00f3n libre disposici\u00f3n&#46;&#46;&#46;<\/p>\n","protected":false},"author":10080,"featured_media":0,"parent":0,"menu_order":0,"comment_status":"closed","ping_status":"closed","template":"","meta":{"ngg_post_thumbnail":0,"footnotes":""},"aioseo_notices":[],"_links":{"self":[{"href":"https:\/\/blogsaverroes.juntadeandalucia.es\/documentosx20x21\/wp-json\/wp\/v2\/pages\/83"}],"collection":[{"href":"https:\/\/blogsaverroes.juntadeandalucia.es\/documentosx20x21\/wp-json\/wp\/v2\/pages"}],"about":[{"href":"https:\/\/blogsaverroes.juntadeandalucia.es\/documentosx20x21\/wp-json\/wp\/v2\/types\/page"}],"author":[{"embeddable":true,"href":"https:\/\/blogsaverroes.juntadeandalucia.es\/documentosx20x21\/wp-json\/wp\/v2\/users\/10080"}],"replies":[{"embeddable":true,"href":"https:\/\/blogsaverroes.juntadeandalucia.es\/documentosx20x21\/wp-json\/wp\/v2\/comments?post=83"}],"version-history":[{"count":4,"href":"https:\/\/blogsaverroes.juntadeandalucia.es\/documentosx20x21\/wp-json\/wp\/v2\/pages\/83\/revisions"}],"predecessor-version":[{"id":453,"href":"https:\/\/blogsaverroes.juntadeandalucia.es\/documentosx20x21\/wp-json\/wp\/v2\/pages\/83\/revisions\/453"}],"wp:attachment":[{"href":"https:\/\/blogsaverroes.juntadeandalucia.es\/documentosx20x21\/wp-json\/wp\/v2\/media?parent=83"}],"curies":[{"name":"wp","href":"https:\/\/api.w.org\/{rel}","templated":true}]}}