{"id":28,"date":"2020-05-12T10:41:27","date_gmt":"2020-05-12T08:41:27","guid":{"rendered":"https:\/\/blogsaverroes.juntadeandalucia.es\/flexibilizacionesvc\/?page_id=22"},"modified":"2021-11-26T12:42:45","modified_gmt":"2021-11-26T12:42:45","slug":"eso-y-bachillerato","status":"publish","type":"page","link":"https:\/\/blogsaverroes.juntadeandalucia.es\/documentosx21x22\/eso-y-bachillerato\/","title":{"rendered":"ESO y Bachillerato"},"content":{"rendered":"<p><a href=\"https:\/\/blogsaverroes.juntadeandalucia.es\/documentosx21x22\/departamento-de-matematicas\/\">DEPARTAMENTO DE MATEM\u00c1TICAS<\/a><\/p>\n<p><a href=\"https:\/\/blogsaverroes.juntadeandalucia.es\/documentosx21x22\/departamento-de-lengua-y-literatura\/\">&nbsp;DEPARTAMENTO DE LENGUA Y LITERATURA<\/a><\/p>\n<p><a href=\"https:\/\/blogsaverroes.juntadeandalucia.es\/documentosx21x22\/departamento-de-ingles\/\">&nbsp;DEPARTAMENTO DE INGL\u00c9S<\/a><\/p>\n<p><a href=\"https:\/\/blogsaverroes.juntadeandalucia.es\/documentosx21x22\/departamento-de-frances\/\">DEPARTAMENTO DE FRANC\u00c9S<\/a><\/p>\n<p><a href=\"https:\/\/blogsaverroes.juntadeandalucia.es\/documentosx21x22\/departamento-de-educacion-fisica\/\">&nbsp;DEPARTAMENTO DE EDUCACI\u00d3N F\u00cdSICA<\/a><\/p>\n<p><a href=\"https:\/\/blogsaverroes.juntadeandalucia.es\/documentosx21x22\/departamento-artistico-cultural\/\">DEPARTAMENTO ART\u00cdSTICO &#8211; CULTURAL<\/a><\/p>\n<p><a href=\"https:\/\/blogsaverroes.juntadeandalucia.es\/documentosx21x22\/departamento-de-tecnologia\/\">DEPARTAMENTO DE TECNOLOG\u00cdA<\/a><\/p>\n<p><a href=\"https:\/\/blogsaverroes.juntadeandalucia.es\/documentosx21x22\/departamento-de-filosofia\/\">DEPARTAMENTO DE FILOSOF\u00cdA Y CL\u00c1SICAS<\/a><\/p>\n<p><a href=\"https:\/\/blogsaverroes.juntadeandalucia.es\/documentosx21x22\/departamento-de-religion\/\">DEPARTAMENTO DE RELIGI\u00d3N<\/a><\/p>\n<p><a href=\"https:\/\/blogsaverroes.juntadeandalucia.es\/documentosx21x22\/departamento-de-biologia-y-geologia\/\">DEPARTAMENTO DE BIOLOG\u00cdA Y GEOLOG\u00cdA<\/a><\/p>\n<p><a href=\"https:\/\/blogsaverroes.juntadeandalucia.es\/documentosx21x22\/departamento-de-fisica-y-quimica\/\">DEPARTAMENTO DE F\u00cdSICA Y QU\u00cdMICA<\/a><\/p>\n<p><a href=\"https:\/\/blogsaverroes.juntadeandalucia.es\/documentosx21x22\/departamento-de-geografia-e-historia\/\">DEPARTAMENTO DE GEOGRAF\u00cdA E HISTORIA \/ ECONOM\u00cdA<\/a><\/p>\n<p>&nbsp;<\/p>\n","protected":false},"excerpt":{"rendered":"<p>DEPARTAMENTO DE MATEM\u00c1TICAS &nbsp;DEPARTAMENTO DE LENGUA Y LITERATURA &nbsp;DEPARTAMENTO DE INGL\u00c9S DEPARTAMENTO DE FRANC\u00c9S &nbsp;DEPARTAMENTO DE EDUCACI\u00d3N F\u00cdSICA DEPARTAMENTO ART\u00cdSTICO &#8211; CULTURAL DEPARTAMENTO DE TECNOLOG\u00cdA DEPARTAMENTO DE FILOSOF\u00cdA Y CL\u00c1SICAS DEPARTAMENTO DE RELIGI\u00d3N DEPARTAMENTO&#46;&#46;&#46;<\/p>\n","protected":false},"author":10080,"featured_media":0,"parent":0,"menu_order":0,"comment_status":"closed","ping_status":"closed","template":"","meta":{"ngg_post_thumbnail":0,"footnotes":""},"aioseo_notices":[],"_links":{"self":[{"href":"https:\/\/blogsaverroes.juntadeandalucia.es\/documentosx21x22\/wp-json\/wp\/v2\/pages\/28"}],"collection":[{"href":"https:\/\/blogsaverroes.juntadeandalucia.es\/documentosx21x22\/wp-json\/wp\/v2\/pages"}],"about":[{"href":"https:\/\/blogsaverroes.juntadeandalucia.es\/documentosx21x22\/wp-json\/wp\/v2\/types\/page"}],"author":[{"embeddable":true,"href":"https:\/\/blogsaverroes.juntadeandalucia.es\/documentosx21x22\/wp-json\/wp\/v2\/users\/10080"}],"replies":[{"embeddable":true,"href":"https:\/\/blogsaverroes.juntadeandalucia.es\/documentosx21x22\/wp-json\/wp\/v2\/comments?post=28"}],"version-history":[{"count":3,"href":"https:\/\/blogsaverroes.juntadeandalucia.es\/documentosx21x22\/wp-json\/wp\/v2\/pages\/28\/revisions"}],"predecessor-version":[{"id":756,"href":"https:\/\/blogsaverroes.juntadeandalucia.es\/documentosx21x22\/wp-json\/wp\/v2\/pages\/28\/revisions\/756"}],"wp:attachment":[{"href":"https:\/\/blogsaverroes.juntadeandalucia.es\/documentosx21x22\/wp-json\/wp\/v2\/media?parent=28"}],"curies":[{"name":"wp","href":"https:\/\/api.w.org\/{rel}","templated":true}]}}