{"id":30,"date":"2020-05-12T10:41:54","date_gmt":"2020-05-12T08:41:54","guid":{"rendered":"https:\/\/blogsaverroes.juntadeandalucia.es\/flexibilizacionesvc\/?page_id=24"},"modified":"2021-12-10T13:30:19","modified_gmt":"2021-12-10T13:30:19","slug":"fpb","status":"publish","type":"page","link":"https:\/\/blogsaverroes.juntadeandalucia.es\/documentosx21x22\/fpb\/","title":{"rendered":"FPB"},"content":{"rendered":"<p><img loading=\"lazy\" decoding=\"async\" class=\"alignnone size-medium wp-image-229\" src=\"https:\/\/blogsaverroes.juntadeandalucia.es\/flexibilizacionesvc\/files\/2020\/05\/FPB-300x235.jpg\" alt=\"\" width=\"300\" height=\"235\"><\/p>\n<p>1er CURSO<\/p>\n<p><a href=\"https:\/\/blogsaverroes.juntadeandalucia.es\/documentosx21x22\/files\/2021\/12\/Programacion_3024_FONTA_2021_22_B.pdf\">Programacion_3024_FONTA_2021_22<\/a><\/p>\n<p><a href=\"https:\/\/blogsaverroes.juntadeandalucia.es\/documentosx21x22\/files\/2021\/12\/PROGRAMACI\u00d3N-3020-Operaciones-Basicas-de-Fabricaci\u00f3n.pdf\">PROGRAMACI\u00d3N (3020) &#8211; Operaciones B\u00e1sicas de Fabricaci\u00f3n<\/a><\/p>\n<p><a href=\"https:\/\/blogsaverroes.juntadeandalucia.es\/documentosx21x22\/files\/2021\/12\/PROGRAMACI\u00d3N-Soldadura-y-Carpinter\u00eda-Met\u00e1lica.pdf\">PROGRAMACI\u00d3N Soldadura y Carpinter\u00eda Met\u00e1lica<\/a><\/p>\n<p>&nbsp;<\/p>\n<p>2\u00ba CURSO<\/p>\n<p><a style=\"color: #d54e21;font-family: 'Open Sans', sans-serif;font-size: 15px;font-style: normal;font-weight: 400\" href=\"https:\/\/blogsaverroes.juntadeandalucia.es\/documentosx21x22\/files\/2021\/12\/Programacion_3023_REVAC_2021_22.pdf\">Programacion_3023_REVAC_2021_22<\/a><\/p>\n<p><a href=\"https:\/\/blogsaverroes.juntadeandalucia.es\/documentosx21x22\/files\/2021\/12\/Programacion_3025_CLIMA_2021_22.pdf\">Programacion_3025_CLIMA_2021_22<\/a><\/p>\n<p><a href=\"https:\/\/blogsaverroes.juntadeandalucia.es\/documentosx21x22\/files\/2021\/12\/M\u00d3DULO-9999.pdf\">M\u00d3DULO 9999<\/a><\/p>\n<p>&nbsp;<\/p>\n<p>&nbsp;<\/p>\n<p>&nbsp;<\/p>\n<p>&nbsp;<\/p>\n","protected":false},"excerpt":{"rendered":"<p>1er CURSO Programacion_3024_FONTA_2021_22 PROGRAMACI\u00d3N (3020) &#8211; Operaciones B\u00e1sicas de Fabricaci\u00f3n PROGRAMACI\u00d3N Soldadura y Carpinter\u00eda Met\u00e1lica &nbsp; 2\u00ba CURSO Programacion_3023_REVAC_2021_22 Programacion_3025_CLIMA_2021_22 M\u00d3DULO 9999 &nbsp; &nbsp; &nbsp; &nbsp;<\/p>\n","protected":false},"author":10080,"featured_media":0,"parent":0,"menu_order":0,"comment_status":"closed","ping_status":"closed","template":"","meta":{"ngg_post_thumbnail":0,"footnotes":""},"aioseo_notices":[],"_links":{"self":[{"href":"https:\/\/blogsaverroes.juntadeandalucia.es\/documentosx21x22\/wp-json\/wp\/v2\/pages\/30"}],"collection":[{"href":"https:\/\/blogsaverroes.juntadeandalucia.es\/documentosx21x22\/wp-json\/wp\/v2\/pages"}],"about":[{"href":"https:\/\/blogsaverroes.juntadeandalucia.es\/documentosx21x22\/wp-json\/wp\/v2\/types\/page"}],"author":[{"embeddable":true,"href":"https:\/\/blogsaverroes.juntadeandalucia.es\/documentosx21x22\/wp-json\/wp\/v2\/users\/10080"}],"replies":[{"embeddable":true,"href":"https:\/\/blogsaverroes.juntadeandalucia.es\/documentosx21x22\/wp-json\/wp\/v2\/comments?post=30"}],"version-history":[{"count":3,"href":"https:\/\/blogsaverroes.juntadeandalucia.es\/documentosx21x22\/wp-json\/wp\/v2\/pages\/30\/revisions"}],"predecessor-version":[{"id":946,"href":"https:\/\/blogsaverroes.juntadeandalucia.es\/documentosx21x22\/wp-json\/wp\/v2\/pages\/30\/revisions\/946"}],"wp:attachment":[{"href":"https:\/\/blogsaverroes.juntadeandalucia.es\/documentosx21x22\/wp-json\/wp\/v2\/media?parent=30"}],"curies":[{"name":"wp","href":"https:\/\/api.w.org\/{rel}","templated":true}]}}