{"id":302,"date":"2020-11-25T18:44:04","date_gmt":"2020-11-25T18:44:04","guid":{"rendered":"https:\/\/blogsaverroes.juntadeandalucia.es\/documentosx20x21\/?page_id=302"},"modified":"2021-11-26T09:56:57","modified_gmt":"2021-11-26T09:56:57","slug":"documentos","status":"publish","type":"page","link":"https:\/\/blogsaverroes.juntadeandalucia.es\/documentosx21x22\/documentos\/","title":{"rendered":"Documentos"},"content":{"rendered":"<p>A continuaci\u00f3n puede consultar documentos de distinta \u00edndole en los que basamos nuestra planificaci\u00f3n.<\/p>\n<h3>PLANIFICACI\u00d3N<\/h3>\n<p>&nbsp;<\/p>\n<h3>SEMIPRESENCIALIDAD<\/h3>\n<p>&nbsp;<\/p>\n<h3>TUTOR\u00cdA ELECTR\u00d3NICA<\/h3>\n<p>&nbsp;<\/p>\n<h3>ORGANIZACI\u00d3N<\/h3>\n<p>&nbsp;<\/p>\n<h3>PLAN DE CONSECUCI\u00d3N DE RESULTADOS<\/h3>\n<p>&nbsp;<\/p>\n<h3>MODIFICACIONES PROYECTO EDUCATIVO Y ROF<\/h3>\n<p>&nbsp;<\/p>\n","protected":false},"excerpt":{"rendered":"<p>A continuaci\u00f3n puede consultar documentos de distinta \u00edndole en los que basamos nuestra planificaci\u00f3n. PLANIFICACI\u00d3N &nbsp; SEMIPRESENCIALIDAD &nbsp; TUTOR\u00cdA ELECTR\u00d3NICA &nbsp; ORGANIZACI\u00d3N &nbsp; PLAN DE CONSECUCI\u00d3N DE RESULTADOS &nbsp; MODIFICACIONES PROYECTO EDUCATIVO Y ROF&#46;&#46;&#46;<\/p>\n","protected":false},"author":10080,"featured_media":0,"parent":0,"menu_order":0,"comment_status":"closed","ping_status":"closed","template":"","meta":{"ngg_post_thumbnail":0,"footnotes":""},"aioseo_notices":[],"_links":{"self":[{"href":"https:\/\/blogsaverroes.juntadeandalucia.es\/documentosx21x22\/wp-json\/wp\/v2\/pages\/302"}],"collection":[{"href":"https:\/\/blogsaverroes.juntadeandalucia.es\/documentosx21x22\/wp-json\/wp\/v2\/pages"}],"about":[{"href":"https:\/\/blogsaverroes.juntadeandalucia.es\/documentosx21x22\/wp-json\/wp\/v2\/types\/page"}],"author":[{"embeddable":true,"href":"https:\/\/blogsaverroes.juntadeandalucia.es\/documentosx21x22\/wp-json\/wp\/v2\/users\/10080"}],"replies":[{"embeddable":true,"href":"https:\/\/blogsaverroes.juntadeandalucia.es\/documentosx21x22\/wp-json\/wp\/v2\/comments?post=302"}],"version-history":[{"count":1,"href":"https:\/\/blogsaverroes.juntadeandalucia.es\/documentosx21x22\/wp-json\/wp\/v2\/pages\/302\/revisions"}],"predecessor-version":[{"id":739,"href":"https:\/\/blogsaverroes.juntadeandalucia.es\/documentosx21x22\/wp-json\/wp\/v2\/pages\/302\/revisions\/739"}],"wp:attachment":[{"href":"https:\/\/blogsaverroes.juntadeandalucia.es\/documentosx21x22\/wp-json\/wp\/v2\/media?parent=302"}],"curies":[{"name":"wp","href":"https:\/\/api.w.org\/{rel}","templated":true}]}}