{"id":696,"date":"2021-02-01T12:13:34","date_gmt":"2021-02-01T12:13:34","guid":{"rendered":"https:\/\/blogsaverroes.juntadeandalucia.es\/documentosx20x21\/?page_id=696"},"modified":"2021-12-09T08:58:31","modified_gmt":"2021-12-09T08:58:31","slug":"pendientes","status":"publish","type":"page","link":"https:\/\/blogsaverroes.juntadeandalucia.es\/documentosx21x22\/pendientes\/","title":{"rendered":"Pendientes"},"content":{"rendered":"<h3>DEPARTAMENTO DE BIOLOG\u00cdA Y GEOLOG\u00cdA<\/h3>\n<p>&nbsp;<\/p>\n<h3>DEPARTAMENTO DE LENGUA CASTELLANA Y LITERATURA<\/h3>\n<p>&nbsp;<\/p>\n<h3>DEPARTAMENTO DE INGL\u00c9S<\/h3>\n<p>&nbsp;<\/p>\n<h3>DEPARTAMENTO DE TECNOLOG\u00cdA<\/h3>\n<p>&nbsp;<\/p>\n<h3>DEPARTAMENTO DE MATEM\u00c1TICAS<\/h3>\n<p>&nbsp;<\/p>\n<h3>DEPARTAMENTO ART\u00cdSTICO CULTURAL<\/h3>\n<p>&nbsp;<\/p>\n<h3>DEPARTAMENTO DE FRANC\u00c9S<\/h3>\n<p>&nbsp;<\/p>\n","protected":false},"excerpt":{"rendered":"<p>DEPARTAMENTO DE BIOLOG\u00cdA Y GEOLOG\u00cdA &nbsp; DEPARTAMENTO DE LENGUA CASTELLANA Y LITERATURA &nbsp; DEPARTAMENTO DE INGL\u00c9S &nbsp; DEPARTAMENTO DE TECNOLOG\u00cdA &nbsp; DEPARTAMENTO DE MATEM\u00c1TICAS &nbsp; DEPARTAMENTO ART\u00cdSTICO CULTURAL &nbsp; DEPARTAMENTO DE FRANC\u00c9S &nbsp;<\/p>\n","protected":false},"author":10080,"featured_media":0,"parent":0,"menu_order":0,"comment_status":"closed","ping_status":"closed","template":"","meta":{"ngg_post_thumbnail":0,"footnotes":""},"aioseo_notices":[],"_links":{"self":[{"href":"https:\/\/blogsaverroes.juntadeandalucia.es\/documentosx21x22\/wp-json\/wp\/v2\/pages\/696"}],"collection":[{"href":"https:\/\/blogsaverroes.juntadeandalucia.es\/documentosx21x22\/wp-json\/wp\/v2\/pages"}],"about":[{"href":"https:\/\/blogsaverroes.juntadeandalucia.es\/documentosx21x22\/wp-json\/wp\/v2\/types\/page"}],"author":[{"embeddable":true,"href":"https:\/\/blogsaverroes.juntadeandalucia.es\/documentosx21x22\/wp-json\/wp\/v2\/users\/10080"}],"replies":[{"embeddable":true,"href":"https:\/\/blogsaverroes.juntadeandalucia.es\/documentosx21x22\/wp-json\/wp\/v2\/comments?post=696"}],"version-history":[{"count":2,"href":"https:\/\/blogsaverroes.juntadeandalucia.es\/documentosx21x22\/wp-json\/wp\/v2\/pages\/696\/revisions"}],"predecessor-version":[{"id":780,"href":"https:\/\/blogsaverroes.juntadeandalucia.es\/documentosx21x22\/wp-json\/wp\/v2\/pages\/696\/revisions\/780"}],"wp:attachment":[{"href":"https:\/\/blogsaverroes.juntadeandalucia.es\/documentosx21x22\/wp-json\/wp\/v2\/media?parent=696"}],"curies":[{"name":"wp","href":"https:\/\/api.w.org\/{rel}","templated":true}]}}