{"id":124,"date":"2019-03-08T11:25:18","date_gmt":"2019-03-08T11:25:18","guid":{"rendered":"http:\/\/blogsaverroes.juntadeandalucia.es\/dptoinformatica\/?page_id=124"},"modified":"2020-04-04T09:12:02","modified_gmt":"2020-04-04T09:12:02","slug":"webs-con-wordpress","status":"publish","type":"page","link":"https:\/\/blogsaverroes.juntadeandalucia.es\/dptoinformatica\/webs-con-wordpress\/","title":{"rendered":"Webs con WordPress"},"content":{"rendered":"<h5 style=\"text-align: center\"><span style=\"text-decoration: underline\"><strong>Creaci\u00f3n de la web de prueba<\/strong><\/span><\/h5>\n<p style=\"text-align: justify\"><em><strong>Registro:<\/strong><\/em><br \/>\nAccede a la p\u00e1gina de WordPress y Reg\u00edstrate con un plan gratuito. Se te enviar\u00e1 un correo electr\u00f3nico para activar tu sitio de WordPress.<br \/>\nAccede a tu sitio de WordPress y sigue los siguientes pasos:<\/p>\n<p style=\"text-align: justify\">\n<em><strong>Configuraci\u00f3n:<\/strong><\/em><br \/>\nEn el panel de Mi Sitio de WordPress, entra en Configuraci\u00f3n y realiza lo siguiente:<br \/>\nEn la pesta\u00f1a General, escribe un T\u00edtulo del sitio y una Descripci\u00f3n corta<br \/>\nEn la pesta\u00f1a Comentarios, desmarca la opci\u00f3n \u201cPermite que se publiquen comentarios en los art\u00edculos nuevos\u201d (Default Article Settings).<\/p>\n<p style=\"text-align: justify\">\n<em><strong>Creaci\u00f3n de Entradas y P\u00e1ginas:<\/strong><\/em><br \/>\nEn el panel, crea las dos entradas de la categor\u00eda 1\u00ba Bachillerato y la entrada de la categor\u00eda 2\u00ba Bachillerato. (Elimina todas las que aparec\u00edan por defecto.)<br \/>\nEn el panel, crea la p\u00e1gina de Inicio. (Elimina todas las que aparec\u00edan por defecto.)<br \/>\nEn el panel, entra en Personalizar el Tema y elige como Portada Est\u00e1tica la p\u00e1gina Inicio que has creado.<\/p>\n<p style=\"text-align: justify\">\n<em><strong>Creaci\u00f3n de Men\u00fas:<\/strong><\/em><br \/>\nEn el panel, entra en Men\u00fas. (Elimina todos los que aparec\u00edan por defecto.)<br \/>\nA\u00f1ade un elemento de men\u00fa para mostrar la p\u00e1gina de inicio creada. A\u00f1ade tambi\u00e9n un elemento de men\u00fa desplegable para mostrar las categor\u00edas 1\u00ba Bachillerato y 2\u00ba Bachillerato.<br \/>\nEn el panel, entra en Personalizar el Tema y elige Opciones del Tema. Escoge el men\u00fa cl\u00e1sico.<\/p>\n<p style=\"text-align: justify\"><em><strong>Ejemplos de webs del alumnado:<\/strong><\/em><\/p>\n<table>\n<tbody>\n<tr>\n<td><a href=\"https:\/\/unpaseoporgranadablog.wordpress.com\/\" target=\"_blank\" rel=\"noopener noreferrer\"><img loading=\"lazy\" decoding=\"async\" class=\"wp-image-101 size-medium aligncenter\" src=\"http:\/\/blogsaverroes.juntadeandalucia.es\/dptoinformatica\/files\/2017\/03\/Granada-300x185.jpg\" width=\"300\" height=\"185\" srcset=\"https:\/\/blogsaverroes.juntadeandalucia.es\/dptoinformatica\/files\/2017\/03\/Granada-300x185.jpg 300w, https:\/\/blogsaverroes.juntadeandalucia.es\/dptoinformatica\/files\/2017\/03\/Granada-24x15.jpg 24w, https:\/\/blogsaverroes.juntadeandalucia.es\/dptoinformatica\/files\/2017\/03\/Granada-36x22.jpg 36w, https:\/\/blogsaverroes.juntadeandalucia.es\/dptoinformatica\/files\/2017\/03\/Granada-48x30.jpg 48w, https:\/\/blogsaverroes.juntadeandalucia.es\/dptoinformatica\/files\/2017\/03\/Granada.jpg 401w\" sizes=\"(max-width: 300px) 100vw, 300px\" \/><\/a><\/td>\n<td style=\"text-align: center\">&nbsp;<\/p>\n<p>&nbsp;Granada<\/td>\n<\/tr>\n<tr>\n<td>&nbsp;<a href=\"https:\/\/tubonitamonty.wordpress.com\/\" target=\"_blank\" rel=\"noopener noreferrer\"><img loading=\"lazy\" decoding=\"async\" class=\"aligncenter wp-image-106 size-medium\" src=\"http:\/\/blogsaverroes.juntadeandalucia.es\/dptoinformatica\/files\/2017\/03\/Montillana-300x185.jpg\" width=\"300\" height=\"185\" srcset=\"https:\/\/blogsaverroes.juntadeandalucia.es\/dptoinformatica\/files\/2017\/03\/Montillana-300x185.jpg 300w, https:\/\/blogsaverroes.juntadeandalucia.es\/dptoinformatica\/files\/2017\/03\/Montillana-24x15.jpg 24w, https:\/\/blogsaverroes.juntadeandalucia.es\/dptoinformatica\/files\/2017\/03\/Montillana-36x22.jpg 36w, https:\/\/blogsaverroes.juntadeandalucia.es\/dptoinformatica\/files\/2017\/03\/Montillana-48x30.jpg 48w, https:\/\/blogsaverroes.juntadeandalucia.es\/dptoinformatica\/files\/2017\/03\/Montillana.jpg 401w\" sizes=\"(max-width: 300px) 100vw, 300px\" \/><\/a><\/td>\n<td>&nbsp;<\/p>\n<p style=\"text-align: center\">Montillana<\/p>\n<\/td>\n<\/tr>\n<tr>\n<td><a href=\"https:\/\/benaluaturismo.wordpress.com\/\" target=\"_blank\" rel=\"noopener noreferrer\"><img loading=\"lazy\" decoding=\"async\" class=\"wp-image-98 size-medium aligncenter\" src=\"http:\/\/blogsaverroes.juntadeandalucia.es\/dptoinformatica\/files\/2017\/03\/Benal\u00faa-300x185.jpg\" width=\"300\" height=\"185\" srcset=\"https:\/\/blogsaverroes.juntadeandalucia.es\/dptoinformatica\/files\/2017\/03\/Benal\u00faa-300x185.jpg 300w, https:\/\/blogsaverroes.juntadeandalucia.es\/dptoinformatica\/files\/2017\/03\/Benal\u00faa-24x15.jpg 24w, https:\/\/blogsaverroes.juntadeandalucia.es\/dptoinformatica\/files\/2017\/03\/Benal\u00faa-36x22.jpg 36w, https:\/\/blogsaverroes.juntadeandalucia.es\/dptoinformatica\/files\/2017\/03\/Benal\u00faa-48x30.jpg 48w, https:\/\/blogsaverroes.juntadeandalucia.es\/dptoinformatica\/files\/2017\/03\/Benal\u00faa.jpg 401w\" sizes=\"(max-width: 300px) 100vw, 300px\" \/><\/a><\/td>\n<td>&nbsp;<\/p>\n<p style=\"text-align: center\">Benal\u00faa de las Villas<\/p>\n<\/td>\n<\/tr>\n<tr>\n<td>&nbsp;<a href=\"https:\/\/turismoiznalloz.wordpress.com\/\" target=\"_blank\" rel=\"noopener noreferrer\"><img loading=\"lazy\" decoding=\"async\" class=\"wp-image-104 size-medium aligncenter\" src=\"http:\/\/blogsaverroes.juntadeandalucia.es\/dptoinformatica\/files\/2017\/03\/Iznalloz-300x185.jpg\" width=\"300\" height=\"185\" srcset=\"https:\/\/blogsaverroes.juntadeandalucia.es\/dptoinformatica\/files\/2017\/03\/Iznalloz-300x185.jpg 300w, https:\/\/blogsaverroes.juntadeandalucia.es\/dptoinformatica\/files\/2017\/03\/Iznalloz-24x15.jpg 24w, https:\/\/blogsaverroes.juntadeandalucia.es\/dptoinformatica\/files\/2017\/03\/Iznalloz-36x22.jpg 36w, https:\/\/blogsaverroes.juntadeandalucia.es\/dptoinformatica\/files\/2017\/03\/Iznalloz-48x30.jpg 48w, https:\/\/blogsaverroes.juntadeandalucia.es\/dptoinformatica\/files\/2017\/03\/Iznalloz.jpg 401w\" sizes=\"(max-width: 300px) 100vw, 300px\" \/><\/a><\/td>\n<td>&nbsp;<\/p>\n<p style=\"text-align: center\">Iznalloz<\/p>\n<\/td>\n<\/tr>\n<tr>\n<td>&nbsp;<a href=\"https:\/\/turismoenmontejicar.wordpress.com\/\" target=\"_blank\" rel=\"noopener noreferrer\"><img loading=\"lazy\" decoding=\"async\" class=\"aligncenter wp-image-105 size-medium\" src=\"http:\/\/blogsaverroes.juntadeandalucia.es\/dptoinformatica\/files\/2017\/03\/Montej\u00edcar-300x185.jpg\" width=\"300\" height=\"185\" srcset=\"https:\/\/blogsaverroes.juntadeandalucia.es\/dptoinformatica\/files\/2017\/03\/Montej\u00edcar-300x185.jpg 300w, https:\/\/blogsaverroes.juntadeandalucia.es\/dptoinformatica\/files\/2017\/03\/Montej\u00edcar-24x15.jpg 24w, https:\/\/blogsaverroes.juntadeandalucia.es\/dptoinformatica\/files\/2017\/03\/Montej\u00edcar-36x22.jpg 36w, https:\/\/blogsaverroes.juntadeandalucia.es\/dptoinformatica\/files\/2017\/03\/Montej\u00edcar-48x30.jpg 48w, https:\/\/blogsaverroes.juntadeandalucia.es\/dptoinformatica\/files\/2017\/03\/Montej\u00edcar.jpg 401w\" sizes=\"(max-width: 300px) 100vw, 300px\" \/><\/a><\/td>\n<td>&nbsp;<\/p>\n<p style=\"text-align: center\">Montej\u00edcar<\/p>\n<\/td>\n<\/tr>\n<tr>\n<td>&nbsp;<a href=\"https:\/\/deifontes.wordpress.com\/\" target=\"_blank\" rel=\"noopener noreferrer\"><img loading=\"lazy\" decoding=\"async\" class=\"aligncenter wp-image-99 size-medium\" src=\"http:\/\/blogsaverroes.juntadeandalucia.es\/dptoinformatica\/files\/2017\/03\/Deifontes-300x185.jpg\" width=\"300\" height=\"185\" srcset=\"https:\/\/blogsaverroes.juntadeandalucia.es\/dptoinformatica\/files\/2017\/03\/Deifontes-300x185.jpg 300w, https:\/\/blogsaverroes.juntadeandalucia.es\/dptoinformatica\/files\/2017\/03\/Deifontes-24x15.jpg 24w, https:\/\/blogsaverroes.juntadeandalucia.es\/dptoinformatica\/files\/2017\/03\/Deifontes-36x22.jpg 36w, https:\/\/blogsaverroes.juntadeandalucia.es\/dptoinformatica\/files\/2017\/03\/Deifontes-48x30.jpg 48w, https:\/\/blogsaverroes.juntadeandalucia.es\/dptoinformatica\/files\/2017\/03\/Deifontes.jpg 401w\" sizes=\"(max-width: 300px) 100vw, 300px\" \/><\/a><\/td>\n<td>&nbsp;<\/p>\n<p style=\"text-align: center\">Deifontes<\/p>\n<\/td>\n<\/tr>\n<tr>\n<td>&nbsp;<a href=\"https:\/\/torrecardela.wordpress.com\/\" target=\"_blank\" rel=\"noopener noreferrer\"><img loading=\"lazy\" decoding=\"async\" class=\"aligncenter wp-image-95 size-medium\" src=\"http:\/\/blogsaverroes.juntadeandalucia.es\/dptoinformatica\/files\/2017\/03\/Torrecardela-300x185.jpg\" width=\"300\" height=\"185\" srcset=\"https:\/\/blogsaverroes.juntadeandalucia.es\/dptoinformatica\/files\/2017\/03\/Torrecardela-300x185.jpg 300w, https:\/\/blogsaverroes.juntadeandalucia.es\/dptoinformatica\/files\/2017\/03\/Torrecardela-24x15.jpg 24w, https:\/\/blogsaverroes.juntadeandalucia.es\/dptoinformatica\/files\/2017\/03\/Torrecardela-36x22.jpg 36w, https:\/\/blogsaverroes.juntadeandalucia.es\/dptoinformatica\/files\/2017\/03\/Torrecardela-48x30.jpg 48w, https:\/\/blogsaverroes.juntadeandalucia.es\/dptoinformatica\/files\/2017\/03\/Torrecardela.jpg 401w\" sizes=\"(max-width: 300px) 100vw, 300px\" \/><\/a><\/td>\n<td>&nbsp;<\/p>\n<p style=\"text-align: center\">Torre Cardela<\/p>\n<\/td>\n<\/tr>\n<tr>\n<td>&nbsp;<a href=\"https:\/\/aranjuez2017.wordpress.com\/\" target=\"_blank\" rel=\"noopener noreferrer\"><img loading=\"lazy\" decoding=\"async\" class=\"aligncenter wp-image-96 size-medium\" src=\"http:\/\/blogsaverroes.juntadeandalucia.es\/dptoinformatica\/files\/2017\/03\/Aranjuez-300x185.jpg\" width=\"300\" height=\"185\" srcset=\"https:\/\/blogsaverroes.juntadeandalucia.es\/dptoinformatica\/files\/2017\/03\/Aranjuez-300x185.jpg 300w, https:\/\/blogsaverroes.juntadeandalucia.es\/dptoinformatica\/files\/2017\/03\/Aranjuez-24x15.jpg 24w, https:\/\/blogsaverroes.juntadeandalucia.es\/dptoinformatica\/files\/2017\/03\/Aranjuez-36x22.jpg 36w, https:\/\/blogsaverroes.juntadeandalucia.es\/dptoinformatica\/files\/2017\/03\/Aranjuez-48x30.jpg 48w, https:\/\/blogsaverroes.juntadeandalucia.es\/dptoinformatica\/files\/2017\/03\/Aranjuez.jpg 401w\" sizes=\"(max-width: 300px) 100vw, 300px\" \/><\/a><\/td>\n<td>&nbsp;<\/p>\n<p style=\"text-align: center\">Aranjuez<\/p>\n<\/td>\n<\/tr>\n<tr>\n<td>&nbsp;<a href=\"https:\/\/gustocrujiente.wordpress.com\" target=\"_blank\" rel=\"noopener noreferrer\"><img loading=\"lazy\" decoding=\"async\" class=\"aligncenter wp-image-102 size-medium\" src=\"http:\/\/blogsaverroes.juntadeandalucia.es\/dptoinformatica\/files\/2017\/03\/Gustocrujiente-300x185.jpg\" width=\"300\" height=\"185\" srcset=\"https:\/\/blogsaverroes.juntadeandalucia.es\/dptoinformatica\/files\/2017\/03\/Gustocrujiente-300x185.jpg 300w, https:\/\/blogsaverroes.juntadeandalucia.es\/dptoinformatica\/files\/2017\/03\/Gustocrujiente-24x15.jpg 24w, https:\/\/blogsaverroes.juntadeandalucia.es\/dptoinformatica\/files\/2017\/03\/Gustocrujiente-36x22.jpg 36w, https:\/\/blogsaverroes.juntadeandalucia.es\/dptoinformatica\/files\/2017\/03\/Gustocrujiente-48x30.jpg 48w, https:\/\/blogsaverroes.juntadeandalucia.es\/dptoinformatica\/files\/2017\/03\/Gustocrujiente.jpg 401w\" sizes=\"(max-width: 300px) 100vw, 300px\" \/><\/a><\/td>\n<td>&nbsp;<\/p>\n<p style=\"text-align: center\">Gusto Crujiente<\/p>\n<\/td>\n<\/tr>\n<tr>\n<td>&nbsp;<a href=\"https:\/\/elpequenohuerto.wordpress.com\/\" target=\"_blank\" rel=\"noopener noreferrer\"><img loading=\"lazy\" decoding=\"async\" class=\"aligncenter wp-image-110 size-medium\" src=\"http:\/\/blogsaverroes.juntadeandalucia.es\/dptoinformatica\/files\/2017\/03\/Pequenohuerto-300x185.jpg\" width=\"300\" height=\"185\" srcset=\"https:\/\/blogsaverroes.juntadeandalucia.es\/dptoinformatica\/files\/2017\/03\/Pequenohuerto-300x185.jpg 300w, https:\/\/blogsaverroes.juntadeandalucia.es\/dptoinformatica\/files\/2017\/03\/Pequenohuerto-24x15.jpg 24w, https:\/\/blogsaverroes.juntadeandalucia.es\/dptoinformatica\/files\/2017\/03\/Pequenohuerto-36x22.jpg 36w, https:\/\/blogsaverroes.juntadeandalucia.es\/dptoinformatica\/files\/2017\/03\/Pequenohuerto-48x30.jpg 48w, https:\/\/blogsaverroes.juntadeandalucia.es\/dptoinformatica\/files\/2017\/03\/Pequenohuerto.jpg 401w\" sizes=\"(max-width: 300px) 100vw, 300px\" \/><\/a><\/td>\n<td>&nbsp;<\/p>\n<p style=\"text-align: center\">El peque\u00f1o huerto<\/p>\n<\/td>\n<\/tr>\n<tr>\n<td><a href=\"https:\/\/pizzeriaarolenablog.wordpress.com\/\" target=\"_blank\" rel=\"noopener noreferrer\"><img loading=\"lazy\" decoding=\"async\" class=\"aligncenter wp-image-97 size-medium\" src=\"http:\/\/blogsaverroes.juntadeandalucia.es\/dptoinformatica\/files\/2017\/03\/Arolena-300x185.jpg\" width=\"300\" height=\"185\" srcset=\"https:\/\/blogsaverroes.juntadeandalucia.es\/dptoinformatica\/files\/2017\/03\/Arolena-300x185.jpg 300w, https:\/\/blogsaverroes.juntadeandalucia.es\/dptoinformatica\/files\/2017\/03\/Arolena-24x15.jpg 24w, https:\/\/blogsaverroes.juntadeandalucia.es\/dptoinformatica\/files\/2017\/03\/Arolena-36x22.jpg 36w, https:\/\/blogsaverroes.juntadeandalucia.es\/dptoinformatica\/files\/2017\/03\/Arolena-48x30.jpg 48w, https:\/\/blogsaverroes.juntadeandalucia.es\/dptoinformatica\/files\/2017\/03\/Arolena.jpg 401w\" sizes=\"(max-width: 300px) 100vw, 300px\" \/><\/a><\/td>\n<td>&nbsp;<\/p>\n<p style=\"text-align: center\">Pizzer\u00eda Arolena<\/p>\n<\/td>\n<\/tr>\n<tr>\n<td><a href=\"https:\/\/investigacionennombredelarosa.wordpress.com\/\" target=\"_blank\" rel=\"noopener noreferrer\"><img loading=\"lazy\" decoding=\"async\" class=\"aligncenter wp-image-109 size-medium\" src=\"http:\/\/blogsaverroes.juntadeandalucia.es\/dptoinformatica\/files\/2017\/03\/Nombredelarosa-300x185.jpg\" width=\"300\" height=\"185\" srcset=\"https:\/\/blogsaverroes.juntadeandalucia.es\/dptoinformatica\/files\/2017\/03\/Nombredelarosa-300x185.jpg 300w, https:\/\/blogsaverroes.juntadeandalucia.es\/dptoinformatica\/files\/2017\/03\/Nombredelarosa-24x15.jpg 24w, https:\/\/blogsaverroes.juntadeandalucia.es\/dptoinformatica\/files\/2017\/03\/Nombredelarosa-36x22.jpg 36w, https:\/\/blogsaverroes.juntadeandalucia.es\/dptoinformatica\/files\/2017\/03\/Nombredelarosa-48x30.jpg 48w, https:\/\/blogsaverroes.juntadeandalucia.es\/dptoinformatica\/files\/2017\/03\/Nombredelarosa.jpg 401w\" sizes=\"(max-width: 300px) 100vw, 300px\" \/><\/a><\/td>\n<td>&nbsp;<\/p>\n<p style=\"text-align: center\">El nombre de la rosa<\/p>\n<\/td>\n<\/tr>\n<tr>\n<td><a href=\"https:\/\/misrecetas00.wordpress.com\/\" target=\"_blank\" rel=\"noopener noreferrer\"><img loading=\"lazy\" decoding=\"async\" class=\"aligncenter wp-image-111 size-medium\" src=\"http:\/\/blogsaverroes.juntadeandalucia.es\/dptoinformatica\/files\/2017\/03\/Recetillas-300x185.jpg\" width=\"300\" height=\"185\" srcset=\"https:\/\/blogsaverroes.juntadeandalucia.es\/dptoinformatica\/files\/2017\/03\/Recetillas-300x185.jpg 300w, https:\/\/blogsaverroes.juntadeandalucia.es\/dptoinformatica\/files\/2017\/03\/Recetillas-24x15.jpg 24w, https:\/\/blogsaverroes.juntadeandalucia.es\/dptoinformatica\/files\/2017\/03\/Recetillas-36x22.jpg 36w, https:\/\/blogsaverroes.juntadeandalucia.es\/dptoinformatica\/files\/2017\/03\/Recetillas-48x30.jpg 48w, https:\/\/blogsaverroes.juntadeandalucia.es\/dptoinformatica\/files\/2017\/03\/Recetillas.jpg 401w\" sizes=\"(max-width: 300px) 100vw, 300px\" \/><\/a><\/td>\n<td>&nbsp;<\/p>\n<p style=\"text-align: center\">Recetillas de la abuela<\/p>\n<\/td>\n<\/tr>\n<tr>\n<td><a href=\"https:\/\/elmundodelosuenos.wordpress.com\/\" target=\"_blank\" rel=\"noopener noreferrer\"><img loading=\"lazy\" decoding=\"async\" class=\"aligncenter wp-image-107 size-medium\" src=\"http:\/\/blogsaverroes.juntadeandalucia.es\/dptoinformatica\/files\/2017\/03\/Mundodelossuenos-300x185.jpg\" width=\"300\" height=\"185\" srcset=\"https:\/\/blogsaverroes.juntadeandalucia.es\/dptoinformatica\/files\/2017\/03\/Mundodelossuenos-300x185.jpg 300w, https:\/\/blogsaverroes.juntadeandalucia.es\/dptoinformatica\/files\/2017\/03\/Mundodelossuenos-24x15.jpg 24w, https:\/\/blogsaverroes.juntadeandalucia.es\/dptoinformatica\/files\/2017\/03\/Mundodelossuenos-36x22.jpg 36w, https:\/\/blogsaverroes.juntadeandalucia.es\/dptoinformatica\/files\/2017\/03\/Mundodelossuenos-48x30.jpg 48w, https:\/\/blogsaverroes.juntadeandalucia.es\/dptoinformatica\/files\/2017\/03\/Mundodelossuenos.jpg 401w\" sizes=\"(max-width: 300px) 100vw, 300px\" \/><\/a><\/td>\n<td>&nbsp;<\/p>\n<p style=\"text-align: center\">El mundo de los sue\u00f1os<\/p>\n<\/td>\n<\/tr>\n<tr>\n<td><a href=\"https:\/\/gypsyweeds.wordpress.com\/\" target=\"_blank\" rel=\"noopener noreferrer\"><img loading=\"lazy\" decoding=\"async\" class=\"aligncenter wp-image-103 size-medium\" src=\"http:\/\/blogsaverroes.juntadeandalucia.es\/dptoinformatica\/files\/2017\/03\/Gypsyweeds-300x185.jpg\" width=\"300\" height=\"185\" srcset=\"https:\/\/blogsaverroes.juntadeandalucia.es\/dptoinformatica\/files\/2017\/03\/Gypsyweeds-300x185.jpg 300w, https:\/\/blogsaverroes.juntadeandalucia.es\/dptoinformatica\/files\/2017\/03\/Gypsyweeds-24x15.jpg 24w, https:\/\/blogsaverroes.juntadeandalucia.es\/dptoinformatica\/files\/2017\/03\/Gypsyweeds-36x22.jpg 36w, https:\/\/blogsaverroes.juntadeandalucia.es\/dptoinformatica\/files\/2017\/03\/Gypsyweeds-48x30.jpg 48w, https:\/\/blogsaverroes.juntadeandalucia.es\/dptoinformatica\/files\/2017\/03\/Gypsyweeds.jpg 401w\" sizes=\"(max-width: 300px) 100vw, 300px\" \/><\/a><\/td>\n<td>&nbsp;<\/p>\n<p style=\"text-align: center\">Gypsy Weeds<\/p>\n<\/td>\n<\/tr>\n<tr>\n<td><a href=\"https:\/\/gymtonic2017.wordpress.com\/\" target=\"_blank\" rel=\"noopener noreferrer\"><img loading=\"lazy\" decoding=\"async\" class=\"aligncenter wp-image-100 size-medium\" src=\"http:\/\/blogsaverroes.juntadeandalucia.es\/dptoinformatica\/files\/2017\/03\/Gimtonic-300x185.jpg\" width=\"300\" height=\"185\" srcset=\"https:\/\/blogsaverroes.juntadeandalucia.es\/dptoinformatica\/files\/2017\/03\/Gimtonic-300x185.jpg 300w, https:\/\/blogsaverroes.juntadeandalucia.es\/dptoinformatica\/files\/2017\/03\/Gimtonic-24x15.jpg 24w, https:\/\/blogsaverroes.juntadeandalucia.es\/dptoinformatica\/files\/2017\/03\/Gimtonic-36x22.jpg 36w, https:\/\/blogsaverroes.juntadeandalucia.es\/dptoinformatica\/files\/2017\/03\/Gimtonic-48x30.jpg 48w, https:\/\/blogsaverroes.juntadeandalucia.es\/dptoinformatica\/files\/2017\/03\/Gimtonic.jpg 401w\" sizes=\"(max-width: 300px) 100vw, 300px\" \/><\/a><\/td>\n<td>&nbsp;<\/p>\n<p style=\"text-align: center\">Gimnasio Gymtonic<\/p>\n<\/td>\n<\/tr>\n<tr>\n<td><a href=\"https:\/\/mundonarcos.wordpress.com\/\" target=\"_blank\" rel=\"noopener noreferrer\"><img loading=\"lazy\" decoding=\"async\" class=\"aligncenter wp-image-108 size-medium\" src=\"http:\/\/blogsaverroes.juntadeandalucia.es\/dptoinformatica\/files\/2017\/03\/Mundonarcos-300x185.jpg\" width=\"300\" height=\"185\" srcset=\"https:\/\/blogsaverroes.juntadeandalucia.es\/dptoinformatica\/files\/2017\/03\/Mundonarcos-300x185.jpg 300w, https:\/\/blogsaverroes.juntadeandalucia.es\/dptoinformatica\/files\/2017\/03\/Mundonarcos-24x15.jpg 24w, https:\/\/blogsaverroes.juntadeandalucia.es\/dptoinformatica\/files\/2017\/03\/Mundonarcos-36x22.jpg 36w, https:\/\/blogsaverroes.juntadeandalucia.es\/dptoinformatica\/files\/2017\/03\/Mundonarcos-48x30.jpg 48w, https:\/\/blogsaverroes.juntadeandalucia.es\/dptoinformatica\/files\/2017\/03\/Mundonarcos.jpg 401w\" sizes=\"(max-width: 300px) 100vw, 300px\" \/><\/a><\/td>\n<td>&nbsp;<\/p>\n<p style=\"text-align: center\">Mundo Narcos<\/p>\n<\/td>\n<\/tr>\n<\/tbody>\n<\/table>\n","protected":false},"excerpt":{"rendered":"<p>Creaci\u00f3n de la web de prueba Registro: Accede a la p\u00e1gina de WordPress y Reg\u00edstrate con un plan gratuito. Se te enviar\u00e1 un correo electr\u00f3nico para activar tu sitio de WordPress. Accede a tu&#46;&#46;&#46;<\/p>\n","protected":false},"author":3642,"featured_media":0,"parent":0,"menu_order":0,"comment_status":"closed","ping_status":"closed","template":"","meta":{"ngg_post_thumbnail":0,"footnotes":""},"aioseo_notices":[],"_links":{"self":[{"href":"https:\/\/blogsaverroes.juntadeandalucia.es\/dptoinformatica\/wp-json\/wp\/v2\/pages\/124"}],"collection":[{"href":"https:\/\/blogsaverroes.juntadeandalucia.es\/dptoinformatica\/wp-json\/wp\/v2\/pages"}],"about":[{"href":"https:\/\/blogsaverroes.juntadeandalucia.es\/dptoinformatica\/wp-json\/wp\/v2\/types\/page"}],"author":[{"embeddable":true,"href":"https:\/\/blogsaverroes.juntadeandalucia.es\/dptoinformatica\/wp-json\/wp\/v2\/users\/3642"}],"replies":[{"embeddable":true,"href":"https:\/\/blogsaverroes.juntadeandalucia.es\/dptoinformatica\/wp-json\/wp\/v2\/comments?post=124"}],"version-history":[{"count":18,"href":"https:\/\/blogsaverroes.juntadeandalucia.es\/dptoinformatica\/wp-json\/wp\/v2\/pages\/124\/revisions"}],"predecessor-version":[{"id":504,"href":"https:\/\/blogsaverroes.juntadeandalucia.es\/dptoinformatica\/wp-json\/wp\/v2\/pages\/124\/revisions\/504"}],"wp:attachment":[{"href":"https:\/\/blogsaverroes.juntadeandalucia.es\/dptoinformatica\/wp-json\/wp\/v2\/media?parent=124"}],"curies":[{"name":"wp","href":"https:\/\/api.w.org\/{rel}","templated":true}]}}