{"id":149,"date":"2019-03-08T11:55:40","date_gmt":"2019-03-08T11:55:40","guid":{"rendered":"http:\/\/blogsaverroes.juntadeandalucia.es\/dptoinformatica\/?page_id=149"},"modified":"2020-09-14T09:51:36","modified_gmt":"2020-09-14T09:51:36","slug":"edicion-de-audio-con-audacity","status":"publish","type":"page","link":"https:\/\/blogsaverroes.juntadeandalucia.es\/dptoinformatica\/edicion-de-audio-con-audacity\/","title":{"rendered":"Edici\u00f3n de audio con Audacity"},"content":{"rendered":"<p><img loading=\"lazy\" decoding=\"async\" class=\" wp-image-285 aligncenter\" src=\"https:\/\/blogsaverroes.juntadeandalucia.es\/dptoinformatica\/files\/2019\/09\/audacity.jpeg\" alt=\"\" width=\"207\" height=\"75\" srcset=\"https:\/\/blogsaverroes.juntadeandalucia.es\/dptoinformatica\/files\/2019\/09\/audacity.jpeg 372w, https:\/\/blogsaverroes.juntadeandalucia.es\/dptoinformatica\/files\/2019\/09\/audacity-300x109.jpeg 300w, https:\/\/blogsaverroes.juntadeandalucia.es\/dptoinformatica\/files\/2019\/09\/audacity-24x9.jpeg 24w, https:\/\/blogsaverroes.juntadeandalucia.es\/dptoinformatica\/files\/2019\/09\/audacity-36x13.jpeg 36w, https:\/\/blogsaverroes.juntadeandalucia.es\/dptoinformatica\/files\/2019\/09\/audacity-48x17.jpeg 48w\" sizes=\"(max-width: 207px) 100vw, 207px\" \/><\/p>\n<ol>\n<li>Ventana principal<\/li>\n<li>Proyectos &#8211; Crear, abrir y guardar<\/li>\n<li>Importar archivos de audio<\/li>\n<li>Pistas de audio y forma de onda<\/li>\n<li>Reproduciendo y grabando<\/li>\n<li>Exportando archivos de audio<\/li>\n<li>Editando\n<ul>\n<li>Herramienta zoom<\/li>\n<li>Seleccionando audio<\/li>\n<li>Herramienta de recorte<\/li>\n<li>Herramienta de envolvente (vol\u00famenes)<\/li>\n<li>Mezclando pistas de audio<\/li>\n<li>Herramienta de desplazamiento en el tiempo<\/li>\n<li>Efectos<\/li>\n<\/ul>\n<\/li>\n<\/ol>\n<h3 style=\"text-align: center\"><span style=\"text-decoration: underline\"><em><strong>Documentos:<\/strong><\/em><\/span><\/h3>\n<p><a href=\"https:\/\/blogsaverroes.juntadeandalucia.es\/dptoinformatica\/files\/2019\/10\/rock.mp3\" target=\"_blank\" rel=\"noopener noreferrer\">Rock.mp3&nbsp;<\/a>&nbsp;&nbsp; &nbsp; &nbsp; &nbsp;&nbsp; <a href=\"https:\/\/blogsaverroes.juntadeandalucia.es\/dptoinformatica\/files\/2019\/10\/La-entrevista.pdf\" target=\"_blank\" rel=\"noopener noreferrer\">La Entrevista.pdf<\/a>&nbsp; &nbsp; &nbsp; &nbsp; &nbsp; <a href=\"https:\/\/blogsaverroes.juntadeandalucia.es\/dptoinformatica\/files\/2019\/10\/La-entrevista-recomendaciones.pdf\" target=\"_blank\" rel=\"noopener noreferrer\">La entrevista &#8211; recomendaciones.pdf<\/a><\/p>\n<p><a href=\"https:\/\/blogsaverroes.juntadeandalucia.es\/dptoinformatica\/files\/2019\/11\/Rese\u00f1a-de-lectura.pdf\" target=\"_blank\" rel=\"noopener noreferrer\">Rese\u00f1a de lectura<\/a><\/p>\n<h3 style=\"text-align: center\"><span style=\"text-decoration: underline\"><em><strong>Enlaces:<\/strong><\/em><\/span><\/h3>\n<p>FREE MUSIC ARCHIVE (FMA) es una biblioteca con m\u00fasica libre de derechos.<\/p>\n<p><a href=\"https:\/\/freemusicarchive.org\/genre\/Instrumental\" target=\"_blank\" rel=\"noopener noreferrer\">https:\/\/freemusicarchive.org\/genre\/Instrumental<\/a><\/p>\n<p>&nbsp;<\/p>\n<p><em><strong><span style=\"text-decoration: underline\">Ejercicio 1:<\/span><\/strong><\/em><\/p>\n<ul>\n<li style=\"list-style-type: none\">\n<ul>\n<li style=\"text-align: justify\">Guardar el proyecto con el nombre \u00abProyecto 1\u00bb<\/li>\n<li style=\"text-align: justify\">Recortar el audio \u00abRock.mp3\u00bb a los 25 segundos.<\/li>\n<li style=\"text-align: justify\">Desvanecer el volumen durante los \u00faltimos 5 segundos.<\/li>\n<li style=\"text-align: justify\">Exportar a mp3 (128 kbps) editando los metadatos: Artista (pon tu nombre), Nombre de pista (Ejercicio 1).<\/li>\n<\/ul>\n<\/li>\n<\/ul>\n<p style=\"text-align: justify\"><em><strong><span style=\"text-decoration: underline\">Ejercicio 2:<\/span><\/strong><\/em><\/p>\n<ul style=\"text-align: justify\">\n<li style=\"list-style-type: none\">\n<ul>\n<li>Guardar el proyecto con el nombre \u00abProyecto 2\u00bb<\/li>\n<li>Descargar de internet cinco sonidos (mp3) cortos.<\/li>\n<li>Realizar la mezcla del audio \u00abRock.mp3\u00bb con los otros sonidos de manera que todos suenen al mismo volumen.&nbsp;<\/li>\n<li>Exportar a mp3 (128 kbps) editando los metadatos: Artista (pon tu nombre), Nombre de pista (Ejercicio 2).<\/li>\n<\/ul>\n<\/li>\n<\/ul>\n<p style=\"text-align: justify\"><em><strong><span style=\"text-decoration: underline\">Ejercicio 3:<\/span><\/strong><\/em><\/p>\n<ul style=\"text-align: justify\">\n<li style=\"list-style-type: none\">\n<ul>\n<li>Guardar el proyecto con el nombre \u00abProyecto 3\u00bb<\/li>\n<li>Configurar el micr\u00f3fono adecuadamente.<\/li>\n<li>Grabar un poema.<\/li>\n<li>Realizar la mezcla del audio del poema con otro audio (m\u00fasica instrumental, por ejemplo). Comenzar\u00e1 la m\u00fasica durante unos segundos, tras los cuales se ir\u00e1 bajando el volumen de manera que cuando se escuche la primera estrofa la m\u00fasica ya est\u00e9 a un volumen m\u00e1s bajo. Cuando se termina la primera estrofa se subir\u00e1 de nuevo el volumen de la m\u00fasica&#8230;<\/li>\n<li>Exportar a mp3 (128 kbps) editando los metadatos: Artista (pon tu nombre), Nombre de pista (Ejercicio 3).<\/li>\n<\/ul>\n<\/li>\n<\/ul>\n<p style=\"text-align: justify\"><em><strong><span style=\"text-decoration: underline\">Ejercicio 4:<\/span><\/strong><\/em><\/p>\n<ul>\n<li style=\"list-style-type: none\">\n<ul>\n<li style=\"text-align: justify\">Guardar el proyecto con el nombre \u00abProyecto 4\u00bb<\/li>\n<li style=\"text-align: justify\">Realizar una mezcla de audios para simular una situaci\u00f3n sonora real.<\/li>\n<li style=\"text-align: justify\">Exportar a mp3 (128 kbps) editando los metadatos: Artista (pon tu nombre), Nombre de pista (Ejercicio 4).<\/li>\n<\/ul>\n<\/li>\n<\/ul>\n<p><strong><span style=\"text-decoration: underline\"><em>Ejercicio 5:<\/em><\/span><\/strong><\/p>\n<ul>\n<li style=\"list-style-type: none\">\n<ul>\n<li>Guardar el proyecto con el nombre \u00abProyecto 5\u00bb<\/li>\n<li>Configurar el micr\u00f3fono adecuadamente.<\/li>\n<li>Grabar una rese\u00f1a de lectura, siguiendo las indicaciones del documento \u00abRese\u00f1a de lectura\u00bb.<\/li>\n<li>Exportar a mp3 (128 kbps) editando los metadatos: Artista (pon tu nombre), Nombre de pista (Ejercicio 5).<\/li>\n<\/ul>\n<\/li>\n<\/ul>\n<ul>\n<li style=\"list-style-type: none\">&nbsp;<\/li>\n<\/ul>\n","protected":false},"excerpt":{"rendered":"<p>Ventana principal Proyectos &#8211; Crear, abrir y guardar Importar archivos de audio Pistas de audio y forma de onda Reproduciendo y grabando Exportando archivos de audio Editando Herramienta zoom Seleccionando audio Herramienta de recorte&#46;&#46;&#46;<\/p>\n","protected":false},"author":3642,"featured_media":0,"parent":0,"menu_order":0,"comment_status":"closed","ping_status":"closed","template":"","meta":{"ngg_post_thumbnail":0,"footnotes":""},"aioseo_notices":[],"_links":{"self":[{"href":"https:\/\/blogsaverroes.juntadeandalucia.es\/dptoinformatica\/wp-json\/wp\/v2\/pages\/149"}],"collection":[{"href":"https:\/\/blogsaverroes.juntadeandalucia.es\/dptoinformatica\/wp-json\/wp\/v2\/pages"}],"about":[{"href":"https:\/\/blogsaverroes.juntadeandalucia.es\/dptoinformatica\/wp-json\/wp\/v2\/types\/page"}],"author":[{"embeddable":true,"href":"https:\/\/blogsaverroes.juntadeandalucia.es\/dptoinformatica\/wp-json\/wp\/v2\/users\/3642"}],"replies":[{"embeddable":true,"href":"https:\/\/blogsaverroes.juntadeandalucia.es\/dptoinformatica\/wp-json\/wp\/v2\/comments?post=149"}],"version-history":[{"count":42,"href":"https:\/\/blogsaverroes.juntadeandalucia.es\/dptoinformatica\/wp-json\/wp\/v2\/pages\/149\/revisions"}],"predecessor-version":[{"id":626,"href":"https:\/\/blogsaverroes.juntadeandalucia.es\/dptoinformatica\/wp-json\/wp\/v2\/pages\/149\/revisions\/626"}],"wp:attachment":[{"href":"https:\/\/blogsaverroes.juntadeandalucia.es\/dptoinformatica\/wp-json\/wp\/v2\/media?parent=149"}],"curies":[{"name":"wp","href":"https:\/\/api.w.org\/{rel}","templated":true}]}}