{"id":190,"date":"2019-04-10T10:35:24","date_gmt":"2019-04-10T10:35:24","guid":{"rendered":"http:\/\/blogsaverroes.juntadeandalucia.es\/dptoinformatica\/?page_id=190"},"modified":"2020-02-08T18:39:45","modified_gmt":"2020-02-08T18:39:45","slug":"guadalinex-y-software-libre","status":"publish","type":"page","link":"https:\/\/blogsaverroes.juntadeandalucia.es\/dptoinformatica\/guadalinex-y-software-libre\/","title":{"rendered":"LibreOffice y Software Libre"},"content":{"rendered":"<table class=\" aligncenter\" style=\"height: 90px;width: 494px\">\n<tbody>\n<tr style=\"height: 12px\">\n<td style=\"width: 253.933px;height: 12px\"><a href=\"https:\/\/osl.ugr.es\/\" target=\"_blank\" rel=\"noopener noreferrer\"><img loading=\"lazy\" decoding=\"async\" class=\"aligncenter wp-image-452 size-full\" title=\"Oficina de Software Libre - Universidad de Granada\" src=\"https:\/\/blogsaverroes.juntadeandalucia.es\/dptoinformatica\/files\/2020\/02\/ugr.png\" alt=\"\" width=\"290\" height=\"90\" srcset=\"https:\/\/blogsaverroes.juntadeandalucia.es\/dptoinformatica\/files\/2020\/02\/ugr.png 290w, https:\/\/blogsaverroes.juntadeandalucia.es\/dptoinformatica\/files\/2020\/02\/ugr-24x7.png 24w, https:\/\/blogsaverroes.juntadeandalucia.es\/dptoinformatica\/files\/2020\/02\/ugr-36x11.png 36w, https:\/\/blogsaverroes.juntadeandalucia.es\/dptoinformatica\/files\/2020\/02\/ugr-48x15.png 48w\" sizes=\"(max-width: 290px) 100vw, 290px\" \/><\/a><\/td>\n<td style=\"width: 224.067px;height: 12px;text-align: center\"><a href=\"https:\/\/osl.ugr.es\/\" target=\"_blank\" rel=\"noopener noreferrer\"><img loading=\"lazy\" decoding=\"async\" class=\"aligncenter wp-image-451 size-full\" title=\"Oficina de Software Libre - Universidad de Granada\" src=\"https:\/\/blogsaverroes.juntadeandalucia.es\/dptoinformatica\/files\/2020\/02\/osl.png\" alt=\"\" width=\"296\" height=\"89\" srcset=\"https:\/\/blogsaverroes.juntadeandalucia.es\/dptoinformatica\/files\/2020\/02\/osl.png 296w, https:\/\/blogsaverroes.juntadeandalucia.es\/dptoinformatica\/files\/2020\/02\/osl-24x7.png 24w, https:\/\/blogsaverroes.juntadeandalucia.es\/dptoinformatica\/files\/2020\/02\/osl-36x11.png 36w, https:\/\/blogsaverroes.juntadeandalucia.es\/dptoinformatica\/files\/2020\/02\/osl-48x14.png 48w\" sizes=\"(max-width: 296px) 100vw, 296px\" \/><\/a><\/td>\n<\/tr>\n<\/tbody>\n<\/table>\n<p>&nbsp;<\/p>\n<p><a href=\"https:\/\/es.libreoffice.org\/\" target=\"_blank\" rel=\"noopener noreferrer\"><img loading=\"lazy\" decoding=\"async\" class=\"alignnone wp-image-271\" title=\"P\u00e1gina de LibreOffice\" src=\"https:\/\/blogsaverroes.juntadeandalucia.es\/dptoinformatica\/files\/2019\/09\/logo-libreoffice.jpg\" alt=\"\" width=\"305\" height=\"78\" srcset=\"https:\/\/blogsaverroes.juntadeandalucia.es\/dptoinformatica\/files\/2019\/09\/logo-libreoffice.jpg 661w, https:\/\/blogsaverroes.juntadeandalucia.es\/dptoinformatica\/files\/2019\/09\/logo-libreoffice-300x77.jpg 300w, https:\/\/blogsaverroes.juntadeandalucia.es\/dptoinformatica\/files\/2019\/09\/logo-libreoffice-24x6.jpg 24w, https:\/\/blogsaverroes.juntadeandalucia.es\/dptoinformatica\/files\/2019\/09\/logo-libreoffice-36x9.jpg 36w, https:\/\/blogsaverroes.juntadeandalucia.es\/dptoinformatica\/files\/2019\/09\/logo-libreoffice-48x12.jpg 48w\" sizes=\"(max-width: 305px) 100vw, 305px\" \/><\/a><\/p>\n<ul class=\"ul_cabecera\">\n<li><a href=\"https:\/\/blogsaverroes.juntadeandalucia.es\/dptoinformatica\/files\/2019\/09\/GS5201-IntroduccionLibreOffice.pdf\" target=\"_blank\" rel=\"noopener noreferrer\">Introducci\u00f3n a LibreOffice<\/a><\/li>\n<li><a href=\"https:\/\/blogsaverroes.juntadeandalucia.es\/dptoinformatica\/files\/2019\/09\/GS5202-ConfigurarLibreOffice.pdf\" target=\"_blank\" rel=\"noopener noreferrer\">Configurar LibreOffice<\/a><\/li>\n<li><a href=\"https:\/\/blogsaverroes.juntadeandalucia.es\/dptoinformatica\/files\/2019\/09\/GS5203-EstilosyPlantillas.pdf\" target=\"_blank\" rel=\"noopener noreferrer\">Estilos y Plantillas<\/a><\/li>\n<li><a href=\"https:\/\/blogsaverroes.juntadeandalucia.es\/dptoinformatica\/files\/2019\/09\/GS6211-GaleriaGraficosFontwork.pdf\" target=\"_blank\" rel=\"noopener noreferrer\">Galeria de Gr\u00e1ficos Fontwork<\/a><\/li>\n<li><a href=\"https:\/\/blogsaverroes.juntadeandalucia.es\/dptoinformatica\/files\/2019\/09\/GS5215-AtajosDeTeclado.pdf\" target=\"_blank\" rel=\"noopener noreferrer\">Atajos de Teclado<\/a><\/li>\n<li><a href=\"https:\/\/blogsaverroes.juntadeandalucia.es\/dptoinformatica\/files\/2019\/09\/GS5216-OpenSourceStandardDoc.pdf\" target=\"_blank\" rel=\"noopener noreferrer\">Open Source Standard Doc<\/a><\/li>\n<\/ul>\n<p>&nbsp;<\/p>\n<p style=\"text-align: center\"><a title=\"Instalaci\u00f3n de Guadalinex EDU\" href=\"http:\/\/www.guadalinexedu.org\/portal\/\" target=\"_blank\" rel=\"noopener noreferrer\"><img loading=\"lazy\" decoding=\"async\" class=\"alignleft\" title=\"P\u00e1gina de Guadalinex Edu\" src=\"http:\/\/www.iesmontesorientales.es\/images\/guadalinex.png\" alt=\"\" width=\"307\" height=\"78\" border=\"0\"><\/a><\/p>\n<p>&nbsp;<\/p>\n<p>&nbsp;<\/p>\n<p style=\"text-align: left\"><em>(pulse para acceder a la p\u00e1gina de <a href=\"http:\/\/www.guadalinexedu.org\/portal\/\" target=\"_blank\" rel=\"noopener noreferrer\">Guadalinex EDU<\/a>)<\/em><\/p>\n<ul class=\"ul_cabecera\">\n<li>Guadalinex EDU, es un Sistema Operativo creado para la comunidad educativa.<\/li>\n<li>Es cien por cien libre para disfrutarlo y para compartirlo.<\/li>\n<\/ul>\n<p>A continuaci\u00f3n se facilitan enlaces para la descarga de Software Libre instalable en Linux o Windows:<\/p>\n<ul>\n<li>Paquete ofim\u00e1tico <a href=\"https:\/\/es.libreoffice.org\/\" target=\"_blank\" rel=\"noopener noreferrer\">LibreOffice<\/a><\/li>\n<li>Paquete ofim\u00e1tico <a href=\"https:\/\/www.openoffice.org\/es\/\" target=\"_blank\" rel=\"noopener noreferrer\">OpenOffice<\/a><\/li>\n<li>Editor de im\u00e1genes <a href=\"http:\/\/www.gimp.org.es\/descargar-gimp.html\" target=\"_blank\" rel=\"noopener noreferrer\">GIMP<\/a>\n<ul>\n<li>Manual de Gimp: <a href=\"http:\/\/www.imh.es\/es\/comunicacion\/dokumentazio-irekia\/manuales\/curso-de-tratamiento-de-imagenes-con-gimp\" target=\"_blank\" rel=\"noopener noreferrer\"><em>Curso de Gimp<\/em><\/a><\/li>\n<\/ul>\n<\/li>\n<li>Editor de audio <a href=\"http:\/\/www.audacityteam.org\/\" target=\"_blank\" rel=\"noopener noreferrer\">AUDACITY<\/a><\/li>\n<li>Code::Blocks\n<ul>\n<li><a href=\"https:\/\/sourceforge.net\/projects\/codeblocks\/files\/Binaries\/16.01\/Windows\/codeblocks-16.01mingw-setup.exe\/download\" target=\"_blank\" rel=\"noopener noreferrer\">Windows<\/a><\/li>\n<\/ul>\n<\/li>\n<\/ul>\n","protected":false},"excerpt":{"rendered":"<p>&nbsp; Introducci\u00f3n a LibreOffice Configurar LibreOffice Estilos y Plantillas Galeria de Gr\u00e1ficos Fontwork Atajos de Teclado Open Source Standard Doc &nbsp; &nbsp; &nbsp; (pulse para acceder a la p\u00e1gina de Guadalinex EDU) Guadalinex EDU,&#46;&#46;&#46;<\/p>\n","protected":false},"author":3642,"featured_media":0,"parent":0,"menu_order":0,"comment_status":"closed","ping_status":"closed","template":"","meta":{"ngg_post_thumbnail":0,"footnotes":""},"aioseo_notices":[],"_links":{"self":[{"href":"https:\/\/blogsaverroes.juntadeandalucia.es\/dptoinformatica\/wp-json\/wp\/v2\/pages\/190"}],"collection":[{"href":"https:\/\/blogsaverroes.juntadeandalucia.es\/dptoinformatica\/wp-json\/wp\/v2\/pages"}],"about":[{"href":"https:\/\/blogsaverroes.juntadeandalucia.es\/dptoinformatica\/wp-json\/wp\/v2\/types\/page"}],"author":[{"embeddable":true,"href":"https:\/\/blogsaverroes.juntadeandalucia.es\/dptoinformatica\/wp-json\/wp\/v2\/users\/3642"}],"replies":[{"embeddable":true,"href":"https:\/\/blogsaverroes.juntadeandalucia.es\/dptoinformatica\/wp-json\/wp\/v2\/comments?post=190"}],"version-history":[{"count":20,"href":"https:\/\/blogsaverroes.juntadeandalucia.es\/dptoinformatica\/wp-json\/wp\/v2\/pages\/190\/revisions"}],"predecessor-version":[{"id":461,"href":"https:\/\/blogsaverroes.juntadeandalucia.es\/dptoinformatica\/wp-json\/wp\/v2\/pages\/190\/revisions\/461"}],"wp:attachment":[{"href":"https:\/\/blogsaverroes.juntadeandalucia.es\/dptoinformatica\/wp-json\/wp\/v2\/media?parent=190"}],"curies":[{"name":"wp","href":"https:\/\/api.w.org\/{rel}","templated":true}]}}