{"id":195,"date":"2019-04-10T10:39:38","date_gmt":"2019-04-10T10:39:38","guid":{"rendered":"http:\/\/blogsaverroes.juntadeandalucia.es\/dptoinformatica\/?page_id=195"},"modified":"2020-11-18T09:07:12","modified_gmt":"2020-11-18T09:07:12","slug":"edicion-de-video","status":"publish","type":"page","link":"https:\/\/blogsaverroes.juntadeandalucia.es\/dptoinformatica\/edicion-de-video\/","title":{"rendered":"Edici\u00f3n de v\u00eddeo con OpenShot"},"content":{"rendered":"<p><img loading=\"lazy\" decoding=\"async\" class=\"size-full wp-image-288 aligncenter\" src=\"https:\/\/blogsaverroes.juntadeandalucia.es\/dptoinformatica\/files\/2019\/09\/openshot.jpeg\" alt=\"\" width=\"310\" height=\"163\" srcset=\"https:\/\/blogsaverroes.juntadeandalucia.es\/dptoinformatica\/files\/2019\/09\/openshot.jpeg 310w, https:\/\/blogsaverroes.juntadeandalucia.es\/dptoinformatica\/files\/2019\/09\/openshot-300x158.jpeg 300w, https:\/\/blogsaverroes.juntadeandalucia.es\/dptoinformatica\/files\/2019\/09\/openshot-24x13.jpeg 24w, https:\/\/blogsaverroes.juntadeandalucia.es\/dptoinformatica\/files\/2019\/09\/openshot-36x19.jpeg 36w, https:\/\/blogsaverroes.juntadeandalucia.es\/dptoinformatica\/files\/2019\/09\/openshot-48x25.jpeg 48w\" sizes=\"(max-width: 310px) 100vw, 310px\" \/><\/p>\n<ol>\n<li>Ventana principal<\/li>\n<li>Proyectos &#8211; Crear, abrir y guardar<\/li>\n<li>Importar archivos &#8211; Audio, v\u00eddeo e im\u00e1genes<\/li>\n<li>Agregar archivos a la l\u00ednea de tiempo<\/li>\n<li>Movimiento y ajuste de clips en la l\u00ednea de tiempo\n<ul>\n<li>Barra de herramientas de edici\u00f3n<\/li>\n<li>Mover un clip (herramienta flecha)<\/li>\n<li>Herramienta de corte<\/li>\n<li>Herramienta de tama\u00f1o<\/li>\n<li>Herramienta de ajuste<\/li>\n<li>A\u00f1adir marcador<\/li>\n<\/ul>\n<\/li>\n<li>Opciones del clip (bot\u00f3n derecho)\n<ul>\n<li>Duplicar clip<\/li>\n<li>Atenuar<\/li>\n<li>Animar<\/li>\n<li>Dise\u00f1o<\/li>\n<li>Separar el audio del v\u00eddeo<\/li>\n<\/ul>\n<\/li>\n<li>Propiedades del clip\n<ul>\n<li>Velocidad<\/li>\n<li>Distribuci\u00f3n (superposici\u00f3n de v\u00eddeos)<\/li>\n<li>Audio (fundido de entrada y salida)<\/li>\n<li>V\u00eddeo (fundido de entrada y salida)<\/li>\n<\/ul>\n<\/li>\n<li>Editor de T\u00edtulo<\/li>\n<li>Transiciones\n<ul>\n<li>A\u00f1adir transici\u00f3n<\/li>\n<li>Mover transici\u00f3n<\/li>\n<li>Borrar transici\u00f3n<\/li>\n<\/ul>\n<\/li>\n<li>Efectos\n<ul>\n<li>Agregar efectos<\/li>\n<li>Configurar efectos<\/li>\n<li>Eliminar efectos<\/li>\n<\/ul>\n<\/li>\n<li>Exportar V\u00eddeo\n<ul>\n<li>Perfiles<\/li>\n<li>Formatos y codecs de Audio y V\u00eddeo<\/li>\n<\/ul>\n<\/li>\n<\/ol>\n<div>&nbsp;<\/div>\n<p><strong>Ejercicio 1:<\/strong><\/p>\n<ul>\n<li style=\"list-style-type: none\">\n<ul>\n<li>Guardar el proyecto con el nombre \u00abProyecto 1\u00bb<\/li>\n<li>A\u00f1adir el video \u00abCuc\u00fa.mp4\u00bb y el audio \u00abRock.mp3\u00bb al proyecto<\/li>\n<li>Silenciar el audio del video.<\/li>\n<li>Atenuar el video al comienzo y al final.<\/li>\n<li>Recortar el audio \u00abRock.mp3\u00bb a los 8 segundos.<\/li>\n<li>Recortar el audio \u00abRock.mp3\u00bb para que coincida con el final del video.<\/li>\n<li>Atenuar el volumen del audio al comienzo y al final.<\/li>\n<li>A\u00f1adir un t\u00edtulo al comienzo del video con el texto \u00abCuc\u00fa&#8230; se va de marcha\u00bb y atenuarlo al principio y al final.<\/li>\n<li>Exportar el video con el nombre \u00abCuc\u00fa\u00bb en formato DVD PAL.<\/li>\n<\/ul>\n<\/li>\n<\/ul>\n<p><strong>Ejercicio 2:<\/strong><\/p>\n<ul>\n<li style=\"list-style-type: none\">\n<ul>\n<li>Guardar el proyecto con el nombre \u00abProyecto 2\u00bb<\/li>\n<li>A\u00f1ade video a tu poema. Debe de tener el mismo significado que el poema.<\/li>\n<li>Atenuar el video al comienzo y al final.<\/li>\n<li>A\u00f1adir un t\u00edtulo al comienzo del video con el t\u00edtulo del poema y atenuarlo al principio y al final.<\/li>\n<li>Exportar el video con el nombre \u00abProyecto 2\u00bb en formato DVD PAL.<\/li>\n<\/ul>\n<\/li>\n<\/ul>\n<p><strong>Ejercicio 3:<\/strong><\/p>\n<ul>\n<li style=\"list-style-type: none\">\n<ul>\n<li>Guardar el proyecto con el nombre \u00abProyecto 3\u00bb<\/li>\n<li>Realiza un documental sobre alg\u00fan aspecto relacionado con la pandemia.<\/li>\n<li>Debes utilizar v\u00eddeos con transiciones.<\/li>\n<li>Comenzar con una presentaci\u00f3n donde aparezca el t\u00edtulo del documental y atenuarlo al principio y al final.<\/li>\n<li>Terminar con tu nombre, el nombre del Centro, el curso escolar y la asignatura.<\/li>\n<li>A\u00f1ade tu grabaci\u00f3n como narrador, con m\u00fasica bajita.<\/li>\n<li>Exportar el video con el nombre \u00abProyecto 3\u00bb en formato DVD PAL.<\/li>\n<\/ul>\n<\/li>\n<\/ul>\n","protected":false},"excerpt":{"rendered":"<p>Ventana principal Proyectos &#8211; Crear, abrir y guardar Importar archivos &#8211; Audio, v\u00eddeo e im\u00e1genes Agregar archivos a la l\u00ednea de tiempo Movimiento y ajuste de clips en la l\u00ednea de tiempo Barra de&#46;&#46;&#46;<\/p>\n","protected":false},"author":3642,"featured_media":0,"parent":0,"menu_order":0,"comment_status":"closed","ping_status":"closed","template":"","meta":{"ngg_post_thumbnail":0,"footnotes":""},"aioseo_notices":[],"_links":{"self":[{"href":"https:\/\/blogsaverroes.juntadeandalucia.es\/dptoinformatica\/wp-json\/wp\/v2\/pages\/195"}],"collection":[{"href":"https:\/\/blogsaverroes.juntadeandalucia.es\/dptoinformatica\/wp-json\/wp\/v2\/pages"}],"about":[{"href":"https:\/\/blogsaverroes.juntadeandalucia.es\/dptoinformatica\/wp-json\/wp\/v2\/types\/page"}],"author":[{"embeddable":true,"href":"https:\/\/blogsaverroes.juntadeandalucia.es\/dptoinformatica\/wp-json\/wp\/v2\/users\/3642"}],"replies":[{"embeddable":true,"href":"https:\/\/blogsaverroes.juntadeandalucia.es\/dptoinformatica\/wp-json\/wp\/v2\/comments?post=195"}],"version-history":[{"count":10,"href":"https:\/\/blogsaverroes.juntadeandalucia.es\/dptoinformatica\/wp-json\/wp\/v2\/pages\/195\/revisions"}],"predecessor-version":[{"id":655,"href":"https:\/\/blogsaverroes.juntadeandalucia.es\/dptoinformatica\/wp-json\/wp\/v2\/pages\/195\/revisions\/655"}],"wp:attachment":[{"href":"https:\/\/blogsaverroes.juntadeandalucia.es\/dptoinformatica\/wp-json\/wp\/v2\/media?parent=195"}],"curies":[{"name":"wp","href":"https:\/\/api.w.org\/{rel}","templated":true}]}}