{"id":203,"date":"2019-05-24T11:38:42","date_gmt":"2019-05-24T11:38:42","guid":{"rendered":"http:\/\/blogsaverroes.juntadeandalucia.es\/dptoinformatica\/?page_id=203"},"modified":"2022-03-08T18:40:26","modified_gmt":"2022-03-08T18:40:26","slug":"arduino-en-el-aula","status":"publish","type":"page","link":"https:\/\/blogsaverroes.juntadeandalucia.es\/dptoinformatica\/arduino-en-el-aula\/","title":{"rendered":"Arduino en el aula"},"content":{"rendered":"<table class=\" aligncenter\" style=\"width: 787px;height: 269px\">\n<tbody>\n<tr>\n<td style=\"width: 387px\"><img loading=\"lazy\" decoding=\"async\" class=\"alignnone wp-image-221\" src=\"https:\/\/blogsaverroes.juntadeandalucia.es\/dptoinformatica\/files\/2019\/05\/Arduino-1024x715.jpg\" alt=\"\" width=\"368\" height=\"257\" srcset=\"https:\/\/blogsaverroes.juntadeandalucia.es\/dptoinformatica\/files\/2019\/05\/Arduino.jpg 1024w, https:\/\/blogsaverroes.juntadeandalucia.es\/dptoinformatica\/files\/2019\/05\/Arduino-300x209.jpg 300w, https:\/\/blogsaverroes.juntadeandalucia.es\/dptoinformatica\/files\/2019\/05\/Arduino-768x536.jpg 768w, https:\/\/blogsaverroes.juntadeandalucia.es\/dptoinformatica\/files\/2019\/05\/Arduino-24x17.jpg 24w, https:\/\/blogsaverroes.juntadeandalucia.es\/dptoinformatica\/files\/2019\/05\/Arduino-36x25.jpg 36w, https:\/\/blogsaverroes.juntadeandalucia.es\/dptoinformatica\/files\/2019\/05\/Arduino-48x34.jpg 48w\" sizes=\"(max-width: 368px) 100vw, 368px\" \/><\/td>\n<td style=\"width: 383px\"><img loading=\"lazy\" decoding=\"async\" class=\" wp-image-526 aligncenter\" src=\"https:\/\/blogsaverroes.juntadeandalucia.es\/dptoinformatica\/files\/2020\/06\/arduino_logo.jpg\" alt=\"\" width=\"164\" height=\"114\" srcset=\"https:\/\/blogsaverroes.juntadeandalucia.es\/dptoinformatica\/files\/2020\/06\/arduino_logo.jpg 523w, https:\/\/blogsaverroes.juntadeandalucia.es\/dptoinformatica\/files\/2020\/06\/arduino_logo-300x209.jpg 300w, https:\/\/blogsaverroes.juntadeandalucia.es\/dptoinformatica\/files\/2020\/06\/arduino_logo-24x17.jpg 24w, https:\/\/blogsaverroes.juntadeandalucia.es\/dptoinformatica\/files\/2020\/06\/arduino_logo-36x25.jpg 36w, https:\/\/blogsaverroes.juntadeandalucia.es\/dptoinformatica\/files\/2020\/06\/arduino_logo-48x33.jpg 48w\" sizes=\"(max-width: 164px) 100vw, 164px\" \/><\/p>\n<p><a href=\"https:\/\/www.youtube.com\/playlist?list=PLJkk1L3HGsMkF6Cr1Zty99KUZP2T8hYL6\" target=\"_blank\" rel=\"noopener noreferrer\"><strong>Lista de reproducci\u00f3n de v\u00eddeos<\/strong><\/a><\/p>\n<p><a href=\"https:\/\/educacionadistancia.juntadeandalucia.es\/profesorado\/autoformacion\/course\/view.php?id=122&amp;section=2\" target=\"_blank\" rel=\"noopener noreferrer\"><strong>Curso Abierto: Arduino en el aula<\/strong><\/a>&nbsp; (Profesorado)<\/td>\n<\/tr>\n<\/tbody>\n<\/table>\n<table class=\" aligncenter\" style=\"width: 1017px;height: 236px\">\n<tbody>\n<tr>\n<td style=\"width: 496px\">\n<div style=\"text-align: left\"><strong>Arduino<\/strong><\/div>\n<ul>\n<li style=\"text-align: left\"><a href=\"https:\/\/blogsaverroes.juntadeandalucia.es\/dptoinformatica\/files\/2022\/03\/2.1.-\u00bfQue\u0301-es-Arduino_.pdf\" target=\"_blank\" rel=\"noopener noreferrer\">\u00bfQue\u0301 es Arduino?<\/a><\/li>\n<li style=\"text-align: left\"><a href=\"https:\/\/blogsaverroes.juntadeandalucia.es\/dptoinformatica\/files\/2022\/03\/2.2.-Conceptos-ba\u0301sicos-sobre-Arduino.-La-placa-Arduino-UNO.pdf\" target=\"_blank\" rel=\"noopener noreferrer\">Conceptos ba\u0301sicos sobre Arduino. La placa Arduino UNO<\/a><\/li>\n<li style=\"text-align: left\"><a href=\"https:\/\/blogsaverroes.juntadeandalucia.es\/dptoinformatica\/files\/2019\/05\/2.3.-Simulando-Arduino-online.pdf\" target=\"_blank\" rel=\"noopener noreferrer\">Simulando Arduino online<\/a><\/li>\n<li style=\"text-align: left\"><a href=\"https:\/\/blogsaverroes.juntadeandalucia.es\/dptoinformatica\/files\/2022\/03\/2.4.-IDE_-el-entorno-de-programacio\u0301n.pdf\" target=\"_blank\" rel=\"noopener noreferrer\">IDE: el entorno de programacio\u0301n<\/a><\/li>\n<li style=\"text-align: left\"><a href=\"https:\/\/blogsaverroes.juntadeandalucia.es\/dptoinformatica\/files\/2019\/05\/2.5.-\u00adHola-LED-Hola-Mundo-con-Arduino.pdf\" target=\"_blank\" rel=\"noopener noreferrer\">Hola LED! Hola Mundo con Arduino<\/a><\/li>\n<\/ul>\n<\/td>\n<td style=\"width: 503.1px\">\n<div style=\"text-align: left\"><strong>Montaje de circuitos<\/strong><\/div>\n<ul>\n<li style=\"text-align: left\"><a href=\"https:\/\/blogsaverroes.juntadeandalucia.es\/dptoinformatica\/files\/2019\/05\/3.1.-Montaje-de-circuitos-en-la-placa-de-prototipos.pdf\" target=\"_blank\" rel=\"noopener noreferrer\">Montaje de circuitos en la placa de prototipo<\/a><\/li>\n<li style=\"text-align: left\"><a href=\"https:\/\/blogsaverroes.juntadeandalucia.es\/dptoinformatica\/files\/2022\/03\/3.2.-Conocimientos-de-electricidad-y-electro\u0301nica-ba\u0301sicos.-Aplicacio\u0301n-pra\u0301ctica_-el-LED.pdf\" target=\"_blank\" rel=\"noopener noreferrer\">Conocimientos de electricidad y electro\u0301nica ba\u0301sicos. Aplicacio\u0301n pra\u0301ctica: el LED<\/a><\/li>\n<li style=\"text-align: left\"><a href=\"https:\/\/blogsaverroes.juntadeandalucia.es\/dptoinformatica\/files\/2019\/05\/3.3.-Salidas-y-dispositivos-digitales.pdf\" target=\"_blank\" rel=\"noopener noreferrer\">Salidas y dispositivos digitales<\/a><\/li>\n<li style=\"text-align: left\"><a href=\"https:\/\/blogsaverroes.juntadeandalucia.es\/dptoinformatica\/files\/2022\/03\/3.4.-Secuencias_-realizacio\u0301n-de-un-simulador-de-presencia.pdf\" target=\"_blank\" rel=\"noopener noreferrer\">Secuencias: realizacio\u0301n de un simulador de presencia<\/a><\/li>\n<li style=\"text-align: left\"><a href=\"https:\/\/blogsaverroes.juntadeandalucia.es\/dptoinformatica\/files\/2019\/05\/3.5.-Bucles-For_-aprendiendo-a-repetir.pdf\" target=\"_blank\" rel=\"noopener noreferrer\">Bucles For: aprendiendo a repetir<\/a><\/li>\n<li style=\"text-align: left\"><a href=\"https:\/\/blogsaverroes.juntadeandalucia.es\/dptoinformatica\/files\/2019\/05\/4.1.-Entradas-y-dispositivos-digitales.pdf\" target=\"_blank\" rel=\"noopener noreferrer\">Entradas y dispositivos digitales<\/a><\/li>\n<\/ul>\n<\/td>\n<\/tr>\n<\/tbody>\n<\/table>\n<p style=\"text-align: center\"><span style=\"text-decoration: underline\"><strong>PR\u00c1CTICAS<\/strong><\/span><\/p>\n<p><strong>Pr\u00e1ctica 1: Encender un LED<\/strong><\/p>\n<table class=\" aligncenter\" style=\"width: 904px\">\n<tbody>\n<tr>\n<td style=\"width: 403.933px\">Encender y apagar el LED a intervalos de un segundo.<\/td>\n<td style=\"width: 477.067px\"><a href=\"https:\/\/blogsaverroes.juntadeandalucia.es\/dptoinformatica\/files\/2020\/07\/led_panel.png\"><img loading=\"lazy\" decoding=\"async\" class=\"aligncenter wp-image-606\" src=\"https:\/\/blogsaverroes.juntadeandalucia.es\/dptoinformatica\/files\/2020\/07\/led_panel.png\" alt=\"\" width=\"320\" height=\"278\" srcset=\"https:\/\/blogsaverroes.juntadeandalucia.es\/dptoinformatica\/files\/2020\/07\/led_panel.png 679w, https:\/\/blogsaverroes.juntadeandalucia.es\/dptoinformatica\/files\/2020\/07\/led_panel-300x260.png 300w, https:\/\/blogsaverroes.juntadeandalucia.es\/dptoinformatica\/files\/2020\/07\/led_panel-24x21.png 24w, https:\/\/blogsaverroes.juntadeandalucia.es\/dptoinformatica\/files\/2020\/07\/led_panel-36x31.png 36w, https:\/\/blogsaverroes.juntadeandalucia.es\/dptoinformatica\/files\/2020\/07\/led_panel-48x42.png 48w\" sizes=\"(max-width: 320px) 100vw, 320px\" \/><\/a><\/td>\n<\/tr>\n<\/tbody>\n<\/table>\n<p><strong>Pr\u00e1ctica 2: Sem\u00e1foro<\/strong><\/p>\n<table class=\" aligncenter\" style=\"width: 884px;height: 306px\">\n<tbody>\n<tr style=\"height: 295.35px\">\n<td style=\"width: 394.933px;height: 295.35px\">Encender cada LED durante cinco segundos (Rojo, Naranja, Verde) en bucle.<\/p>\n<p><span style=\"text-decoration: underline\">Mejora<\/span>: Encender LED Rojo durante cinco segundos, despu\u00e9s encender el LED Verde durante cinco segundos y por \u00faltimo encender LED Naranja parpadeando a intervalos de medio segundo durante cinco segundos (seguir en bucle).<\/td>\n<td style=\"width: 472.067px;height: 295.35px\"><img loading=\"lazy\" decoding=\"async\" class=\"aligncenter wp-image-543\" src=\"https:\/\/blogsaverroes.juntadeandalucia.es\/dptoinformatica\/files\/2020\/06\/semaforo.png\" alt=\"\" width=\"466\" height=\"291\" srcset=\"https:\/\/blogsaverroes.juntadeandalucia.es\/dptoinformatica\/files\/2020\/06\/semaforo.png 725w, https:\/\/blogsaverroes.juntadeandalucia.es\/dptoinformatica\/files\/2020\/06\/semaforo-300x187.png 300w, https:\/\/blogsaverroes.juntadeandalucia.es\/dptoinformatica\/files\/2020\/06\/semaforo-24x15.png 24w, https:\/\/blogsaverroes.juntadeandalucia.es\/dptoinformatica\/files\/2020\/06\/semaforo-36x22.png 36w, https:\/\/blogsaverroes.juntadeandalucia.es\/dptoinformatica\/files\/2020\/06\/semaforo-48x30.png 48w\" sizes=\"(max-width: 466px) 100vw, 466px\" \/><\/td>\n<\/tr>\n<\/tbody>\n<\/table>\n<p><strong>Pr\u00e1ctica 3: Sem\u00e1foro con pulsador<\/strong><\/p>\n<table class=\" aligncenter\" style=\"width: 879px;height: 360px\">\n<tbody>\n<tr style=\"height: 17.7666px\">\n<td style=\"width: 426.817px;height: 17.7666px\">Sem\u00e1foro que se mantiene con el LED Rojo encendido hasta que se presione el pulsador, entonces se esperar\u00e1 dos segundos y se encender\u00e1 el LED Verde durante cinco segundos. Despu\u00e9s, encender LED Naranja parpadeando a intervalos de medio segundo durante cinco segundos y volver a encender el LED Rojo.<\/td>\n<td style=\"width: 433.183px;height: 17.7666px\"><img loading=\"lazy\" decoding=\"async\" class=\"aligncenter size-full wp-image-553\" src=\"https:\/\/blogsaverroes.juntadeandalucia.es\/dptoinformatica\/files\/2020\/06\/semaforo_pulsador.png\" alt=\"\" width=\"414\" height=\"351\" srcset=\"https:\/\/blogsaverroes.juntadeandalucia.es\/dptoinformatica\/files\/2020\/06\/semaforo_pulsador.png 414w, https:\/\/blogsaverroes.juntadeandalucia.es\/dptoinformatica\/files\/2020\/06\/semaforo_pulsador-300x254.png 300w, https:\/\/blogsaverroes.juntadeandalucia.es\/dptoinformatica\/files\/2020\/06\/semaforo_pulsador-24x20.png 24w, https:\/\/blogsaverroes.juntadeandalucia.es\/dptoinformatica\/files\/2020\/06\/semaforo_pulsador-36x31.png 36w, https:\/\/blogsaverroes.juntadeandalucia.es\/dptoinformatica\/files\/2020\/06\/semaforo_pulsador-48x41.png 48w\" sizes=\"(max-width: 414px) 100vw, 414px\" \/><\/td>\n<\/tr>\n<\/tbody>\n<\/table>\n<p><strong>Pr\u00e1ctica 4: Sem\u00e1foro con bot\u00f3n pulsador y sem\u00e1foro de peatones<\/strong><\/p>\n<table class=\" aligncenter\" style=\"width: 890px;height: 164px\">\n<tbody>\n<tr>\n<td style=\"width: 444.2px\">Sem\u00e1foro que se mantiene con el LED Verde encendido hasta que se presione el pulsador, entonces se esperar\u00e1 dos segundos y se encender\u00e1 el LED Naranja durante tres segundos y se encender\u00e1 el LED Rojo.<\/p>\n<p>Una vez est\u00e9 encendido el LED Rojo, se esperar\u00e1 dos segundos y se encender\u00e1 el LED Verde de Peatones. Pasados cinco segundos parpadear\u00e1 el LED Naranja durante tres segundos y se encender\u00e1 el LED Rojo de peatones y tras dos segundos tambi\u00e9n el LED Verde.<\/p>\n<p><a href=\"https:\/\/youtu.be\/DCT9yisjRbk\" target=\"_blank\" rel=\"noopener noreferrer\">Ver v\u00eddeo<\/a><\/td>\n<td style=\"width: 425.8px\"><img loading=\"lazy\" decoding=\"async\" class=\"aligncenter size-full wp-image-556\" src=\"https:\/\/blogsaverroes.juntadeandalucia.es\/dptoinformatica\/files\/2020\/06\/semaforo_peatones.png\" alt=\"\" width=\"415\" height=\"350\" srcset=\"https:\/\/blogsaverroes.juntadeandalucia.es\/dptoinformatica\/files\/2020\/06\/semaforo_peatones.png 415w, https:\/\/blogsaverroes.juntadeandalucia.es\/dptoinformatica\/files\/2020\/06\/semaforo_peatones-300x253.png 300w, https:\/\/blogsaverroes.juntadeandalucia.es\/dptoinformatica\/files\/2020\/06\/semaforo_peatones-24x20.png 24w, https:\/\/blogsaverroes.juntadeandalucia.es\/dptoinformatica\/files\/2020\/06\/semaforo_peatones-36x30.png 36w, https:\/\/blogsaverroes.juntadeandalucia.es\/dptoinformatica\/files\/2020\/06\/semaforo_peatones-48x40.png 48w\" sizes=\"(max-width: 415px) 100vw, 415px\" \/><\/td>\n<\/tr>\n<\/tbody>\n<\/table>\n<p><strong>Pr\u00e1ctica 5: Cruce con dos sem\u00e1foros<\/strong><\/p>\n<p><strong>Pr\u00e1ctica 6: Sensor de proximidad por ultrasonidos<\/strong><\/p>\n<p style=\"text-align: center\"><a href=\"https:\/\/blogsaverroes.juntadeandalucia.es\/dptoinformatica\/files\/2020\/06\/sensor_ultrasonidos.pdf\" target=\"_blank\" rel=\"noopener noreferrer\">Sensor de ultrasonidos<\/a><\/p>\n<p><a href=\"https:\/\/blogsaverroes.juntadeandalucia.es\/dptoinformatica\/files\/2020\/06\/sensor_ultrasonidos.png\"><img loading=\"lazy\" decoding=\"async\" class=\"aligncenter size-full wp-image-574\" src=\"https:\/\/blogsaverroes.juntadeandalucia.es\/dptoinformatica\/files\/2020\/06\/sensor_ultrasonidos.png\" alt=\"\" width=\"792\" height=\"458\" srcset=\"https:\/\/blogsaverroes.juntadeandalucia.es\/dptoinformatica\/files\/2020\/06\/sensor_ultrasonidos.png 792w, https:\/\/blogsaverroes.juntadeandalucia.es\/dptoinformatica\/files\/2020\/06\/sensor_ultrasonidos-300x173.png 300w, https:\/\/blogsaverroes.juntadeandalucia.es\/dptoinformatica\/files\/2020\/06\/sensor_ultrasonidos-768x444.png 768w, https:\/\/blogsaverroes.juntadeandalucia.es\/dptoinformatica\/files\/2020\/06\/sensor_ultrasonidos-24x14.png 24w, https:\/\/blogsaverroes.juntadeandalucia.es\/dptoinformatica\/files\/2020\/06\/sensor_ultrasonidos-36x21.png 36w, https:\/\/blogsaverroes.juntadeandalucia.es\/dptoinformatica\/files\/2020\/06\/sensor_ultrasonidos-48x28.png 48w\" sizes=\"(max-width: 792px) 100vw, 792px\" \/><\/a><\/p>\n<p><strong>Pr\u00e1ctica 7: Sensor de aparcamiento (mediante sensor de proximidad por ultrasonidos y LEDs)<\/strong><\/p>\n<table class=\" aligncenter\" style=\"width: 618px\">\n<tbody>\n<tr>\n<td style=\"width: 359.233px\">Si el sensor de ultrasonidos mide menos de 30cm se encender\u00e1 el led verde.<\/p>\n<p>Si mide menos de 20cm se encender\u00e1 el led naranja.<\/p>\n<p>Si mide menos de 10cm se encender\u00e1 el led rojo.<\/td>\n<td style=\"width: 240.767px\"><a href=\"https:\/\/youtu.be\/vPvvu8SKRzM\" target=\"_blank\" rel=\"noopener noreferrer\">Ver v\u00eddeo<\/a><\/td>\n<\/tr>\n<\/tbody>\n<\/table>\n<p><strong>Pr\u00e1ctica 8: Barrera activada por sensor de proximidad por ultrasonidos<\/strong><\/p>\n<p><strong>Pr\u00e1ctica 9: Encender led mediante bluetooth<\/strong><\/p>\n<table class=\" aligncenter\" style=\"width: 929px;height: 471px\">\n<tbody>\n<tr style=\"height: 428.767px\">\n<td style=\"width: 396px;height: 428.767px\">Se recibir\u00e1n datos por el puerto serie de Arduino.<br \/>\n&nbsp;Se encender\u00e1 un LED cuando se reciba el car\u00e1cter<br \/>\n&#8216;H&#8217; y se apagar\u00e1 el LED cuando se reciba el car\u00e1cter &#8216;L&#8217;.&nbsp;<a href=\"https:\/\/blogsaverroes.juntadeandalucia.es\/dptoinformatica\/files\/2020\/07\/led_bluetooth_screen.png\" target=\"_blank\" rel=\"noopener noreferrer\">App led bluetooth &#8211; dise\u00f1o<\/a><a href=\"https:\/\/blogsaverroes.juntadeandalucia.es\/dptoinformatica\/files\/2020\/07\/led_bluetooth_bloques.png\" target=\"_blank\" rel=\"noopener noreferrer\">App led bluetooth &#8211; bloques<\/a>&nbsp;<\/td>\n<td style=\"width: 515.017px;height: 428.767px\"><a href=\"https:\/\/blogsaverroes.juntadeandalucia.es\/dptoinformatica\/files\/2020\/07\/led_bluetooth.jpg\"><img loading=\"lazy\" decoding=\"async\" class=\" wp-image-583\" src=\"https:\/\/blogsaverroes.juntadeandalucia.es\/dptoinformatica\/files\/2020\/07\/led_bluetooth.jpg\" alt=\"\" width=\"574\" height=\"502\" srcset=\"https:\/\/blogsaverroes.juntadeandalucia.es\/dptoinformatica\/files\/2020\/07\/led_bluetooth.jpg 639w, https:\/\/blogsaverroes.juntadeandalucia.es\/dptoinformatica\/files\/2020\/07\/led_bluetooth-300x262.jpg 300w, https:\/\/blogsaverroes.juntadeandalucia.es\/dptoinformatica\/files\/2020\/07\/led_bluetooth-24x21.jpg 24w, https:\/\/blogsaverroes.juntadeandalucia.es\/dptoinformatica\/files\/2020\/07\/led_bluetooth-36x31.jpg 36w, https:\/\/blogsaverroes.juntadeandalucia.es\/dptoinformatica\/files\/2020\/07\/led_bluetooth-48x42.jpg 48w\" sizes=\"(max-width: 574px) 100vw, 574px\" \/><\/a><\/td>\n<\/tr>\n<\/tbody>\n<\/table>\n<p><strong>Pr\u00e1ctica 10: Motores de corriente continua<\/strong><\/p>\n<p><strong>Pr\u00e1ctica 11: Coche dirigido por bluetooth (con 2 motores DC)<br \/>\n<\/strong><\/p>\n<p><strong>Pr\u00e1ctica 12: Coche esquiva obst\u00e1culos (con sensor de proximidad por ultrasonidos, servomotor y 2 motores DC)<\/strong><\/p>\n","protected":false},"excerpt":{"rendered":"<p>Lista de reproducci\u00f3n de v\u00eddeos Curso Abierto: Arduino en el aula&nbsp; (Profesorado) Arduino \u00bfQue\u0301 es Arduino? Conceptos ba\u0301sicos sobre Arduino. La placa Arduino UNO Simulando Arduino online IDE: el entorno de programacio\u0301n Hola LED!&#46;&#46;&#46;<\/p>\n","protected":false},"author":3642,"featured_media":0,"parent":0,"menu_order":0,"comment_status":"closed","ping_status":"closed","template":"","meta":{"ngg_post_thumbnail":0,"footnotes":""},"aioseo_notices":[],"_links":{"self":[{"href":"https:\/\/blogsaverroes.juntadeandalucia.es\/dptoinformatica\/wp-json\/wp\/v2\/pages\/203"}],"collection":[{"href":"https:\/\/blogsaverroes.juntadeandalucia.es\/dptoinformatica\/wp-json\/wp\/v2\/pages"}],"about":[{"href":"https:\/\/blogsaverroes.juntadeandalucia.es\/dptoinformatica\/wp-json\/wp\/v2\/types\/page"}],"author":[{"embeddable":true,"href":"https:\/\/blogsaverroes.juntadeandalucia.es\/dptoinformatica\/wp-json\/wp\/v2\/users\/3642"}],"replies":[{"embeddable":true,"href":"https:\/\/blogsaverroes.juntadeandalucia.es\/dptoinformatica\/wp-json\/wp\/v2\/comments?post=203"}],"version-history":[{"count":105,"href":"https:\/\/blogsaverroes.juntadeandalucia.es\/dptoinformatica\/wp-json\/wp\/v2\/pages\/203\/revisions"}],"predecessor-version":[{"id":782,"href":"https:\/\/blogsaverroes.juntadeandalucia.es\/dptoinformatica\/wp-json\/wp\/v2\/pages\/203\/revisions\/782"}],"wp:attachment":[{"href":"https:\/\/blogsaverroes.juntadeandalucia.es\/dptoinformatica\/wp-json\/wp\/v2\/media?parent=203"}],"curies":[{"name":"wp","href":"https:\/\/api.w.org\/{rel}","templated":true}]}}