{"id":385,"date":"2019-11-05T20:52:12","date_gmt":"2019-11-05T20:52:12","guid":{"rendered":"https:\/\/blogsaverroes.juntadeandalucia.es\/dptoinformatica\/?page_id=385"},"modified":"2020-09-27T09:50:27","modified_gmt":"2020-09-27T09:50:27","slug":"formacion-del-profesorado","status":"publish","type":"page","link":"https:\/\/blogsaverroes.juntadeandalucia.es\/dptoinformatica\/formacion-del-profesorado\/","title":{"rendered":"Formaci\u00f3n del profesorado"},"content":{"rendered":"<p style=\"text-align: justify\"><a href=\"https:\/\/intef.es\/\" target=\"_blank\" rel=\"noopener noreferrer\"><img loading=\"lazy\" decoding=\"async\" class=\"aligncenter wp-image-392 size-full\" title=\"P\u00e1gina del INTEF\" src=\"https:\/\/blogsaverroes.juntadeandalucia.es\/dptoinformatica\/files\/2019\/11\/intef.png\" alt=\"\" width=\"530\" height=\"95\" srcset=\"https:\/\/blogsaverroes.juntadeandalucia.es\/dptoinformatica\/files\/2019\/11\/intef.png 530w, https:\/\/blogsaverroes.juntadeandalucia.es\/dptoinformatica\/files\/2019\/11\/intef-300x54.png 300w, https:\/\/blogsaverroes.juntadeandalucia.es\/dptoinformatica\/files\/2019\/11\/intef-24x4.png 24w, https:\/\/blogsaverroes.juntadeandalucia.es\/dptoinformatica\/files\/2019\/11\/intef-36x6.png 36w, https:\/\/blogsaverroes.juntadeandalucia.es\/dptoinformatica\/files\/2019\/11\/intef-48x9.png 48w\" sizes=\"(max-width: 530px) 100vw, 530px\" \/><\/a><\/p>\n<p>El Servicio de Formaci\u00f3n en Red del INTEF pone a disposici\u00f3n de los usuarios todos sus materiales formativos accesibles en diversos formatos desde La Zona de Descargas. Desde este apartado se favorece la formaci\u00f3n abierta para la autoformaci\u00f3n.<\/p>\n<p><a href=\"http:\/\/educalab.es\/intef\/formacion\/formacion-en-red\/materiales-descargables\" target=\"_blank\" rel=\"noopener noreferrer\">Materiales descargables<\/a><\/p>\n<p>&nbsp;<\/p>\n<p style=\"text-align: justify\"><img loading=\"lazy\" decoding=\"async\" class=\"wp-image-390 alignright\" src=\"https:\/\/blogsaverroes.juntadeandalucia.es\/dptoinformatica\/files\/2019\/11\/educa.png\" alt=\"\" width=\"198\" height=\"129\" srcset=\"https:\/\/blogsaverroes.juntadeandalucia.es\/dptoinformatica\/files\/2019\/11\/educa.png 278w, https:\/\/blogsaverroes.juntadeandalucia.es\/dptoinformatica\/files\/2019\/11\/educa-24x16.png 24w, https:\/\/blogsaverroes.juntadeandalucia.es\/dptoinformatica\/files\/2019\/11\/educa-36x23.png 36w, https:\/\/blogsaverroes.juntadeandalucia.es\/dptoinformatica\/files\/2019\/11\/educa-48x31.png 48w\" sizes=\"(max-width: 198px) 100vw, 198px\" \/><\/p>\n<p><img loading=\"lazy\" decoding=\"async\" class=\"wp-image-389 alignleft\" src=\"https:\/\/blogsaverroes.juntadeandalucia.es\/dptoinformatica\/files\/2019\/11\/junta.png\" alt=\"\" width=\"152\" height=\"121\" srcset=\"https:\/\/blogsaverroes.juntadeandalucia.es\/dptoinformatica\/files\/2019\/11\/junta.png 252w, https:\/\/blogsaverroes.juntadeandalucia.es\/dptoinformatica\/files\/2019\/11\/junta-24x19.png 24w, https:\/\/blogsaverroes.juntadeandalucia.es\/dptoinformatica\/files\/2019\/11\/junta-36x29.png 36w, https:\/\/blogsaverroes.juntadeandalucia.es\/dptoinformatica\/files\/2019\/11\/junta-48x38.png 48w\" sizes=\"(max-width: 152px) 100vw, 152px\" \/><\/p>\n<p style=\"text-align: justify\">En esta secci\u00f3n encontrar\u00e1s acceso a materiales did\u00e1cticos en formato multimedia que se corresponden con los desarrollos curriculares de algunas de las ense\u00f1anzas ofertadas a distancia en Andaluc\u00eda disponibles desde el nodo andaluz del repositorio AGREGA. Del mismo modo podr\u00e1s encontrar material de apoyo curricular y ayudas a la producci\u00f3n y revisi\u00f3n de materiales.<\/p>\n<p style=\"text-align: left\"><a href=\"http:\/\/www.juntadeandalucia.es\/educacion\/permanente\/materiales\/\" target=\"_blank\" rel=\"noopener noreferrer\">Materiales Educaci\u00f3n Permanente<\/a><\/p>\n","protected":false},"excerpt":{"rendered":"<p>El Servicio de Formaci\u00f3n en Red del INTEF pone a disposici\u00f3n de los usuarios todos sus materiales formativos accesibles en diversos formatos desde La Zona de Descargas. Desde este apartado se favorece la formaci\u00f3n&#46;&#46;&#46;<\/p>\n","protected":false},"author":3642,"featured_media":0,"parent":0,"menu_order":0,"comment_status":"closed","ping_status":"closed","template":"","meta":{"ngg_post_thumbnail":0,"footnotes":""},"aioseo_notices":[],"_links":{"self":[{"href":"https:\/\/blogsaverroes.juntadeandalucia.es\/dptoinformatica\/wp-json\/wp\/v2\/pages\/385"}],"collection":[{"href":"https:\/\/blogsaverroes.juntadeandalucia.es\/dptoinformatica\/wp-json\/wp\/v2\/pages"}],"about":[{"href":"https:\/\/blogsaverroes.juntadeandalucia.es\/dptoinformatica\/wp-json\/wp\/v2\/types\/page"}],"author":[{"embeddable":true,"href":"https:\/\/blogsaverroes.juntadeandalucia.es\/dptoinformatica\/wp-json\/wp\/v2\/users\/3642"}],"replies":[{"embeddable":true,"href":"https:\/\/blogsaverroes.juntadeandalucia.es\/dptoinformatica\/wp-json\/wp\/v2\/comments?post=385"}],"version-history":[{"count":23,"href":"https:\/\/blogsaverroes.juntadeandalucia.es\/dptoinformatica\/wp-json\/wp\/v2\/pages\/385\/revisions"}],"predecessor-version":[{"id":644,"href":"https:\/\/blogsaverroes.juntadeandalucia.es\/dptoinformatica\/wp-json\/wp\/v2\/pages\/385\/revisions\/644"}],"wp:attachment":[{"href":"https:\/\/blogsaverroes.juntadeandalucia.es\/dptoinformatica\/wp-json\/wp\/v2\/media?parent=385"}],"curies":[{"name":"wp","href":"https:\/\/api.w.org\/{rel}","templated":true}]}}