{"id":2235,"date":"2020-12-29T22:27:59","date_gmt":"2020-12-29T22:27:59","guid":{"rendered":"https:\/\/blogsaverroes.juntadeandalucia.es\/dptomatelopezneyra\/?page_id=2235"},"modified":"2021-02-04T12:13:43","modified_gmt":"2021-02-04T12:13:43","slug":"arroz-con-cerdo","status":"publish","type":"page","link":"https:\/\/blogsaverroes.juntadeandalucia.es\/dptomatelopezneyra\/primeros-planos\/arroz\/arroz-con-cerdo\/","title":{"rendered":"Arroz con cerdo y alcachofas"},"content":{"rendered":"<table class=\" aligncenter alignleft\" style=\"height: 846px;width: 100.017%;border-color: #000301;border-style: solid\">\n<tbody>\n<tr style=\"background-color: #08780a;height: 24px;border-color: #e31414\">\n<td style=\"width: 111.567%;background-color: #cf174e;height: 24px;border-color: #f7f2f2;text-align: center\" colspan=\"2\"><span style=\"color: #ffffff\"><strong><span style=\"font-size: 10pt\">FICHA DEL PLATO<\/span><\/strong><\/span><\/td>\n<\/tr>\n<tr style=\"background-color: #96e3c2;height: 5px;border-color: #e31414\">\n<td style=\"width: 16.5149%;height: 5px;border-color: #c5e6e0\"><span style=\"font-family: verdana, geneva, sans-serif\"><strong>NOMBRE:<\/strong><\/span><\/td>\n<td style=\"width: 95.0519%;height: 5px;border-color: #c5e6e0;text-align: left\"><span style=\"font-family: verdana, geneva, sans-serif\"><strong><span style=\"font-size: 8pt\">&nbsp;<span style=\"font-size: 12pt\">Arroz con carne de cerdo y alcachofas <span style=\"color: #000000\"><em>(4 personas)<\/em><\/span><\/span><\/span><\/strong><\/span><\/td>\n<\/tr>\n<tr style=\"border-color: #18e314;border-style: solid;background-color: #d7f23d\">\n<td style=\"width: 16.5149%;height: 21px\"><span style=\"font-family: verdana, geneva, sans-serif\"><strong>INGREDIENTES:<\/strong><\/span><\/td>\n<td style=\"width: 95.0519%;height: 21px;text-align: left\"><span style=\"font-family: verdana, geneva, sans-serif\"><strong>Aceite, Ajo, Cebolla, Pimiento, Tomate natural, Avecrem, Pimienta molida, Vino blanco, Taquitos de magro de cerdo, Sal y Arroz.<\/strong><\/span><\/td>\n<\/tr>\n<tr style=\"border-color: #e31414;border-style: solid;background-color: #000000\">\n<td style=\"width: 16.5149%;height: 21px;background-color: #c5e6e0\"><span style=\"font-family: verdana, geneva, sans-serif\"><strong>PROCESO:<\/strong><\/span><\/td>\n<td style=\"width: 95.0519%;height: 21px;background-color: #c5e6e0;text-align: left\"><span style=\"font-size: 10pt;font-family: verdana, geneva, sans-serif\">Ponemos en una olla varias cucharadas de aceite de oliva. A\u00f1adimos troceados, varios dientes de ajo, una cebolla y un pimiento para hacer el sofrito. Cuando est\u00e9 un poquito dorada la cebolla le a\u00f1adimos un tomate tambi\u00e9n troceado. Al mismo tiempo vamos limpiando las alcachofas, qued\u00e1ndonos solamente el \u00abcoraz\u00f3n\u00bb.<\/span><\/p>\n<p><span style=\"font-size: 10pt;font-family: verdana, geneva, sans-serif\">Una vez est\u00e9 en su punto el sofrito, lo sacamos de la sart\u00e9n, quit\u00e1ndole todo el aceite posible, y lo batimos junto con una pastilla de Avecrem, un poquito de pimienta molida y un poco de vino blanco. Al mismo tiempo, en el aceite que nos ha quedado en la olla a\u00f1adimos los trocitos de magro de cerdo (250 gr.) -a los que pondremos un poco de sal-, junto con las alcachofas que hemos limpiado y lo refre\u00edmos un poco hasta sellar la carne. Cuando est\u00e9 sellada le a\u00f1adimos el sofrito previamente batido, junto con agua -algo m\u00e1s de la mitad de la olla- y lo dejamos al fuego hasta que se vaya consumiendo el agua.<\/span><\/p>\n<p><span style=\"font-size: 10pt;font-family: verdana, geneva, sans-serif\">Por \u00faltimo a\u00f1adimos el arroz, aproximadamente dos \u00abpu\u00f1ados\u00bb por persona. Dependiendo de como nos guste de cocido el arroz y si nos gusta m\u00e1s o menos cardoso, podemos a\u00f1adir un poco m\u00e1s de agua.<\/span><\/p>\n<p><span style=\"font-size: 10pt;font-family: verdana, geneva, sans-serif\">Una vez est\u00e9 a nuestro gusto, lo apartemos del fuego y lo dejamos reposar unos minutos.<\/span><\/p>\n<p><span style=\"font-family: verdana, geneva, sans-serif\"><img loading=\"lazy\" decoding=\"async\" class=\"alignnone size-medium wp-image-2387 aligncenter\" src=\"https:\/\/blogsaverroes.juntadeandalucia.es\/dptomatelopezneyra\/files\/2021\/01\/Arroz-con-cerdo-y-alcahofas-300x300.jpeg\" alt=\"\" width=\"300\" height=\"300\" srcset=\"https:\/\/blogsaverroes.juntadeandalucia.es\/dptomatelopezneyra\/files\/2021\/01\/Arroz-con-cerdo-y-alcahofas-300x300.jpeg 300w, https:\/\/blogsaverroes.juntadeandalucia.es\/dptomatelopezneyra\/files\/2021\/01\/Arroz-con-cerdo-y-alcahofas-1024x1020.jpeg 1024w, https:\/\/blogsaverroes.juntadeandalucia.es\/dptomatelopezneyra\/files\/2021\/01\/Arroz-con-cerdo-y-alcahofas-150x150.jpeg 150w, https:\/\/blogsaverroes.juntadeandalucia.es\/dptomatelopezneyra\/files\/2021\/01\/Arroz-con-cerdo-y-alcahofas-768x765.jpeg 768w, https:\/\/blogsaverroes.juntadeandalucia.es\/dptomatelopezneyra\/files\/2021\/01\/Arroz-con-cerdo-y-alcahofas-100x100.jpeg 100w, https:\/\/blogsaverroes.juntadeandalucia.es\/dptomatelopezneyra\/files\/2021\/01\/Arroz-con-cerdo-y-alcahofas-80x80.jpeg 80w, https:\/\/blogsaverroes.juntadeandalucia.es\/dptomatelopezneyra\/files\/2021\/01\/Arroz-con-cerdo-y-alcahofas-320x320.jpeg 320w, https:\/\/blogsaverroes.juntadeandalucia.es\/dptomatelopezneyra\/files\/2021\/01\/Arroz-con-cerdo-y-alcahofas-24x24.jpeg 24w, https:\/\/blogsaverroes.juntadeandalucia.es\/dptomatelopezneyra\/files\/2021\/01\/Arroz-con-cerdo-y-alcahofas-36x36.jpeg 36w, https:\/\/blogsaverroes.juntadeandalucia.es\/dptomatelopezneyra\/files\/2021\/01\/Arroz-con-cerdo-y-alcahofas-48x48.jpeg 48w, https:\/\/blogsaverroes.juntadeandalucia.es\/dptomatelopezneyra\/files\/2021\/01\/Arroz-con-cerdo-y-alcahofas.jpeg 1500w\" sizes=\"(max-width: 300px) 100vw, 300px\" \/><\/span><\/td>\n<\/tr>\n<\/tbody>\n<\/table>\n<p>&nbsp;<\/p>\n<p>&nbsp;<\/p>\n<p>&nbsp;<\/p>\n<p style=\"text-align: center\">&nbsp;<\/p>\n<p style=\"text-align: center\">&nbsp;<\/p>\n","protected":false},"excerpt":{"rendered":"<p>FICHA DEL PLATO NOMBRE: &nbsp;Arroz con carne de cerdo y alcachofas (4 personas) INGREDIENTES: Aceite, Ajo, Cebolla, Pimiento, Tomate natural, Avecrem, Pimienta molida, Vino blanco, Taquitos de magro de cerdo, Sal y Arroz. PROCESO: Ponemos en una olla varias cucharadas de aceite de oliva. A\u00f1adimos troceados, varios dientes de ajo,&#46;&#46;&#46;<\/p>\n","protected":false},"author":4100,"featured_media":0,"parent":110,"menu_order":2,"comment_status":"closed","ping_status":"closed","template":"","meta":{"ngg_post_thumbnail":0,"footnotes":""},"aioseo_notices":[],"_links":{"self":[{"href":"https:\/\/blogsaverroes.juntadeandalucia.es\/dptomatelopezneyra\/wp-json\/wp\/v2\/pages\/2235"}],"collection":[{"href":"https:\/\/blogsaverroes.juntadeandalucia.es\/dptomatelopezneyra\/wp-json\/wp\/v2\/pages"}],"about":[{"href":"https:\/\/blogsaverroes.juntadeandalucia.es\/dptomatelopezneyra\/wp-json\/wp\/v2\/types\/page"}],"author":[{"embeddable":true,"href":"https:\/\/blogsaverroes.juntadeandalucia.es\/dptomatelopezneyra\/wp-json\/wp\/v2\/users\/4100"}],"replies":[{"embeddable":true,"href":"https:\/\/blogsaverroes.juntadeandalucia.es\/dptomatelopezneyra\/wp-json\/wp\/v2\/comments?post=2235"}],"version-history":[{"count":13,"href":"https:\/\/blogsaverroes.juntadeandalucia.es\/dptomatelopezneyra\/wp-json\/wp\/v2\/pages\/2235\/revisions"}],"predecessor-version":[{"id":2593,"href":"https:\/\/blogsaverroes.juntadeandalucia.es\/dptomatelopezneyra\/wp-json\/wp\/v2\/pages\/2235\/revisions\/2593"}],"up":[{"embeddable":true,"href":"https:\/\/blogsaverroes.juntadeandalucia.es\/dptomatelopezneyra\/wp-json\/wp\/v2\/pages\/110"}],"wp:attachment":[{"href":"https:\/\/blogsaverroes.juntadeandalucia.es\/dptomatelopezneyra\/wp-json\/wp\/v2\/media?parent=2235"}],"curies":[{"name":"wp","href":"https:\/\/api.w.org\/{rel}","templated":true}]}}