{"id":2280,"date":"2020-12-31T09:03:36","date_gmt":"2020-12-31T09:03:36","guid":{"rendered":"https:\/\/blogsaverroes.juntadeandalucia.es\/dptomatelopezneyra\/?page_id=2280"},"modified":"2021-01-16T20:34:40","modified_gmt":"2021-01-16T20:34:40","slug":"ensalada-de-arroz-con-anchoas","status":"publish","type":"page","link":"https:\/\/blogsaverroes.juntadeandalucia.es\/dptomatelopezneyra\/primeros-planos\/arroz\/ensalada-de-arroz-con-anchoas\/","title":{"rendered":"Ensalada de arroz con anchoas"},"content":{"rendered":"<table class=\" aligncenter alignleft\" style=\"height: 697px;width: 100.479%;border-color: #000301;border-style: solid\">\n<tbody>\n<tr style=\"background-color: #08780a;height: 24px;border-color: #e31414\">\n<td style=\"width: 819px;background-color: #cf174e;height: 24px;border-color: #f7f2f2;text-align: center\" colspan=\"2\"><span style=\"color: #ffffff\"><strong><span style=\"font-size: 10pt\">FICHA DEL PLATO<\/span><\/strong><\/span><\/td>\n<\/tr>\n<tr style=\"background-color: #96e3c2;height: 5px;border-color: #e31414\">\n<td style=\"width: 145px;height: 5px;border-color: #c5e6e0\"><span style=\"font-family: verdana, geneva, sans-serif\"><strong>NOMBRE:<\/strong><\/span><\/td>\n<td style=\"width: 668px;height: 5px;border-color: #c5e6e0;text-align: left\"><span style=\"font-family: verdana, geneva, sans-serif\"><strong><span style=\"font-size: 8pt\">&nbsp;<span style=\"font-size: 12pt\">Ensalada de arroz con anchoas&nbsp;<span style=\"color: #000000\"><em>(4 personas)<\/em><\/span><\/span><\/span><\/strong><\/span><\/td>\n<\/tr>\n<tr style=\"border-color: #18e314;border-style: solid;background-color: #d7f23d\">\n<td style=\"width: 145px;height: 21px\"><span style=\"font-family: verdana, geneva, sans-serif\"><strong>INGREDIENTES:<\/strong><\/span><\/td>\n<td style=\"width: 668px;height: 21px;text-align: left\"><span style=\"font-family: verdana, geneva, sans-serif\"><strong>Aceite, Arroz, Tomates naturales, At\u00fan en aceite, Pimienta molida, Aceitunas rellenas, Anchoas, Vinagre y Sal.<\/strong><\/span><\/td>\n<\/tr>\n<tr style=\"border-color: #e31414;border-style: solid;background-color: #000000\">\n<td style=\"width: 145px;height: 21px;background-color: #c5e6e0\"><span style=\"font-family: verdana, geneva, sans-serif\"><strong>PROCESO:<\/strong><\/span><\/td>\n<td style=\"width: 668px;height: 21px;background-color: #c5e6e0;text-align: left\"><span style=\"font-size: 10pt;font-family: verdana, geneva, sans-serif\">Cocemos en una olla un par de cucharadas de aceite con arroz -dos \u00abpu\u00f1ados\u00bb por persona- y un poco de sal. Lo dejamos hasta que el arroz est\u00e9 cocido y posteriormente lo lavamos con agua para quitarle el almid\u00f3n y para que los granos se suelten.&nbsp;<\/span><\/p>\n<p><span style=\"font-size: 10pt;font-family: verdana, geneva, sans-serif\">A nuestro arroz le a\u00f1adimos tres tomates naturales bien picados, tres latas de at\u00fan en aceite, un poquito de pimienta molida, una lata peque\u00f1a de aceitunas rellenas -de las cuales reservaremos unas cuantas para adornar el plato y el resto las trocearemos. Tambi\u00e9n le a\u00f1adiremos un par de latas de anchoas -dejaremos cuatro o cinco filetes de las anchoas para adornar el plato y el resto las troceamos y se las a\u00f1adiremos-. <\/span><\/p>\n<p><span style=\"font-size: 10pt;font-family: verdana, geneva, sans-serif\">Por \u00faltimo, a la mezcla se le a\u00f1ade una vinagreta que haremos mezclando un poco de aceite, vinagre, sal, y un poco de pimienta, todo ello batido.<\/span><\/p>\n<p><span style=\"font-size: 10pt;font-family: verdana, geneva, sans-serif\">Mezclamos bien y emplatamos nuestro arroz en una fuente y lo adornamos con los filetes de anchoas que hemos reservado y las aceitunas rellenas.<\/span><\/p>\n<p><img loading=\"lazy\" decoding=\"async\" class=\"alignnone size-medium wp-image-2460 aligncenter\" src=\"https:\/\/blogsaverroes.juntadeandalucia.es\/dptomatelopezneyra\/files\/2021\/01\/Arroz-con-anchoas-300x200.jpg\" alt=\"\" width=\"300\" height=\"200\" srcset=\"https:\/\/blogsaverroes.juntadeandalucia.es\/dptomatelopezneyra\/files\/2021\/01\/Arroz-con-anchoas-300x200.jpg 300w, https:\/\/blogsaverroes.juntadeandalucia.es\/dptomatelopezneyra\/files\/2021\/01\/Arroz-con-anchoas-24x16.jpg 24w, https:\/\/blogsaverroes.juntadeandalucia.es\/dptomatelopezneyra\/files\/2021\/01\/Arroz-con-anchoas-36x24.jpg 36w, https:\/\/blogsaverroes.juntadeandalucia.es\/dptomatelopezneyra\/files\/2021\/01\/Arroz-con-anchoas-48x32.jpg 48w, https:\/\/blogsaverroes.juntadeandalucia.es\/dptomatelopezneyra\/files\/2021\/01\/Arroz-con-anchoas.jpg 640w\" sizes=\"(max-width: 300px) 100vw, 300px\" \/><\/td>\n<\/tr>\n<\/tbody>\n<\/table>\n<p>&nbsp;<\/p>\n<p>&nbsp;<\/p>\n<p>&nbsp;<\/p>\n<p style=\"text-align: center\">&nbsp;<\/p>\n<p style=\"text-align: center\">&nbsp;<\/p>\n","protected":false},"excerpt":{"rendered":"<p>FICHA DEL PLATO NOMBRE: &nbsp;Ensalada de arroz con anchoas&nbsp;(4 personas) INGREDIENTES: Aceite, Arroz, Tomates naturales, At\u00fan en aceite, Pimienta molida, Aceitunas rellenas, Anchoas, Vinagre y Sal. PROCESO: Cocemos en una olla un par de cucharadas de aceite con arroz -dos \u00abpu\u00f1ados\u00bb por persona- y un poco de sal. Lo dejamos&#46;&#46;&#46;<\/p>\n","protected":false},"author":4100,"featured_media":0,"parent":110,"menu_order":4,"comment_status":"closed","ping_status":"closed","template":"","meta":{"ngg_post_thumbnail":0,"footnotes":""},"aioseo_notices":[],"_links":{"self":[{"href":"https:\/\/blogsaverroes.juntadeandalucia.es\/dptomatelopezneyra\/wp-json\/wp\/v2\/pages\/2280"}],"collection":[{"href":"https:\/\/blogsaverroes.juntadeandalucia.es\/dptomatelopezneyra\/wp-json\/wp\/v2\/pages"}],"about":[{"href":"https:\/\/blogsaverroes.juntadeandalucia.es\/dptomatelopezneyra\/wp-json\/wp\/v2\/types\/page"}],"author":[{"embeddable":true,"href":"https:\/\/blogsaverroes.juntadeandalucia.es\/dptomatelopezneyra\/wp-json\/wp\/v2\/users\/4100"}],"replies":[{"embeddable":true,"href":"https:\/\/blogsaverroes.juntadeandalucia.es\/dptomatelopezneyra\/wp-json\/wp\/v2\/comments?post=2280"}],"version-history":[{"count":8,"href":"https:\/\/blogsaverroes.juntadeandalucia.es\/dptomatelopezneyra\/wp-json\/wp\/v2\/pages\/2280\/revisions"}],"predecessor-version":[{"id":2462,"href":"https:\/\/blogsaverroes.juntadeandalucia.es\/dptomatelopezneyra\/wp-json\/wp\/v2\/pages\/2280\/revisions\/2462"}],"up":[{"embeddable":true,"href":"https:\/\/blogsaverroes.juntadeandalucia.es\/dptomatelopezneyra\/wp-json\/wp\/v2\/pages\/110"}],"wp:attachment":[{"href":"https:\/\/blogsaverroes.juntadeandalucia.es\/dptomatelopezneyra\/wp-json\/wp\/v2\/media?parent=2280"}],"curies":[{"name":"wp","href":"https:\/\/api.w.org\/{rel}","templated":true}]}}