{"id":2286,"date":"2020-12-31T09:32:09","date_gmt":"2020-12-31T09:32:09","guid":{"rendered":"https:\/\/blogsaverroes.juntadeandalucia.es\/dptomatelopezneyra\/?page_id=2286"},"modified":"2021-01-08T11:50:14","modified_gmt":"2021-01-08T11:50:14","slug":"de-bacalao","status":"publish","type":"page","link":"https:\/\/blogsaverroes.juntadeandalucia.es\/dptomatelopezneyra\/entrantes\/crocretas\/de-bacalao\/","title":{"rendered":"Croquetas de bacalao"},"content":{"rendered":"<table class=\" aligncenter alignleft\" style=\"height: 1334px;width: 100.57%;border-color: #000301;border-style: solid\">\n<tbody>\n<tr style=\"background-color: #08780a;height: 24px;border-color: #e31414\">\n<td style=\"width: 110.727%;background-color: #cf174e;height: 24px;border-color: #f7f2f2;text-align: center\" colspan=\"2\"><span style=\"color: #ffffff;font-family: verdana, geneva, sans-serif\"><strong><span style=\"font-size: 10pt\">FICHA DEL PLATO<\/span><\/strong><\/span><\/td>\n<\/tr>\n<tr style=\"background-color: #96e3c2;height: 5px;border-color: #e31414\">\n<td style=\"width: 16.5149%;height: 5px;border-color: #c5e6e0\"><span style=\"font-family: verdana, geneva, sans-serif\"><strong>NOMBRE:<\/strong><\/span><\/td>\n<td style=\"width: 94.2126%;height: 5px;border-color: #c5e6e0;text-align: left\"><span style=\"font-family: verdana, geneva, sans-serif\"><strong><span style=\"font-size: 8pt\">&nbsp;<span style=\"font-size: 12pt\">Coquetas de bacalao&nbsp;<span style=\"color: #000000\"><em>(4 personas)<\/em><\/span><\/span><\/span><\/strong><\/span><\/td>\n<\/tr>\n<tr style=\"border-color: #18e314;border-style: solid;background-color: #d7f23d\">\n<td style=\"width: 16.5149%;height: 21px\"><span style=\"font-family: verdana, geneva, sans-serif\"><strong>INGREDIENTES:<\/strong><\/span><\/td>\n<td style=\"width: 94.2126%;height: 21px;text-align: left\"><span style=\"font-family: verdana, geneva, sans-serif\"><strong>Cebolla, Ajo, Aceite de oliva, Sal,&nbsp; Bacalao, Perejil, Harina, Nuez moscada, Huevo y Pan rayado.<\/strong><\/span><\/td>\n<\/tr>\n<tr style=\"border-color: #e31414;border-style: solid;background-color: #000000\">\n<td style=\"width: 16.5149%;height: 32px;background-color: #c5e6e0\"><span style=\"font-family: verdana, geneva, sans-serif\"><strong>PROCESO:<\/strong><\/span><\/td>\n<td style=\"width: 94.2126%;height: 32px;background-color: #c5e6e0;text-align: left\"><span style=\"font-size: 10pt;font-family: verdana, geneva, sans-serif\">Podemos dividir nuestra receta en tres partes:<\/span><\/p>\n<p><strong><span style=\"font-size: 10pt\">1) Elaboraci\u00f3n de la masa.- <\/span><\/strong><\/p>\n<ul>\n<li><span style=\"font-size: 10pt\">Pela y pica muy finita una cebolla y dos dientes de ajo.<\/span><\/li>\n<li><span style=\"font-size: 10pt\">En la olla en la que vayas a preparar la masa de las croquetas echa cuatro cucharadas de aceite de oliva y sal y ponla a fuego medio-suave.<\/span><\/li>\n<li><span style=\"font-size: 10pt\">Incorpora la cebolla y el ajo hasta que est\u00e9 tierna y empiece a dorarse, tardar\u00e1 unos 10 minutos.<\/span><\/li>\n<li><span style=\"font-size: 10pt\">Mientras tanto desmiga el&nbsp;bacalao<\/span><span style=\"font-size: 10pt;font-family: inherit\">, con cuidado de que no tenga raspas, y a\u00f1ade un poco de perejil.<\/span><\/li>\n<li><span style=\"font-size: 10pt\">Incorpora el bacalao con el perejil a la olla y coc\u00ednalo todo junto apenas 2 minutos.<\/span><\/li>\n<li><span style=\"font-size: 10pt\"><span style=\"text-decoration: underline\">Ahora vamos a preparar la&nbsp;<strong>bechamel<\/strong><\/span>. A\u00f1ade a nuestra mezcla tres cucharadas la harina. M\u00e9zclalo todo bien hasta que la harina se dore un poquito, de esta forma no quedar\u00e1 cruda. Posteriormente, a\u00f1ade poco a poco leche y sigue mezclando bien hasta que la masa quede suelta en la olla, suave y <\/span><span style=\"font-size: 10pt;font-family: inherit\">cremosa.<\/span><\/li>\n<li><span style=\"font-size: 10pt\">Vierte la masa de las croquetas<span style=\"font-family: inherit\">&nbsp;en otro recipiente y d\u00e9jala enfriar tapada en contacto con papel film para evitar que se le forme costra. Espera a que se enfr\u00ede del todo para dejarla en la nevera. El&nbsp;<\/span><strong style=\"font-family: inherit\">TRUCO<\/strong><span style=\"font-family: inherit\">&nbsp;est\u00e1 en dejarla reposar una noche entera en la nevera ya que as\u00ed vas a poder darle forma a esta bechamel cremosa de manera muy sencilla y sin pringarte.<\/span><\/span><\/li>\n<\/ul>\n<p><span style=\"font-size: 10pt\"><img loading=\"lazy\" decoding=\"async\" class=\"alignnone size-medium wp-image-2302 aligncenter\" src=\"https:\/\/blogsaverroes.juntadeandalucia.es\/dptomatelopezneyra\/files\/2021\/01\/Masa-para-croquetas-de-bacalao-caseras-300x200.jpg\" alt=\"\" width=\"300\" height=\"200\" srcset=\"https:\/\/blogsaverroes.juntadeandalucia.es\/dptomatelopezneyra\/files\/2021\/01\/Masa-para-croquetas-de-bacalao-caseras-300x200.jpg 300w, https:\/\/blogsaverroes.juntadeandalucia.es\/dptomatelopezneyra\/files\/2021\/01\/Masa-para-croquetas-de-bacalao-caseras-24x16.jpg 24w, https:\/\/blogsaverroes.juntadeandalucia.es\/dptomatelopezneyra\/files\/2021\/01\/Masa-para-croquetas-de-bacalao-caseras-36x24.jpg 36w, https:\/\/blogsaverroes.juntadeandalucia.es\/dptomatelopezneyra\/files\/2021\/01\/Masa-para-croquetas-de-bacalao-caseras-48x32.jpg 48w, https:\/\/blogsaverroes.juntadeandalucia.es\/dptomatelopezneyra\/files\/2021\/01\/Masa-para-croquetas-de-bacalao-caseras.jpg 600w\" sizes=\"(max-width: 300px) 100vw, 300px\" \/><\/span><\/p>\n<p><span style=\"font-size: 10pt\"><strong>2) Envoltura de las croquetas.-<\/strong> Vamos cogiendo un poco de masa, le damos forma y la rebozamos en huevo y despu\u00e9s en pan rayado.<\/span><\/p>\n<p><span style=\"font-size: 10pt\"><img loading=\"lazy\" decoding=\"async\" class=\"size-medium wp-image-2303 aligncenter\" src=\"https:\/\/blogsaverroes.juntadeandalucia.es\/dptomatelopezneyra\/files\/2021\/01\/Como-dar-forma-a-las-croquetas-300x200.jpg\" alt=\"\" width=\"300\" height=\"200\" srcset=\"https:\/\/blogsaverroes.juntadeandalucia.es\/dptomatelopezneyra\/files\/2021\/01\/Como-dar-forma-a-las-croquetas-300x200.jpg 300w, https:\/\/blogsaverroes.juntadeandalucia.es\/dptomatelopezneyra\/files\/2021\/01\/Como-dar-forma-a-las-croquetas-24x16.jpg 24w, https:\/\/blogsaverroes.juntadeandalucia.es\/dptomatelopezneyra\/files\/2021\/01\/Como-dar-forma-a-las-croquetas-36x24.jpg 36w, https:\/\/blogsaverroes.juntadeandalucia.es\/dptomatelopezneyra\/files\/2021\/01\/Como-dar-forma-a-las-croquetas-48x32.jpg 48w, https:\/\/blogsaverroes.juntadeandalucia.es\/dptomatelopezneyra\/files\/2021\/01\/Como-dar-forma-a-las-croquetas.jpg 600w\" sizes=\"(max-width: 300px) 100vw, 300px\" \/><\/span><\/p>\n<p><span style=\"font-size: 10pt\"><strong>3) Fritura.-<\/strong> Por \u00faltimo, ponemos a calentar aceite de oliva en una sart\u00e9n o freidora, y una vez est\u00e9 bastante caliente freiremos nuestras croquetas. Al estar el aceite \u00abfuerte\u00bb las croquetas se fr\u00eden por fuera y quedan jugosas por dentro.<\/span><\/p>\n<p style=\"text-align: center\"><span style=\"font-size: 10pt\"><img loading=\"lazy\" decoding=\"async\" class=\"alignnone size-medium wp-image-2300\" src=\"https:\/\/blogsaverroes.juntadeandalucia.es\/dptomatelopezneyra\/files\/2021\/01\/450_1000-300x200.jpg\" alt=\"\" width=\"300\" height=\"200\" srcset=\"https:\/\/blogsaverroes.juntadeandalucia.es\/dptomatelopezneyra\/files\/2021\/01\/450_1000-300x200.jpg 300w, https:\/\/blogsaverroes.juntadeandalucia.es\/dptomatelopezneyra\/files\/2021\/01\/450_1000-24x16.jpg 24w, https:\/\/blogsaverroes.juntadeandalucia.es\/dptomatelopezneyra\/files\/2021\/01\/450_1000-36x24.jpg 36w, https:\/\/blogsaverroes.juntadeandalucia.es\/dptomatelopezneyra\/files\/2021\/01\/450_1000-48x32.jpg 48w, https:\/\/blogsaverroes.juntadeandalucia.es\/dptomatelopezneyra\/files\/2021\/01\/450_1000.jpg 450w\" sizes=\"(max-width: 300px) 100vw, 300px\" \/><\/span><\/p>\n<\/td>\n<\/tr>\n<tr style=\"height: 24px\">\n<td style=\"width: 16.5149%;background-color: #c5e6e0;height: 24px\">&nbsp;<\/td>\n<td style=\"width: 94.2126%;background-color: #c5e6e0;text-align: left;height: 24px\">&nbsp;<\/td>\n<\/tr>\n<\/tbody>\n<\/table>\n","protected":false},"excerpt":{"rendered":"<p>FICHA DEL PLATO NOMBRE: &nbsp;Coquetas de bacalao&nbsp;(4 personas) INGREDIENTES: Cebolla, Ajo, Aceite de oliva, Sal,&nbsp; Bacalao, Perejil, Harina, Nuez moscada, Huevo y Pan rayado. PROCESO: Podemos dividir nuestra receta en tres partes: 1) Elaboraci\u00f3n de la masa.- Pela y pica muy finita una cebolla y dos dientes de ajo. En&#46;&#46;&#46;<\/p>\n","protected":false},"author":4100,"featured_media":0,"parent":1585,"menu_order":1,"comment_status":"closed","ping_status":"closed","template":"","meta":{"ngg_post_thumbnail":0,"footnotes":""},"aioseo_notices":[],"_links":{"self":[{"href":"https:\/\/blogsaverroes.juntadeandalucia.es\/dptomatelopezneyra\/wp-json\/wp\/v2\/pages\/2286"}],"collection":[{"href":"https:\/\/blogsaverroes.juntadeandalucia.es\/dptomatelopezneyra\/wp-json\/wp\/v2\/pages"}],"about":[{"href":"https:\/\/blogsaverroes.juntadeandalucia.es\/dptomatelopezneyra\/wp-json\/wp\/v2\/types\/page"}],"author":[{"embeddable":true,"href":"https:\/\/blogsaverroes.juntadeandalucia.es\/dptomatelopezneyra\/wp-json\/wp\/v2\/users\/4100"}],"replies":[{"embeddable":true,"href":"https:\/\/blogsaverroes.juntadeandalucia.es\/dptomatelopezneyra\/wp-json\/wp\/v2\/comments?post=2286"}],"version-history":[{"count":21,"href":"https:\/\/blogsaverroes.juntadeandalucia.es\/dptomatelopezneyra\/wp-json\/wp\/v2\/pages\/2286\/revisions"}],"predecessor-version":[{"id":2360,"href":"https:\/\/blogsaverroes.juntadeandalucia.es\/dptomatelopezneyra\/wp-json\/wp\/v2\/pages\/2286\/revisions\/2360"}],"up":[{"embeddable":true,"href":"https:\/\/blogsaverroes.juntadeandalucia.es\/dptomatelopezneyra\/wp-json\/wp\/v2\/pages\/1585"}],"wp:attachment":[{"href":"https:\/\/blogsaverroes.juntadeandalucia.es\/dptomatelopezneyra\/wp-json\/wp\/v2\/media?parent=2286"}],"curies":[{"name":"wp","href":"https:\/\/api.w.org\/{rel}","templated":true}]}}