{"id":2380,"date":"2021-01-08T12:53:06","date_gmt":"2021-01-08T12:53:06","guid":{"rendered":"https:\/\/blogsaverroes.juntadeandalucia.es\/dptomatelopezneyra\/?page_id=2380"},"modified":"2021-01-08T12:53:06","modified_gmt":"2021-01-08T12:53:06","slug":"salmorejo-cordobes-con-tortilla-de-patatas","status":"publish","type":"page","link":"https:\/\/blogsaverroes.juntadeandalucia.es\/dptomatelopezneyra\/entrantes\/salmorejo-cordobes\/salmorejo-cordobes-con-tortilla-de-patatas\/","title":{"rendered":"Salmorejo Cordob\u00e9s con tortilla de patatas"},"content":{"rendered":"<table class=\" aligncenter alignleft\" style=\"height: 590px;width: 101.078%;border-color: #000301;border-style: solid\">\n<tbody>\n<tr style=\"background-color: #08780a;height: 24px;border-color: #e31414\">\n<td style=\"width: 111.567%;background-color: #cf174e;height: 24px;border-color: #f7f2f2;text-align: center\" colspan=\"2\"><span style=\"color: #ffffff\"><strong><span style=\"font-size: 10pt\">FICHA DEL PLATO<\/span><\/strong><\/span><\/td>\n<\/tr>\n<tr style=\"background-color: #96e3c2;height: 5px;border-color: #e31414\">\n<td style=\"width: 16.5149%;height: 5px;border-color: #c5e6e0\"><span style=\"font-family: verdana, geneva, sans-serif\"><strong>NOMBRE:<\/strong><\/span><\/td>\n<td style=\"width: 95.0519%;height: 5px;border-color: #c5e6e0;text-align: left\"><span style=\"font-family: verdana, geneva, sans-serif\"><strong><span style=\"font-size: 8pt\">&nbsp;<span style=\"font-size: 12pt\">Salmorejo Cordob\u00e9s con tortilla de patatas <span style=\"color: #000000\"><em>(4 personas)<\/em><\/span><\/span><\/span><\/strong><\/span><\/td>\n<\/tr>\n<tr style=\"border-color: #18e314;border-style: solid;background-color: #d7f23d\">\n<td style=\"width: 16.5149%;height: 21px\"><span style=\"font-family: verdana, geneva, sans-serif\"><strong>INGREDIENTES:<\/strong><\/span><\/td>\n<td style=\"width: 95.0519%;height: 21px;text-align: left\"><span style=\"font-family: verdana, geneva, sans-serif\"><strong>Tomates, Ajo, Pan, Sal, Aceite de oliva, Huevo duro, Lascas de jam\u00f3n, Patatas y Huevos.<\/strong><\/span><\/td>\n<\/tr>\n<tr style=\"border-color: #e31414;border-style: solid;background-color: #000000\">\n<td style=\"width: 16.5149%;height: 21px;background-color: #c5e6e0\"><span style=\"font-family: verdana, geneva, sans-serif\"><strong>PROCESO:<\/strong><\/span><\/td>\n<td style=\"width: 95.0519%;height: 21px;background-color: #c5e6e0;text-align: left\"><span style=\"font-family: verdana, geneva, sans-serif\"><span style=\"font-size: 10pt\">El salmorejo Cordob\u00e9s, como he dicho antes, se puede acompa\u00f1ar de muy diversas formas, por ejemplo <\/span><span style=\"font-size: 10pt\">podemos servirlo con una riqu\u00edsima tortilla de patatas, resultando una mezcla muy apetitosa.<\/span><\/span><\/p>\n<p><span style=\"font-family: verdana, geneva, sans-serif\"><img loading=\"lazy\" decoding=\"async\" class=\"alignnone size-medium wp-image-2381 aligncenter\" src=\"https:\/\/blogsaverroes.juntadeandalucia.es\/dptomatelopezneyra\/files\/2021\/01\/DSC05910-300x226.jpg\" alt=\"\" width=\"300\" height=\"226\" srcset=\"https:\/\/blogsaverroes.juntadeandalucia.es\/dptomatelopezneyra\/files\/2021\/01\/DSC05910-300x226.jpg 300w, https:\/\/blogsaverroes.juntadeandalucia.es\/dptomatelopezneyra\/files\/2021\/01\/DSC05910-1024x772.jpg 1024w, https:\/\/blogsaverroes.juntadeandalucia.es\/dptomatelopezneyra\/files\/2021\/01\/DSC05910-768x579.jpg 768w, https:\/\/blogsaverroes.juntadeandalucia.es\/dptomatelopezneyra\/files\/2021\/01\/DSC05910-1536x1158.jpg 1536w, https:\/\/blogsaverroes.juntadeandalucia.es\/dptomatelopezneyra\/files\/2021\/01\/DSC05910-24x18.jpg 24w, https:\/\/blogsaverroes.juntadeandalucia.es\/dptomatelopezneyra\/files\/2021\/01\/DSC05910-36x27.jpg 36w, https:\/\/blogsaverroes.juntadeandalucia.es\/dptomatelopezneyra\/files\/2021\/01\/DSC05910-48x36.jpg 48w, https:\/\/blogsaverroes.juntadeandalucia.es\/dptomatelopezneyra\/files\/2021\/01\/DSC05910.jpg 1600w\" sizes=\"(max-width: 300px) 100vw, 300px\" \/><\/span><\/td>\n<\/tr>\n<\/tbody>\n<\/table>\n<p>&nbsp;<\/p>\n<p>&nbsp;<\/p>\n","protected":false},"excerpt":{"rendered":"<p>FICHA DEL PLATO NOMBRE: &nbsp;Salmorejo Cordob\u00e9s con tortilla de patatas (4 personas) INGREDIENTES: Tomates, Ajo, Pan, Sal, Aceite de oliva, Huevo duro, Lascas de jam\u00f3n, Patatas y Huevos. PROCESO: El salmorejo Cordob\u00e9s, como he dicho antes, se puede acompa\u00f1ar de muy diversas formas, por ejemplo podemos servirlo con una riqu\u00edsima&#46;&#46;&#46;<\/p>\n","protected":false},"author":4100,"featured_media":0,"parent":2372,"menu_order":3,"comment_status":"closed","ping_status":"closed","template":"","meta":{"ngg_post_thumbnail":0,"footnotes":""},"aioseo_notices":[],"_links":{"self":[{"href":"https:\/\/blogsaverroes.juntadeandalucia.es\/dptomatelopezneyra\/wp-json\/wp\/v2\/pages\/2380"}],"collection":[{"href":"https:\/\/blogsaverroes.juntadeandalucia.es\/dptomatelopezneyra\/wp-json\/wp\/v2\/pages"}],"about":[{"href":"https:\/\/blogsaverroes.juntadeandalucia.es\/dptomatelopezneyra\/wp-json\/wp\/v2\/types\/page"}],"author":[{"embeddable":true,"href":"https:\/\/blogsaverroes.juntadeandalucia.es\/dptomatelopezneyra\/wp-json\/wp\/v2\/users\/4100"}],"replies":[{"embeddable":true,"href":"https:\/\/blogsaverroes.juntadeandalucia.es\/dptomatelopezneyra\/wp-json\/wp\/v2\/comments?post=2380"}],"version-history":[{"count":1,"href":"https:\/\/blogsaverroes.juntadeandalucia.es\/dptomatelopezneyra\/wp-json\/wp\/v2\/pages\/2380\/revisions"}],"predecessor-version":[{"id":2382,"href":"https:\/\/blogsaverroes.juntadeandalucia.es\/dptomatelopezneyra\/wp-json\/wp\/v2\/pages\/2380\/revisions\/2382"}],"up":[{"embeddable":true,"href":"https:\/\/blogsaverroes.juntadeandalucia.es\/dptomatelopezneyra\/wp-json\/wp\/v2\/pages\/2372"}],"wp:attachment":[{"href":"https:\/\/blogsaverroes.juntadeandalucia.es\/dptomatelopezneyra\/wp-json\/wp\/v2\/media?parent=2380"}],"curies":[{"name":"wp","href":"https:\/\/api.w.org\/{rel}","templated":true}]}}