{"id":2529,"date":"2021-01-25T10:42:30","date_gmt":"2021-01-25T10:42:30","guid":{"rendered":"https:\/\/blogsaverroes.juntadeandalucia.es\/dptomatelopezneyra\/?page_id=2529"},"modified":"2021-01-26T12:43:22","modified_gmt":"2021-01-26T12:43:22","slug":"gaspacho","status":"publish","type":"page","link":"https:\/\/blogsaverroes.juntadeandalucia.es\/dptomatelopezneyra\/entrantes\/gaspacho\/","title":{"rendered":"Gazpacho"},"content":{"rendered":"<table class=\" aligncenter alignleft\" style=\"height: 596px;width: 101.429%;border-color: #000301;border-style: solid\">\n<tbody>\n<tr style=\"background-color: #08780a;height: 24px;border-color: #e31414\">\n<td style=\"width: 111.567%;background-color: #cf174e;height: 24px;border-color: #f7f2f2;text-align: center\" colspan=\"2\"><span style=\"color: #ffffff\"><strong><span style=\"font-size: 10pt\">FICHA DEL PLATO<\/span><\/strong><\/span><\/td>\n<\/tr>\n<tr style=\"background-color: #96e3c2;height: 5px;border-color: #e31414\">\n<td style=\"width: 16.5149%;height: 5px;border-color: #c5e6e0\"><span style=\"font-family: verdana, geneva, sans-serif\"><strong>NOMBRE:<\/strong><\/span><\/td>\n<td style=\"width: 95.0519%;height: 5px;border-color: #c5e6e0;text-align: left\"><span style=\"font-family: verdana, geneva, sans-serif\"><span style=\"font-size: 8pt\"><span style=\"font-family: verdana, geneva, sans-serif;font-size: 8pt\"><b>&nbsp;<\/b><\/span><span style=\"font-size: 12pt\"><span style=\"font-family: verdana, geneva, sans-serif\"><b>Gazpacho<\/b><\/span><span style=\"font-family: verdana, geneva, sans-serif;font-size: 12pt\"><b>&nbsp;<\/b><\/span><strong><span style=\"color: #000000\"><em>(4 personas)<\/em><\/span><\/strong><\/span><\/span><\/span><\/td>\n<\/tr>\n<tr style=\"border-color: #18e314;border-style: solid;background-color: #d7f23d\">\n<td style=\"width: 16.5149%;height: 21px\"><span style=\"font-family: verdana, geneva, sans-serif\"><strong>INGREDIENTES:<\/strong><\/span><\/td>\n<td style=\"width: 95.0519%;height: 21px;text-align: left\"><span style=\"font-family: verdana, geneva, sans-serif\"><strong>Tomates, Pan, Ajo, Sal, Vinagre, Aceite de oliva, Pepino y Pimiento verde.<\/strong><\/span><\/td>\n<\/tr>\n<tr style=\"border-color: #e31414;border-style: solid;background-color: #000000\">\n<td style=\"width: 16.5149%;height: 21px;background-color: #c5e6e0\"><span style=\"font-family: verdana, geneva, sans-serif\"><strong>PROCESO:<\/strong><\/span><\/td>\n<td style=\"width: 95.0519%;height: 21px;background-color: #c5e6e0;text-align: left\"><span style=\"font-size: 10pt;font-family: verdana, geneva, sans-serif\">El ingrediente m\u00e1s importante de muestro plato es el tomate. Vamos a pelar 1 kg. de tomates y los trocearemos para despu\u00e9s batirlos junto con un trozo de pan mojado (seg\u00fan nos guste de espeso el gazpacho, pondremos m\u00e1s o menos pan), un diente de ajo, sal, vinagre y aceite de oliva.<\/span><\/p>\n<p><span style=\"font-size: 10pt;font-family: verdana, geneva, sans-serif\">Una vez bien batido se le pone un poco de agua, se mueve y lo ajustamos a muestro gusto a\u00f1adiendo vinagre y sal. <\/span><span style=\"font-size: 10pt;font-family: verdana, geneva, sans-serif\">Es recomendable que nuestro gazpacho se sirva frio, por lo que podemos a\u00f1adir un poco de hielo<\/span><span style=\"font-size: 10pt;font-family: verdana, geneva, sans-serif\">.&nbsp;<\/span><\/p>\n<p><span style=\"font-family: verdana, geneva, sans-serif;font-size: 10pt\">Algunas veces se le a\u00f1ade pepino y\/o pimiento verde.<\/span><\/p>\n<p><img loading=\"lazy\" decoding=\"async\" class=\"alignnone size-medium wp-image-2537 aligncenter\" src=\"https:\/\/blogsaverroes.juntadeandalucia.es\/dptomatelopezneyra\/files\/2021\/01\/Gazpacho-229x300.jpg\" alt=\"\" width=\"229\" height=\"300\" srcset=\"https:\/\/blogsaverroes.juntadeandalucia.es\/dptomatelopezneyra\/files\/2021\/01\/Gazpacho-229x300.jpg 229w, https:\/\/blogsaverroes.juntadeandalucia.es\/dptomatelopezneyra\/files\/2021\/01\/Gazpacho-18x24.jpg 18w, https:\/\/blogsaverroes.juntadeandalucia.es\/dptomatelopezneyra\/files\/2021\/01\/Gazpacho-28x36.jpg 28w, https:\/\/blogsaverroes.juntadeandalucia.es\/dptomatelopezneyra\/files\/2021\/01\/Gazpacho-37x48.jpg 37w, https:\/\/blogsaverroes.juntadeandalucia.es\/dptomatelopezneyra\/files\/2021\/01\/Gazpacho.jpg 735w\" sizes=\"(max-width: 229px) 100vw, 229px\" \/><\/td>\n<\/tr>\n<\/tbody>\n<\/table>\n<p>&nbsp;<\/p>\n<p>&nbsp;<\/p>\n","protected":false},"excerpt":{"rendered":"<p>FICHA DEL PLATO NOMBRE: &nbsp;Gazpacho&nbsp;(4 personas) INGREDIENTES: Tomates, Pan, Ajo, Sal, Vinagre, Aceite de oliva, Pepino y Pimiento verde. PROCESO: El ingrediente m\u00e1s importante de muestro plato es el tomate. Vamos a pelar 1 kg. de tomates y los trocearemos para despu\u00e9s batirlos junto con un trozo de pan mojado&#46;&#46;&#46;<\/p>\n","protected":false},"author":4100,"featured_media":0,"parent":2095,"menu_order":2,"comment_status":"closed","ping_status":"closed","template":"","meta":{"ngg_post_thumbnail":0,"footnotes":""},"aioseo_notices":[],"_links":{"self":[{"href":"https:\/\/blogsaverroes.juntadeandalucia.es\/dptomatelopezneyra\/wp-json\/wp\/v2\/pages\/2529"}],"collection":[{"href":"https:\/\/blogsaverroes.juntadeandalucia.es\/dptomatelopezneyra\/wp-json\/wp\/v2\/pages"}],"about":[{"href":"https:\/\/blogsaverroes.juntadeandalucia.es\/dptomatelopezneyra\/wp-json\/wp\/v2\/types\/page"}],"author":[{"embeddable":true,"href":"https:\/\/blogsaverroes.juntadeandalucia.es\/dptomatelopezneyra\/wp-json\/wp\/v2\/users\/4100"}],"replies":[{"embeddable":true,"href":"https:\/\/blogsaverroes.juntadeandalucia.es\/dptomatelopezneyra\/wp-json\/wp\/v2\/comments?post=2529"}],"version-history":[{"count":6,"href":"https:\/\/blogsaverroes.juntadeandalucia.es\/dptomatelopezneyra\/wp-json\/wp\/v2\/pages\/2529\/revisions"}],"predecessor-version":[{"id":2540,"href":"https:\/\/blogsaverroes.juntadeandalucia.es\/dptomatelopezneyra\/wp-json\/wp\/v2\/pages\/2529\/revisions\/2540"}],"up":[{"embeddable":true,"href":"https:\/\/blogsaverroes.juntadeandalucia.es\/dptomatelopezneyra\/wp-json\/wp\/v2\/pages\/2095"}],"wp:attachment":[{"href":"https:\/\/blogsaverroes.juntadeandalucia.es\/dptomatelopezneyra\/wp-json\/wp\/v2\/media?parent=2529"}],"curies":[{"name":"wp","href":"https:\/\/api.w.org\/{rel}","templated":true}]}}