{"id":629,"date":"2021-09-23T11:06:02","date_gmt":"2021-09-23T10:06:02","guid":{"rendered":"https:\/\/blogsaverroes.juntadeandalucia.es\/easdsevilla\/?page_id=629"},"modified":"2021-09-26T08:53:29","modified_gmt":"2021-09-26T07:53:29","slug":"international","status":"publish","type":"page","link":"https:\/\/blogsaverroes.juntadeandalucia.es\/easdsevilla\/international\/","title":{"rendered":"International"},"content":{"rendered":"ngg_shortcode_0_placeholder\n<table style=\"width: 100%;border-collapse: collapse;background-color: #ffffff\">\n<tbody>\n<tr>\n<td style=\"width: 49.1474%;vertical-align: top\">\n<h4 class=\"col-title\">Bienvenidos<\/h4>\n<div class=\"entry-content\">\n<p>La Escuela de Arte de Sevilla tiene como una de sus objetivos fomentar la movilidad internacional tanto de sus estudiantes como de personal docente o no docente. As\u00ed, dentro del marco Erasmus+ y sus programas de intercambio, la Escuela trabaja cada a\u00f1o en ampliar los convenios con las instituciones de educaci\u00f3n superior, persiguiendo una mayor diversidad geogr\u00e1fica y la calidad de los planes de estudios.<\/p>\n<p><strong>Incoming students<\/strong><\/p>\n<blockquote><p><strong>Application process<\/strong><\/p><\/blockquote>\n<p>After being nominated by your school the students have to fill out the required documents and submit the documents to our email.<\/p>\n<p>The required documents are:<\/p>\n<ul>\n<li>Application form<\/li>\n<li>Digital portfolio or website link<\/li>\n<li>Personal motivation letter<\/li>\n<li>Learning agreement<\/li>\n<li>Proof of Spanish<\/li>\n<\/ul>\n<p>You can&nbsp;<a href=\"https:\/\/escueladeartedesevilla.es\/documents\/IncomingStudentsSMS.rar\" target=\"_blank\" rel=\"noopener noreferrer\">download the required documents here.<\/a><\/p>\n<h6><span style=\"font-size: 12pt\">Acceptance Letter:<\/span><\/h6>\n<p>Within 30 working days after the application deadline, successful candidates will receive an acceptance letter or e-mail giving details of arrangements for induction and enrolment if appropriate, when to arrive and what to bring. In case of being accepted all application forms must be signed, stamped and sent by the Erasmus Coordinator.<\/p>\n<p>No changes will be allowed on the Learning Agreement after a month of the beginning of the semester.<\/p>\n<blockquote><p><strong>Deadlines<\/strong><\/p><\/blockquote>\n<ul>\n<li>Applications for Winter Semester: 30th May.<\/li>\n<li>Applications for Spring Semester: 15th November.<\/li>\n<\/ul>\n<blockquote><p><strong>Academic recognition<\/strong><\/p><\/blockquote>\n<p>Before the study abroad period, you, your school and our school must sign a Learning Agreement for Studies to ensure a transparent and efficient preparation of the exchange abroad. This document sets out rights and responsibilities of the various parties.<\/p>\n<p>After the study abroad period, our school will provide you and your institution a Transcript of records confirming that the agreed programme has been completed and acknowledge the results.<\/p>\n<p>Your higher education institution must recognize the credits (using ECTS credits or an equivalent system) as agreed in the Learning Agreement before the mobility and count them towards your degree, without any further requirements.<\/p>\n<blockquote><p><strong>Student life<\/strong><\/p><\/blockquote>\n<p>Seville is a perfect city to live in and to enjoy, but it is also an ideal place to create, innovate, invent and take place. Thousands of students come every year to enjoy the sun, the tapas and the Sevillian that are characterized by their sociable and outgoing character. Sevilla, a cleaner, greener and more breathable metropolis, where walking bicycles, pedestrians and electric trams, with a total of 140 kilometres of bicycle paths declared, stands as the \u201csafest city\u201d in Spain for cyclists.<\/p>\n<p>After school, Sevilla is a city that you can enjoy with thousands of other students from all over the world.<\/p>\n<p>Situated on the banks of the Guadalquivir River, Seville has a rich Moorish heritage and used to be a prosperous port that carried out trade with the Americas. The streets and squares in the historic quarter of the capital of Andalusia are lively and busy. They treasure many constructions that have the World Heritage designation, and many districts are full of traditional culture, like Triana and La Macarena. Seville is a prominent business and service centre in the south of Spain and has many hotels distributed all over the city which enables visitors to discover endless attractions. Museums and art centres, theme parks, cinemas, theatres and clubs are some of the many leisure options that a great city like Seville holds. Without forgetting, of course, the numerous terraces, inns and bars where visitors can practise one of the most deeply-rooted and tasty traditions in the city: Going out for tapas.<\/p>\n<p>Another good excuse to come to the Sevillian capital is the festivals. The celebrations of Semana Santa (Easter Week) and Feria de Abril (the April Fair), which have been declared of National Tourist Interest, reflect the devotion and folklore of the people of Seville, always open and friendly to visitors. But Seville\u2019s appeal does not end there, as the city is also the starting point for the many cultural routes the province offers, such as the Roman B\u00e9tica Route or the Washington Irving route. The visitor will also discover the immense natural wealth of this region, which sits halfway between two continents, in natural treasures such as the Do\u00f1ana Nature Reserve, declared a World Heritage Site and Biosphere Reserve by UNESCO, and the Sierra Norte Nature Reserve. They will be the ideal setting for practising outdoor sports, including hiking, horse riding, and cycling routes. If, on the other hand, golf is your sport of choice, then you will be glad to know that Seville has four excellent golf courses in its vicinity.<\/p>\n<p>From http:\/\/www.spain.info<\/p>\n<blockquote><p><strong>Fees<\/strong><\/p><\/blockquote>\n<p>When on exchange, no tuition fees are ever paid to the host university. Our Incoming Students may attend all courses taught free of charge.<\/p>\n<blockquote><p><strong>Study programmes and language requirements<\/strong><\/p><\/blockquote>\n<p>Escuela de Arte de Sevilla offers the following programmes.<\/p>\n<ul>\n<li><b>BA Graphic Design (4 years \/ 240 ECTS)<\/b><\/li>\n<li><b>BA Interior Design (4 years \/ 240 ECTS)<\/b><\/li>\n<li>You can download here our&nbsp;<a href=\"https:\/\/escueladeartedesevilla.es\/wp-content\/uploads\/2012\/11\/EAS-Subjects-DG-DI.pdf\" target=\"_blank\" rel=\"noopener noreferrer\">BA Course programmes<\/a>.<\/li>\n<li>In case the student is interested in more areas of knowledge, there are other studies with ECTS (Vocational studies). The listing below shows all our academic offer:<\/li>\n<li><b>Advanced specific vocational training (EQF level 5) (2 years \/ 120 ECTS)<\/b><\/li>\n<li>&#8211; Advanced specific vocational training in Fine-art photography- Advanced specific vocational training in Graphic design and advertising- Advanced specific vocational training in Ceramic Art- Advanced specific vocational training in Gold, silver and polychrome- Advanced specific vocational training in Woodwork- Advanced specific vocational training in Sculpture applied to the spectacle- Advanced specific vocational training in Moulds and reproductions- Advanced specific vocational training in Sculptural techniques<\/li>\n<li><b>Advanced specific vocational training (EQF level 5) (2 years)<\/b>&#8211; Advanced specific vocational training in Mural arts- Advanced specific vocational training in Artistic fired enamel on metal- Advanced specific vocational training in Mosaics- Advanced specific vocational training in Furnishing- Advanced specific vocational training in Ephemeral architecture- Advanced specific vocational training in Window dressing- Advanced specific vocational training in Design and project management of decorative work<\/li>\n<li><b>Intermediate Specific Vocational Training (EQF level 4) (1 year)<\/b>&#8211; Intermediate Specific Vocational Training in Pottery- Intermediate Specific Vocational Training in Chalcographic engraving- Intermediate Specific Vocational Training in Gold and silver smithing- Intermediate Specific Vocational Training in Silk screen art<\/li>\n<li><b>Arts Baccalaureate (2 years)<\/b><\/li>\n<li>Classes will be taught in Spanish, some of them will have some English support so Spanish knowledge is required for communication. Incoming students will be supported by some teachers speaking English and by their own Spanish colleagues.<\/li>\n<\/ul>\n<\/div>\n<\/td>\n<td style=\"width: 50.8526%;vertical-align: top\">\n<h4 class=\"col-title\">Welcome<\/h4>\n<div class=\"entry-content\">\n<p>Our School accepts Erasmus exchange students in different degree programmes. If you are interested in studying at our School please check \u2018Incoming students\u2019 below.<\/p>\n<p><strong>More information<\/strong><\/p>\n<blockquote><p><strong>Datos de contacto \/ Contact information<\/strong><\/p><\/blockquote>\n<h6><span style=\"font-size: 12pt\">International Office<\/span><\/h6>\n<ul>\n<li><b>Website:<\/b>&nbsp;www.escueladeartedesevilla.es\/erasmus<\/li>\n<li><b>E-mail:&nbsp;<\/b><a href=\"mailto:international@escueladeartedesevilla.es\">international{at}escueladeartedesevilla.es<\/a><\/li>\n<li><b>Erasmus ID:&nbsp;<\/b>E SEVILLA10<\/li>\n<li><b>Telephone:&nbsp;<\/b>+34 955 252 525<\/li>\n<li><b>Address:&nbsp;<\/b>Avenida de Chile n\u00ba1 41013 Sevilla<\/li>\n<\/ul>\n<p><strong>Partners<\/strong><\/p>\n<ul>\n<li>Croatia. Split.&nbsp;<b><a href=\"https:\/\/www.umas.unist.hr\/\" target=\"_blank\" rel=\"noopener noreferrer\">Umjetnicka akademija u Splitu \/ Arts Academy in Split.<\/a><\/b><\/li>\n<li>Cyprus. Nicosia.&nbsp;<b><a href=\"http:\/\/www.frederick.ac.cy\/\" target=\"_blank\" rel=\"noopener noreferrer\">Frederick University.<\/a><\/b><\/li>\n<li>Cyprus. Nicosia.&nbsp;<b><a href=\"https:\/\/www.unic.ac.cy\/\" target=\"_blank\" rel=\"noopener noreferrer\">University of Nicosia.<\/a><\/b><\/li>\n<li>Czech Republic. Pilsen.&nbsp;<b><a href=\"https:\/\/www.zcu.cz\/en\/index.html\" target=\"_blank\" rel=\"noopener noreferrer\">University of West Bohemia.<\/a><\/b><\/li>\n<li>France. Marseille.<b><a href=\"http:\/\/www.axesud.fr\/erasmus\" target=\"_blank\" rel=\"noopener noreferrer\">&nbsp;Axe Sud.<\/a><\/b><\/li>\n<li>France. Paris.&nbsp;<b><a href=\"https:\/\/ecoles-conde.com\/\" target=\"_blank\" rel=\"noopener noreferrer\">AD education.<\/a><\/b><\/li>\n<li>France. Par\u00eds.&nbsp;<b><a href=\"http:\/\/www.ensaama.net\/\" target=\"_blank\" rel=\"noopener noreferrer\">\u00c9cole nationale sup\u00e9rieure des arts appliqu\u00e9s et des m\u00e9tiers d&#8217;art.<\/a><\/b><\/li>\n<li>France. Par\u00eds.&nbsp;<b><a href=\"http:\/\/www.ecole-boulle.org\/\" target=\"_blank\" rel=\"noopener noreferrer\">\u00c9cole Boulle. Design et M\u00e9tiers d&#8217;Arts.<\/a><\/b><\/li>\n<li>France. Par\u00eds.&nbsp;<b><a href=\"http:\/\/www.ecole-estienne.paris\/\" target=\"_blank\" rel=\"noopener noreferrer\">\u00c9cole Estienne.<\/a><\/b><\/li>\n<li>France. Par\u00eds.&nbsp;<b><a href=\"https:\/\/www.academiecharpentier.com\/\" target=\"_blank\" rel=\"noopener noreferrer\">Academy Carpenter Acad\u00e9mie Charpentier.<\/a><\/b><\/li>\n<li>France. Toulouse.&nbsp;<b><a href=\"http:\/\/www.axesud.fr\/erasmus\" target=\"_blank\" rel=\"noopener noreferrer\">E.P.A.G. Axe Sud.<\/a><\/b><\/li>\n<li>Germany. Kiel.&nbsp;<b><a href=\"https:\/\/muthesius-kunsthochschule.de\/\" target=\"_blank\" rel=\"noopener noreferrer\">Muthesius University of Fine Arts and Design.<\/a><\/b><\/li>\n<li>Germany. Stuttgart.&nbsp;<b><a href=\"https:\/\/www.hft-stuttgart.de\/\" target=\"_blank\" rel=\"noopener noreferrer\">HFT Stuttgart: Studieren und Forschen in Stuttgart.<\/a><\/b><\/li>\n<li>Greece. Atenas.&nbsp;<b><a href=\"https:\/\/www.uniwa.gr\/en\/home-page\/\" target=\"_blank\" rel=\"noopener noreferrer\">West Attica Athens University of Applied Sciences<\/a><\/b><\/li>\n<li>Italy. Bari.&nbsp;<b><a href=\"http:\/\/www.accademiabelleartiba.it\/\" target=\"_blank\" rel=\"noopener noreferrer\">Accademia di Belle Arti di Bari.<\/a><\/b><\/li>\n<li>Italy. Catania.&nbsp;<b><a href=\"http:\/\/www.abadir.net\/\" target=\"_blank\" rel=\"noopener noreferrer\">Abadir \u2013 Accademia di Design e Arti Visive.<\/a><\/b><\/li>\n<li>Italy. L&#8217;Aquila.&nbsp;<b><a href=\"https:\/\/www.abaq.it\/\" target=\"_blank\" rel=\"noopener noreferrer\">Accademia di Belle Arti L&#8217;Aquila.<\/a><\/b><\/li>\n<li>Italy. Macerata.&nbsp;<b><a href=\"http:\/\/www.abamc.it\/it\/\" target=\"_blank\" rel=\"noopener noreferrer\">Accademia Belle Arti Macerata.<\/a><\/b><\/li>\n<li>Italy. Roma.&nbsp;<b><a href=\"https:\/\/abaroma.it\/\" target=\"_blank\" rel=\"noopener noreferrer\">Accademia di Belle Arti di Roma.<\/a><\/b><\/li>\n<li>Latvia. Riga.&nbsp;<b><a href=\"https:\/\/www.lma.lv\/en\" target=\"_blank\" rel=\"noopener noreferrer\">Art Academy of Latvia.<\/a><\/b><\/li>\n<li>Lithuania. Vilnius.&nbsp;<b><a href=\"http:\/\/www.vda.lt\/en\/\" target=\"_blank\" rel=\"noopener noreferrer\">Vilnius Academy of Arts.<\/a><\/b><\/li>\n<li>Poland. Bielsko-Biala.&nbsp;<b><a href=\"http:\/\/www.tyszkiewicz.edu.pl\/\" target=\"_blank\" rel=\"noopener noreferrer\">Bielskak Wyzsza Szkola im. J. Tyszkiewicza.<\/a><\/b><\/li>\n<li>Poland. Bialystok.&nbsp;<b><a href=\"https:\/\/pb.edu.pl\/en\/\" target=\"_blank\" rel=\"noopener noreferrer\">Bialystok University of Technology.<\/a><\/b><\/li>\n<li>Poland. Gdansk.&nbsp;<b><a href=\"https:\/\/en.asp.gda.pl\/\" target=\"_blank\" rel=\"noopener noreferrer\">Academy of Fine Arts in Gda?sk.<\/a><\/b><\/li>\n<li>Poland. Katowice.&nbsp;<b><a href=\"http:\/\/www.en.wst.com.pl\/\/\" target=\"_blank\" rel=\"noopener noreferrer\">Katowice School of Technology.<\/a><\/b><\/li>\n<li>Poland. Krakow.&nbsp;<b><a href=\"https:\/\/www.asp.krakow.pl\/\" target=\"_blank\" rel=\"noopener noreferrer\">Akademia Sztuk Pi?knych im. Jana Matejki w Krakowie.<\/a><\/b><\/li>\n<li>Poland. Silesian.&nbsp;<b><a href=\"https:\/\/www.polsl.pl\/en\/Pages\/Welcome.aspx\" target=\"_blank\" rel=\"noopener noreferrer\">Silesian University of Technology.<\/a><\/b><\/li>\n<li>Portugal. Matosinhos.&nbsp;<b><a href=\"https:\/\/esad.pt\/en\/escola\" target=\"_blank\" rel=\"noopener noreferrer\">ESAD College of Art and Design.<\/a><\/b><\/li>\n<li>Romania. Iasi.&nbsp;<b><a href=\"https:\/\/www.arteiasi.ro\/?page_id=1144&amp;lang=eng\" target=\"_blank\" rel=\"noopener noreferrer\">George Enescu National University of Arts.<\/a><\/b><\/li>\n<li>Slovakia. Kosice.&nbsp;<b><a href=\"https:\/\/www.tuke.sk\/\" target=\"_blank\" rel=\"noopener noreferrer\">Technick\u00e1 univerzita v Ko\u0161iciach.&nbsp;<\/a><\/b>.<\/li>\n<li>Slovenia. Trzin.&nbsp;<b><a href=\"https:\/\/fd.si\/?lang=en\" target=\"_blank\" rel=\"noopener noreferrer\">Fakulteta za dizajn.<\/a><\/b><\/li>\n<li>Turkey. Istambul.&nbsp;<b><a href=\"http:\/\/www.halic.edu.tr\/en\" target=\"_blank\" rel=\"noopener noreferrer\">Hali\u00e7 University.<\/a><\/b><\/li>\n<\/ul>\n<\/div>\n<\/td>\n<\/tr>\n<\/tbody>\n<\/table>\n<div class=\"entry-content\">\n<p>&nbsp;<\/p>\n<\/div>\n","protected":false},"excerpt":{"rendered":"<p>Bienvenidos La Escuela de Arte de Sevilla tiene como una de sus objetivos fomentar la movilidad internacional tanto de sus estudiantes como de personal docente&hellip;<\/p>\n","protected":false},"author":13297,"featured_media":0,"parent":0,"menu_order":0,"comment_status":"closed","ping_status":"closed","template":"","meta":{"ngg_post_thumbnail":0,"footnotes":""},"aioseo_notices":[],"_links":{"self":[{"href":"https:\/\/blogsaverroes.juntadeandalucia.es\/easdsevilla\/wp-json\/wp\/v2\/pages\/629"}],"collection":[{"href":"https:\/\/blogsaverroes.juntadeandalucia.es\/easdsevilla\/wp-json\/wp\/v2\/pages"}],"about":[{"href":"https:\/\/blogsaverroes.juntadeandalucia.es\/easdsevilla\/wp-json\/wp\/v2\/types\/page"}],"author":[{"embeddable":true,"href":"https:\/\/blogsaverroes.juntadeandalucia.es\/easdsevilla\/wp-json\/wp\/v2\/users\/13297"}],"replies":[{"embeddable":true,"href":"https:\/\/blogsaverroes.juntadeandalucia.es\/easdsevilla\/wp-json\/wp\/v2\/comments?post=629"}],"version-history":[{"count":12,"href":"https:\/\/blogsaverroes.juntadeandalucia.es\/easdsevilla\/wp-json\/wp\/v2\/pages\/629\/revisions"}],"predecessor-version":[{"id":672,"href":"https:\/\/blogsaverroes.juntadeandalucia.es\/easdsevilla\/wp-json\/wp\/v2\/pages\/629\/revisions\/672"}],"wp:attachment":[{"href":"https:\/\/blogsaverroes.juntadeandalucia.es\/easdsevilla\/wp-json\/wp\/v2\/media?parent=629"}],"curies":[{"name":"wp","href":"https:\/\/api.w.org\/{rel}","templated":true}]}}