{"id":113,"date":"2015-03-16T08:06:00","date_gmt":"2015-03-16T08:06:00","guid":{"rendered":"http:\/\/blogsaverroes.juntadeandalucia.es\/pre\/ceip\/?page_id=113"},"modified":"2026-02-16T11:34:11","modified_gmt":"2026-02-16T10:34:11","slug":"biblioteca","status":"publish","type":"page","link":"https:\/\/blogsaverroes.juntadeandalucia.es\/ebarrios\/biblioteca\/","title":{"rendered":"Biblioteca"},"content":{"rendered":"<h1 style=\"text-align: center\"><a href=\"https:\/\/blogsaverroes.juntadeandalucia.es\/ebarrios\/files\/2025\/10\/7bac5d1a13b92eb18b2022cc46aaaa88.jpg\"><img loading=\"lazy\" decoding=\"async\" class=\"alignnone size-medium wp-image-5390\" src=\"https:\/\/blogsaverroes.juntadeandalucia.es\/ebarrios\/files\/2025\/10\/7bac5d1a13b92eb18b2022cc46aaaa88-300x261.jpg\" alt=\"\" width=\"300\" height=\"261\" srcset=\"https:\/\/blogsaverroes.juntadeandalucia.es\/ebarrios\/files\/2025\/10\/7bac5d1a13b92eb18b2022cc46aaaa88-300x261.jpg 300w, https:\/\/blogsaverroes.juntadeandalucia.es\/ebarrios\/files\/2025\/10\/7bac5d1a13b92eb18b2022cc46aaaa88.jpg 736w\" sizes=\"(max-width: 300px) 100vw, 300px\" \/><\/a><\/h1>\n<h1 style=\"text-align: left\">Cuentos&nbsp; interactivos<\/h1>\n<div>\n<div><iframe loading=\"lazy\" src=\"\/\/www.slideshare.net\/slideshow\/embed_code\/key\/MTuj5eYpiqUXgn\" width=\"595\" height=\"485\" frameborder=\"0\" marginwidth=\"0\" marginheight=\"0\" scrolling=\"no\"> <\/iframe><\/div>\n<div><em> <a title=\"La princesa listilla \" href=\"\/\/www.slideshare.net\/mlolajimenez\/la-princesa-listilla\" target=\"_blank\" rel=\"noopener noreferrer\">La princesa listilla <\/a>&nbsp;de <a href=\"https:\/\/www.slideshare.net\/mlolajimenez\" target=\"_blank\" rel=\"noopener noreferrer\">mlolajimenez<\/a><\/em><\/div>\n<p>&nbsp;<\/p>\n<\/div>\n<div>&nbsp;<\/div>\n<div style=\"text-align: left\"><b>M\u00c1S CUENTOS EN: <a href=\"http:\/\/lapiceromagico.blogspot.com.es\/2013\/02\/cuentos-coeducativos.html\" target=\"_blank\" rel=\"noopener noreferrer\">CUENTOS COEDUCATIVOS<\/a>&nbsp;<\/b><\/div>\n<div class=\"separator\">&nbsp;<\/div>\n<h1><strong>AN\u00cdMATE A LEER<\/strong><\/h1>\n<ul>\n<li><a href=\"http:\/\/www.aplicaciones.info\/lectura\/lectura.htm\" target=\"_blank\" rel=\"noopener\">LECTURAS INTERACTIVAS<\/a><\/li>\n<\/ul>\n<ul>\n<li><a href=\"http:\/\/www.milcuentos.com\/\" target=\"_blank\" rel=\"noopener\">MIL CUENTOS<\/a>&nbsp;<\/li>\n<\/ul>\n<ul>\n<li><a href=\"http:\/\/cuentosparadormir.com\/\" target=\"_blank\" rel=\"noopener\">CUENTOS PARA DORMIR: <em>Cuentos cortos con valores.<\/em><\/a><\/li>\n<\/ul>\n<ul>\n<li><a href=\"http:\/\/internenes.com\/index.php?module=recursos&amp;func=menu&amp;grp=comics\" target=\"_blank\" rel=\"noopener\">C\u00d3MICS<\/a><\/li>\n<\/ul>\n<ul>\n<li><a href=\"http:\/\/www.amediavoz.com\/\" target=\"_blank\" rel=\"noopener\">A MEDIA VOZ<\/a>&nbsp;<em>Poes\u00eda recitada por autores.<\/em><\/li>\n<\/ul>\n<ul>\n<li><a href=\"http:\/\/www.aplicaciones.info\/poesia\/poesia.htm\" target=\"_blank\" rel=\"noopener\">POES\u00cdA INTERACTIVA<\/a><\/li>\n<\/ul>\n<p>&nbsp;<\/p>\n<h1 style=\"text-align: center\"><strong>Educaci\u00f3n Emocional<\/strong><\/h1>\n<div id=\"sites-canvas-main\" class=\"sites-canvas-main\">\n<div id=\"sites-canvas-main-content\">\n<table class=\"sites-layout-name-one-column sites-layout-hbox\" style=\"width: 100.214%\" cellspacing=\"0\">\n<tbody>\n<tr>\n<td class=\"sites-layout-tile sites-tile-name-content-1\" style=\"width: 100%\">\n<div dir=\"ltr\">\n<div><span style=\"font-family: inherit;font-size: inherit\"><iframe loading=\"lazy\" src=\"https:\/\/www.youtube.com\/embed\/8NKjWD2Dvcg?rel=0&amp;wmode=opaque\" width=\"480\" height=\"270\" frameborder=\"0\"><\/iframe><iframe loading=\"lazy\" src=\"https:\/\/www.youtube.com\/embed\/8NKjWD2Dvcg?rel=0&amp;wmode=opaque\" width=\"480\" height=\"270\" frameborder=\"0\"><\/iframe><\/span><\/div>\n<div>&nbsp;<\/div>\n<div>\n<div>\n<div class=\"sites-embed-align-left-wrapping-off\">\n<div class=\"sites-embed-border-on sites-embed\">\n<div class=\"sites-embed-content sites-embed-type-youtube\"><iframe loading=\"lazy\" src=\"https:\/\/www.youtube.com\/embed\/3syn_o5WJU0?rel=0&amp;wmode=opaque\" width=\"480\" height=\"270\" frameborder=\"0\"><\/iframe><iframe loading=\"lazy\" src=\"https:\/\/www.youtube.com\/embed\/7Krw5hSsFxo?rel=0&amp;wmode=opaque\" width=\"480\" height=\"270\" frameborder=\"0\"><\/iframe><\/div>\n<\/div>\n<\/div>\n<\/div>\n<div>\n<div>\n<div class=\"sites-embed-align-left-wrapping-off\">\n<div class=\"sites-embed-border-on sites-embed\">\n<h4 class=\"sites-embed-title\"><iframe loading=\"lazy\" src=\"https:\/\/www.youtube.com\/embed\/OhRCiv7tl34?rel=0&amp;wmode=opaque\" width=\"480\" height=\"270\" frameborder=\"0\"><\/iframe><iframe loading=\"lazy\" src=\"https:\/\/www.youtube.com\/embed\/hX60bIksDsU?rel=0&amp;wmode=opaque\" width=\"480\" height=\"270\" frameborder=\"0\"><\/iframe><\/h4>\n<div class=\"sites-embed-content sites-embed-type-youtube\">&nbsp;<\/div>\n<\/div>\n<\/div>\n<\/div>\n<div><iframe loading=\"lazy\" src=\"https:\/\/www.youtube.com\/embed\/3syn_o5WJU0?rel=0&amp;wmode=opaque\" width=\"480\" height=\"270\" frameborder=\"0\"><\/iframe><iframe loading=\"lazy\" src=\"https:\/\/www.youtube.com\/embed\/SikVHG5z830?rel=0&amp;wmode=opaque\" width=\"480\" height=\"270\" frameborder=\"0\"><\/iframe><\/div>\n<div>\n<div>\n<div class=\"sites-embed-align-left-wrapping-off\">\n<div class=\"sites-embed-border-on sites-embed\">\n<h4 class=\"sites-embed-title\"><iframe loading=\"lazy\" src=\"https:\/\/www.youtube.com\/embed\/ZalrQFAT5W0?rel=0&amp;wmode=opaque\" width=\"480\" height=\"270\" frameborder=\"0\"><\/iframe><iframe loading=\"lazy\" src=\"https:\/\/www.youtube.com\/embed\/igngNwDSPJ4?rel=0&amp;wmode=opaque\" width=\"480\" height=\"270\" frameborder=\"0\"><\/iframe><\/h4>\n<div class=\"sites-embed-content sites-embed-type-youtube\">&nbsp;<\/div>\n<\/div>\n<\/div>\n<\/div>\n<div><iframe loading=\"lazy\" src=\"https:\/\/www.youtube.com\/embed\/K4Zk7p7FN0k?rel=0&amp;wmode=opaque\" width=\"480\" height=\"270\" frameborder=\"0\"><\/iframe><iframe loading=\"lazy\" src=\"https:\/\/www.youtube.com\/embed\/E8nE9qbOdLc?rel=0&amp;wmode=opaque\" width=\"480\" height=\"270\" frameborder=\"0\"><\/iframe><\/div>\n<div>\n<div>\n<div class=\"sites-embed-align-left-wrapping-off\">\n<div class=\"sites-embed-border-on sites-embed\">\n<h4 class=\"sites-embed-title\"><iframe loading=\"lazy\" src=\"https:\/\/www.youtube.com\/embed\/_Jdeu2tP8x0?rel=0&amp;wmode=opaque\" width=\"480\" height=\"270\" frameborder=\"0\"><\/iframe><iframe loading=\"lazy\" src=\"https:\/\/www.youtube.com\/embed\/EnQhERZwF5k?rel=0&amp;wmode=opaque\" width=\"480\" height=\"270\" frameborder=\"0\"><\/iframe><\/h4>\n<\/div>\n<\/div>\n<\/div>\n<\/div>\n<\/div>\n<\/div>\n<\/div>\n<div>\n<div>\n<div class=\"sites-embed-align-left-wrapping-off\">\n<div class=\"sites-embed-border-on sites-embed\">\n<h4 class=\"sites-embed-title\">&nbsp;<\/h4>\n<div class=\"sites-embed-content sites-embed-type-youtube\">&nbsp;<\/div>\n<\/div>\n<\/div>\n<\/div>\n<div>\n<div><iframe loading=\"lazy\" src=\"https:\/\/www.youtube.com\/embed\/UKP9KTZ9Smo?rel=0&amp;wmode=opaque\" width=\"480\" height=\"270\" frameborder=\"0\"><\/iframe><iframe loading=\"lazy\" src=\"https:\/\/www.youtube.com\/embed\/K0usZT3LGOQ?rel=0&amp;wmode=opaque\" width=\"480\" height=\"270\" frameborder=\"0\"><\/iframe><\/div>\n<div>\n<div>\n<div>\n<div>\n<div>\n<div>\n<div>\n<div class=\"sites-embed-align-left-wrapping-off\">\n<div class=\"sites-embed-border-on sites-embed\">\n<div class=\"sites-embed-content sites-embed-type-youtube\">&nbsp;<\/div>\n<\/div>\n<\/div>\n<\/div>\n<div>\n<div><iframe loading=\"lazy\" src=\"https:\/\/www.youtube.com\/embed\/xBMFyuDKRa4?rel=0&amp;wmode=opaque\" width=\"480\" height=\"270\" frameborder=\"0\"><\/iframe><iframe loading=\"lazy\" src=\"https:\/\/www.youtube.com\/embed\/FAluByUuv9s?rel=0&amp;wmode=opaque\" width=\"480\" height=\"270\" frameborder=\"0\"><\/iframe><\/div>\n<div>\n<div>\n<div class=\"sites-embed-align-left-wrapping-off\">\n<div class=\"sites-embed-border-on sites-embed\">\n<div class=\"sites-embed-content sites-embed-type-youtube\">&nbsp;<\/div>\n<\/div>\n<\/div>\n<\/div>\n<div><iframe loading=\"lazy\" src=\"https:\/\/www.youtube.com\/embed\/XJPPVMox0RQ?rel=0&amp;wmode=opaque\" width=\"480\" height=\"270\" frameborder=\"0\"><\/iframe><iframe loading=\"lazy\" src=\"https:\/\/www.youtube.com\/embed\/fbWWalfJ7Sg?rel=0&amp;wmode=opaque\" width=\"480\" height=\"270\" frameborder=\"0\"><\/iframe><\/div>\n<div>\n<div>\n<div class=\"sites-embed-align-left-wrapping-off\">\n<div class=\"sites-embed-border-on sites-embed\">\n<div class=\"sites-embed-content sites-embed-type-youtube\">&nbsp;<\/div>\n<\/div>\n<\/div>\n<\/div>\n<div>\n<div class=\"sites-embed-align-left-wrapping-off\">\n<div class=\"sites-embed-border-on sites-embed\">\n<div class=\"sites-embed-content sites-embed-type-youtube\"><iframe loading=\"lazy\" src=\"https:\/\/www.youtube.com\/embed\/8cOwDNNhank?rel=0&amp;wmode=opaque\" width=\"480\" height=\"270\" frameborder=\"0\"><\/iframe><iframe loading=\"lazy\" src=\"https:\/\/www.youtube.com\/embed\/SKRecNeYRxI?rel=0&amp;wmode=opaque\" width=\"480\" height=\"270\" frameborder=\"0\"><\/iframe><\/div>\n<\/div>\n<\/div>\n<\/div>\n<div>\n<div class=\"sites-embed-align-left-wrapping-off\">\n<div class=\"sites-embed-border-on sites-embed\">\n<div class=\"sites-embed-content sites-embed-type-youtube\">&nbsp;<\/div>\n<\/div>\n<\/div>\n<\/div>\n<div><iframe loading=\"lazy\" src=\"https:\/\/www.youtube.com\/embed\/SPIOKKKW__c?rel=0&amp;wmode=opaque\" width=\"480\" height=\"270\" frameborder=\"0\"><\/iframe><iframe loading=\"lazy\" src=\"https:\/\/www.youtube.com\/embed\/8a-y106cHVE?rel=0&amp;wmode=opaque\" width=\"480\" height=\"270\" frameborder=\"0\"><\/iframe><\/div>\n<div>\n<div>\n<div class=\"sites-embed-align-left-wrapping-off\">\n<div class=\"sites-embed-border-on sites-embed\">\n<div class=\"sites-embed-content sites-embed-type-youtube\">&nbsp;<\/div>\n<\/div>\n<\/div>\n<\/div>\n<div>\n<div><iframe loading=\"lazy\" src=\"https:\/\/www.youtube.com\/embed\/tMsie7bre0M?rel=0&amp;wmode=opaque\" width=\"480\" height=\"270\" frameborder=\"0\"><\/iframe><iframe loading=\"lazy\" src=\"https:\/\/www.youtube.com\/embed\/jMFHYYiMJYc?rel=0&amp;wmode=opaque\" width=\"480\" height=\"270\" frameborder=\"0\"><\/iframe><\/div>\n<div>\n<div>\n<div class=\"sites-embed-align-left-wrapping-off\">\n<div class=\"sites-embed-border-on sites-embed\">\n<div class=\"sites-embed-content sites-embed-type-youtube\">&nbsp;<\/div>\n<\/div>\n<\/div>\n<\/div>\n<div><iframe loading=\"lazy\" src=\"https:\/\/www.youtube.com\/embed\/tajHgqOH-8Y?rel=0&amp;wmode=opaque\" width=\"480\" height=\"270\" frameborder=\"0\"><\/iframe><iframe loading=\"lazy\" src=\"https:\/\/www.youtube.com\/embed\/nwAYpLVyeFU?rel=0&amp;wmode=opaque\" width=\"480\" height=\"270\" frameborder=\"0\"><\/iframe><\/div>\n<div>\n<div>\n<div class=\"sites-embed-align-left-wrapping-off\">\n<div class=\"sites-embed-border-on sites-embed\">\n<div class=\"sites-embed-content sites-embed-type-youtube\">&nbsp;<\/div>\n<\/div>\n<\/div>\n<\/div>\n<div>\n<div>\n<div><iframe loading=\"lazy\" src=\"https:\/\/www.youtube.com\/embed\/gKB_7MUPxT4?rel=0&amp;wmode=opaque\" width=\"480\" height=\"270\" frameborder=\"0\"><\/iframe><iframe loading=\"lazy\" src=\"https:\/\/www.youtube.com\/embed\/OgcX9k0TUDQ?rel=0&amp;wmode=opaque\" width=\"480\" height=\"270\" frameborder=\"0\"><\/iframe><\/div>\n<div>\n<div>\n<div class=\"sites-embed-align-left-wrapping-off\">\n<div class=\"sites-embed-border-on sites-embed\">\n<div class=\"sites-embed-content sites-embed-type-youtube\">&nbsp;<\/div>\n<\/div>\n<\/div>\n<\/div>\n<div><iframe loading=\"lazy\" src=\"https:\/\/www.youtube.com\/embed\/0oRXl7qQuy4?rel=0&amp;wmode=opaque\" width=\"480\" height=\"270\" frameborder=\"0\"><\/iframe><iframe loading=\"lazy\" src=\"https:\/\/www.youtube.com\/embed\/wplpL5xHN4w?rel=0&amp;wmode=opaque\" width=\"480\" height=\"270\" frameborder=\"0\"><\/iframe><\/div>\n<div>\n<div>\n<div class=\"sites-embed-align-left-wrapping-off\">\n<div class=\"sites-embed-border-on sites-embed\">\n<div class=\"sites-embed-content sites-embed-type-youtube\">&nbsp;<\/div>\n<\/div>\n<\/div>\n<\/div>\n<div>\n<div>\n<div><iframe loading=\"lazy\" src=\"https:\/\/www.youtube.com\/embed\/3J1tUl0wxGc?rel=0&amp;wmode=opaque\" width=\"480\" height=\"270\" frameborder=\"0\"><\/iframe><iframe loading=\"lazy\" src=\"https:\/\/www.youtube.com\/embed\/5OxWNw-6l3Y?rel=0&amp;wmode=opaque\" width=\"480\" height=\"270\" frameborder=\"0\"><\/iframe><\/div>\n<div>\n<div>\n<div class=\"sites-embed-align-left-wrapping-off\">\n<div class=\"sites-embed-border-on sites-embed\">\n<div class=\"sites-embed-content sites-embed-type-youtube\">&nbsp;<\/div>\n<\/div>\n<\/div>\n<\/div>\n<div>\n<div><iframe loading=\"lazy\" src=\"https:\/\/www.youtube.com\/embed\/PQE4WqQSOcQ?rel=0&amp;wmode=opaque\" width=\"480\" height=\"270\" frameborder=\"0\"><\/iframe><\/div>\n<div>\n<div>\n<div>\n<div>\n<div>\n<div>\n<div>&nbsp;<\/div>\n<div>&nbsp;<\/div>\n<\/div>\n<\/div>\n<\/div>\n<\/div>\n<\/div>\n<\/div>\n<\/div>\n<\/div>\n<\/div>\n<\/div>\n<\/div>\n<\/div>\n<\/div>\n<\/div>\n<\/div>\n<\/div>\n<\/div>\n<\/div>\n<\/div>\n<\/div>\n<\/div>\n<\/div>\n<\/div>\n<\/div>\n<\/div>\n<\/div>\n<\/div>\n<\/div>\n<\/div>\n<\/div>\n<\/td>\n<\/tr>\n<\/tbody>\n<\/table>\n<\/div>\n<\/div>\n<p>&nbsp;<\/p>\n<p>&nbsp;<\/p>\n<p>&nbsp;<\/p>\n","protected":false},"excerpt":{"rendered":"<p>Cuentos&nbsp; interactivos La princesa listilla &nbsp;de mlolajimenez &nbsp; &nbsp; M\u00c1S CUENTOS EN: CUENTOS COEDUCATIVOS&nbsp; &nbsp; AN\u00cdMATE A LEER LECTURAS INTERACTIVAS MIL CUENTOS&nbsp; CUENTOS PARA DORMIR: Cuentos cortos con valores. C\u00d3MICS A MEDIA VOZ&nbsp;Poes\u00eda recitada por autores. POES\u00cdA INTERACTIVA &nbsp; Educaci\u00f3n Emocional &nbsp; &nbsp; &nbsp; &nbsp; &nbsp; &nbsp; &nbsp; &nbsp; &nbsp; &nbsp; &nbsp; &nbsp; &nbsp; &nbsp; &hellip; <\/p>\n<p><a class=\"more-link btn\" href=\"https:\/\/blogsaverroes.juntadeandalucia.es\/ebarrios\/biblioteca\/\">Seguir leyendo<\/a><\/p>\n","protected":false},"author":1,"featured_media":5551,"parent":0,"menu_order":0,"comment_status":"closed","ping_status":"open","template":"","meta":{"ngg_post_thumbnail":0,"footnotes":"","_mc_calendar":[]},"aioseo_notices":[],"_links":{"self":[{"href":"https:\/\/blogsaverroes.juntadeandalucia.es\/ebarrios\/wp-json\/wp\/v2\/pages\/113"}],"collection":[{"href":"https:\/\/blogsaverroes.juntadeandalucia.es\/ebarrios\/wp-json\/wp\/v2\/pages"}],"about":[{"href":"https:\/\/blogsaverroes.juntadeandalucia.es\/ebarrios\/wp-json\/wp\/v2\/types\/page"}],"author":[{"embeddable":true,"href":"https:\/\/blogsaverroes.juntadeandalucia.es\/ebarrios\/wp-json\/wp\/v2\/users\/1"}],"replies":[{"embeddable":true,"href":"https:\/\/blogsaverroes.juntadeandalucia.es\/ebarrios\/wp-json\/wp\/v2\/comments?post=113"}],"version-history":[{"count":30,"href":"https:\/\/blogsaverroes.juntadeandalucia.es\/ebarrios\/wp-json\/wp\/v2\/pages\/113\/revisions"}],"predecessor-version":[{"id":5372,"href":"https:\/\/blogsaverroes.juntadeandalucia.es\/ebarrios\/wp-json\/wp\/v2\/pages\/113\/revisions\/5372"}],"wp:featuredmedia":[{"embeddable":true,"href":"https:\/\/blogsaverroes.juntadeandalucia.es\/ebarrios\/wp-json\/wp\/v2\/media\/5551"}],"wp:attachment":[{"href":"https:\/\/blogsaverroes.juntadeandalucia.es\/ebarrios\/wp-json\/wp\/v2\/media?parent=113"}],"curies":[{"name":"wp","href":"https:\/\/api.w.org\/{rel}","templated":true}]}}