{"id":2340,"date":"2016-12-06T13:09:30","date_gmt":"2016-12-06T11:09:30","guid":{"rendered":"http:\/\/ebarrios.net\/?page_id=2340"},"modified":"2026-04-15T09:50:22","modified_gmt":"2026-04-15T08:50:22","slug":"ampa","status":"publish","type":"page","link":"https:\/\/blogsaverroes.juntadeandalucia.es\/ebarrios\/ampa\/","title":{"rendered":"AMPA"},"content":{"rendered":"<h1 style=\"text-align: center\"><a href=\"https:\/\/blogsaverroes.juntadeandalucia.es\/ebarrios\/files\/2025\/11\/AMPAebarrios.jpg\"><img loading=\"lazy\" decoding=\"async\" class=\"alignnone size-medium wp-image-5494\" src=\"https:\/\/blogsaverroes.juntadeandalucia.es\/ebarrios\/files\/2025\/11\/AMPAebarrios-245x300.jpg\" alt=\"\" width=\"245\" height=\"300\" srcset=\"https:\/\/blogsaverroes.juntadeandalucia.es\/ebarrios\/files\/2025\/11\/AMPAebarrios-245x300.jpg 245w, https:\/\/blogsaverroes.juntadeandalucia.es\/ebarrios\/files\/2025\/11\/AMPAebarrios.jpg 402w\" sizes=\"(max-width: 245px) 100vw, 245px\" \/><\/a><\/h1>\n<h1 style=\"text-align: center\"><strong>AVISOS Y NOTICIAS DE LA AMPA<\/strong><\/h1>\n<p style=\"text-align: center\">Tambi\u00e9n pueden mirar el <a href=\"https:\/\/www.facebook.com\/search\/top\/?q=ampa%20enr%C3%ADquez%20barrios\" target=\"_blank\" rel=\"noopener\">Facebook<\/a> de la AMPA<\/p>\n<p>&nbsp;<\/p>\n<p>La asociaci\u00f3n atiende a madres y padres para las gestiones que tengan que hacer en el aula 1, <strong>aula de m\u00fasica<\/strong>, con entrada desde el patio por la cancela de infantil, y desde el colegio, al fondo a la derecha del pasillo de infantil. Estar\u00e1n all\u00ed los viernes de 9:00 a 10:00 y los lunes de 17:00 a 18:00.<\/p>\n<p style=\"text-align: center\"><span style=\"color: #ff0000\">&nbsp;<\/span><\/p>\n<p style=\"text-align: center\"><img loading=\"lazy\" decoding=\"async\" class=\"aligncenter size-medium wp-image-3841\" src=\"https:\/\/blogsaverroes.juntadeandalucia.es\/ebarrios\/files\/2016\/12\/biblio-300x271.jpg\" alt=\"\" width=\"300\" height=\"271\" srcset=\"https:\/\/blogsaverroes.juntadeandalucia.es\/ebarrios\/files\/2016\/12\/biblio-300x271.jpg 300w, https:\/\/blogsaverroes.juntadeandalucia.es\/ebarrios\/files\/2016\/12\/biblio-24x22.jpg 24w, https:\/\/blogsaverroes.juntadeandalucia.es\/ebarrios\/files\/2016\/12\/biblio-36x32.jpg 36w, https:\/\/blogsaverroes.juntadeandalucia.es\/ebarrios\/files\/2016\/12\/biblio-48x43.jpg 48w, https:\/\/blogsaverroes.juntadeandalucia.es\/ebarrios\/files\/2016\/12\/biblio.jpg 471w\" sizes=\"(max-width: 300px) 100vw, 300px\" \/><\/p>\n<p style=\"text-align: center\">&nbsp;<\/p>\n<p style=\"text-align: center\">&nbsp;<\/p>\n<h1 style=\"text-align: center\"><strong>Para cualquier consulta: ampaenriquezbarrios@gmail.com<\/strong><\/h1>\n","protected":false},"excerpt":{"rendered":"<p>AVISOS Y NOTICIAS DE LA AMPA Tambi\u00e9n pueden mirar el Facebook de la AMPA &nbsp; La asociaci\u00f3n atiende a madres y padres para las gestiones que tengan que hacer en el aula 1, aula de m\u00fasica, con entrada desde el patio por la cancela de infantil, y desde el colegio, al fondo a la derecha &hellip; <\/p>\n<p><a class=\"more-link btn\" href=\"https:\/\/blogsaverroes.juntadeandalucia.es\/ebarrios\/ampa\/\">Seguir leyendo<\/a><\/p>\n","protected":false},"author":5745,"featured_media":0,"parent":0,"menu_order":0,"comment_status":"closed","ping_status":"closed","template":"","meta":{"ngg_post_thumbnail":0,"footnotes":"","_mc_calendar":[]},"aioseo_notices":[],"_links":{"self":[{"href":"https:\/\/blogsaverroes.juntadeandalucia.es\/ebarrios\/wp-json\/wp\/v2\/pages\/2340"}],"collection":[{"href":"https:\/\/blogsaverroes.juntadeandalucia.es\/ebarrios\/wp-json\/wp\/v2\/pages"}],"about":[{"href":"https:\/\/blogsaverroes.juntadeandalucia.es\/ebarrios\/wp-json\/wp\/v2\/types\/page"}],"author":[{"embeddable":true,"href":"https:\/\/blogsaverroes.juntadeandalucia.es\/ebarrios\/wp-json\/wp\/v2\/users\/5745"}],"replies":[{"embeddable":true,"href":"https:\/\/blogsaverroes.juntadeandalucia.es\/ebarrios\/wp-json\/wp\/v2\/comments?post=2340"}],"version-history":[{"count":11,"href":"https:\/\/blogsaverroes.juntadeandalucia.es\/ebarrios\/wp-json\/wp\/v2\/pages\/2340\/revisions"}],"predecessor-version":[{"id":5594,"href":"https:\/\/blogsaverroes.juntadeandalucia.es\/ebarrios\/wp-json\/wp\/v2\/pages\/2340\/revisions\/5594"}],"wp:attachment":[{"href":"https:\/\/blogsaverroes.juntadeandalucia.es\/ebarrios\/wp-json\/wp\/v2\/media?parent=2340"}],"curies":[{"name":"wp","href":"https:\/\/api.w.org\/{rel}","templated":true}]}}