{"id":2997,"date":"2015-02-27T00:07:52","date_gmt":"2015-02-26T22:07:52","guid":{"rendered":"http:\/\/ebarrios.net\/1314\/?page_id=428"},"modified":"2025-10-08T12:04:46","modified_gmt":"2025-10-08T11:04:46","slug":"anuncios","status":"publish","type":"page","link":"https:\/\/blogsaverroes.juntadeandalucia.es\/ebarrios\/anuncios\/","title":{"rendered":"TABL\u00d3N"},"content":{"rendered":"<h3 style=\"text-align: center\"><span style=\"font-size: 24pt\">CALENDARIO 2025\/2026<\/span><\/h3>\n<p style=\"text-align: center\"><img decoding=\"async\" src=\"https:\/\/blogsaverroes.juntadeandalucia.es\/ebarrios\/files\/2025\/08\/CALENDARIO-COLOR-2025-2026_Pagina_1.jpg\" alt=\"\"><\/p>\n<p>&nbsp;<\/p>\n<p>&nbsp;<\/p>\n<p>&nbsp;<\/p>\n<p><strong>Quienes tomen fotograf\u00edas colectivas en actos o actividades, evitar\u00e1n su publicaci\u00f3n o difusi\u00f3n, teniendo en cuenta la <em><span style=\"font-size: 12pt\">Ley Org\u00e1nica 3\/2018, de 5 de diciembre, de Protecci\u00f3n de Datos Personales y garant\u00eda de los derechos digitales.<\/span><\/em><\/strong><\/p>\n<p><img loading=\"lazy\" decoding=\"async\" class=\"wp-image-3474 alignleft\" src=\"https:\/\/blogsaverroes.juntadeandalucia.es\/ebarrios\/files\/2015\/02\/image_gallery.png\" alt=\"\" width=\"107\" height=\"110\" srcset=\"https:\/\/blogsaverroes.juntadeandalucia.es\/ebarrios\/files\/2015\/02\/image_gallery.png 254w, https:\/\/blogsaverroes.juntadeandalucia.es\/ebarrios\/files\/2015\/02\/image_gallery-24x24.png 24w, https:\/\/blogsaverroes.juntadeandalucia.es\/ebarrios\/files\/2015\/02\/image_gallery-36x36.png 36w, https:\/\/blogsaverroes.juntadeandalucia.es\/ebarrios\/files\/2015\/02\/image_gallery-48x48.png 48w\" sizes=\"(max-width: 107px) 100vw, 107px\" \/><\/p>\n<p>&nbsp;<\/p>\n<p><a href=\"https:\/\/blogsaverroes.juntadeandalucia.es\/ebarrios\/files\/2015\/02\/GuiaCentrosEducativosAEPD.pdf\" target=\"_blank\" rel=\"noopener\">Gu\u00eda de Centros Educativos Agencia Espa\u00f1ola de Protecci\u00f3n de Datos<\/a><\/p>\n<p>&nbsp;<\/p>\n","protected":false},"excerpt":{"rendered":"<p>CALENDARIO 2025\/2026 &nbsp; &nbsp; &nbsp; Quienes tomen fotograf\u00edas colectivas en actos o actividades, evitar\u00e1n su publicaci\u00f3n o difusi\u00f3n, teniendo en cuenta la Ley Org\u00e1nica 3\/2018, de 5 de diciembre, de Protecci\u00f3n de Datos Personales y garant\u00eda de los derechos digitales. &nbsp; Gu\u00eda de Centros Educativos Agencia Espa\u00f1ola de Protecci\u00f3n de Datos &nbsp;<\/p>\n","protected":false},"author":5745,"featured_media":0,"parent":0,"menu_order":0,"comment_status":"closed","ping_status":"closed","template":"","meta":{"ngg_post_thumbnail":0,"footnotes":"","_mc_calendar":[]},"aioseo_notices":[],"_links":{"self":[{"href":"https:\/\/blogsaverroes.juntadeandalucia.es\/ebarrios\/wp-json\/wp\/v2\/pages\/2997"}],"collection":[{"href":"https:\/\/blogsaverroes.juntadeandalucia.es\/ebarrios\/wp-json\/wp\/v2\/pages"}],"about":[{"href":"https:\/\/blogsaverroes.juntadeandalucia.es\/ebarrios\/wp-json\/wp\/v2\/types\/page"}],"author":[{"embeddable":true,"href":"https:\/\/blogsaverroes.juntadeandalucia.es\/ebarrios\/wp-json\/wp\/v2\/users\/5745"}],"replies":[{"embeddable":true,"href":"https:\/\/blogsaverroes.juntadeandalucia.es\/ebarrios\/wp-json\/wp\/v2\/comments?post=2997"}],"version-history":[{"count":43,"href":"https:\/\/blogsaverroes.juntadeandalucia.es\/ebarrios\/wp-json\/wp\/v2\/pages\/2997\/revisions"}],"predecessor-version":[{"id":5393,"href":"https:\/\/blogsaverroes.juntadeandalucia.es\/ebarrios\/wp-json\/wp\/v2\/pages\/2997\/revisions\/5393"}],"wp:attachment":[{"href":"https:\/\/blogsaverroes.juntadeandalucia.es\/ebarrios\/wp-json\/wp\/v2\/media?parent=2997"}],"curies":[{"name":"wp","href":"https:\/\/api.w.org\/{rel}","templated":true}]}}