{"id":35,"date":"2017-12-08T08:21:43","date_gmt":"2017-12-08T07:21:43","guid":{"rendered":"http:\/\/blogsaverroes.juntadeandalucia.es\/pre\/ceip\/?page_id=35"},"modified":"2025-10-08T12:30:33","modified_gmt":"2025-10-08T11:30:33","slug":"datos","status":"publish","type":"page","link":"https:\/\/blogsaverroes.juntadeandalucia.es\/ebarrios\/centro\/datos\/","title":{"rendered":"Datos del centro"},"content":{"rendered":"<p><iframe loading=\"lazy\" src=\"https:\/\/www.google.com\/maps\/embed?pb=!1m18!1m12!1m3!1d3149.1045667651215!2d-4.791098684808051!3d37.88123721380031!2m3!1f0!2f0!3f0!3m2!1i1024!2i768!4f13.1!3m3!1m2!1s0xd6cdf601e1b6235%3A0x5580c5594681957d!2sC.E.I.P.+%22Enr%C3%ADquez+Barrios%22!5e0!3m2!1ses!2ses!4v1512640278440\" width=\"600\" height=\"450\" frameborder=\"0\"><\/iframe><\/p>\n<h1><strong>Datos de contacto<\/strong><\/h1>\n<p><strong>C.E.I.P. Enr\u00edquez Barrios<\/strong> &#8211; Junta de Andaluc\u00eda. Consejer\u00eda de Desarrollo Educativo y Formaci\u00f3n Profesional.&nbsp;<\/p>\n<p><strong>Direcci\u00f3n:<\/strong> &nbsp;Calle Maestro Priego L\u00f3pez, 1.&nbsp; 14004 C\u00f3rdoba<\/p>\n<p><strong>Tel\u00e9fonos: <\/strong>957734506 (Direcci\u00f3n y Jefatura de Estudios); 957734507 (Secretar\u00eda y Porter\u00eda); 697952631 (M\u00f3vil corporativo)<\/p>\n<p><strong>Email:<\/strong> 14001529.edu@juntadeandalucia.es<\/p>\n","protected":false},"excerpt":{"rendered":"<p>Datos de contacto C.E.I.P. Enr\u00edquez Barrios &#8211; Junta de Andaluc\u00eda. Consejer\u00eda de Desarrollo Educativo y Formaci\u00f3n Profesional.&nbsp; Direcci\u00f3n: &nbsp;Calle Maestro Priego L\u00f3pez, 1.&nbsp; 14004 C\u00f3rdoba Tel\u00e9fonos: 957734506 (Direcci\u00f3n y Jefatura de Estudios); 957734507 (Secretar\u00eda y Porter\u00eda); 697952631 (M\u00f3vil corporativo) Email: 14001529.edu@juntadeandalucia.es<\/p>\n","protected":false},"author":1,"featured_media":0,"parent":5212,"menu_order":0,"comment_status":"closed","ping_status":"open","template":"page-templates\/child-menu.php","meta":{"ngg_post_thumbnail":0,"footnotes":"","_mc_calendar":[]},"aioseo_notices":[],"_links":{"self":[{"href":"https:\/\/blogsaverroes.juntadeandalucia.es\/ebarrios\/wp-json\/wp\/v2\/pages\/35"}],"collection":[{"href":"https:\/\/blogsaverroes.juntadeandalucia.es\/ebarrios\/wp-json\/wp\/v2\/pages"}],"about":[{"href":"https:\/\/blogsaverroes.juntadeandalucia.es\/ebarrios\/wp-json\/wp\/v2\/types\/page"}],"author":[{"embeddable":true,"href":"https:\/\/blogsaverroes.juntadeandalucia.es\/ebarrios\/wp-json\/wp\/v2\/users\/1"}],"replies":[{"embeddable":true,"href":"https:\/\/blogsaverroes.juntadeandalucia.es\/ebarrios\/wp-json\/wp\/v2\/comments?post=35"}],"version-history":[{"count":39,"href":"https:\/\/blogsaverroes.juntadeandalucia.es\/ebarrios\/wp-json\/wp\/v2\/pages\/35\/revisions"}],"predecessor-version":[{"id":5399,"href":"https:\/\/blogsaverroes.juntadeandalucia.es\/ebarrios\/wp-json\/wp\/v2\/pages\/35\/revisions\/5399"}],"up":[{"embeddable":true,"href":"https:\/\/blogsaverroes.juntadeandalucia.es\/ebarrios\/wp-json\/wp\/v2\/pages\/5212"}],"wp:attachment":[{"href":"https:\/\/blogsaverroes.juntadeandalucia.es\/ebarrios\/wp-json\/wp\/v2\/media?parent=35"}],"curies":[{"name":"wp","href":"https:\/\/api.w.org\/{rel}","templated":true}]}}