{"id":5210,"date":"2025-08-10T11:25:42","date_gmt":"2025-08-10T10:25:42","guid":{"rendered":"https:\/\/blogsaverroes.juntadeandalucia.es\/ebarrios\/?page_id=5210"},"modified":"2025-10-27T09:53:45","modified_gmt":"2025-10-27T08:53:45","slug":"horarios","status":"publish","type":"page","link":"https:\/\/blogsaverroes.juntadeandalucia.es\/ebarrios\/centro\/horarios\/","title":{"rendered":"Horarios"},"content":{"rendered":"<h1><strong>Horarios de atenci\u00f3n:<\/strong><\/h1>\n<h1><strong>Entrada por calle Maestro Priego L\u00f3pez.<\/strong><\/h1>\n<ul>\n<li><strong>Equipo Directivo: <\/strong>9:00 a 10:00 h<strong>. con cita previa.<\/strong><\/li>\n<li><strong>Administrativa: <\/strong>lunes, mi\u00e9rcoles y viernes de 9:00 a 13:00.<\/li>\n<li>Proveedores habituales y comerciales de&nbsp;<strong>editoriales <\/strong>de libros de texto, normalmente ser\u00e1n atendidos por el equipo directivo o coordinadores de ciclo <strong>con cita previa.<\/strong><\/li>\n<li>Los representantes&nbsp;<strong>sindicales<\/strong>, preferentemente en horario de recreo, de 11:00 a 11:30 para infantil y de 11:30 a 12:00 para primaria.<\/li>\n<li>Otros vendedores, repartidores de muestras y similares,&nbsp;<strong>no se recibir\u00e1n<\/strong>, aunque podr\u00e1n dejar al portero tarjetas e informaci\u00f3n, o enviar por correo electr\u00f3nico sus ofertas.<\/li>\n<li>La atenci\u00f3n a&nbsp;<strong>padres y madres<\/strong>(tutor\u00edas) se realizar\u00e1 los lunes de 16:00 a 17:00, <u>con <strong>cita previa<\/strong> que deber\u00e1 solicitarse a trav\u00e9s de <\/u><\/li>\n<li>Las comunicaciones con el centro, adem\u00e1s de verbalmente y por escrito, podr\u00e1n hacerse a los tel\u00e9fonos 957734506 (direcci\u00f3n y jefatura de estudios en el horario establecido), 697952631 (m\u00f3vil oficial, operativo de 9:00 a 14:00 horas), 957734507 (secretar\u00eda en su horario y porter\u00eda), y al correo electr\u00f3nico&nbsp;<a href=\"mailto:14001529.edu@juntadeandalucia.es\">edu@juntadeandalucia.es<\/a>.<\/li>\n<\/ul>\n","protected":false},"excerpt":{"rendered":"<p>Horarios de atenci\u00f3n: Entrada por calle Maestro Priego L\u00f3pez. Equipo Directivo: 9:00 a 10:00 h. con cita previa. Administrativa: lunes, mi\u00e9rcoles y viernes de 9:00 a 13:00. Proveedores habituales y comerciales de&nbsp;editoriales de libros de texto, normalmente ser\u00e1n atendidos por el equipo directivo o coordinadores de ciclo con cita previa. Los representantes&nbsp;sindicales, preferentemente en horario &hellip; <\/p>\n<p><a class=\"more-link btn\" href=\"https:\/\/blogsaverroes.juntadeandalucia.es\/ebarrios\/centro\/horarios\/\">Seguir leyendo<\/a><\/p>\n","protected":false},"author":5745,"featured_media":0,"parent":5212,"menu_order":0,"comment_status":"closed","ping_status":"closed","template":"","meta":{"ngg_post_thumbnail":0,"footnotes":"","_mc_calendar":[]},"aioseo_notices":[],"_links":{"self":[{"href":"https:\/\/blogsaverroes.juntadeandalucia.es\/ebarrios\/wp-json\/wp\/v2\/pages\/5210"}],"collection":[{"href":"https:\/\/blogsaverroes.juntadeandalucia.es\/ebarrios\/wp-json\/wp\/v2\/pages"}],"about":[{"href":"https:\/\/blogsaverroes.juntadeandalucia.es\/ebarrios\/wp-json\/wp\/v2\/types\/page"}],"author":[{"embeddable":true,"href":"https:\/\/blogsaverroes.juntadeandalucia.es\/ebarrios\/wp-json\/wp\/v2\/users\/5745"}],"replies":[{"embeddable":true,"href":"https:\/\/blogsaverroes.juntadeandalucia.es\/ebarrios\/wp-json\/wp\/v2\/comments?post=5210"}],"version-history":[{"count":5,"href":"https:\/\/blogsaverroes.juntadeandalucia.es\/ebarrios\/wp-json\/wp\/v2\/pages\/5210\/revisions"}],"predecessor-version":[{"id":5474,"href":"https:\/\/blogsaverroes.juntadeandalucia.es\/ebarrios\/wp-json\/wp\/v2\/pages\/5210\/revisions\/5474"}],"up":[{"embeddable":true,"href":"https:\/\/blogsaverroes.juntadeandalucia.es\/ebarrios\/wp-json\/wp\/v2\/pages\/5212"}],"wp:attachment":[{"href":"https:\/\/blogsaverroes.juntadeandalucia.es\/ebarrios\/wp-json\/wp\/v2\/media?parent=5210"}],"curies":[{"name":"wp","href":"https:\/\/api.w.org\/{rel}","templated":true}]}}