{"id":5223,"date":"2025-08-10T11:42:44","date_gmt":"2025-08-10T10:42:44","guid":{"rendered":"https:\/\/blogsaverroes.juntadeandalucia.es\/ebarrios\/?page_id=5223"},"modified":"2026-01-16T12:11:39","modified_gmt":"2026-01-16T11:11:39","slug":"comedor","status":"publish","type":"page","link":"https:\/\/blogsaverroes.juntadeandalucia.es\/ebarrios\/plan-de-apertura\/comedor\/","title":{"rendered":"Comedor"},"content":{"rendered":"<p><strong>INFORMACI\u00d3N ORGANIZACI\u00d3N COMEDOR<\/strong><\/p>\n<p>A partir del <strong>lunes 6 de octubre<\/strong>, la organizaci\u00f3n del comedor ser\u00e1 la siguiente:<\/p>\n<p>Cada grupo de alumnado tendr\u00e1 como responsable una monitora.<\/p>\n<p><strong>3, 4 y 5 a\u00f1os<\/strong> de Educaci\u00f3n Infantil&nbsp; <strong><span style=\"font-size: 14pt\">\u2192<\/span> Inma<\/strong><\/p>\n<p><strong>1\u00ba y 2\u00ba<\/strong> Educaci\u00f3n Primaria&nbsp; <span style=\"font-size: 14pt\"><strong>\u2192<\/strong><\/span>&nbsp;<strong>Salom\u00e9<\/strong><\/p>\n<p><strong>3\u00ba y 4\u00ba<\/strong> Educaci\u00f3n Primaria&nbsp; <span style=\"font-size: 14pt\"><strong>\u2192<\/strong>&nbsp;<\/span><strong>Isabel<\/strong><\/p>\n<p><strong>5\u00ba y 6\u00ba<\/strong> Educaci\u00f3n Primaria <span style=\"font-size: 14pt\"><strong>\u2192<\/strong> <\/span><strong>Blanca<\/strong><\/p>\n<p><span style=\"font-size: 14pt\"><strong>La salida<\/strong> del comedor se realizar\u00e1 por la puerta de la calle <strong>Don Lope de Sosa.<\/strong><\/span><\/p>\n<p>Lea detenidamente: <span style=\"font-size: 14pt\"><strong>\u21d2 &nbsp;<\/strong><\/span><a href=\"https:\/\/drive.google.com\/file\/d\/1dqhFUxJMzCfdFRFgJ3Qpy0oCM-MFMWxB\/view?usp=sharing\">CARTA PRESENTACI\u00d3N PARA LAS FAMILIAS<\/a><\/p>\n<p><a class=\"ngg-fancybox\" title=\" \" href=\"https:\/\/blogsaverroes.juntadeandalucia.es\/ebarrios\/wp-content\/uploads\/sites\/2975\/nggallery\/plan-apertura\/Blue-Yellow-Abstract-Cute-Blank-A4-Document-Landscape-1.jpg\" rel=\"\" data-image-id=\"112\" data-src=\"https:\/\/blogsaverroes.juntadeandalucia.es\/ebarrios\/wp-content\/uploads\/sites\/2975\/nggallery\/plan-apertura\/Blue-Yellow-Abstract-Cute-Blank-A4-Document-Landscape-1.jpg\" data-thumbnail=\"https:\/\/blogsaverroes.juntadeandalucia.es\/ebarrios\/wp-content\/uploads\/sites\/2975\/nggallery\/plan-apertura\/thumbs\/thumbs_Blue-Yellow-Abstract-Cute-Blank-A4-Document-Landscape-1.jpg\" data-title=\"Blue Yellow Abstract Cute Blank A4 Document Landscape - 5\" data-description=\" \"><img decoding=\"async\" class=\"ngg-singlepic ngg-none\" src=\"https:\/\/blogsaverroes.juntadeandalucia.es\/ebarrios\/wp-content\/uploads\/sites\/2975\/nggallery\/plan-apertura\/Blue-Yellow-Abstract-Cute-Blank-A4-Document-Landscape-1.jpg\" alt=\"Blue Yellow Abstract Cute Blank A4 Document Landscape - 5\"><\/a><\/p>\n","protected":false},"excerpt":{"rendered":"<p>INFORMACI\u00d3N ORGANIZACI\u00d3N COMEDOR A partir del lunes 6 de octubre, la organizaci\u00f3n del comedor ser\u00e1 la siguiente: Cada grupo de alumnado tendr\u00e1 como responsable una monitora. 3, 4 y 5 a\u00f1os de Educaci\u00f3n Infantil&nbsp; \u2192 Inma 1\u00ba y 2\u00ba Educaci\u00f3n Primaria&nbsp; \u2192&nbsp;Salom\u00e9 3\u00ba y 4\u00ba Educaci\u00f3n Primaria&nbsp; \u2192&nbsp;Isabel 5\u00ba y 6\u00ba Educaci\u00f3n Primaria \u2192 Blanca &hellip; <\/p>\n<p><a class=\"more-link btn\" href=\"https:\/\/blogsaverroes.juntadeandalucia.es\/ebarrios\/plan-de-apertura\/comedor\/\">Seguir leyendo<\/a><\/p>\n","protected":false},"author":5745,"featured_media":0,"parent":5219,"menu_order":0,"comment_status":"closed","ping_status":"closed","template":"","meta":{"ngg_post_thumbnail":0,"footnotes":"","_mc_calendar":[]},"aioseo_notices":[],"_links":{"self":[{"href":"https:\/\/blogsaverroes.juntadeandalucia.es\/ebarrios\/wp-json\/wp\/v2\/pages\/5223"}],"collection":[{"href":"https:\/\/blogsaverroes.juntadeandalucia.es\/ebarrios\/wp-json\/wp\/v2\/pages"}],"about":[{"href":"https:\/\/blogsaverroes.juntadeandalucia.es\/ebarrios\/wp-json\/wp\/v2\/types\/page"}],"author":[{"embeddable":true,"href":"https:\/\/blogsaverroes.juntadeandalucia.es\/ebarrios\/wp-json\/wp\/v2\/users\/5745"}],"replies":[{"embeddable":true,"href":"https:\/\/blogsaverroes.juntadeandalucia.es\/ebarrios\/wp-json\/wp\/v2\/comments?post=5223"}],"version-history":[{"count":7,"href":"https:\/\/blogsaverroes.juntadeandalucia.es\/ebarrios\/wp-json\/wp\/v2\/pages\/5223\/revisions"}],"predecessor-version":[{"id":5331,"href":"https:\/\/blogsaverroes.juntadeandalucia.es\/ebarrios\/wp-json\/wp\/v2\/pages\/5223\/revisions\/5331"}],"up":[{"embeddable":true,"href":"https:\/\/blogsaverroes.juntadeandalucia.es\/ebarrios\/wp-json\/wp\/v2\/pages\/5219"}],"wp:attachment":[{"href":"https:\/\/blogsaverroes.juntadeandalucia.es\/ebarrios\/wp-json\/wp\/v2\/media?parent=5223"}],"curies":[{"name":"wp","href":"https:\/\/api.w.org\/{rel}","templated":true}]}}