{"id":5233,"date":"2025-08-10T12:00:56","date_gmt":"2025-08-10T11:00:56","guid":{"rendered":"https:\/\/blogsaverroes.juntadeandalucia.es\/ebarrios\/?page_id=5233"},"modified":"2025-08-10T12:00:56","modified_gmt":"2025-08-10T11:00:56","slug":"plan-de-centro","status":"publish","type":"page","link":"https:\/\/blogsaverroes.juntadeandalucia.es\/ebarrios\/plan-de-centro\/","title":{"rendered":"Plan de Centro"},"content":{"rendered":"<h2 dir=\"ltr\" style=\"text-align: center\"><span style=\"color: #000080\"><strong>PLAN DE CENTRO<\/strong><\/span><\/h2>\n<p dir=\"ltr\" style=\"text-align: center\"><img decoding=\"async\" src=\"https:\/\/blogsaverroes.juntadeandalucia.es\/ebarrios\/files\/2017\/12\/EB-1950.jpg\" alt=\"\"><\/p>\n<p class=\"CDt4Ke zfr3Q\" dir=\"ltr\">Ajust\u00e1ndose a lo estipulado en la normativa correspondiente al Reglamento de Organizaci\u00f3n de Centros de Educaci\u00f3n Infantil y Primaria, se ofrece al p\u00fablico en general la documentaci\u00f3n acad\u00e9mica de nuestro Colegio, la cual se puede consultar desde este sitio web.<\/p>\n<p class=\"CDt4Ke zfr3Q\" dir=\"ltr\">El Plan de Centro del CEIP \u201cEnr\u00edquez Barrios\u00bb (de C\u00f3rdoba) comprende los siguientes elementos prescriptivos referenciados en la normativa:<\/p>\n<p class=\"CDt4Ke zfr3Q\" dir=\"ltr\">\u2013 Proyecto Educativo.<\/p>\n<p class=\"CDt4Ke zfr3Q\" dir=\"ltr\">\u2013 Reglamento de Organizaci\u00f3n y Funcionamiento.<\/p>\n<p class=\"CDt4Ke zfr3Q\" dir=\"ltr\">\u2013 Proyecto de Gesti\u00f3n.<\/p>\n","protected":false},"excerpt":{"rendered":"<p>PLAN DE CENTRO Ajust\u00e1ndose a lo estipulado en la normativa correspondiente al Reglamento de Organizaci\u00f3n de Centros de Educaci\u00f3n Infantil y Primaria, se ofrece al p\u00fablico en general la documentaci\u00f3n acad\u00e9mica de nuestro Colegio, la cual se puede consultar desde este sitio web. El Plan de Centro del CEIP \u201cEnr\u00edquez Barrios\u00bb (de C\u00f3rdoba) comprende los &hellip; <\/p>\n<p><a class=\"more-link btn\" href=\"https:\/\/blogsaverroes.juntadeandalucia.es\/ebarrios\/plan-de-centro\/\">Seguir leyendo<\/a><\/p>\n","protected":false},"author":5745,"featured_media":0,"parent":0,"menu_order":0,"comment_status":"closed","ping_status":"closed","template":"","meta":{"ngg_post_thumbnail":0,"footnotes":"","_mc_calendar":[]},"aioseo_notices":[],"_links":{"self":[{"href":"https:\/\/blogsaverroes.juntadeandalucia.es\/ebarrios\/wp-json\/wp\/v2\/pages\/5233"}],"collection":[{"href":"https:\/\/blogsaverroes.juntadeandalucia.es\/ebarrios\/wp-json\/wp\/v2\/pages"}],"about":[{"href":"https:\/\/blogsaverroes.juntadeandalucia.es\/ebarrios\/wp-json\/wp\/v2\/types\/page"}],"author":[{"embeddable":true,"href":"https:\/\/blogsaverroes.juntadeandalucia.es\/ebarrios\/wp-json\/wp\/v2\/users\/5745"}],"replies":[{"embeddable":true,"href":"https:\/\/blogsaverroes.juntadeandalucia.es\/ebarrios\/wp-json\/wp\/v2\/comments?post=5233"}],"version-history":[{"count":1,"href":"https:\/\/blogsaverroes.juntadeandalucia.es\/ebarrios\/wp-json\/wp\/v2\/pages\/5233\/revisions"}],"predecessor-version":[{"id":5234,"href":"https:\/\/blogsaverroes.juntadeandalucia.es\/ebarrios\/wp-json\/wp\/v2\/pages\/5233\/revisions\/5234"}],"wp:attachment":[{"href":"https:\/\/blogsaverroes.juntadeandalucia.es\/ebarrios\/wp-json\/wp\/v2\/media?parent=5233"}],"curies":[{"name":"wp","href":"https:\/\/api.w.org\/{rel}","templated":true}]}}