{"id":5235,"date":"2025-08-12T08:29:12","date_gmt":"2025-08-12T07:29:12","guid":{"rendered":"https:\/\/blogsaverroes.juntadeandalucia.es\/ebarrios\/?page_id=5235"},"modified":"2025-08-12T08:31:42","modified_gmt":"2025-08-12T07:31:42","slug":"proyecto-educativo-2","status":"publish","type":"page","link":"https:\/\/blogsaverroes.juntadeandalucia.es\/ebarrios\/plan-de-centro\/proyecto-educativo-2\/","title":{"rendered":"Proyecto Educativo"},"content":{"rendered":"<p><strong>El Proyecto Educativo<\/strong>&nbsp;del Centro recoge los valores, los objetivos, las prioridades y las formas de actuaci\u00f3n. Asimismo, incorpora la concreci\u00f3n del curr\u00edculum establecido por la Administraci\u00f3n educativa fijado y aprobado por el Claustro, as\u00ed como el tratamiento transversal en las \u00e1reas, materias o \u00e1mbitos de la educaci\u00f3n en valores y otras ense\u00f1anzas. Tal Proyecto tiene en cuenta las caracter\u00edsticas del entorno social y cultural del Centro, recoge la forma de atenci\u00f3n a la diversidad del alumnado y la acci\u00f3n tutorial, as\u00ed como el plan de convivencia, respetando el principio de no discriminaci\u00f3n y de inclusi\u00f3n educativa como valores fundamentales, as\u00ed como los principios y objetivos recogidos en la LOE\/LOMLOE (Ley Org\u00e1nica 2\/2006, de 3 de mayo, de Educaci\u00f3n, texto consolidado de la \u00faltima modificaci\u00f3n de 30 de diciembre de 2020), y la LEA (Ley 17\/2007, de 10 de diciembre, de Educaci\u00f3n de Andaluc\u00eda).<\/p>\n<p><a href=\"https:\/\/blogsaverroes.juntadeandalucia.es\/ebarrios\/files\/2025\/08\/24-25-PROYECTO-EDUCATIVO.pdf\">PROYECTO EDUCATIVO<\/a><\/p>\n<p><a href=\"https:\/\/blogsaverroes.juntadeandalucia.es\/ebarrios\/files\/2025\/08\/ANEXO-I-CRITERIOS-INFANITL-24-25.pdf\">ANEXO I \u2013 CRITERIOS EVALUACI\u00d3N INFANTIL<\/a><\/p>\n<p><a href=\"https:\/\/blogsaverroes.juntadeandalucia.es\/ebarrios\/files\/2025\/08\/ANEXO-II-CRITERIOS-1er-CICLO-24-25.pdf\">ANEXO II \u2013 CRITERIOS EVALUACI\u00d3N 1<sup>er <\/sup>CICLO<\/a><\/p>\n<p><a href=\"https:\/\/blogsaverroes.juntadeandalucia.es\/ebarrios\/files\/2025\/08\/ANEXO-III-CRITERIOS-2o-CICLO-24-25.pdf\">ANEXO III \u2013 CRITERIOS EVALUACI\u00d3N 2\u00ba CICLO<\/a><\/p>\n<p><a href=\"https:\/\/blogsaverroes.juntadeandalucia.es\/ebarrios\/files\/2025\/08\/ANEXO-IV-CRITERIOS-3o-CICLO-24-25.pdf\">ANEXO IV \u2013 CRITERIOS EVALUACI\u00d3N 3<sup>er<\/sup> CICLO<\/a><\/p>\n<p>&nbsp;<\/p>\n","protected":false},"excerpt":{"rendered":"<p>El Proyecto Educativo&nbsp;del Centro recoge los valores, los objetivos, las prioridades y las formas de actuaci\u00f3n. Asimismo, incorpora la concreci\u00f3n del curr\u00edculum establecido por la Administraci\u00f3n educativa fijado y aprobado por el Claustro, as\u00ed como el tratamiento transversal en las \u00e1reas, materias o \u00e1mbitos de la educaci\u00f3n en valores y otras ense\u00f1anzas. Tal Proyecto tiene &hellip; <\/p>\n<p><a class=\"more-link btn\" href=\"https:\/\/blogsaverroes.juntadeandalucia.es\/ebarrios\/plan-de-centro\/proyecto-educativo-2\/\">Seguir leyendo<\/a><\/p>\n","protected":false},"author":5745,"featured_media":0,"parent":5233,"menu_order":0,"comment_status":"closed","ping_status":"closed","template":"page-templates\/child-menu.php","meta":{"ngg_post_thumbnail":0,"footnotes":"","_mc_calendar":[]},"aioseo_notices":[],"_links":{"self":[{"href":"https:\/\/blogsaverroes.juntadeandalucia.es\/ebarrios\/wp-json\/wp\/v2\/pages\/5235"}],"collection":[{"href":"https:\/\/blogsaverroes.juntadeandalucia.es\/ebarrios\/wp-json\/wp\/v2\/pages"}],"about":[{"href":"https:\/\/blogsaverroes.juntadeandalucia.es\/ebarrios\/wp-json\/wp\/v2\/types\/page"}],"author":[{"embeddable":true,"href":"https:\/\/blogsaverroes.juntadeandalucia.es\/ebarrios\/wp-json\/wp\/v2\/users\/5745"}],"replies":[{"embeddable":true,"href":"https:\/\/blogsaverroes.juntadeandalucia.es\/ebarrios\/wp-json\/wp\/v2\/comments?post=5235"}],"version-history":[{"count":3,"href":"https:\/\/blogsaverroes.juntadeandalucia.es\/ebarrios\/wp-json\/wp\/v2\/pages\/5235\/revisions"}],"predecessor-version":[{"id":5243,"href":"https:\/\/blogsaverroes.juntadeandalucia.es\/ebarrios\/wp-json\/wp\/v2\/pages\/5235\/revisions\/5243"}],"up":[{"embeddable":true,"href":"https:\/\/blogsaverroes.juntadeandalucia.es\/ebarrios\/wp-json\/wp\/v2\/pages\/5233"}],"wp:attachment":[{"href":"https:\/\/blogsaverroes.juntadeandalucia.es\/ebarrios\/wp-json\/wp\/v2\/media?parent=5235"}],"curies":[{"name":"wp","href":"https:\/\/api.w.org\/{rel}","templated":true}]}}