{"id":5249,"date":"2025-08-12T08:26:23","date_gmt":"2025-08-12T07:26:23","guid":{"rendered":"https:\/\/blogsaverroes.juntadeandalucia.es\/ebarrios\/?page_id=5249"},"modified":"2025-11-05T11:50:19","modified_gmt":"2025-11-05T10:50:19","slug":"proyecto-de-gestion","status":"publish","type":"page","link":"https:\/\/blogsaverroes.juntadeandalucia.es\/ebarrios\/plan-de-centro\/proyecto-de-gestion\/","title":{"rendered":"Proyecto de gesti\u00f3n"},"content":{"rendered":"<p><strong>El Proyecto de Gesti\u00f3n<\/strong>&nbsp;es el que recoge la ordenaci\u00f3n y utilizaci\u00f3n de los recursos del centro, tanto materiales como humanos.<\/p>\n<p><a href=\"https:\/\/drive.google.com\/file\/d\/1zLHso7z_hYaEhb3og3Jqplw4_eyr_tmn\/view?usp=sharing\">PROYECTO DE GESTI\u00d3N<\/a><\/p>\n","protected":false},"excerpt":{"rendered":"<p>El Proyecto de Gesti\u00f3n&nbsp;es el que recoge la ordenaci\u00f3n y utilizaci\u00f3n de los recursos del centro, tanto materiales como humanos. PROYECTO DE GESTI\u00d3N<\/p>\n","protected":false},"author":5745,"featured_media":0,"parent":5233,"menu_order":0,"comment_status":"closed","ping_status":"closed","template":"","meta":{"ngg_post_thumbnail":0,"footnotes":"","_mc_calendar":[]},"aioseo_notices":[],"_links":{"self":[{"href":"https:\/\/blogsaverroes.juntadeandalucia.es\/ebarrios\/wp-json\/wp\/v2\/pages\/5249"}],"collection":[{"href":"https:\/\/blogsaverroes.juntadeandalucia.es\/ebarrios\/wp-json\/wp\/v2\/pages"}],"about":[{"href":"https:\/\/blogsaverroes.juntadeandalucia.es\/ebarrios\/wp-json\/wp\/v2\/types\/page"}],"author":[{"embeddable":true,"href":"https:\/\/blogsaverroes.juntadeandalucia.es\/ebarrios\/wp-json\/wp\/v2\/users\/5745"}],"replies":[{"embeddable":true,"href":"https:\/\/blogsaverroes.juntadeandalucia.es\/ebarrios\/wp-json\/wp\/v2\/comments?post=5249"}],"version-history":[{"count":3,"href":"https:\/\/blogsaverroes.juntadeandalucia.es\/ebarrios\/wp-json\/wp\/v2\/pages\/5249\/revisions"}],"predecessor-version":[{"id":5493,"href":"https:\/\/blogsaverroes.juntadeandalucia.es\/ebarrios\/wp-json\/wp\/v2\/pages\/5249\/revisions\/5493"}],"up":[{"embeddable":true,"href":"https:\/\/blogsaverroes.juntadeandalucia.es\/ebarrios\/wp-json\/wp\/v2\/pages\/5233"}],"wp:attachment":[{"href":"https:\/\/blogsaverroes.juntadeandalucia.es\/ebarrios\/wp-json\/wp\/v2\/media?parent=5249"}],"curies":[{"name":"wp","href":"https:\/\/api.w.org\/{rel}","templated":true}]}}