{"id":25,"date":"2020-10-26T17:30:55","date_gmt":"2020-10-26T17:30:55","guid":{"rendered":"https:\/\/blogsaverroes.juntadeandalucia.es\/ebiescristobaldemonroy\/?page_id=25"},"modified":"2023-12-14T16:52:19","modified_gmt":"2023-12-14T16:52:19","slug":"main-page","status":"publish","type":"page","link":"https:\/\/blogsaverroes.juntadeandalucia.es\/ebiescristobaldemonroy\/main-page\/","title":{"rendered":"EX\u00c1MENES DE TRINITY"},"content":{"rendered":"<p style=\"text-align: justify\">Nuestro instituto est\u00e1 registrado como centro examinador oficial de Trinity College London desde el curso 2021-2022. Desde el a\u00f1o 2019 existe un convenio de colaboraci\u00f3n entre la Consejer\u00eda de Desarrollo Educativo y Formaci\u00f3n Profesional de la Junta de Andaluc\u00eda y Trinity College London para la celebraci\u00f3n de los ex\u00e1menes de esta instituci\u00f3n en los centros docentes sostenidos con fondos p\u00fablicos de la Comunidad Aut\u00f3noma de Andaluc\u00eda. Lee la Adenda al convenio de 2019 <a href=\"https:\/\/www.juntadeandalucia.es\/sites\/default\/files\/2023-04\/Trinity_Adenda_2023%20firmada%20sin%20firmas.pdf\" target=\"_blank\" rel=\"noopener noreferrer\">AQU\u00cd<\/a>.<\/p>\n<p style=\"text-align: justify\">Los ex\u00e1menes de Trinity College London: <em>Integrated Skills in English (ISE),&nbsp;<\/em>desarrolla habilidades ling\u00fc\u00edsticas de la vida real, as\u00ed como habilidades transferibles al entorno acad\u00e9mico y al empleo.<\/p>\n<p style=\"text-align: justify\"><a href=\"https:\/\/www.trinitycollege.com\/local-trinity\/spain\/ESOL\" target=\"_blank\" rel=\"noopener noreferrer\">ISE<\/a> eval\u00faa la capacidad de interacci\u00f3n en ingl\u00e9s de manera aut\u00e9ntica y relevante a trav\u00e9s de tareas que integran las cuatro habilidades de la lengua en dos m\u00f3dulos. La nota de los m\u00f3dulos est\u00e1 explicada <a href=\"https:\/\/www.trinitycollege.com\/resource\/?id=7354\" target=\"_blank\" rel=\"noopener noreferrer\">AQU\u00cd<\/a>:<\/p>\n<ul style=\"text-align: justify\">\n<li><strong>M\u00f3dulo de Speaking and Listening<\/strong><\/li>\n<li><strong>M\u00f3dulo de Reading and Writing<\/strong><\/li>\n<\/ul>\n<p style=\"text-align: justify\">En la webgraf\u00eda que hay a continuaci\u00f3n hay recursos \u00fatiles para la preparaci\u00f3n del examen de Trinity (ISE I, II = B1, B2).<\/p>\n<p><iframe loading=\"lazy\" src=\"https:\/\/app.box.com\/embed\/s\/53d5bqzj2csodcjbx7d2r0u8ypoi8cw8\" width=\"600\" height=\"550\" frameborder=\"0\"><\/iframe><\/p>\n<p>&nbsp;<\/p>\n<p style=\"text-align: center\"><a href=\"https:\/\/www.trinitycollege.com\/resource\/?id=6295\">GUIDE FOR STUDENTS ISE I (B1)<\/a><\/p>\n<p style=\"text-align: center\"><a href=\"https:\/\/trinimonterroso.weebly.com\/uploads\/9\/5\/3\/2\/95321132\/guide_for_students_-_ise_ii_-_online_edition.pdf\">GUIDE FOR STUDENTS ISE II (B2)<\/a><\/p>\n<p style=\"text-align: center\"><a href=\"https:\/\/examenestrinity.elblogdeidiomas.es\/wp-content\/uploads\/2016\/11\/ISE-III-GU%C3%8DA-DE-ESTUDIANTES-TERCERA-EDICI%C3%93N.pdf\">GUIDE FOR STUDENTS ISE III (C1)<\/a><\/p>\n<p>&nbsp;<\/p>\n<p style=\"text-align: center\">Desde el a\u00f1o 2024 los certificados emitidos por Trinity College London son digitales. M\u00e1s informaci\u00f3n <a href=\"https:\/\/vimeo.com\/trinitycollegelondon\/digital-certificates?share=copy\" target=\"_blank\" rel=\"noopener noreferrer\">AQU\u00ed.<\/a><\/p>\n<p>&nbsp;<\/p>\n<p style=\"text-align: center\"><a href=\"https:\/\/www.iescristobaldemonroy.es\/periodico\/entrega-de-certificados-de-trinity-college-london\/\" target=\"_blank\" rel=\"noopener noreferrer\">LA SEGUNDA PROMOCI\u00d3N DE LAS AULAS BILING\u00dcES DE NUESTROS CICLOS FORMATIVOS DE INFORM\u00c1TICA (2022-2023) RECIBEN SUS CERTIFICADOS DE TRINITY COLLEGE LONDON EN EL SAL\u00d3N DE ACTOS DEL IES CRST\u00d3BAL DE MONROY. LEE LA NOTICIA EN EL PERI\u00d3DICO DEL INSTITUTO.<\/a><\/p>\n","protected":false},"excerpt":{"rendered":"<p>Nuestro instituto est\u00e1 registrado como centro examinador oficial de Trinity College London desde el curso 2021-2022. Desde el a\u00f1o 2019 existe un convenio de colaboraci\u00f3n entre la Consejer\u00eda de Desarrollo Educativo y Formaci\u00f3n Profesional&#46;&#46;&#46;<\/p>\n","protected":false},"author":10469,"featured_media":0,"parent":0,"menu_order":0,"comment_status":"closed","ping_status":"closed","template":"","meta":{"ngg_post_thumbnail":0,"footnotes":""},"aioseo_notices":[],"_links":{"self":[{"href":"https:\/\/blogsaverroes.juntadeandalucia.es\/ebiescristobaldemonroy\/wp-json\/wp\/v2\/pages\/25"}],"collection":[{"href":"https:\/\/blogsaverroes.juntadeandalucia.es\/ebiescristobaldemonroy\/wp-json\/wp\/v2\/pages"}],"about":[{"href":"https:\/\/blogsaverroes.juntadeandalucia.es\/ebiescristobaldemonroy\/wp-json\/wp\/v2\/types\/page"}],"author":[{"embeddable":true,"href":"https:\/\/blogsaverroes.juntadeandalucia.es\/ebiescristobaldemonroy\/wp-json\/wp\/v2\/users\/10469"}],"replies":[{"embeddable":true,"href":"https:\/\/blogsaverroes.juntadeandalucia.es\/ebiescristobaldemonroy\/wp-json\/wp\/v2\/comments?post=25"}],"version-history":[{"count":15,"href":"https:\/\/blogsaverroes.juntadeandalucia.es\/ebiescristobaldemonroy\/wp-json\/wp\/v2\/pages\/25\/revisions"}],"predecessor-version":[{"id":497,"href":"https:\/\/blogsaverroes.juntadeandalucia.es\/ebiescristobaldemonroy\/wp-json\/wp\/v2\/pages\/25\/revisions\/497"}],"wp:attachment":[{"href":"https:\/\/blogsaverroes.juntadeandalucia.es\/ebiescristobaldemonroy\/wp-json\/wp\/v2\/media?parent=25"}],"curies":[{"name":"wp","href":"https:\/\/api.w.org\/{rel}","templated":true}]}}