{"id":373,"date":"2022-12-22T13:26:02","date_gmt":"2022-12-22T13:26:02","guid":{"rendered":"https:\/\/blogsaverroes.juntadeandalucia.es\/ebiescristobaldemonroy\/?page_id=373"},"modified":"2024-06-03T17:19:25","modified_gmt":"2024-06-03T17:19:25","slug":"materiales","status":"publish","type":"page","link":"https:\/\/blogsaverroes.juntadeandalucia.es\/ebiescristobaldemonroy\/materiales\/","title":{"rendered":"MATERIALES"},"content":{"rendered":"<p style=\"text-align: justify\"><span style=\"font-family: 'times new roman', times, serif;font-size: 12pt\">We are learning a lot of things about English speaking countries. We&#8217;ve had three language assistants so far: Rachel from the USA, Dimitri, from Canada and Jonah, from the USA too. These are some of their presentations and videos they prepared for the bilingual classes.<\/span><\/p>\n<p style=\"text-align: justify\"><span style=\"color: #339966;font-family: 'times new roman', times, serif;font-size: 12pt\"><em>Estamos aprendiendo muchas cosas sobre los pa\u00edses de habla inglesa. Hemos tenido tres asistentes de conversaci\u00f3n hasta ahora: Rachel, de EEUU, Dimitri, de Canad\u00e1 y Jonah, de EEUU tambi\u00e9n.&nbsp; Estas son algunas de las presentaciones y v\u00eddeos que han preparado para las clases biling\u00fces.<\/em><\/span><\/p>\n<p style=\"text-align: center\"><iframe loading=\"lazy\" src=\"https:\/\/app.box.com\/embed\/s\/79m0533qozuon7t990lly1f4ef7562je?sortColumn=date&amp;view=list\" width=\"500\" height=\"400\" frameborder=\"0\"><\/iframe><\/p>\n<p style=\"text-align: center\"><a href=\"https:\/\/youtu.be\/UEQqvSP_mfE\" target=\"_blank\" rel=\"noopener noreferrer\">Thanksgiving I<\/a><\/p>\n<p style=\"text-align: center\"><a href=\"https:\/\/youtu.be\/ociHVDWxDaY\" target=\"_blank\" rel=\"noopener noreferrer\">Thanksgiving II<\/a><\/p>\n<p style=\"text-align: center\"><iframe loading=\"lazy\" src=\"https:\/\/app.box.com\/embed\/s\/ubtze702a1p7n7onxe5zvyakt9o2klmg?sortColumn=date&amp;view=list\" width=\"500\" height=\"400\" frameborder=\"0\"><\/iframe><\/p>\n<p style=\"text-align: center\"><a href=\"https:\/\/youtu.be\/ewkscyvnTaw\" target=\"_blank\" rel=\"noopener noreferrer\">Christmas I<\/a><\/p>\n<p style=\"text-align: center\"><a href=\"https:\/\/youtu.be\/NYXPIpdp3QM\">Christmas II<\/a><\/p>\n<p style=\"text-align: center\"><a href=\"https:\/\/youtu.be\/A9MKwyMPykk\" target=\"_blank\" rel=\"noopener noreferrer\">Christmas III<\/a><\/p>\n<p style=\"text-align: center\">&nbsp;<br \/>\n<iframe loading=\"lazy\" src=\"https:\/\/app.box.com\/embed\/s\/3llkd22sbu63jhcuxurtxqwxaozf6gwj?sortColumn=date\" width=\"500\" height=\"400\" frameborder=\"0\"><\/iframe><\/p>\n<p style=\"text-align: center\">&nbsp;<br \/>\n<iframe loading=\"lazy\" src=\"https:\/\/app.box.com\/embed\/s\/5fgtr8urlrkpirblno3jqsigqm6dtvkf?sortColumn=date\" width=\"500\" height=\"400\" frameborder=\"0\"><\/iframe><\/p>\n<p style=\"text-align: center\"><a href=\"https:\/\/www.youtube.com\/watch?v=zz440EuFK8Q&amp;t=60s\" target=\"_blank\" rel=\"noopener noreferrer\">History of Canada<\/a><\/p>\n<p style=\"text-align: center\"><iframe loading=\"lazy\" src=\"https:\/\/app.box.com\/embed\/s\/ls89tyk4ytt5n39hpu133h2d0zguzw40?sortColumn=date\" width=\"500\" height=\"400\" frameborder=\"0\"><\/iframe>&nbsp;<\/p>\n<p style=\"text-align: center\"><iframe loading=\"lazy\" src=\"https:\/\/app.box.com\/embed\/s\/8sp1ob1ykbekuu0a8dxa844ygj4lqnfe?sortColumn=date\" width=\"500\" height=\"400\" frameborder=\"0\"><\/iframe><br \/>\n<iframe loading=\"lazy\" src=\"https:\/\/app.box.com\/embed\/s\/4ohg0cq4gstrw84zhpegp31avecbgq9j?sortColumn=date\" width=\"500\" height=\"400\" frameborder=\"0\"><\/iframe>&nbsp;<\/p>\n<p style=\"text-align: center\">&nbsp;<br \/>\n<iframe loading=\"lazy\" src=\"https:\/\/app.box.com\/embed\/s\/0xia8xxkzng7o1qdosf5ezdqx2ut513v?sortColumn=date\" width=\"500\" height=\"400\" frameborder=\"0\"><\/iframe><\/p>\n<p style=\"text-align: center\"><iframe loading=\"lazy\" src=\"https:\/\/app.box.com\/embed\/s\/3twb8db1oqkoh93objfupet1s0ygjuj6?sortColumn=date\" width=\"500\" height=\"400\" frameborder=\"0\"><\/iframe><\/p>\n","protected":false},"excerpt":{"rendered":"<p>We are learning a lot of things about English speaking countries. We&#8217;ve had three language assistants so far: Rachel from the USA, Dimitri, from Canada and Jonah, from the USA too. These are some&#46;&#46;&#46;<\/p>\n","protected":false},"author":10469,"featured_media":0,"parent":0,"menu_order":0,"comment_status":"closed","ping_status":"closed","template":"","meta":{"ngg_post_thumbnail":0,"footnotes":""},"aioseo_notices":[],"_links":{"self":[{"href":"https:\/\/blogsaverroes.juntadeandalucia.es\/ebiescristobaldemonroy\/wp-json\/wp\/v2\/pages\/373"}],"collection":[{"href":"https:\/\/blogsaverroes.juntadeandalucia.es\/ebiescristobaldemonroy\/wp-json\/wp\/v2\/pages"}],"about":[{"href":"https:\/\/blogsaverroes.juntadeandalucia.es\/ebiescristobaldemonroy\/wp-json\/wp\/v2\/types\/page"}],"author":[{"embeddable":true,"href":"https:\/\/blogsaverroes.juntadeandalucia.es\/ebiescristobaldemonroy\/wp-json\/wp\/v2\/users\/10469"}],"replies":[{"embeddable":true,"href":"https:\/\/blogsaverroes.juntadeandalucia.es\/ebiescristobaldemonroy\/wp-json\/wp\/v2\/comments?post=373"}],"version-history":[{"count":12,"href":"https:\/\/blogsaverroes.juntadeandalucia.es\/ebiescristobaldemonroy\/wp-json\/wp\/v2\/pages\/373\/revisions"}],"predecessor-version":[{"id":573,"href":"https:\/\/blogsaverroes.juntadeandalucia.es\/ebiescristobaldemonroy\/wp-json\/wp\/v2\/pages\/373\/revisions\/573"}],"wp:attachment":[{"href":"https:\/\/blogsaverroes.juntadeandalucia.es\/ebiescristobaldemonroy\/wp-json\/wp\/v2\/media?parent=373"}],"curies":[{"name":"wp","href":"https:\/\/api.w.org\/{rel}","templated":true}]}}