{"id":451,"date":"2023-06-11T08:41:29","date_gmt":"2023-06-11T08:41:29","guid":{"rendered":"https:\/\/blogsaverroes.juntadeandalucia.es\/ebiescristobaldemonroy\/?page_id=451"},"modified":"2023-06-11T08:41:29","modified_gmt":"2023-06-11T08:41:29","slug":"glosarios","status":"publish","type":"page","link":"https:\/\/blogsaverroes.juntadeandalucia.es\/ebiescristobaldemonroy\/glosarios\/","title":{"rendered":"GLOSARIOS"},"content":{"rendered":"<p style=\"text-align: center\">En el siguiente enlace pod\u00e9is encontrar un glosario con las palabras en ingl\u00e9s m\u00e1s importantes de cada asignatura del Programa de Ense\u00f1anza Biling\u00fce<\/p>\n<p style=\"text-align: center\"><a href=\"https:\/\/sites.google.com\/iescristobaldemonroy.es\/cil\/glosarios-glossaries\" target=\"_blank\" rel=\"noopener noreferrer\">GLOSARIOS BILING\u00dcES DE LA ESO Y DEL CFGS TRANSPORTE Y LOG\u00cdSTICA<\/a><\/p>\n","protected":false},"excerpt":{"rendered":"<p>En el siguiente enlace pod\u00e9is encontrar un glosario con las palabras en ingl\u00e9s m\u00e1s importantes de cada asignatura del Programa de Ense\u00f1anza Biling\u00fce GLOSARIOS BILING\u00dcES DE LA ESO Y DEL CFGS TRANSPORTE Y LOG\u00cdSTICA<\/p>\n","protected":false},"author":10469,"featured_media":0,"parent":0,"menu_order":0,"comment_status":"closed","ping_status":"closed","template":"","meta":{"ngg_post_thumbnail":0,"footnotes":""},"aioseo_notices":[],"_links":{"self":[{"href":"https:\/\/blogsaverroes.juntadeandalucia.es\/ebiescristobaldemonroy\/wp-json\/wp\/v2\/pages\/451"}],"collection":[{"href":"https:\/\/blogsaverroes.juntadeandalucia.es\/ebiescristobaldemonroy\/wp-json\/wp\/v2\/pages"}],"about":[{"href":"https:\/\/blogsaverroes.juntadeandalucia.es\/ebiescristobaldemonroy\/wp-json\/wp\/v2\/types\/page"}],"author":[{"embeddable":true,"href":"https:\/\/blogsaverroes.juntadeandalucia.es\/ebiescristobaldemonroy\/wp-json\/wp\/v2\/users\/10469"}],"replies":[{"embeddable":true,"href":"https:\/\/blogsaverroes.juntadeandalucia.es\/ebiescristobaldemonroy\/wp-json\/wp\/v2\/comments?post=451"}],"version-history":[{"count":1,"href":"https:\/\/blogsaverroes.juntadeandalucia.es\/ebiescristobaldemonroy\/wp-json\/wp\/v2\/pages\/451\/revisions"}],"predecessor-version":[{"id":452,"href":"https:\/\/blogsaverroes.juntadeandalucia.es\/ebiescristobaldemonroy\/wp-json\/wp\/v2\/pages\/451\/revisions\/452"}],"wp:attachment":[{"href":"https:\/\/blogsaverroes.juntadeandalucia.es\/ebiescristobaldemonroy\/wp-json\/wp\/v2\/media?parent=451"}],"curies":[{"name":"wp","href":"https:\/\/api.w.org\/{rel}","templated":true}]}}