{"id":453,"date":"2023-06-11T08:48:00","date_gmt":"2023-06-11T08:48:00","guid":{"rendered":"https:\/\/blogsaverroes.juntadeandalucia.es\/ebiescristobaldemonroy\/?page_id=453"},"modified":"2023-06-23T08:03:37","modified_gmt":"2023-06-23T08:03:37","slug":"familias","status":"publish","type":"page","link":"https:\/\/blogsaverroes.juntadeandalucia.es\/ebiescristobaldemonroy\/familias\/","title":{"rendered":"FAMILIAS"},"content":{"rendered":"<p>En el siguiente v\u00eddeo las familias encontrar\u00e9is respuesta a las preguntas m\u00e1s frecuentes sobre el Programa de Ense\u00f1anza Biling\u00fce. <a href=\"http:\/\/www.iescristobaldemonroy.es\/web\/2022-23\/Proyecto%20Ense%C3%B1anza%20Biling%C3%BCe%20IES%20Crist%C3%B3bal%20de%20Monroy%202022-2023.pdf\" target=\"_blank\" rel=\"noopener noreferrer\">AQU\u00cd<\/a> pod\u00e9is consultar las caracter\u00edsticas del programa.<\/p>\n<div style=\"width: 100%\">\n<div style=\"padding-bottom: 56.25%;padding-top: 0;height: 0\"><iframe loading=\"lazy\" src=\"https:\/\/view.genial.ly\/601098644e7f380d050594a3\" width=\"600\" height=\"400\" frameborder=\"0\" scrolling=\"yes\"><\/iframe><\/div>\n<div>&nbsp;<\/div>\n<div>&nbsp;<\/div>\n<\/div>\n","protected":false},"excerpt":{"rendered":"<p>En el siguiente v\u00eddeo las familias encontrar\u00e9is respuesta a las preguntas m\u00e1s frecuentes sobre el Programa de Ense\u00f1anza Biling\u00fce. AQU\u00cd pod\u00e9is consultar las caracter\u00edsticas del programa. &nbsp; &nbsp;<\/p>\n","protected":false},"author":10469,"featured_media":0,"parent":0,"menu_order":0,"comment_status":"closed","ping_status":"closed","template":"","meta":{"ngg_post_thumbnail":0,"footnotes":""},"aioseo_notices":[],"_links":{"self":[{"href":"https:\/\/blogsaverroes.juntadeandalucia.es\/ebiescristobaldemonroy\/wp-json\/wp\/v2\/pages\/453"}],"collection":[{"href":"https:\/\/blogsaverroes.juntadeandalucia.es\/ebiescristobaldemonroy\/wp-json\/wp\/v2\/pages"}],"about":[{"href":"https:\/\/blogsaverroes.juntadeandalucia.es\/ebiescristobaldemonroy\/wp-json\/wp\/v2\/types\/page"}],"author":[{"embeddable":true,"href":"https:\/\/blogsaverroes.juntadeandalucia.es\/ebiescristobaldemonroy\/wp-json\/wp\/v2\/users\/10469"}],"replies":[{"embeddable":true,"href":"https:\/\/blogsaverroes.juntadeandalucia.es\/ebiescristobaldemonroy\/wp-json\/wp\/v2\/comments?post=453"}],"version-history":[{"count":5,"href":"https:\/\/blogsaverroes.juntadeandalucia.es\/ebiescristobaldemonroy\/wp-json\/wp\/v2\/pages\/453\/revisions"}],"predecessor-version":[{"id":471,"href":"https:\/\/blogsaverroes.juntadeandalucia.es\/ebiescristobaldemonroy\/wp-json\/wp\/v2\/pages\/453\/revisions\/471"}],"wp:attachment":[{"href":"https:\/\/blogsaverroes.juntadeandalucia.es\/ebiescristobaldemonroy\/wp-json\/wp\/v2\/media?parent=453"}],"curies":[{"name":"wp","href":"https:\/\/api.w.org\/{rel}","templated":true}]}}