{"id":845,"date":"2020-12-18T08:40:01","date_gmt":"2020-12-18T07:40:01","guid":{"rendered":"https:\/\/blogsaverroes.juntadeandalucia.es\/pre\/plantilla-pencil\/?page_id=845"},"modified":"2021-09-14T14:01:34","modified_gmt":"2021-09-14T13:01:34","slug":"aula-matinal","status":"publish","type":"page","link":"https:\/\/blogsaverroes.juntadeandalucia.es\/ecoescuelapadremarchena\/aula-matinal\/","title":{"rendered":"Aula matinal"},"content":{"rendered":"<p>[et_pb_section fb_built=&#8221;1&#8243; _builder_version=&#8221;3.23.3&#8243; custom_padding=&#8221;0px||0px|&#8221; z_index_tablet=&#8221;500&#8243; box_shadow_horizontal_tablet=&#8221;0px&#8221; box_shadow_vertical_tablet=&#8221;0px&#8221; box_shadow_blur_tablet=&#8221;40px&#8221; box_shadow_spread_tablet=&#8221;0px&#8221;][et_pb_row _builder_version=&#8221;3.25&#8243; background_size=&#8221;initial&#8221; background_position=&#8221;top_left&#8221; background_repeat=&#8221;repeat&#8221;][et_pb_column type=&#8221;4_4&#8243; _builder_version=&#8221;3.25&#8243; custom_padding=&#8221;|||&#8221; custom_padding__hover=&#8221;|||&#8221;][et_pb_image src=&#8221;https:\/\/blogsaverroes.juntadeandalucia.es\/ecoescuelapadremarchena\/files\/2021\/08\/banner-aula-matinal.jpg&#8221; title_text=&#8221;banner aula matinal&#8221; align=&#8221;center&#8221; force_fullwidth=&#8221;on&#8221; admin_label=&#8221;Imagen de la portada&#8221; _builder_version=&#8221;4.5.0&#8243; z_index_tablet=&#8221;500&#8243; box_shadow_horizontal_tablet=&#8221;0px&#8221; box_shadow_vertical_tablet=&#8221;0px&#8221; box_shadow_blur_tablet=&#8221;40px&#8221; box_shadow_spread_tablet=&#8221;0px&#8221;][\/et_pb_image][et_pb_text admin_label=&#8221;Texto descriptivo&#8221; _builder_version=&#8221;4.5.0&#8243; z_index_tablet=&#8221;500&#8243; text_text_shadow_horizontal_length_tablet=&#8221;0px&#8221; text_text_shadow_vertical_length_tablet=&#8221;0px&#8221; text_text_shadow_blur_strength_tablet=&#8221;1px&#8221; link_text_shadow_horizontal_length_tablet=&#8221;0px&#8221; link_text_shadow_vertical_length_tablet=&#8221;0px&#8221; link_text_shadow_blur_strength_tablet=&#8221;1px&#8221; ul_text_shadow_horizontal_length_tablet=&#8221;0px&#8221; ul_text_shadow_vertical_length_tablet=&#8221;0px&#8221; ul_text_shadow_blur_strength_tablet=&#8221;1px&#8221; ol_text_shadow_horizontal_length_tablet=&#8221;0px&#8221; ol_text_shadow_vertical_length_tablet=&#8221;0px&#8221; ol_text_shadow_blur_strength_tablet=&#8221;1px&#8221; quote_text_shadow_horizontal_length_tablet=&#8221;0px&#8221; quote_text_shadow_vertical_length_tablet=&#8221;0px&#8221; quote_text_shadow_blur_strength_tablet=&#8221;1px&#8221; header_text_shadow_horizontal_length_tablet=&#8221;0px&#8221; header_text_shadow_vertical_length_tablet=&#8221;0px&#8221; header_text_shadow_blur_strength_tablet=&#8221;1px&#8221; header_2_text_shadow_horizontal_length_tablet=&#8221;0px&#8221; header_2_text_shadow_vertical_length_tablet=&#8221;0px&#8221; header_2_text_shadow_blur_strength_tablet=&#8221;1px&#8221; header_3_text_shadow_horizontal_length_tablet=&#8221;0px&#8221; header_3_text_shadow_vertical_length_tablet=&#8221;0px&#8221; header_3_text_shadow_blur_strength_tablet=&#8221;1px&#8221; header_4_text_shadow_horizontal_length_tablet=&#8221;0px&#8221; header_4_text_shadow_vertical_length_tablet=&#8221;0px&#8221; header_4_text_shadow_blur_strength_tablet=&#8221;1px&#8221; header_5_text_shadow_horizontal_length_tablet=&#8221;0px&#8221; header_5_text_shadow_vertical_length_tablet=&#8221;0px&#8221; header_5_text_shadow_blur_strength_tablet=&#8221;1px&#8221; header_6_text_shadow_horizontal_length_tablet=&#8221;0px&#8221; header_6_text_shadow_vertical_length_tablet=&#8221;0px&#8221; header_6_text_shadow_blur_strength_tablet=&#8221;1px&#8221; box_shadow_horizontal_tablet=&#8221;0px&#8221; box_shadow_vertical_tablet=&#8221;0px&#8221; box_shadow_blur_tablet=&#8221;40px&#8221; box_shadow_spread_tablet=&#8221;0px&#8221;]<\/p>\n<h1>Aula matinal<\/h1>\n<p>Es una actividad promovida por la Junta de Andaluc\u00eda para dar respuesta a la creciente demanda originada por las exigencias laborales de los padres y madres andaluzas, quienes se ven en la necesidad de delegar el cuidado de sus hijos e hijas durante el horario de 7:30 h. a 9:00 h., momento en el que da comienzo la actividad escolar. Durante este per\u00edodo de tiempo, los ni\u00f1os y ni\u00f1as realizan diversas actividades de car\u00e1cter l\u00fadico y educativo adecuadas a su edad y desarrollo madurativo. Entre otras muchas, se realizan actividades pl\u00e1sticas, dibujo, lectura, psicomotricidad, juegos populares, etc.<\/p>\n<p>La atenci\u00f3n al alumnado de aula matinal se realiza por personal cualificado, entre cuyas funciones est\u00e1n las medidas de vigilancia y atenci\u00f3n educativa que precisen los menores en funci\u00f3n de su edad y necesidades.<\/p>\n<p>[\/et_pb_text][et_pb_text _builder_version=&#8221;4.5.0&#8243; _module_preset=&#8221;default&#8221; hover_enabled=&#8221;0&#8243; locked=&#8221;off&#8221;]<\/p>\n<table style=\"border-collapse: collapse;width: 100%\">\n<tbody>\n<tr style=\"height: 58.2245px\">\n<td style=\"width: 10%;height: 58.2245px\"><img loading=\"lazy\" decoding=\"async\" class=\"wp-image-1656 aligncenter\" src=\"https:\/\/blogsaverroes.juntadeandalucia.es\/ecoescuelapadremarchena\/files\/2021\/08\/icono_pdf_2.png\" alt=\"\" width=\"41\" height=\"51\" srcset=\"https:\/\/blogsaverroes.juntadeandalucia.es\/ecoescuelapadremarchena\/files\/2021\/08\/icono_pdf_2.png 57w, https:\/\/blogsaverroes.juntadeandalucia.es\/ecoescuelapadremarchena\/files\/2021\/08\/icono_pdf_2-20x24.png 20w, https:\/\/blogsaverroes.juntadeandalucia.es\/ecoescuelapadremarchena\/files\/2021\/08\/icono_pdf_2-29x36.png 29w, https:\/\/blogsaverroes.juntadeandalucia.es\/ecoescuelapadremarchena\/files\/2021\/08\/icono_pdf_2-39x48.png 39w\" sizes=\"(max-width: 41px) 100vw, 41px\" \/><\/td>\n<td style=\"width: 89%;height: 58.2245px\"><span style=\"color: #5167e8\"><strong>\u00a0<a title=\"Pulse para visualizar el documento:\u00a0Anexo II.- Servicio de Aula Matinal, Comedor Escolar y actividades Extraescolares\" href=\"https:\/\/www.juntadeandalucia.es\/educacion\/portals\/delegate\/content\/6c4342f7-1581-4c26-bc7e-2e49b4b64cee\/Anexo%20II.-%20Servicio%20de%20Aula%20Matinal,%20Comedor%20Escolar%20y%20actividades%20Extraescolares\" target=\"_blank\" rel=\"noopener noreferrer\" style=\"color: #5167e8;text-decoration: underline\">Anexo II.- Servicio de Aula Matinal, Comedor Escolar y actividades Extraescolares<\/a><\/strong><\/span><\/td>\n<\/tr>\n<tr style=\"height: 50px\">\n<td style=\"width: 10%;height: 50px\"><img loading=\"lazy\" decoding=\"async\" class=\"wp-image-1656 aligncenter\" src=\"https:\/\/blogsaverroes.juntadeandalucia.es\/ecoescuelapadremarchena\/files\/2021\/08\/icono_pdf_2.png\" alt=\"\" width=\"41\" height=\"51\" srcset=\"https:\/\/blogsaverroes.juntadeandalucia.es\/ecoescuelapadremarchena\/files\/2021\/08\/icono_pdf_2.png 57w, https:\/\/blogsaverroes.juntadeandalucia.es\/ecoescuelapadremarchena\/files\/2021\/08\/icono_pdf_2-20x24.png 20w, https:\/\/blogsaverroes.juntadeandalucia.es\/ecoescuelapadremarchena\/files\/2021\/08\/icono_pdf_2-29x36.png 29w, https:\/\/blogsaverroes.juntadeandalucia.es\/ecoescuelapadremarchena\/files\/2021\/08\/icono_pdf_2-39x48.png 39w\" sizes=\"(max-width: 41px) 100vw, 41px\" \/><\/td>\n<td style=\"width: 89%;height: 50px\"><span style=\"color: #5167e8\"><strong><span style=\"text-decoration: underline\">\u00a0<span style=\"font-size: 14px\"><a title=\"Pulse para visualizar el documento:\u00a0Anexo V.- Gratuidad\/bonificaci\u00f3n del precio p\u00fablico por los servicios complementarios de Aula Matinal, Comedor Escolar y Actividades Extraescolares\" href=\"https:\/\/www.juntadeandalucia.es\/educacion\/portals\/delegate\/content\/fcc8b9c5-53ad-46ca-9098-80d7b3c81097\/Anexo%20V.-%20Gratuidad\/bonificaci%C3%B3n%20del%20precio%20p%C3%BAblico%20por%20los%20servicios%20complementarios%20de%20Aula%20Matinal,%20Comedor%20Escolar%20y%20Actividades%20Extraescolares\" target=\"_blank\" rel=\"noopener noreferrer\" style=\"color: #5167e8;text-decoration: underline\">Anexo V.- Gratuidad\/bonificaci\u00f3n del precio p\u00fablico por los servicios complementarios de Aula Matinal, Comedor Escolar y Actividades Extraescolares<\/a><\/span><\/span><\/strong><\/span><\/td>\n<\/tr>\n<tr style=\"height: 50px\">\n<td style=\"width: 10%;height: 50px\"><img loading=\"lazy\" decoding=\"async\" class=\"wp-image-1656 aligncenter\" src=\"https:\/\/blogsaverroes.juntadeandalucia.es\/ecoescuelapadremarchena\/files\/2021\/08\/icono_pdf_2.png\" alt=\"\" width=\"41\" height=\"51\" srcset=\"https:\/\/blogsaverroes.juntadeandalucia.es\/ecoescuelapadremarchena\/files\/2021\/08\/icono_pdf_2.png 57w, https:\/\/blogsaverroes.juntadeandalucia.es\/ecoescuelapadremarchena\/files\/2021\/08\/icono_pdf_2-20x24.png 20w, https:\/\/blogsaverroes.juntadeandalucia.es\/ecoescuelapadremarchena\/files\/2021\/08\/icono_pdf_2-29x36.png 29w, https:\/\/blogsaverroes.juntadeandalucia.es\/ecoescuelapadremarchena\/files\/2021\/08\/icono_pdf_2-39x48.png 39w\" sizes=\"(max-width: 41px) 100vw, 41px\" \/><\/td>\n<td style=\"width: 89%;height: 50px\"><a href=\"https:\/\/drive.google.com\/file\/d\/12Y1J6lYmmz1FpvqlZM3IETEgZ7P9tqDM\/view?usp=sharing\"><span style=\"color: #5167e8\"><strong><span style=\"text-decoration: underline\">Solicitud de baja<\/span><\/strong><\/span><\/a><\/td>\n<\/tr>\n<\/tbody>\n<\/table>\n<p>&nbsp;<\/p>\n<p class=\"title icopdf\">\n[\/et_pb_text][\/et_pb_column][\/et_pb_row][\/et_pb_section]<\/p>\n","protected":false},"excerpt":{"rendered":"<p>Aula matinal Es una actividad promovida por la Junta de Andaluc\u00eda para dar respuesta a la creciente demanda originada por las exigencias laborales de los padres y madres andaluzas, quienes se ven en la necesidad de delegar el cuidado de sus hijos e hijas durante el horario de 7:30 h. a 9:00 h., momento en [&hellip;]<\/p>\n","protected":false},"author":7051,"featured_media":0,"parent":0,"menu_order":0,"comment_status":"closed","ping_status":"closed","template":"","meta":{"_et_pb_use_builder":"on","_et_pb_old_content":"","_et_gb_content_width":"","ngg_post_thumbnail":0,"footnotes":""},"aioseo_notices":[],"_links":{"self":[{"href":"https:\/\/blogsaverroes.juntadeandalucia.es\/ecoescuelapadremarchena\/wp-json\/wp\/v2\/pages\/845"}],"collection":[{"href":"https:\/\/blogsaverroes.juntadeandalucia.es\/ecoescuelapadremarchena\/wp-json\/wp\/v2\/pages"}],"about":[{"href":"https:\/\/blogsaverroes.juntadeandalucia.es\/ecoescuelapadremarchena\/wp-json\/wp\/v2\/types\/page"}],"author":[{"embeddable":true,"href":"https:\/\/blogsaverroes.juntadeandalucia.es\/ecoescuelapadremarchena\/wp-json\/wp\/v2\/users\/7051"}],"replies":[{"embeddable":true,"href":"https:\/\/blogsaverroes.juntadeandalucia.es\/ecoescuelapadremarchena\/wp-json\/wp\/v2\/comments?post=845"}],"version-history":[{"count":6,"href":"https:\/\/blogsaverroes.juntadeandalucia.es\/ecoescuelapadremarchena\/wp-json\/wp\/v2\/pages\/845\/revisions"}],"predecessor-version":[{"id":2306,"href":"https:\/\/blogsaverroes.juntadeandalucia.es\/ecoescuelapadremarchena\/wp-json\/wp\/v2\/pages\/845\/revisions\/2306"}],"wp:attachment":[{"href":"https:\/\/blogsaverroes.juntadeandalucia.es\/ecoescuelapadremarchena\/wp-json\/wp\/v2\/media?parent=845"}],"curies":[{"name":"wp","href":"https:\/\/api.w.org\/{rel}","templated":true}]}}